{"id":999,"date":"2020-11-23T15:37:46","date_gmt":"2020-11-23T14:37:46","guid":{"rendered":"http:\/\/hashenka.com\/?product=import-placeholder-for-vplentcolc03"},"modified":"2021-05-17T19:48:53","modified_gmt":"2021-05-17T17:48:53","slug":"collier-perle-artistique-tons-bleus-clair-et-feuille-dor","status":"publish","type":"product","link":"https:\/\/hashenka.com\/fr_fr\/boutique\/accueil\/nos-collections\/colliers\/collier-perle-artistique-tons-bleus-clair-et-feuille-dor\/","title":{"rendered":"Collier perle artistique tons bleus clair et feuille d&rsquo;or"},"content":{"rendered":"<p><span style=\"font-size: medium; font-family: georgia,palatino; color: #464646;\"><span style=\"background: transparent none repeat scroll 0% 0%;\"><span><span style=\"font-size: medium; font-family: georgia,palatino; color: #575757;\"><span style=\"background: transparent none repeat scroll 0% 0%;\"><span><span style=\"font-size: 12pt;\"><span style=\"font-size: medium; font-family: georgia,palatino;\"><span style=\"font-size: 12pt; font-family: times new roman, times;\"><span style=\"font-size: 12pt; font-family: times new roman, times;\">Collier de perles dont une artistique bleue claire compos\u00e9es de feuille d&rsquo;or, diam\u00e8tre perle centrale 2,3 cm, longueur collier de 52 \u00e0 58 cm (cha\u00eene de \u00ab\u00a0confort\u00a0\u00bb).<\/span><\/span><\/span><\/span><\/span><\/span><\/span><\/span><\/span><\/span><\/p>\n","protected":false},"excerpt":{"rendered":"<p><span style=\"font-size: medium; font-family: georgia,palatino; color: #575757;\"><span style=\"background: transparent none repeat scroll 0% 0%;\"><span><span style=\"font-size: 12pt;\"><span style=\"font-size: medium; font-family: georgia,palatino;\"><span style=\"font-size: 12pt; font-family: times new roman, times;\"><span style=\"font-size: 12pt; font-family: times new roman, times;\">Collier de perles dont une artistique bleue claire compos\u00e9es de feuille d&rsquo;or, diam\u00e8tre perle centrale 2,3 cm, longueur collier de 52 \u00e0 58 cm (cha\u00eene de \u00ab\u00a0confort\u00a0\u00bb).<\/span><\/span><\/span><\/span><\/span><\/span><\/span><\/p>\n","protected":false},"featured_media":445,"comment_status":"open","ping_status":"closed","template":"","meta":[],"yoast_head":"<!-- This site is optimized with the Yoast SEO plugin v15.2.1 - https:\/\/yoast.com\/wordpress\/plugins\/seo\/ -->\n<title>Collier perle artistique tons bleus clair et feuille d&#039;or &gt; Hashenka<\/title>\n<meta name=\"robots\" content=\"index, follow, max-snippet:-1, max-image-preview:large, max-video-preview:-1\" \/>\n<link rel=\"canonical\" href=\"https:\/\/hashenka.com\/fr_fr\/boutique\/accueil\/nos-collections\/colliers\/collier-perle-artistique-tons-bleus-clair-et-feuille-dor\/\" \/>\n<meta property=\"og:locale\" content=\"fr_FR\" \/>\n<meta property=\"og:type\" content=\"article\" \/>\n<meta property=\"og:title\" content=\"Collier perle artistique tons bleus clair et feuille d&#039;or &gt; Hashenka\" \/>\n<meta property=\"og:description\" content=\"Collier de perles dont une artistique bleue claire compos\u00e9es de feuille d&#039;or, diam\u00e8tre perle centrale 2,3 cm, longueur collier de 52 \u00e0 58 cm (cha\u00eene de &quot;confort&quot;).\" \/>\n<meta property=\"og:url\" content=\"https:\/\/hashenka.com\/fr_fr\/boutique\/accueil\/nos-collections\/colliers\/collier-perle-artistique-tons-bleus-clair-et-feuille-dor\/\" \/>\n<meta property=\"og:site_name\" content=\"Hashenka\" \/>\n<meta property=\"article:modified_time\" content=\"2021-05-17T17:48:53+00:00\" \/>\n<meta property=\"og:image\" content=\"https:\/\/hashenka.com\/wp-content\/uploads\/2020\/11\/178-763-Collier-perle-artistique-tons-bleus-clair-et-feuille-dor.jpg\" \/>\n\t<meta property=\"og:image:width\" content=\"333\" \/>\n\t<meta property=\"og:image:height\" content=\"500\" \/>\n<meta name=\"twitter:card\" content=\"summary_large_image\" \/>\n<meta name=\"twitter:label1\" content=\"\u00c9crit par\">\n\t<meta name=\"twitter:data1\" content=\"admin8227\">\n\t<meta name=\"twitter:label2\" content=\"Dur\u00e9e de lecture est.\">\n\t<meta name=\"twitter:data2\" content=\"0 minute\">\n<script type=\"application\/ld+json\" class=\"yoast-schema-graph\">{\"@context\":\"https:\/\/schema.org\",\"@graph\":[{\"@type\":\"WebSite\",\"@id\":\"https:\/\/hashenka.com\/fr_fr\/#website\",\"url\":\"https:\/\/hashenka.com\/fr_fr\/\",\"name\":\"Hashenka\",\"description\":\"Bijoux et objets en verre de Murano\",\"potentialAction\":[{\"@type\":\"SearchAction\",\"target\":\"https:\/\/hashenka.com\/fr_fr\/?s={search_term_string}\",\"query-input\":\"required name=search_term_string\"}],\"inLanguage\":\"fr-FR\"},{\"@type\":\"ImageObject\",\"@id\":\"https:\/\/hashenka.com\/boutique\/accueil\/nos-collections\/colliers\/collier-perle-artistique-tons-bleus-clair-et-feuille-dor\/#primaryimage\",\"inLanguage\":\"fr-FR\",\"url\":\"https:\/\/hashenka.com\/wp-content\/uploads\/2020\/11\/178-763-Collier-perle-artistique-tons-bleus-clair-et-feuille-dor.jpg\",\"width\":333,\"height\":500},{\"@type\":\"WebPage\",\"@id\":\"https:\/\/hashenka.com\/boutique\/accueil\/nos-collections\/colliers\/collier-perle-artistique-tons-bleus-clair-et-feuille-dor\/#webpage\",\"url\":\"https:\/\/hashenka.com\/boutique\/accueil\/nos-collections\/colliers\/collier-perle-artistique-tons-bleus-clair-et-feuille-dor\/\",\"name\":\"Collier perle artistique tons bleus clair et feuille d'or &gt; Hashenka\",\"isPartOf\":{\"@id\":\"https:\/\/hashenka.com\/fr_fr\/#website\"},\"primaryImageOfPage\":{\"@id\":\"https:\/\/hashenka.com\/boutique\/accueil\/nos-collections\/colliers\/collier-perle-artistique-tons-bleus-clair-et-feuille-dor\/#primaryimage\"},\"datePublished\":\"2020-11-23T14:37:46+00:00\",\"dateModified\":\"2021-05-17T17:48:53+00:00\",\"inLanguage\":\"fr-FR\",\"potentialAction\":[{\"@type\":\"ReadAction\",\"target\":[\"https:\/\/hashenka.com\/boutique\/accueil\/nos-collections\/colliers\/collier-perle-artistique-tons-bleus-clair-et-feuille-dor\/\"]}]}]}<\/script>\n<!-- \/ Yoast SEO plugin. -->","_links":{"self":[{"href":"https:\/\/hashenka.com\/fr_fr\/wp-json\/wp\/v2\/product\/999"}],"collection":[{"href":"https:\/\/hashenka.com\/fr_fr\/wp-json\/wp\/v2\/product"}],"about":[{"href":"https:\/\/hashenka.com\/fr_fr\/wp-json\/wp\/v2\/types\/product"}],"replies":[{"embeddable":true,"href":"https:\/\/hashenka.com\/fr_fr\/wp-json\/wp\/v2\/comments?post=999"}],"wp:featuredmedia":[{"embeddable":true,"href":"https:\/\/hashenka.com\/fr_fr\/wp-json\/wp\/v2\/media\/445"}],"wp:attachment":[{"href":"https:\/\/hashenka.com\/fr_fr\/wp-json\/wp\/v2\/media?parent=999"}],"curies":[{"name":"wp","href":"https:\/\/api.w.org\/{rel}","templated":true}]}}