{"id":996,"date":"2020-11-23T15:37:45","date_gmt":"2020-11-23T14:37:45","guid":{"rendered":"http:\/\/hashenka.com\/?product=import-placeholder-for-vpsmartcol03"},"modified":"2026-01-16T09:13:07","modified_gmt":"2026-01-16T08:13:07","slug":"collier-artifice-bleu-et-argente","status":"publish","type":"product","link":"https:\/\/hashenka.com\/fr_fr\/boutique\/accueil\/nos-collections\/colliers\/collier-artifice-bleu-et-argente\/","title":{"rendered":"Collier Artifice bleu et argent\u00e9"},"content":{"rendered":"<p><span style=\"font-size: 12pt;\"><span style=\"font-size: 12pt;\"><span style=\"font-size: medium; font-family: georgia,palatino;\"><span style=\"font-size: 12pt; font-family: times new roman, times;\"><span style=\"font-size: 12pt; font-family: times new roman, times;\">Collier de perles artistiques bleues compos\u00e9es de feuille d&rsquo;argent avec un voile d&rsquo;arabesques en verre blanc, diam\u00e8tre perle centrale 2,4 cm, longueur collier de 48 \u00e0 52 cm (cha\u00eene de \u00ab\u00a0confort\u00a0\u00bb), <\/span><\/span><\/span><\/span><\/span><\/p>\n","protected":false},"excerpt":{"rendered":"<p><span style=\"font-size: 12pt;\"><span style=\"font-size: medium; font-family: georgia,palatino;\"><span style=\"font-size: 12pt; font-family: times new roman, times;\"><span style=\"font-size: 12pt; font-family: times new roman, times;\">Collier de perles artistiques bleues compos\u00e9es de feuille d&rsquo;argent avec un voile d&rsquo;arabesques en verre blanc, diam\u00e8tre perle centrale 2,4 cm, longueur collier de 48 \u00e0 52 cm (cha\u00eene de \u00ab\u00a0confort\u00a0\u00bb), <\/span><\/span><\/span><\/span><\/p>\n","protected":false},"featured_media":163,"comment_status":"open","ping_status":"closed","template":"","meta":[],"yoast_head":"<!-- This site is optimized with the Yoast SEO plugin v15.2.1 - https:\/\/yoast.com\/wordpress\/plugins\/seo\/ -->\n<title>Collier Artifice bleu et argent\u00e9 &gt; Hashenka<\/title>\n<meta name=\"robots\" content=\"index, follow, max-snippet:-1, max-image-preview:large, max-video-preview:-1\" \/>\n<link rel=\"canonical\" href=\"http:\/\/hashenka.com\/fr_fr\/boutique\/accueil\/nos-collections\/colliers\/collier-artifice-bleu-et-argente\/\" \/>\n<meta property=\"og:locale\" content=\"fr_FR\" \/>\n<meta property=\"og:type\" content=\"article\" \/>\n<meta property=\"og:title\" content=\"Collier Artifice bleu et argent\u00e9 &gt; Hashenka\" \/>\n<meta property=\"og:description\" content=\"Collier de perles artistiques bleues compos\u00e9es de feuille d&#039;argent avec un voile d&#039;arabesques en verre blanc, diam\u00e8tre perle centrale 2,4 cm, longueur collier de 48 \u00e0 52 cm (cha\u00eene de &quot;confort&quot;),\" \/>\n<meta property=\"og:url\" content=\"http:\/\/hashenka.com\/fr_fr\/boutique\/accueil\/nos-collections\/colliers\/collier-artifice-bleu-et-argente\/\" \/>\n<meta property=\"og:site_name\" content=\"Hashenka\" \/>\n<meta property=\"article:modified_time\" content=\"2026-01-16T08:13:07+00:00\" \/>\n<meta name=\"twitter:card\" content=\"summary_large_image\" \/>\n<meta name=\"twitter:label1\" content=\"\u00c9crit par\">\n\t<meta name=\"twitter:data1\" content=\"admin8227\">\n\t<meta name=\"twitter:label2\" content=\"Dur\u00e9e de lecture est.\">\n\t<meta name=\"twitter:data2\" content=\"0 minute\">\n<script type=\"application\/ld+json\" class=\"yoast-schema-graph\">{\"@context\":\"https:\/\/schema.org\",\"@graph\":[{\"@type\":\"WebSite\",\"@id\":\"https:\/\/hashenka.com\/fr_fr\/#website\",\"url\":\"https:\/\/hashenka.com\/fr_fr\/\",\"name\":\"Hashenka\",\"description\":\"Bijoux et objets en verre de Murano\",\"potentialAction\":[{\"@type\":\"SearchAction\",\"target\":\"https:\/\/hashenka.com\/fr_fr\/?s={search_term_string}\",\"query-input\":\"required name=search_term_string\"}],\"inLanguage\":\"fr-FR\"},{\"@type\":\"ImageObject\",\"@id\":\"http:\/\/hashenka.com\/fr_fr\/boutique\/accueil\/nos-collections\/colliers\/collier-artifice-bleu-et-argente\/#primaryimage\",\"inLanguage\":\"fr-FR\",\"url\":\"https:\/\/hashenka.com\/wp-content\/uploads\/2020\/11\/36-735-Collier-Artifice-bleu-et-argente.jpg\",\"width\":333,\"height\":500},{\"@type\":\"WebPage\",\"@id\":\"http:\/\/hashenka.com\/fr_fr\/boutique\/accueil\/nos-collections\/colliers\/collier-artifice-bleu-et-argente\/#webpage\",\"url\":\"http:\/\/hashenka.com\/fr_fr\/boutique\/accueil\/nos-collections\/colliers\/collier-artifice-bleu-et-argente\/\",\"name\":\"Collier Artifice bleu et argent\\u00e9 &gt; Hashenka\",\"isPartOf\":{\"@id\":\"https:\/\/hashenka.com\/fr_fr\/#website\"},\"primaryImageOfPage\":{\"@id\":\"http:\/\/hashenka.com\/fr_fr\/boutique\/accueil\/nos-collections\/colliers\/collier-artifice-bleu-et-argente\/#primaryimage\"},\"datePublished\":\"2020-11-23T14:37:45+00:00\",\"dateModified\":\"2026-01-16T08:13:07+00:00\",\"inLanguage\":\"fr-FR\",\"potentialAction\":[{\"@type\":\"ReadAction\",\"target\":[\"http:\/\/hashenka.com\/fr_fr\/boutique\/accueil\/nos-collections\/colliers\/collier-artifice-bleu-et-argente\/\"]}]}]}<\/script>\n<!-- \/ Yoast SEO plugin. -->","_links":{"self":[{"href":"https:\/\/hashenka.com\/fr_fr\/wp-json\/wp\/v2\/product\/996"}],"collection":[{"href":"https:\/\/hashenka.com\/fr_fr\/wp-json\/wp\/v2\/product"}],"about":[{"href":"https:\/\/hashenka.com\/fr_fr\/wp-json\/wp\/v2\/types\/product"}],"replies":[{"embeddable":true,"href":"https:\/\/hashenka.com\/fr_fr\/wp-json\/wp\/v2\/comments?post=996"}],"wp:featuredmedia":[{"embeddable":true,"href":"https:\/\/hashenka.com\/fr_fr\/wp-json\/wp\/v2\/media\/163"}],"wp:attachment":[{"href":"https:\/\/hashenka.com\/fr_fr\/wp-json\/wp\/v2\/media?parent=996"}],"curies":[{"name":"wp","href":"https:\/\/api.w.org\/{rel}","templated":true}]}}