{"id":3461,"date":"2021-05-17T18:43:47","date_gmt":"2021-05-17T16:43:47","guid":{"rendered":"https:\/\/hashenka.com\/?post_type=product&#038;p=3461"},"modified":"2023-10-23T17:59:19","modified_gmt":"2023-10-23T15:59:19","slug":"collier-perle-bleue-chaine-doree","status":"publish","type":"product","link":"https:\/\/hashenka.com\/fr_fr\/boutique\/accueil\/nos-collections\/colliers\/collier-perle-bleue-chaine-doree\/","title":{"rendered":"Collier perle Klimt bleue claires"},"content":{"rendered":"<h3>Collier avec perle Klimt bleue claire compos\u00e9 de feuille d&rsquo;or et d&rsquo;argent avec chaine dor\u00e9e \u00e0 l&rsquo;or fin, longueur 44 cm.<\/h3>\n","protected":false},"excerpt":{"rendered":"<p>Collier avec perle Klimt bleue claire compos\u00e9 de feuille d&rsquo;or et d&rsquo;argent avec chaine dor\u00e9e \u00e0 l&rsquo;or fin, longueur 44 cm.<\/p>\n","protected":false},"featured_media":3460,"comment_status":"closed","ping_status":"closed","template":"","meta":[],"yoast_head":"<!-- This site is optimized with the Yoast SEO plugin v15.2.1 - https:\/\/yoast.com\/wordpress\/plugins\/seo\/ -->\n<title>Collier perle Klimt bleue claires &gt; Hashenka<\/title>\n<meta name=\"description\" content=\"Collier perle Klimt bleue claires chaine dor\u00e9e\" \/>\n<meta name=\"robots\" content=\"index, follow, max-snippet:-1, max-image-preview:large, max-video-preview:-1\" \/>\n<link rel=\"canonical\" href=\"https:\/\/hashenka.com\/fr_fr\/boutique\/accueil\/nos-collections\/colliers\/collier-perle-bleue-chaine-doree\/\" \/>\n<meta property=\"og:locale\" content=\"fr_FR\" \/>\n<meta property=\"og:type\" content=\"article\" \/>\n<meta property=\"og:title\" content=\"Collier perle Klimt bleue claires &gt; Hashenka\" \/>\n<meta property=\"og:description\" content=\"Collier perle Klimt bleue claires chaine dor\u00e9e\" \/>\n<meta property=\"og:url\" content=\"https:\/\/hashenka.com\/fr_fr\/boutique\/accueil\/nos-collections\/colliers\/collier-perle-bleue-chaine-doree\/\" \/>\n<meta property=\"og:site_name\" content=\"Hashenka\" \/>\n<meta property=\"article:modified_time\" content=\"2023-10-23T15:59:19+00:00\" \/>\n<meta property=\"og:image\" content=\"https:\/\/hashenka.com\/wp-content\/uploads\/2021\/05\/COLKLI03.jpg\" \/>\n\t<meta property=\"og:image:width\" content=\"333\" \/>\n\t<meta property=\"og:image:height\" content=\"500\" \/>\n<meta name=\"twitter:card\" content=\"summary_large_image\" \/>\n<meta name=\"twitter:label1\" content=\"\u00c9crit par\">\n\t<meta name=\"twitter:data1\" content=\"admin8227\">\n\t<meta name=\"twitter:label2\" content=\"Dur\u00e9e de lecture est.\">\n\t<meta name=\"twitter:data2\" content=\"0 minute\">\n<script type=\"application\/ld+json\" class=\"yoast-schema-graph\">{\"@context\":\"https:\/\/schema.org\",\"@graph\":[{\"@type\":\"WebSite\",\"@id\":\"https:\/\/hashenka.com\/fr_fr\/#website\",\"url\":\"https:\/\/hashenka.com\/fr_fr\/\",\"name\":\"Hashenka\",\"description\":\"Bijoux et objets en verre de Murano\",\"potentialAction\":[{\"@type\":\"SearchAction\",\"target\":\"https:\/\/hashenka.com\/fr_fr\/?s={search_term_string}\",\"query-input\":\"required name=search_term_string\"}],\"inLanguage\":\"fr-FR\"},{\"@type\":\"ImageObject\",\"@id\":\"https:\/\/hashenka.com\/boutique\/accueil\/nos-collections\/colliers\/collier-perle-bleue-chaine-doree\/#primaryimage\",\"inLanguage\":\"fr-FR\",\"url\":\"https:\/\/hashenka.com\/wp-content\/uploads\/2021\/05\/COLKLI03.jpg\",\"width\":333,\"height\":500,\"caption\":\"Collier avec perle Klimt bleue claire compos\\u00e9 de feuille d'or et d'argent avec chaine dor\\u00e9e \\u00e0 l'or fin, longueur 44 cm.\"},{\"@type\":\"WebPage\",\"@id\":\"https:\/\/hashenka.com\/boutique\/accueil\/nos-collections\/colliers\/collier-perle-bleue-chaine-doree\/#webpage\",\"url\":\"https:\/\/hashenka.com\/boutique\/accueil\/nos-collections\/colliers\/collier-perle-bleue-chaine-doree\/\",\"name\":\"Collier perle Klimt bleue claires &gt; Hashenka\",\"isPartOf\":{\"@id\":\"https:\/\/hashenka.com\/fr_fr\/#website\"},\"primaryImageOfPage\":{\"@id\":\"https:\/\/hashenka.com\/boutique\/accueil\/nos-collections\/colliers\/collier-perle-bleue-chaine-doree\/#primaryimage\"},\"datePublished\":\"2021-05-17T16:43:47+00:00\",\"dateModified\":\"2023-10-23T15:59:19+00:00\",\"description\":\"Collier perle Klimt bleue claires chaine dor\\u00e9e\",\"inLanguage\":\"fr-FR\",\"potentialAction\":[{\"@type\":\"ReadAction\",\"target\":[\"https:\/\/hashenka.com\/boutique\/accueil\/nos-collections\/colliers\/collier-perle-bleue-chaine-doree\/\"]}]}]}<\/script>\n<!-- \/ Yoast SEO plugin. -->","_links":{"self":[{"href":"https:\/\/hashenka.com\/fr_fr\/wp-json\/wp\/v2\/product\/3461"}],"collection":[{"href":"https:\/\/hashenka.com\/fr_fr\/wp-json\/wp\/v2\/product"}],"about":[{"href":"https:\/\/hashenka.com\/fr_fr\/wp-json\/wp\/v2\/types\/product"}],"replies":[{"embeddable":true,"href":"https:\/\/hashenka.com\/fr_fr\/wp-json\/wp\/v2\/comments?post=3461"}],"wp:featuredmedia":[{"embeddable":true,"href":"https:\/\/hashenka.com\/fr_fr\/wp-json\/wp\/v2\/media\/3460"}],"wp:attachment":[{"href":"https:\/\/hashenka.com\/fr_fr\/wp-json\/wp\/v2\/media?parent=3461"}],"curies":[{"name":"wp","href":"https:\/\/api.w.org\/{rel}","templated":true}]}}