{"id":1366,"date":"2020-11-23T15:41:38","date_gmt":"2020-11-23T14:41:38","guid":{"rendered":"http:\/\/hashenka.com\/?product=import-placeholder-for-2474"},"modified":"2020-11-23T15:41:40","modified_gmt":"2020-11-23T14:41:40","slug":"pendentif-etoile-bombee-ambree-en-verre-de-murano","status":"publish","type":"product","link":"https:\/\/hashenka.com\/fr_fr\/boutique\/accueil\/nos-collections\/pendentifs-et-medailles\/pendentif-etoile-bombee-ambree-en-verre-de-murano\/","title":{"rendered":"Pendentif \u00e9toile bomb\u00e9e, ambr\u00e9e en verre de Murano"},"content":{"rendered":"<p><span style=\"font-size: medium; font-family: georgia,palatino; color: #464646;\"><span style=\"background: none repeat scroll 0% 0% transparent;\"><span><span style=\"font-size: medium; font-family: georgia,palatino; color: #3b3b3b;\"><span style=\"background: transparent none repeat scroll 0% 0%;\"><span>Pendentif forme \u00e9toile <span style=\"font-size: medium; font-family: georgia,palatino; color: #3b3b3b;\"><span style=\"background: transparent none repeat scroll 0% 0%;\"><span>en verre de Murano, l\u00e9g\u00e8rement bomb\u00e9e, couleur ambr\u00e9e avec spirale d&rsquo;aventurine et<\/span><\/span><\/span> feuille d&rsquo;or, dimension 4,5 cm x 4,5 cm environ. Fourni avec un cordon simple 1 lien.<\/span><\/span><\/span><\/span><\/span><\/span><\/p>\n","protected":false},"excerpt":{"rendered":"<p><span style=\"font-size: medium; font-family: georgia,palatino; color: #464646;\"><span style=\"background: none repeat scroll 0% 0% transparent;\"><span><span style=\"font-size: medium; font-family: georgia,palatino; color: #3b3b3b;\"><span style=\"background: transparent none repeat scroll 0% 0%;\"><span>Pendentif forme \u00e9toile <span style=\"font-size: medium; font-family: georgia,palatino; color: #3b3b3b;\"><span style=\"background: transparent none repeat scroll 0% 0%;\"><span>en verre de Murano, l\u00e9g\u00e8rement bomb\u00e9e, couleur ambr\u00e9e avec spirale d&rsquo;aventurine et<\/span><\/span><\/span> feuille d&rsquo;or, dimension 4,5 cm x 4,5 cm environ. Fourni avec un cordon simple 1 lien.<\/span><\/span><\/span><\/span><\/span><\/span><\/p>\n","protected":false},"featured_media":934,"comment_status":"open","ping_status":"closed","template":"","meta":[],"yoast_head":"<!-- This site is optimized with the Yoast SEO plugin v15.2.1 - https:\/\/yoast.com\/wordpress\/plugins\/seo\/ -->\n<title>Pendentif \u00e9toile bomb\u00e9e, ambr\u00e9e en verre de Murano &gt; Hashenka<\/title>\n<meta name=\"robots\" content=\"index, follow, max-snippet:-1, max-image-preview:large, max-video-preview:-1\" \/>\n<link rel=\"canonical\" href=\"https:\/\/hashenka.com\/fr_fr\/boutique\/accueil\/nos-collections\/pendentifs-et-medailles\/pendentif-etoile-bombee-ambree-en-verre-de-murano\/\" \/>\n<meta property=\"og:locale\" content=\"fr_FR\" \/>\n<meta property=\"og:type\" content=\"article\" \/>\n<meta property=\"og:title\" content=\"Pendentif \u00e9toile bomb\u00e9e, ambr\u00e9e en verre de Murano &gt; Hashenka\" \/>\n<meta property=\"og:description\" content=\"Pendentif forme \u00e9toile en verre de Murano, l\u00e9g\u00e8rement bomb\u00e9e, couleur ambr\u00e9e avec spirale d&#039;aventurine et feuille d&#039;or, dimension 4,5 cm x 4,5 cm environ. Fourni avec un cordon simple 1 lien.\" \/>\n<meta property=\"og:url\" content=\"https:\/\/hashenka.com\/fr_fr\/boutique\/accueil\/nos-collections\/pendentifs-et-medailles\/pendentif-etoile-bombee-ambree-en-verre-de-murano\/\" \/>\n<meta property=\"og:site_name\" content=\"Hashenka\" \/>\n<meta property=\"article:modified_time\" content=\"2020-11-23T14:41:40+00:00\" \/>\n<meta name=\"twitter:card\" content=\"summary_large_image\" \/>\n<meta name=\"twitter:label1\" content=\"\u00c9crit par\">\n\t<meta name=\"twitter:data1\" content=\"admin8227\">\n\t<meta name=\"twitter:label2\" content=\"Dur\u00e9e de lecture est.\">\n\t<meta name=\"twitter:data2\" content=\"0 minute\">\n<script type=\"application\/ld+json\" class=\"yoast-schema-graph\">{\"@context\":\"https:\/\/schema.org\",\"@graph\":[{\"@type\":\"WebSite\",\"@id\":\"https:\/\/hashenka.com\/fr_fr\/#website\",\"url\":\"https:\/\/hashenka.com\/fr_fr\/\",\"name\":\"Hashenka\",\"description\":\"Bijoux et objets en verre de Murano\",\"potentialAction\":[{\"@type\":\"SearchAction\",\"target\":\"https:\/\/hashenka.com\/fr_fr\/?s={search_term_string}\",\"query-input\":\"required name=search_term_string\"}],\"inLanguage\":\"fr-FR\"},{\"@type\":\"ImageObject\",\"@id\":\"http:\/\/hashenka.com\/boutique\/accueil\/nos-collections\/pendentifs-et-medailles\/pendentif-etoile-bombee-ambree-en-verre-de-murano\/#primaryimage\",\"inLanguage\":\"fr-FR\",\"url\":\"https:\/\/hashenka.com\/wp-content\/uploads\/2020\/11\/455-771-Pendentif-etoile-bombee-ambree-en-verre-de-Murano.jpg\",\"width\":333,\"height\":500},{\"@type\":\"WebPage\",\"@id\":\"http:\/\/hashenka.com\/boutique\/accueil\/nos-collections\/pendentifs-et-medailles\/pendentif-etoile-bombee-ambree-en-verre-de-murano\/#webpage\",\"url\":\"http:\/\/hashenka.com\/boutique\/accueil\/nos-collections\/pendentifs-et-medailles\/pendentif-etoile-bombee-ambree-en-verre-de-murano\/\",\"name\":\"Pendentif \\u00e9toile bomb\\u00e9e, ambr\\u00e9e en verre de Murano &gt; Hashenka\",\"isPartOf\":{\"@id\":\"https:\/\/hashenka.com\/fr_fr\/#website\"},\"primaryImageOfPage\":{\"@id\":\"http:\/\/hashenka.com\/boutique\/accueil\/nos-collections\/pendentifs-et-medailles\/pendentif-etoile-bombee-ambree-en-verre-de-murano\/#primaryimage\"},\"datePublished\":\"2020-11-23T14:41:38+00:00\",\"dateModified\":\"2020-11-23T14:41:40+00:00\",\"inLanguage\":\"fr-FR\",\"potentialAction\":[{\"@type\":\"ReadAction\",\"target\":[\"http:\/\/hashenka.com\/boutique\/accueil\/nos-collections\/pendentifs-et-medailles\/pendentif-etoile-bombee-ambree-en-verre-de-murano\/\"]}]}]}<\/script>\n<!-- \/ Yoast SEO plugin. -->","_links":{"self":[{"href":"https:\/\/hashenka.com\/fr_fr\/wp-json\/wp\/v2\/product\/1366"}],"collection":[{"href":"https:\/\/hashenka.com\/fr_fr\/wp-json\/wp\/v2\/product"}],"about":[{"href":"https:\/\/hashenka.com\/fr_fr\/wp-json\/wp\/v2\/types\/product"}],"replies":[{"embeddable":true,"href":"https:\/\/hashenka.com\/fr_fr\/wp-json\/wp\/v2\/comments?post=1366"}],"wp:featuredmedia":[{"embeddable":true,"href":"https:\/\/hashenka.com\/fr_fr\/wp-json\/wp\/v2\/media\/934"}],"wp:attachment":[{"href":"https:\/\/hashenka.com\/fr_fr\/wp-json\/wp\/v2\/media?parent=1366"}],"curies":[{"name":"wp","href":"https:\/\/api.w.org\/{rel}","templated":true}]}}