{"id":1250,"date":"2020-11-23T15:39:36","date_gmt":"2020-11-23T14:39:36","guid":{"rendered":"http:\/\/hashenka.com\/?product=import-placeholder-for-muracolacc1469"},"modified":"2025-05-25T21:25:33","modified_gmt":"2025-05-25T19:25:33","slug":"pied-de-lampe-col-de-cygne-fazzoletto-tons-1469","status":"publish","type":"product","link":"https:\/\/hashenka.com\/fr_fr\/boutique\/accueil\/nos-collections\/objets\/pied-de-lampe-col-de-cygne-fazzoletto-tons-1469\/","title":{"rendered":"Pied de lampe col de cygne Fazzoletto tons 1469"},"content":{"rendered":"<p>\u00a0<span style=\"font-size: 12pt;\"><span style=\"color: #333333;\">Lampe de chevet ou pied de lampe en forme de col de Cygne et m\u00e9tal argent\u00e9 bross\u00e9 (fabrication italienne), avec une suspension globe \u00ab\u00a0drap\u00e9e\u00a0\u00bb\u00a0 en verre de Murano compos\u00e9e de murrines mod\u00e8le Fazzoletto. Hauteur 35\/36 cm.<\/span><\/span><span style=\"font-size: medium; font-family: book antiqua,palatino;\"><span style=\"font-size: medium; font-family: book antiqua,palatino;\"><span style=\"font-size: 12pt;\"><span style=\"color: #333333;\"><span style=\"color: #333333; font-family: arial, helvetica, sans-serif;\"> Inclu dans le set Ligne 1469<\/span><\/span><\/span><\/span><br \/><\/span><\/p>\n","protected":false},"excerpt":{"rendered":"<p>\u00a0<span style=\"font-size: 12pt;\"><span style=\"color: #333333;\">Lampe de chevet ou pied de lampe en forme de col de Cygne et m\u00e9tal argent\u00e9 bross\u00e9 (fabrication italienne), avec une suspension globe \u00ab\u00a0drap\u00e9e\u00a0\u00bb\u00a0 en verre de Murano compos\u00e9e de murrines mod\u00e8le Fazzoletto. Hauteur 35\/36 cm.<\/span><\/span><span style=\"font-size: medium; font-family: book antiqua,palatino;\"><span style=\"font-size: 12pt;\"><span style=\"color: #333333;\"><span style=\"color: #333333; font-family: arial, helvetica, sans-serif;\"> Inclu dans le set Ligne 1469<\/span><\/span><\/span><br \/><\/span><\/p>\n","protected":false},"featured_media":727,"comment_status":"open","ping_status":"closed","template":"","meta":[],"yoast_head":"<!-- This site is optimized with the Yoast SEO plugin v15.2.1 - https:\/\/yoast.com\/wordpress\/plugins\/seo\/ -->\n<title>Pied de lampe col de cygne Fazzoletto tons 1469 &gt; Hashenka<\/title>\n<meta name=\"robots\" content=\"index, follow, max-snippet:-1, max-image-preview:large, max-video-preview:-1\" \/>\n<link rel=\"canonical\" href=\"https:\/\/hashenka.com\/fr_fr\/boutique\/accueil\/nos-collections\/objets\/pied-de-lampe-col-de-cygne-fazzoletto-tons-1469\/\" \/>\n<meta property=\"og:locale\" content=\"fr_FR\" \/>\n<meta property=\"og:type\" content=\"article\" \/>\n<meta property=\"og:title\" content=\"Pied de lampe col de cygne Fazzoletto tons 1469 &gt; Hashenka\" \/>\n<meta property=\"og:description\" content=\"\u00a0Lampe de chevet ou pied de lampe en forme de col de Cygne et m\u00e9tal argent\u00e9 bross\u00e9 (fabrication italienne), avec une suspension globe &quot;drap\u00e9e&quot;\u00a0 en verre de Murano compos\u00e9e de murrines mod\u00e8le Fazzoletto. Hauteur 35\/36 cm. Inclu dans le set Ligne 1469\" \/>\n<meta property=\"og:url\" content=\"https:\/\/hashenka.com\/fr_fr\/boutique\/accueil\/nos-collections\/objets\/pied-de-lampe-col-de-cygne-fazzoletto-tons-1469\/\" \/>\n<meta property=\"og:site_name\" content=\"Hashenka\" \/>\n<meta property=\"article:modified_time\" content=\"2025-05-25T19:25:33+00:00\" \/>\n<meta property=\"og:image\" content=\"https:\/\/hashenka.com\/wp-content\/uploads\/2020\/11\/340-724-Pied-de-lampe-col-de-cygne-Fazzoletto-tons-1469.jpg\" \/>\n\t<meta property=\"og:image:width\" content=\"333\" \/>\n\t<meta property=\"og:image:height\" content=\"500\" \/>\n<meta name=\"twitter:card\" content=\"summary_large_image\" \/>\n<meta name=\"twitter:label1\" content=\"\u00c9crit par\">\n\t<meta name=\"twitter:data1\" content=\"admin8227\">\n\t<meta name=\"twitter:label2\" content=\"Dur\u00e9e de lecture est.\">\n\t<meta name=\"twitter:data2\" content=\"0 minute\">\n<script type=\"application\/ld+json\" class=\"yoast-schema-graph\">{\"@context\":\"https:\/\/schema.org\",\"@graph\":[{\"@type\":\"WebSite\",\"@id\":\"https:\/\/hashenka.com\/fr_fr\/#website\",\"url\":\"https:\/\/hashenka.com\/fr_fr\/\",\"name\":\"Hashenka\",\"description\":\"Bijoux et objets en verre de Murano\",\"potentialAction\":[{\"@type\":\"SearchAction\",\"target\":\"https:\/\/hashenka.com\/fr_fr\/?s={search_term_string}\",\"query-input\":\"required name=search_term_string\"}],\"inLanguage\":\"fr-FR\"},{\"@type\":\"ImageObject\",\"@id\":\"https:\/\/hashenka.com\/fr_fr\/boutique\/accueil\/nos-collections\/objets\/pied-de-lampe-col-de-cygne-fazzoletto-tons-1469\/#primaryimage\",\"inLanguage\":\"fr-FR\",\"url\":\"https:\/\/hashenka.com\/wp-content\/uploads\/2020\/11\/340-724-Pied-de-lampe-col-de-cygne-Fazzoletto-tons-1469.jpg\",\"width\":333,\"height\":500},{\"@type\":\"WebPage\",\"@id\":\"https:\/\/hashenka.com\/fr_fr\/boutique\/accueil\/nos-collections\/objets\/pied-de-lampe-col-de-cygne-fazzoletto-tons-1469\/#webpage\",\"url\":\"https:\/\/hashenka.com\/fr_fr\/boutique\/accueil\/nos-collections\/objets\/pied-de-lampe-col-de-cygne-fazzoletto-tons-1469\/\",\"name\":\"Pied de lampe col de cygne Fazzoletto tons 1469 &gt; Hashenka\",\"isPartOf\":{\"@id\":\"https:\/\/hashenka.com\/fr_fr\/#website\"},\"primaryImageOfPage\":{\"@id\":\"https:\/\/hashenka.com\/fr_fr\/boutique\/accueil\/nos-collections\/objets\/pied-de-lampe-col-de-cygne-fazzoletto-tons-1469\/#primaryimage\"},\"datePublished\":\"2020-11-23T14:39:36+00:00\",\"dateModified\":\"2025-05-25T19:25:33+00:00\",\"inLanguage\":\"fr-FR\",\"potentialAction\":[{\"@type\":\"ReadAction\",\"target\":[\"https:\/\/hashenka.com\/fr_fr\/boutique\/accueil\/nos-collections\/objets\/pied-de-lampe-col-de-cygne-fazzoletto-tons-1469\/\"]}]}]}<\/script>\n<!-- \/ Yoast SEO plugin. -->","_links":{"self":[{"href":"https:\/\/hashenka.com\/fr_fr\/wp-json\/wp\/v2\/product\/1250"}],"collection":[{"href":"https:\/\/hashenka.com\/fr_fr\/wp-json\/wp\/v2\/product"}],"about":[{"href":"https:\/\/hashenka.com\/fr_fr\/wp-json\/wp\/v2\/types\/product"}],"replies":[{"embeddable":true,"href":"https:\/\/hashenka.com\/fr_fr\/wp-json\/wp\/v2\/comments?post=1250"}],"wp:featuredmedia":[{"embeddable":true,"href":"https:\/\/hashenka.com\/fr_fr\/wp-json\/wp\/v2\/media\/727"}],"wp:attachment":[{"href":"https:\/\/hashenka.com\/fr_fr\/wp-json\/wp\/v2\/media?parent=1250"}],"curies":[{"name":"wp","href":"https:\/\/api.w.org\/{rel}","templated":true}]}}