{"id":1171,"date":"2020-11-23T15:38:59","date_gmt":"2020-11-23T14:38:59","guid":{"rendered":"http:\/\/hashenka.com\/?product=import-placeholder-for-1778"},"modified":"2020-11-23T15:39:07","modified_gmt":"2020-11-23T14:39:07","slug":"parure-perles-bleues-et-vertes-feuille-dargent","status":"publish","type":"product","link":"https:\/\/hashenka.com\/fr_fr\/boutique\/accueil\/nos-collections\/parures\/parure-perles-bleues-et-vertes-feuille-dargent\/","title":{"rendered":"Parure perles bleues et vertes feuille d&rsquo;argent"},"content":{"rendered":"<p><span style=\"font-size: medium; font-family: georgia,palatino; color: #3b3b3b;\"><span style=\"background: transparent none repeat scroll 0% 0%;\"><span><span style=\"font-size: medium; font-family: georgia,palatino; color: #575757;\"><span style=\"background: transparent none repeat scroll 0% 0%;\"><span><span style=\"font-size: medium; font-family: georgia,palatino; color: #575757;\"><span><span><span style=\"background: transparent none repeat scroll 0% 0%;\"><span><span style=\"font-size: 12pt; font-family: times new roman, times;\"><span style=\"font-size: 12pt; font-family: times new roman, times;\"><span style=\"font-size: medium; font-family: georgia,palatino; color: #414141;\"><span style=\"font-size: medium; font-family: georgia,palatino; color: #575757;\"><span style=\"background: transparent none repeat scroll 0% 0%;\"><span><span style=\"font-size: medium; font-family: georgia,palatino; color: #575757;\"><span><span><span style=\"background: transparent none repeat scroll 0% 0%;\"><span><span style=\"font-size: 12pt; font-family: times new roman, times;\"><span style=\"font-size: 12pt; font-family: times new roman, times;\">Parure de perles v\u00e9nitiennes bleues et vertes<span style=\"font-size: 12pt; font-family: times new roman, times;\"><span style=\"font-size: 12pt; font-family: times new roman, times;\"> avec feuille d&rsquo;argent<\/span><\/span>. Collier longueur 47 cm, boucles d&rsquo;oreilles \u00e0 <span style=\"font-size: 12pt; font-family: times new roman, times;\">crochets hypoallerg\u00e9nique<\/span>. Label verre artistique.<\/span><\/span><\/span><\/span><\/span><\/span><\/span><\/span><\/span><\/span><\/span><\/span><\/span><\/span><\/span><\/span><\/span><\/span><\/span><\/span><\/span><\/span><\/span><\/span><\/p>\n","protected":false},"excerpt":{"rendered":"<p><span style=\"font-size: medium; font-family: georgia,palatino; color: #3b3b3b;\"><span style=\"background: transparent none repeat scroll 0% 0%;\"><span><span style=\"font-size: medium; font-family: georgia,palatino; color: #575757;\"><span style=\"background: transparent none repeat scroll 0% 0%;\"><span><span style=\"font-size: medium; font-family: georgia,palatino; color: #575757;\"><span><span><span style=\"background: transparent none repeat scroll 0% 0%;\"><span><span style=\"font-size: 12pt; font-family: times new roman, times;\"><span style=\"font-size: 12pt; font-family: times new roman, times;\"><span style=\"font-size: medium; font-family: georgia,palatino; color: #414141;\"><span style=\"font-size: medium; font-family: georgia,palatino; color: #575757;\"><span style=\"background: transparent none repeat scroll 0% 0%;\"><span><span style=\"font-size: medium; font-family: georgia,palatino; color: #575757;\"><span><span><span style=\"background: transparent none repeat scroll 0% 0%;\"><span><span style=\"font-size: 12pt; font-family: times new roman, times;\"><span style=\"font-size: 12pt; font-family: times new roman, times;\">Parure de perles v\u00e9nitiennes bleues et vertes<span style=\"font-size: 12pt; font-family: times new roman, times;\"><span style=\"font-size: 12pt; font-family: times new roman, times;\"> avec feuille d&rsquo;argent<\/span><\/span>. Collier longueur 47 cm, boucles d&rsquo;oreilles \u00e0 <span style=\"font-size: 12pt; font-family: times new roman, times;\">crochets hypoallerg\u00e9nique<\/span>. Label verre artistique.<\/span><\/span><\/span><\/span><\/span><\/span><\/span><\/span><\/span><\/span><\/span><\/span><\/span><\/span><\/span><\/span><\/span><\/span><\/span><\/span><\/span><\/span><\/span><\/span><\/p>\n","protected":false},"featured_media":387,"comment_status":"open","ping_status":"closed","template":"","meta":[],"yoast_head":"<!-- This site is optimized with the Yoast SEO plugin v15.2.1 - https:\/\/yoast.com\/wordpress\/plugins\/seo\/ -->\n<title>Parure perles bleues et vertes feuille d&#039;argent &gt; Hashenka<\/title>\n<meta name=\"robots\" content=\"index, follow, max-snippet:-1, max-image-preview:large, max-video-preview:-1\" \/>\n<link rel=\"canonical\" href=\"https:\/\/hashenka.com\/fr_fr\/boutique\/accueil\/nos-collections\/parures\/parure-perles-bleues-et-vertes-feuille-dargent\/\" \/>\n<meta property=\"og:locale\" content=\"fr_FR\" \/>\n<meta property=\"og:type\" content=\"article\" \/>\n<meta property=\"og:title\" content=\"Parure perles bleues et vertes feuille d&#039;argent &gt; Hashenka\" \/>\n<meta property=\"og:description\" content=\"Parure de perles v\u00e9nitiennes bleues et vertes avec feuille d&#039;argent. Collier longueur 47 cm, boucles d&#039;oreilles \u00e0 crochets hypoallerg\u00e9nique. Label verre artistique.\" \/>\n<meta property=\"og:url\" content=\"https:\/\/hashenka.com\/fr_fr\/boutique\/accueil\/nos-collections\/parures\/parure-perles-bleues-et-vertes-feuille-dargent\/\" \/>\n<meta property=\"og:site_name\" content=\"Hashenka\" \/>\n<meta property=\"article:modified_time\" content=\"2020-11-23T14:39:07+00:00\" \/>\n<meta name=\"twitter:card\" content=\"summary_large_image\" \/>\n<meta name=\"twitter:label1\" content=\"\u00c9crit par\">\n\t<meta name=\"twitter:data1\" content=\"admin8227\">\n\t<meta name=\"twitter:label2\" content=\"Dur\u00e9e de lecture est.\">\n\t<meta name=\"twitter:data2\" content=\"0 minute\">\n<script type=\"application\/ld+json\" class=\"yoast-schema-graph\">{\"@context\":\"https:\/\/schema.org\",\"@graph\":[{\"@type\":\"WebSite\",\"@id\":\"https:\/\/hashenka.com\/fr_fr\/#website\",\"url\":\"https:\/\/hashenka.com\/fr_fr\/\",\"name\":\"Hashenka\",\"description\":\"Bijoux et objets en verre de Murano\",\"potentialAction\":[{\"@type\":\"SearchAction\",\"target\":\"https:\/\/hashenka.com\/fr_fr\/?s={search_term_string}\",\"query-input\":\"required name=search_term_string\"}],\"inLanguage\":\"fr-FR\"},{\"@type\":\"ImageObject\",\"@id\":\"https:\/\/hashenka.com\/fr_fr\/boutique\/accueil\/nos-collections\/parures\/parure-perles-bleues-et-vertes-feuille-dargent\/#primaryimage\",\"inLanguage\":\"fr-FR\",\"url\":\"https:\/\/hashenka.com\/wp-content\/uploads\/2020\/11\/148-647-Parure-perles-bleues-et-vertes-feuille-dargent.jpg\",\"width\":333,\"height\":498},{\"@type\":\"WebPage\",\"@id\":\"https:\/\/hashenka.com\/fr_fr\/boutique\/accueil\/nos-collections\/parures\/parure-perles-bleues-et-vertes-feuille-dargent\/#webpage\",\"url\":\"https:\/\/hashenka.com\/fr_fr\/boutique\/accueil\/nos-collections\/parures\/parure-perles-bleues-et-vertes-feuille-dargent\/\",\"name\":\"Parure perles bleues et vertes feuille d'argent &gt; Hashenka\",\"isPartOf\":{\"@id\":\"https:\/\/hashenka.com\/fr_fr\/#website\"},\"primaryImageOfPage\":{\"@id\":\"https:\/\/hashenka.com\/fr_fr\/boutique\/accueil\/nos-collections\/parures\/parure-perles-bleues-et-vertes-feuille-dargent\/#primaryimage\"},\"datePublished\":\"2020-11-23T14:38:59+00:00\",\"dateModified\":\"2020-11-23T14:39:07+00:00\",\"inLanguage\":\"fr-FR\",\"potentialAction\":[{\"@type\":\"ReadAction\",\"target\":[\"https:\/\/hashenka.com\/fr_fr\/boutique\/accueil\/nos-collections\/parures\/parure-perles-bleues-et-vertes-feuille-dargent\/\"]}]}]}<\/script>\n<!-- \/ Yoast SEO plugin. -->","_links":{"self":[{"href":"https:\/\/hashenka.com\/fr_fr\/wp-json\/wp\/v2\/product\/1171"}],"collection":[{"href":"https:\/\/hashenka.com\/fr_fr\/wp-json\/wp\/v2\/product"}],"about":[{"href":"https:\/\/hashenka.com\/fr_fr\/wp-json\/wp\/v2\/types\/product"}],"replies":[{"embeddable":true,"href":"https:\/\/hashenka.com\/fr_fr\/wp-json\/wp\/v2\/comments?post=1171"}],"wp:featuredmedia":[{"embeddable":true,"href":"https:\/\/hashenka.com\/fr_fr\/wp-json\/wp\/v2\/media\/387"}],"wp:attachment":[{"href":"https:\/\/hashenka.com\/fr_fr\/wp-json\/wp\/v2\/media?parent=1171"}],"curies":[{"name":"wp","href":"https:\/\/api.w.org\/{rel}","templated":true}]}}