{"id":1153,"date":"2020-11-23T15:38:57","date_gmt":"2020-11-23T14:38:57","guid":{"rendered":"http:\/\/hashenka.com\/?product=import-placeholder-for-1752"},"modified":"2020-11-23T15:39:01","modified_gmt":"2020-11-23T14:39:01","slug":"parures-perles-murrines-ovales-millefiori","status":"publish","type":"product","link":"https:\/\/hashenka.com\/fr_fr\/boutique\/accueil\/nos-collections\/parures\/parures-perles-murrines-ovales-millefiori\/","title":{"rendered":"Parures perles murrines ovales millefiori"},"content":{"rendered":"<p><span style=\"font-size: 12pt; font-family: times new roman, times;\">Parure de perles murrines ovales v\u00e9nitiennes. Collier longueur 40 cm perles ovales diam\u00e8tre14, boucles d&rsquo;oreilles rondes \u00e0 clips.\u00a0 Label verre artistique.<\/span><\/p>\n","protected":false},"excerpt":{"rendered":"<p><span style=\"font-size: 12pt; font-family: times new roman, times;\">Parure de perles murrines ovales v\u00e9nitiennes. Collier longueur 40 cm perles ovales diam\u00e8tre14, boucles d&rsquo;oreilles rondes \u00e0 clips.\u00a0 Label verre artistique.<\/span><\/p>\n","protected":false},"featured_media":374,"comment_status":"open","ping_status":"closed","template":"","meta":[],"yoast_head":"<!-- This site is optimized with the Yoast SEO plugin v15.2.1 - https:\/\/yoast.com\/wordpress\/plugins\/seo\/ -->\n<title>Parures perles murrines ovales millefiori &gt; Hashenka<\/title>\n<meta name=\"robots\" content=\"index, follow, max-snippet:-1, max-image-preview:large, max-video-preview:-1\" \/>\n<link rel=\"canonical\" href=\"http:\/\/hashenka.com\/fr_fr\/boutique\/accueil\/nos-collections\/parures\/parures-perles-murrines-ovales-millefiori\/\" \/>\n<meta property=\"og:locale\" content=\"fr_FR\" \/>\n<meta property=\"og:type\" content=\"article\" \/>\n<meta property=\"og:title\" content=\"Parures perles murrines ovales millefiori &gt; Hashenka\" \/>\n<meta property=\"og:description\" content=\"Parure de perles murrines ovales v\u00e9nitiennes. Collier longueur 40 cm perles ovales diam\u00e8tre14, boucles d&#039;oreilles rondes \u00e0 clips.\u00a0 Label verre artistique.\" \/>\n<meta property=\"og:url\" content=\"http:\/\/hashenka.com\/fr_fr\/boutique\/accueil\/nos-collections\/parures\/parures-perles-murrines-ovales-millefiori\/\" \/>\n<meta property=\"og:site_name\" content=\"Hashenka\" \/>\n<meta property=\"article:modified_time\" content=\"2020-11-23T14:39:01+00:00\" \/>\n<meta name=\"twitter:card\" content=\"summary_large_image\" \/>\n<meta name=\"twitter:label1\" content=\"\u00c9crit par\">\n\t<meta name=\"twitter:data1\" content=\"admin8227\">\n\t<meta name=\"twitter:label2\" content=\"Dur\u00e9e de lecture est.\">\n\t<meta name=\"twitter:data2\" content=\"0 minute\">\n<script type=\"application\/ld+json\" class=\"yoast-schema-graph\">{\"@context\":\"https:\/\/schema.org\",\"@graph\":[{\"@type\":\"WebSite\",\"@id\":\"https:\/\/hashenka.com\/fr_fr\/#website\",\"url\":\"https:\/\/hashenka.com\/fr_fr\/\",\"name\":\"Hashenka\",\"description\":\"Bijoux et objets en verre de Murano\",\"potentialAction\":[{\"@type\":\"SearchAction\",\"target\":\"https:\/\/hashenka.com\/fr_fr\/?s={search_term_string}\",\"query-input\":\"required name=search_term_string\"}],\"inLanguage\":\"fr-FR\"},{\"@type\":\"ImageObject\",\"@id\":\"http:\/\/hashenka.com\/en\/boutique\/accueil\/nos-collections\/parures\/parures-perles-murrines-ovales-millefiori\/#primaryimage\",\"inLanguage\":\"fr-FR\",\"url\":\"https:\/\/hashenka.com\/wp-content\/uploads\/2020\/11\/135-662-Parures-perles-murrines-ovales-millefiori.jpg\",\"width\":333,\"height\":500},{\"@type\":\"WebPage\",\"@id\":\"http:\/\/hashenka.com\/en\/boutique\/accueil\/nos-collections\/parures\/parures-perles-murrines-ovales-millefiori\/#webpage\",\"url\":\"http:\/\/hashenka.com\/en\/boutique\/accueil\/nos-collections\/parures\/parures-perles-murrines-ovales-millefiori\/\",\"name\":\"Parures perles murrines ovales millefiori &gt; Hashenka\",\"isPartOf\":{\"@id\":\"https:\/\/hashenka.com\/fr_fr\/#website\"},\"primaryImageOfPage\":{\"@id\":\"http:\/\/hashenka.com\/en\/boutique\/accueil\/nos-collections\/parures\/parures-perles-murrines-ovales-millefiori\/#primaryimage\"},\"datePublished\":\"2020-11-23T14:38:57+00:00\",\"dateModified\":\"2020-11-23T14:39:01+00:00\",\"inLanguage\":\"fr-FR\",\"potentialAction\":[{\"@type\":\"ReadAction\",\"target\":[\"http:\/\/hashenka.com\/en\/boutique\/accueil\/nos-collections\/parures\/parures-perles-murrines-ovales-millefiori\/\"]}]}]}<\/script>\n<!-- \/ Yoast SEO plugin. -->","_links":{"self":[{"href":"https:\/\/hashenka.com\/fr_fr\/wp-json\/wp\/v2\/product\/1153"}],"collection":[{"href":"https:\/\/hashenka.com\/fr_fr\/wp-json\/wp\/v2\/product"}],"about":[{"href":"https:\/\/hashenka.com\/fr_fr\/wp-json\/wp\/v2\/types\/product"}],"replies":[{"embeddable":true,"href":"https:\/\/hashenka.com\/fr_fr\/wp-json\/wp\/v2\/comments?post=1153"}],"wp:featuredmedia":[{"embeddable":true,"href":"https:\/\/hashenka.com\/fr_fr\/wp-json\/wp\/v2\/media\/374"}],"wp:attachment":[{"href":"https:\/\/hashenka.com\/fr_fr\/wp-json\/wp\/v2\/media?parent=1153"}],"curies":[{"name":"wp","href":"https:\/\/api.w.org\/{rel}","templated":true}]}}