{"id":1147,"date":"2020-11-23T15:38:43","date_gmt":"2020-11-23T14:38:43","guid":{"rendered":"http:\/\/hashenka.com\/?product=import-placeholder-for-fipapecol03"},"modified":"2021-01-13T17:45:12","modified_gmt":"2021-01-13T16:45:12","slug":"pendentif-en-mosaiques-figuratives-byzantine","status":"publish","type":"product","link":"https:\/\/hashenka.com\/fr_fr\/boutique\/accueil\/nos-collections\/pendentifs-et-medailles\/pendentif-en-mosaiques-figuratives-byzantine\/","title":{"rendered":"Pendentif en mosa\u00efques figuratives byzantine"},"content":{"rendered":"<p><span style=\"font-size: 12pt; font-family: arial, helvetica, sans-serif;\">Pendentif en mosa\u00efques figuratives byzantine r\u00e9alis\u00e9 avec des morceaux de verre Muranese repr\u00e9sentant des Colombes, m\u00e9tal dor\u00e9 qualitatif et traitement hypoallerg\u00e9nique<span style=\"font-size: 12pt; font-family: arial, helvetica, sans-serif;\">. Hauteur 2,5 cm, largeur 2 cm, <\/span>Cordon longueur 42 cm. <span style=\"font-size: 12pt; font-family: arial, helvetica, sans-serif;\">Artisan Florentin.<\/span><br \/><\/span><\/p>\n","protected":false},"excerpt":{"rendered":"<p><span style=\"font-size: 12pt; font-family: arial, helvetica, sans-serif;\">Pendentif en mosa\u00efques figuratives byzantine r\u00e9alis\u00e9 avec des morceaux de verre Muranese repr\u00e9sentant des Colombes, m\u00e9tal dor\u00e9 qualitatif et traitement hypoallerg\u00e9nique. Hauteur 2,5 cm, largeur 2 cm, Cordon longueur 42 cm. Artisan Florentin.<br \/><\/span><\/p>\n","protected":false},"featured_media":343,"comment_status":"open","ping_status":"closed","template":"","meta":[],"yoast_head":"<!-- This site is optimized with the Yoast SEO plugin v15.2.1 - https:\/\/yoast.com\/wordpress\/plugins\/seo\/ -->\n<title>Pendentif en mosa\u00efques figuratives byzantine &gt; Hashenka<\/title>\n<meta name=\"robots\" content=\"index, follow, max-snippet:-1, max-image-preview:large, max-video-preview:-1\" \/>\n<link rel=\"canonical\" href=\"https:\/\/hashenka.com\/fr_fr\/boutique\/accueil\/nos-collections\/pendentifs-et-medailles\/pendentif-en-mosaiques-figuratives-byzantine\/\" \/>\n<meta property=\"og:locale\" content=\"fr_FR\" \/>\n<meta property=\"og:type\" content=\"article\" \/>\n<meta property=\"og:title\" content=\"Pendentif en mosa\u00efques figuratives byzantine &gt; Hashenka\" \/>\n<meta property=\"og:description\" content=\"Pendentif en mosa\u00efques figuratives byzantine r\u00e9alis\u00e9 avec des morceaux de verre Muranese repr\u00e9sentant des Colombes, m\u00e9tal dor\u00e9 qualitatif et traitement hypoallerg\u00e9nique. Hauteur 2,5 cm, largeur 2 cm, Cordon longueur 42 cm. Artisan Florentin.\" \/>\n<meta property=\"og:url\" content=\"https:\/\/hashenka.com\/fr_fr\/boutique\/accueil\/nos-collections\/pendentifs-et-medailles\/pendentif-en-mosaiques-figuratives-byzantine\/\" \/>\n<meta property=\"og:site_name\" content=\"Hashenka\" \/>\n<meta property=\"article:modified_time\" content=\"2021-01-13T16:45:12+00:00\" \/>\n<meta property=\"og:image\" content=\"https:\/\/hashenka.com\/wp-content\/uploads\/2020\/11\/134-743-Pendentif-en-mosaiques-figuratives-byzantine.jpg\" \/>\n\t<meta property=\"og:image:width\" content=\"333\" \/>\n\t<meta property=\"og:image:height\" content=\"500\" \/>\n<meta name=\"twitter:card\" content=\"summary_large_image\" \/>\n<meta name=\"twitter:label1\" content=\"\u00c9crit par\">\n\t<meta name=\"twitter:data1\" content=\"admin8227\">\n\t<meta name=\"twitter:label2\" content=\"Dur\u00e9e de lecture est.\">\n\t<meta name=\"twitter:data2\" content=\"0 minute\">\n<script type=\"application\/ld+json\" class=\"yoast-schema-graph\">{\"@context\":\"https:\/\/schema.org\",\"@graph\":[{\"@type\":\"WebSite\",\"@id\":\"https:\/\/hashenka.com\/fr_fr\/#website\",\"url\":\"https:\/\/hashenka.com\/fr_fr\/\",\"name\":\"Hashenka\",\"description\":\"Bijoux et objets en verre de Murano\",\"potentialAction\":[{\"@type\":\"SearchAction\",\"target\":\"https:\/\/hashenka.com\/fr_fr\/?s={search_term_string}\",\"query-input\":\"required name=search_term_string\"}],\"inLanguage\":\"fr-FR\"},{\"@type\":\"ImageObject\",\"@id\":\"http:\/\/hashenka.com\/boutique\/accueil\/nos-collections\/pendentifs-et-medailles\/pendentif-en-mosaiques-figuratives-byzantine\/#primaryimage\",\"inLanguage\":\"fr-FR\",\"url\":\"https:\/\/hashenka.com\/wp-content\/uploads\/2020\/11\/134-743-Pendentif-en-mosaiques-figuratives-byzantine.jpg\",\"width\":333,\"height\":500},{\"@type\":\"WebPage\",\"@id\":\"http:\/\/hashenka.com\/boutique\/accueil\/nos-collections\/pendentifs-et-medailles\/pendentif-en-mosaiques-figuratives-byzantine\/#webpage\",\"url\":\"http:\/\/hashenka.com\/boutique\/accueil\/nos-collections\/pendentifs-et-medailles\/pendentif-en-mosaiques-figuratives-byzantine\/\",\"name\":\"Pendentif en mosa\\u00efques figuratives byzantine &gt; Hashenka\",\"isPartOf\":{\"@id\":\"https:\/\/hashenka.com\/fr_fr\/#website\"},\"primaryImageOfPage\":{\"@id\":\"http:\/\/hashenka.com\/boutique\/accueil\/nos-collections\/pendentifs-et-medailles\/pendentif-en-mosaiques-figuratives-byzantine\/#primaryimage\"},\"datePublished\":\"2020-11-23T14:38:43+00:00\",\"dateModified\":\"2021-01-13T16:45:12+00:00\",\"inLanguage\":\"fr-FR\",\"potentialAction\":[{\"@type\":\"ReadAction\",\"target\":[\"http:\/\/hashenka.com\/boutique\/accueil\/nos-collections\/pendentifs-et-medailles\/pendentif-en-mosaiques-figuratives-byzantine\/\"]}]}]}<\/script>\n<!-- \/ Yoast SEO plugin. -->","_links":{"self":[{"href":"https:\/\/hashenka.com\/fr_fr\/wp-json\/wp\/v2\/product\/1147"}],"collection":[{"href":"https:\/\/hashenka.com\/fr_fr\/wp-json\/wp\/v2\/product"}],"about":[{"href":"https:\/\/hashenka.com\/fr_fr\/wp-json\/wp\/v2\/types\/product"}],"replies":[{"embeddable":true,"href":"https:\/\/hashenka.com\/fr_fr\/wp-json\/wp\/v2\/comments?post=1147"}],"wp:featuredmedia":[{"embeddable":true,"href":"https:\/\/hashenka.com\/fr_fr\/wp-json\/wp\/v2\/media\/343"}],"wp:attachment":[{"href":"https:\/\/hashenka.com\/fr_fr\/wp-json\/wp\/v2\/media?parent=1147"}],"curies":[{"name":"wp","href":"https:\/\/api.w.org\/{rel}","templated":true}]}}