{"id":1125,"date":"2020-11-23T15:38:40","date_gmt":"2020-11-23T14:38:40","guid":{"rendered":"http:\/\/hashenka.com\/?product=import-placeholder-for-muracopar4p1469"},"modified":"2024-06-28T21:38:32","modified_gmt":"2024-06-28T19:38:32","slug":"set-de-decoration-ton-orange-fazzoletto-4-pieces-en-verre-de-murano","status":"publish","type":"product","link":"https:\/\/hashenka.com\/fr_fr\/boutique\/accueil\/nos-collections\/objets\/set-de-decoration-ton-orange-fazzoletto-4-pieces-en-verre-de-murano\/","title":{"rendered":"Set de decoration ton orange Fazzoletto 4 pi\u00e8ces en verre de Murano"},"content":{"rendered":"<p><span style=\"font-size: medium; font-family: georgia,palatino; color: #4c4c4c;\"><span style=\"font-size: medium; font-family: georgia,palatino; color: #4c4c4c;\"><span style=\"font-size: medium; font-family: georgia,palatino; color: #4c4c4c;\"><span style=\"font-size: 12pt;\">Parure de 4 pi\u00e8ces de d\u00e9coration en verre de murano mod\u00e8le Fazzoletto tons orange, rouge et jaune grandes murrines Ligne 1469 comprenant ; une lampe en col de cygne, un vase, un coupe plate, une coupe ondul\u00e9e<\/span><\/span><\/span><\/span><\/p>\n","protected":false},"excerpt":{"rendered":"<p><span style=\"font-size: medium; font-family: georgia,palatino; color: #4c4c4c;\"><span style=\"font-size: 12pt;\">Parure de 4 pi\u00e8ces de d\u00e9coration en verre de murano mod\u00e8le Fazzoletto tons orange, rouge et jaune grandes murrines Ligne 1469 comprenant ; une lampe en col de cygne, un vase, un coupe plate, une coupe ondul\u00e9e<\/span><\/span><\/p>\n","protected":false},"featured_media":512,"comment_status":"open","ping_status":"closed","template":"","meta":[],"yoast_head":"<!-- This site is optimized with the Yoast SEO plugin v15.2.1 - https:\/\/yoast.com\/wordpress\/plugins\/seo\/ -->\n<title>Set de decoration ton orange Fazzoletto 4 pi\u00e8ces en verre de Murano &gt; Hashenka<\/title>\n<meta name=\"robots\" content=\"index, follow, max-snippet:-1, max-image-preview:large, max-video-preview:-1\" \/>\n<link rel=\"canonical\" href=\"http:\/\/hashenka.com\/fr_fr\/boutique\/accueil\/nos-collections\/objets\/set-de-decoration-ton-orange-fazzoletto-4-pieces-en-verre-de-murano\/\" \/>\n<meta property=\"og:locale\" content=\"fr_FR\" \/>\n<meta property=\"og:type\" content=\"article\" \/>\n<meta property=\"og:title\" content=\"Set de decoration ton orange Fazzoletto 4 pi\u00e8ces en verre de Murano &gt; Hashenka\" \/>\n<meta property=\"og:description\" content=\"Parure de 4 pi\u00e8ces de d\u00e9coration en verre de murano mod\u00e8le Fazzoletto tons orange, rouge et jaune grandes murrines Ligne 1469 comprenant ; une lampe en col de cygne, un vase, un coupe plate, une coupe ondul\u00e9e\" \/>\n<meta property=\"og:url\" content=\"http:\/\/hashenka.com\/fr_fr\/boutique\/accueil\/nos-collections\/objets\/set-de-decoration-ton-orange-fazzoletto-4-pieces-en-verre-de-murano\/\" \/>\n<meta property=\"og:site_name\" content=\"Hashenka\" \/>\n<meta property=\"article:modified_time\" content=\"2024-06-28T19:38:32+00:00\" \/>\n<meta property=\"og:image\" content=\"https:\/\/hashenka.com\/wp-content\/uploads\/2020\/11\/221-723-Set-de-decoration-ton-orange-Fazzoletto-4-pieces-en-verre-de-Murano.jpg\" \/>\n\t<meta property=\"og:image:width\" content=\"333\" \/>\n\t<meta property=\"og:image:height\" content=\"500\" \/>\n<meta name=\"twitter:card\" content=\"summary_large_image\" \/>\n<meta name=\"twitter:label1\" content=\"\u00c9crit par\">\n\t<meta name=\"twitter:data1\" content=\"admin8227\">\n\t<meta name=\"twitter:label2\" content=\"Dur\u00e9e de lecture est.\">\n\t<meta name=\"twitter:data2\" content=\"0 minute\">\n<script type=\"application\/ld+json\" class=\"yoast-schema-graph\">{\"@context\":\"https:\/\/schema.org\",\"@graph\":[{\"@type\":\"WebSite\",\"@id\":\"https:\/\/hashenka.com\/fr_fr\/#website\",\"url\":\"https:\/\/hashenka.com\/fr_fr\/\",\"name\":\"Hashenka\",\"description\":\"Bijoux et objets en verre de Murano\",\"potentialAction\":[{\"@type\":\"SearchAction\",\"target\":\"https:\/\/hashenka.com\/fr_fr\/?s={search_term_string}\",\"query-input\":\"required name=search_term_string\"}],\"inLanguage\":\"fr-FR\"},{\"@type\":\"ImageObject\",\"@id\":\"http:\/\/hashenka.com\/fr_fr\/boutique\/accueil\/nos-collections\/objets\/set-de-decoration-ton-orange-fazzoletto-4-pieces-en-verre-de-murano\/#primaryimage\",\"inLanguage\":\"fr-FR\",\"url\":\"https:\/\/hashenka.com\/wp-content\/uploads\/2020\/11\/221-723-Set-de-decoration-ton-orange-Fazzoletto-4-pieces-en-verre-de-Murano.jpg\",\"width\":333,\"height\":500},{\"@type\":\"WebPage\",\"@id\":\"http:\/\/hashenka.com\/fr_fr\/boutique\/accueil\/nos-collections\/objets\/set-de-decoration-ton-orange-fazzoletto-4-pieces-en-verre-de-murano\/#webpage\",\"url\":\"http:\/\/hashenka.com\/fr_fr\/boutique\/accueil\/nos-collections\/objets\/set-de-decoration-ton-orange-fazzoletto-4-pieces-en-verre-de-murano\/\",\"name\":\"Set de decoration ton orange Fazzoletto 4 pi\\u00e8ces en verre de Murano &gt; Hashenka\",\"isPartOf\":{\"@id\":\"https:\/\/hashenka.com\/fr_fr\/#website\"},\"primaryImageOfPage\":{\"@id\":\"http:\/\/hashenka.com\/fr_fr\/boutique\/accueil\/nos-collections\/objets\/set-de-decoration-ton-orange-fazzoletto-4-pieces-en-verre-de-murano\/#primaryimage\"},\"datePublished\":\"2020-11-23T14:38:40+00:00\",\"dateModified\":\"2024-06-28T19:38:32+00:00\",\"inLanguage\":\"fr-FR\",\"potentialAction\":[{\"@type\":\"ReadAction\",\"target\":[\"http:\/\/hashenka.com\/fr_fr\/boutique\/accueil\/nos-collections\/objets\/set-de-decoration-ton-orange-fazzoletto-4-pieces-en-verre-de-murano\/\"]}]}]}<\/script>\n<!-- \/ Yoast SEO plugin. -->","_links":{"self":[{"href":"https:\/\/hashenka.com\/fr_fr\/wp-json\/wp\/v2\/product\/1125"}],"collection":[{"href":"https:\/\/hashenka.com\/fr_fr\/wp-json\/wp\/v2\/product"}],"about":[{"href":"https:\/\/hashenka.com\/fr_fr\/wp-json\/wp\/v2\/types\/product"}],"replies":[{"embeddable":true,"href":"https:\/\/hashenka.com\/fr_fr\/wp-json\/wp\/v2\/comments?post=1125"}],"wp:featuredmedia":[{"embeddable":true,"href":"https:\/\/hashenka.com\/fr_fr\/wp-json\/wp\/v2\/media\/512"}],"wp:attachment":[{"href":"https:\/\/hashenka.com\/fr_fr\/wp-json\/wp\/v2\/media?parent=1125"}],"curies":[{"name":"wp","href":"https:\/\/api.w.org\/{rel}","templated":true}]}}