{"id":1120,"date":"2020-11-23T15:38:27","date_gmt":"2020-11-23T14:38:27","guid":{"rendered":"http:\/\/hashenka.com\/?product=import-placeholder-for-1688"},"modified":"2021-01-13T18:03:38","modified_gmt":"2021-01-13T17:03:38","slug":"boucles-doreilles-gingerbreadman","status":"publish","type":"product","link":"https:\/\/hashenka.com\/fr_fr\/boutique\/accueil\/nos-collections\/boucles-doreilles-nos-collections\/boucles-doreilles-gingerbreadman\/","title":{"rendered":"Boucles d&rsquo;oreilles Gingerbreadman"},"content":{"rendered":"<p><span style=\"font-size: medium; font-family: georgia,palatino; color: #3b3b3b;\"><span style=\"background: transparent none repeat scroll 0% 0%;\"><span style=\"font-size: medium; font-family: georgia,palatino; color: #464646;\"><span style=\"background: transparent none repeat scroll 0% 0%;\"><span style=\"font-size: medium; font-family: georgia,palatino; color: #333333;\"><span style=\"background: none repeat scroll 0% 0% transparent;\"><span style=\"font-size: 12pt;\">Boucles <span style=\"font-size: medium; font-family: georgia,palatino; color: #3b3b3b;\"><span style=\"background: transparent none repeat scroll 0% 0%;\"><span style=\"font-size: medium; font-family: georgia,palatino; color: #464646;\"><span style=\"background: transparent none repeat scroll 0% 0%;\"><span style=\"font-size: medium; font-family: georgia,palatino; color: #333333;\"><span style=\"background: none repeat scroll 0% 0% transparent;\"><span style=\"font-size: 12pt;\">d&rsquo;oreilles Gingerbreadman (bonhomme en pain d&rsquo;\u00e9pice) en verre de murano. Travail artistique en verre fil\u00e9. Hauteur 4 cm, crochets <span data-dobid=\"hdw\">hypoallerg\u00e9nique avec stoppeur en silicone.<\/span><\/span><\/span><\/span><\/span><\/span><\/span><\/span><\/span><\/span><\/span><\/span><\/span><\/span><\/span><\/p>\n","protected":false},"excerpt":{"rendered":"<p><span style=\"font-size: medium; font-family: georgia,palatino; color: #3b3b3b;\"><span style=\"background: transparent none repeat scroll 0% 0%;\"><span style=\"font-size: medium; font-family: georgia,palatino; color: #464646;\"><span style=\"background: transparent none repeat scroll 0% 0%;\"><span style=\"font-size: medium; font-family: georgia,palatino; color: #333333;\"><span style=\"background: none repeat scroll 0% 0% transparent;\"><span style=\"font-size: 12pt;\">Boucles <span style=\"font-size: medium; font-family: georgia,palatino; color: #3b3b3b;\"><span style=\"background: transparent none repeat scroll 0% 0%;\"><span style=\"font-size: medium; font-family: georgia,palatino; color: #464646;\"><span style=\"background: transparent none repeat scroll 0% 0%;\"><span style=\"font-size: medium; font-family: georgia,palatino; color: #333333;\"><span style=\"background: none repeat scroll 0% 0% transparent;\"><span style=\"font-size: 12pt;\">d&rsquo;oreilles Gingerbreadman (bonhomme en pain d&rsquo;\u00e9pice) en verre de murano. Travail artistique en verre fil\u00e9. Hauteur 4 cm, crochets <span data-dobid=\"hdw\">hypoallerg\u00e9nique avec stoppeur en silicone.<\/span><\/span><\/span><\/span><\/span><\/span><\/span><\/span> <\/span><\/span><\/span><\/span><\/span><\/span><\/span><\/p>\n","protected":false},"featured_media":282,"comment_status":"open","ping_status":"closed","template":"","meta":[],"yoast_head":"<!-- This site is optimized with the Yoast SEO plugin v15.2.1 - https:\/\/yoast.com\/wordpress\/plugins\/seo\/ -->\n<title>Boucles d&#039;oreilles Gingerbreadman &gt; Hashenka<\/title>\n<meta name=\"robots\" content=\"index, follow, max-snippet:-1, max-image-preview:large, max-video-preview:-1\" \/>\n<link rel=\"canonical\" href=\"https:\/\/hashenka.com\/fr_fr\/boutique\/accueil\/nos-collections\/boucles-doreilles-nos-collections\/boucles-doreilles-gingerbreadman\/\" \/>\n<meta property=\"og:locale\" content=\"fr_FR\" \/>\n<meta property=\"og:type\" content=\"article\" \/>\n<meta property=\"og:title\" content=\"Boucles d&#039;oreilles Gingerbreadman &gt; Hashenka\" \/>\n<meta property=\"og:description\" content=\"Boucles d&#039;oreilles Gingerbreadman (bonhomme en pain d&#039;\u00e9pice) en verre de murano. Travail artistique en verre fil\u00e9. Hauteur 4 cm, crochets hypoallerg\u00e9nique avec stoppeur en silicone.\" \/>\n<meta property=\"og:url\" content=\"https:\/\/hashenka.com\/fr_fr\/boutique\/accueil\/nos-collections\/boucles-doreilles-nos-collections\/boucles-doreilles-gingerbreadman\/\" \/>\n<meta property=\"og:site_name\" content=\"Hashenka\" \/>\n<meta property=\"article:modified_time\" content=\"2021-01-13T17:03:38+00:00\" \/>\n<meta property=\"og:image\" content=\"https:\/\/hashenka.com\/wp-content\/uploads\/2020\/11\/103-936-Boucles-doreilles-Gingerbreadman.jpg\" \/>\n\t<meta property=\"og:image:width\" content=\"333\" \/>\n\t<meta property=\"og:image:height\" content=\"500\" \/>\n<meta name=\"twitter:card\" content=\"summary_large_image\" \/>\n<meta name=\"twitter:label1\" content=\"\u00c9crit par\">\n\t<meta name=\"twitter:data1\" content=\"admin8227\">\n\t<meta name=\"twitter:label2\" content=\"Dur\u00e9e de lecture est.\">\n\t<meta name=\"twitter:data2\" content=\"0 minute\">\n<script type=\"application\/ld+json\" class=\"yoast-schema-graph\">{\"@context\":\"https:\/\/schema.org\",\"@graph\":[{\"@type\":\"WebSite\",\"@id\":\"https:\/\/hashenka.com\/fr_fr\/#website\",\"url\":\"https:\/\/hashenka.com\/fr_fr\/\",\"name\":\"Hashenka\",\"description\":\"Bijoux et objets en verre de Murano\",\"potentialAction\":[{\"@type\":\"SearchAction\",\"target\":\"https:\/\/hashenka.com\/fr_fr\/?s={search_term_string}\",\"query-input\":\"required name=search_term_string\"}],\"inLanguage\":\"fr-FR\"},{\"@type\":\"ImageObject\",\"@id\":\"http:\/\/hashenka.com\/boutique\/accueil\/nos-collections\/boucles-doreilles-nos-collections\/boucles-doreilles-gingerbreadman\/#primaryimage\",\"inLanguage\":\"fr-FR\",\"url\":\"https:\/\/hashenka.com\/wp-content\/uploads\/2020\/11\/103-936-Boucles-doreilles-Gingerbreadman.jpg\",\"width\":333,\"height\":500},{\"@type\":\"WebPage\",\"@id\":\"http:\/\/hashenka.com\/boutique\/accueil\/nos-collections\/boucles-doreilles-nos-collections\/boucles-doreilles-gingerbreadman\/#webpage\",\"url\":\"http:\/\/hashenka.com\/boutique\/accueil\/nos-collections\/boucles-doreilles-nos-collections\/boucles-doreilles-gingerbreadman\/\",\"name\":\"Boucles d'oreilles Gingerbreadman &gt; Hashenka\",\"isPartOf\":{\"@id\":\"https:\/\/hashenka.com\/fr_fr\/#website\"},\"primaryImageOfPage\":{\"@id\":\"http:\/\/hashenka.com\/boutique\/accueil\/nos-collections\/boucles-doreilles-nos-collections\/boucles-doreilles-gingerbreadman\/#primaryimage\"},\"datePublished\":\"2020-11-23T14:38:27+00:00\",\"dateModified\":\"2021-01-13T17:03:38+00:00\",\"inLanguage\":\"fr-FR\",\"potentialAction\":[{\"@type\":\"ReadAction\",\"target\":[\"http:\/\/hashenka.com\/boutique\/accueil\/nos-collections\/boucles-doreilles-nos-collections\/boucles-doreilles-gingerbreadman\/\"]}]}]}<\/script>\n<!-- \/ Yoast SEO plugin. -->","_links":{"self":[{"href":"https:\/\/hashenka.com\/fr_fr\/wp-json\/wp\/v2\/product\/1120"}],"collection":[{"href":"https:\/\/hashenka.com\/fr_fr\/wp-json\/wp\/v2\/product"}],"about":[{"href":"https:\/\/hashenka.com\/fr_fr\/wp-json\/wp\/v2\/types\/product"}],"replies":[{"embeddable":true,"href":"https:\/\/hashenka.com\/fr_fr\/wp-json\/wp\/v2\/comments?post=1120"}],"wp:featuredmedia":[{"embeddable":true,"href":"https:\/\/hashenka.com\/fr_fr\/wp-json\/wp\/v2\/media\/282"}],"wp:attachment":[{"href":"https:\/\/hashenka.com\/fr_fr\/wp-json\/wp\/v2\/media?parent=1120"}],"curies":[{"name":"wp","href":"https:\/\/api.w.org\/{rel}","templated":true}]}}