{"id":1074,"date":"2020-11-23T15:38:08","date_gmt":"2020-11-23T14:38:08","guid":{"rendered":"http:\/\/hashenka.com\/?product=import-placeholder-for-plpbor73"},"modified":"2022-01-31T17:18:56","modified_gmt":"2022-01-31T16:18:56","slug":"plume-doie-blanche-pour-calligraphie","status":"publish","type":"product","link":"https:\/\/hashenka.com\/fr_fr\/boutique\/accueil\/nos-collections\/objets\/plume-doie-blanche-pour-calligraphie\/","title":{"rendered":"Plume d&rsquo;oie Blanche pour calligraphie"},"content":{"rendered":"<p><span style=\"font-size: 12pt;\">Coffret de calligraphie compos\u00e9 d&rsquo;une plume d&rsquo;Oie de couleur blanche avec embout en bronze blanc patin\u00e9, d&rsquo;un flacon d&rsquo;encre et d&rsquo;une plume m\u00e9tallique (norme europ\u00e9enne).<\/span><\/p>\n","protected":false},"excerpt":{"rendered":"<p><span style=\"font-size: 12pt;\">Coffret de calligraphie compos\u00e9 d&rsquo;une plume d&rsquo;Oie de couleur blanche avec embout en bronze blanc patin\u00e9, d&rsquo;un flacon d&rsquo;encre et d&rsquo;une plume m\u00e9tallique (norme europ\u00e9enne).<\/span><\/p>\n","protected":false},"featured_media":904,"comment_status":"open","ping_status":"closed","template":"","meta":[],"yoast_head":"<!-- This site is optimized with the Yoast SEO plugin v15.2.1 - https:\/\/yoast.com\/wordpress\/plugins\/seo\/ -->\n<title>Plume d&#039;oie Blanche pour calligraphie &gt; Hashenka<\/title>\n<meta name=\"robots\" content=\"index, follow, max-snippet:-1, max-image-preview:large, max-video-preview:-1\" \/>\n<link rel=\"canonical\" href=\"https:\/\/hashenka.com\/fr_fr\/boutique\/accueil\/nos-collections\/objets\/plume-doie-blanche-pour-calligraphie\/\" \/>\n<meta property=\"og:locale\" content=\"fr_FR\" \/>\n<meta property=\"og:type\" content=\"article\" \/>\n<meta property=\"og:title\" content=\"Plume d&#039;oie Blanche pour calligraphie &gt; Hashenka\" \/>\n<meta property=\"og:description\" content=\"Coffret de calligraphie compos\u00e9 d&#039;une plume d&#039;Oie de couleur blanche avec embout en bronze blanc patin\u00e9, d&#039;un flacon d&#039;encre et d&#039;une plume m\u00e9tallique (norme europ\u00e9enne).\" \/>\n<meta property=\"og:url\" content=\"https:\/\/hashenka.com\/fr_fr\/boutique\/accueil\/nos-collections\/objets\/plume-doie-blanche-pour-calligraphie\/\" \/>\n<meta property=\"og:site_name\" content=\"Hashenka\" \/>\n<meta property=\"article:modified_time\" content=\"2022-01-31T16:18:56+00:00\" \/>\n<meta property=\"og:image\" content=\"https:\/\/hashenka.com\/wp-content\/uploads\/2020\/11\/436-610-Plume-doie-Blanche-pour-calligraphie.jpg\" \/>\n\t<meta property=\"og:image:width\" content=\"856\" \/>\n\t<meta property=\"og:image:height\" content=\"1252\" \/>\n<meta name=\"twitter:card\" content=\"summary_large_image\" \/>\n<meta name=\"twitter:label1\" content=\"\u00c9crit par\">\n\t<meta name=\"twitter:data1\" content=\"admin8227\">\n\t<meta name=\"twitter:label2\" content=\"Dur\u00e9e de lecture est.\">\n\t<meta name=\"twitter:data2\" content=\"0 minute\">\n<script type=\"application\/ld+json\" class=\"yoast-schema-graph\">{\"@context\":\"https:\/\/schema.org\",\"@graph\":[{\"@type\":\"WebSite\",\"@id\":\"https:\/\/hashenka.com\/fr_fr\/#website\",\"url\":\"https:\/\/hashenka.com\/fr_fr\/\",\"name\":\"Hashenka\",\"description\":\"Bijoux et objets en verre de Murano\",\"potentialAction\":[{\"@type\":\"SearchAction\",\"target\":\"https:\/\/hashenka.com\/fr_fr\/?s={search_term_string}\",\"query-input\":\"required name=search_term_string\"}],\"inLanguage\":\"fr-FR\"},{\"@type\":\"ImageObject\",\"@id\":\"https:\/\/hashenka.com\/boutique\/accueil\/nos-collections\/objets\/plume-doie-blanche-pour-calligraphie\/#primaryimage\",\"inLanguage\":\"fr-FR\",\"url\":\"https:\/\/hashenka.com\/wp-content\/uploads\/2020\/11\/436-610-Plume-doie-Blanche-pour-calligraphie.jpg\",\"width\":856,\"height\":1252},{\"@type\":\"WebPage\",\"@id\":\"https:\/\/hashenka.com\/boutique\/accueil\/nos-collections\/objets\/plume-doie-blanche-pour-calligraphie\/#webpage\",\"url\":\"https:\/\/hashenka.com\/boutique\/accueil\/nos-collections\/objets\/plume-doie-blanche-pour-calligraphie\/\",\"name\":\"Plume d'oie Blanche pour calligraphie &gt; Hashenka\",\"isPartOf\":{\"@id\":\"https:\/\/hashenka.com\/fr_fr\/#website\"},\"primaryImageOfPage\":{\"@id\":\"https:\/\/hashenka.com\/boutique\/accueil\/nos-collections\/objets\/plume-doie-blanche-pour-calligraphie\/#primaryimage\"},\"datePublished\":\"2020-11-23T14:38:08+00:00\",\"dateModified\":\"2022-01-31T16:18:56+00:00\",\"inLanguage\":\"fr-FR\",\"potentialAction\":[{\"@type\":\"ReadAction\",\"target\":[\"https:\/\/hashenka.com\/boutique\/accueil\/nos-collections\/objets\/plume-doie-blanche-pour-calligraphie\/\"]}]}]}<\/script>\n<!-- \/ Yoast SEO plugin. -->","_links":{"self":[{"href":"https:\/\/hashenka.com\/fr_fr\/wp-json\/wp\/v2\/product\/1074"}],"collection":[{"href":"https:\/\/hashenka.com\/fr_fr\/wp-json\/wp\/v2\/product"}],"about":[{"href":"https:\/\/hashenka.com\/fr_fr\/wp-json\/wp\/v2\/types\/product"}],"replies":[{"embeddable":true,"href":"https:\/\/hashenka.com\/fr_fr\/wp-json\/wp\/v2\/comments?post=1074"}],"wp:featuredmedia":[{"embeddable":true,"href":"https:\/\/hashenka.com\/fr_fr\/wp-json\/wp\/v2\/media\/904"}],"wp:attachment":[{"href":"https:\/\/hashenka.com\/fr_fr\/wp-json\/wp\/v2\/media?parent=1074"}],"curies":[{"name":"wp","href":"https:\/\/api.w.org\/{rel}","templated":true}]}}