{"id":1046,"date":"2020-11-23T15:38:05","date_gmt":"2020-11-23T14:38:05","guid":{"rendered":"http:\/\/hashenka.com\/?product=import-placeholder-for-muracolavagm23"},"modified":"2024-07-20T07:39:46","modified_gmt":"2024-07-20T05:39:46","slug":"lampe-vase-grandes-murrine-couleur-vert-turquoise","status":"publish","type":"product","link":"https:\/\/hashenka.com\/fr_fr\/boutique\/accueil\/nos-collections\/objets\/lampe-vase-grandes-murrine-couleur-vert-turquoise\/","title":{"rendered":"Lampe vase grandes Murrine couleur vert turquoise"},"content":{"rendered":"<p>\u00a0<span style=\"font-size: medium; font-family: georgia,palatino; color: #333333;\"><span style=\"font-size: 10pt;\"><span style=\"font-size: 12pt;\"><span style=\"color: #333333;\">Lampe\/vase artisanale en verre de Murano,\u00a0<span style=\"font-size: 10pt;\"><span style=\"font-size: 12pt;\"><span style=\"color: #333333;\">compos\u00e9 de grandes murrines uniques r\u00e9alis\u00e9es par l&rsquo;artisan, tons verts et turquoises,<\/span><\/span><\/span> hauteur 24 cm, diam\u00e8tre 14 cm.<\/span><\/span><\/span><\/span> <\/p>\n<p><span style=\"font-size: medium; font-family: georgia,palatino; color: #333333;\"><span style=\"font-size: 10pt;\"><span style=\"font-size: 12pt;\"><span style=\"color: #333333;\">Sur demande, cette pi\u00e8ce peut \u00eatre r\u00e9cup\u00e9r\u00e9e dans un de nos 3 magasins et r\u00e9gl\u00e9e sur place. A cette fin veuillez nous contacter (coordonn\u00e9es dans \u00ab\u00a0Nos magasins\u00a0\u00bb).<\/span><\/span><\/span><\/span><\/p>\n","protected":false},"excerpt":{"rendered":"<p>\u00a0<span style=\"font-size: medium; font-family: georgia,palatino; color: #333333;\"><span style=\"font-size: 10pt;\"><span style=\"font-size: 12pt;\"><span style=\"color: #333333;\">Lampe\/vase artisanale en verre de Murano,\u00a0<span style=\"font-size: 10pt;\"><span style=\"font-size: 12pt;\"><span style=\"color: #333333;\">compos\u00e9 de grandes murrines uniques r\u00e9alis\u00e9es par l&rsquo;artisan, tons verts et turquoises,<\/span><\/span><\/span> hauteur 24 cm, diam\u00e8tre 14 cm.<\/span><\/span><\/span><\/span> <\/p>\n<p><span style=\"font-size: medium; font-family: georgia,palatino; color: #333333;\"><span style=\"font-size: 10pt;\"><span style=\"font-size: 12pt;\"><span style=\"color: #333333;\">Sur demande, cette pi\u00e8ce peut \u00eatre r\u00e9cup\u00e9r\u00e9e dans un de nos 3 magasins et r\u00e9gl\u00e9e sur place. A cette fin veuillez nous contacter (coordonn\u00e9es dans \u00ab\u00a0Nos magasins\u00a0\u00bb).<\/span><\/span><\/span><\/span><\/p>\n","protected":false},"featured_media":329,"comment_status":"open","ping_status":"closed","template":"","meta":[],"yoast_head":"<!-- This site is optimized with the Yoast SEO plugin v15.2.1 - https:\/\/yoast.com\/wordpress\/plugins\/seo\/ -->\n<title>Lampe vase grandes Murrine couleur vert turquoise &gt; Hashenka<\/title>\n<meta name=\"robots\" content=\"index, follow, max-snippet:-1, max-image-preview:large, max-video-preview:-1\" \/>\n<link rel=\"canonical\" href=\"https:\/\/hashenka.com\/fr_fr\/boutique\/accueil\/nos-collections\/objets\/lampe-vase-grandes-murrine-couleur-vert-turquoise\/\" \/>\n<meta property=\"og:locale\" content=\"fr_FR\" \/>\n<meta property=\"og:type\" content=\"article\" \/>\n<meta property=\"og:title\" content=\"Lampe vase grandes Murrine couleur vert turquoise &gt; Hashenka\" \/>\n<meta property=\"og:description\" content=\"\u00a0Lampe\/vase artisanale en verre de Murano,\u00a0compos\u00e9 de grandes murrines uniques r\u00e9alis\u00e9es par l&#039;artisan, tons verts et turquoises, hauteur 24 cm, diam\u00e8tre 14 cm. Sur demande, cette pi\u00e8ce peut \u00eatre r\u00e9cup\u00e9r\u00e9e dans un de nos 3 magasins et r\u00e9gl\u00e9e sur place. A cette fin veuillez nous contacter (coordonn\u00e9es dans &quot;Nos magasins&quot;).\" \/>\n<meta property=\"og:url\" content=\"https:\/\/hashenka.com\/fr_fr\/boutique\/accueil\/nos-collections\/objets\/lampe-vase-grandes-murrine-couleur-vert-turquoise\/\" \/>\n<meta property=\"og:site_name\" content=\"Hashenka\" \/>\n<meta property=\"article:modified_time\" content=\"2024-07-20T05:39:46+00:00\" \/>\n<meta property=\"og:image\" content=\"https:\/\/hashenka.com\/wp-content\/uploads\/2020\/11\/120-803-Lampe-vase-grandes-Murrine-couleur-vert-turquoise.jpg\" \/>\n\t<meta property=\"og:image:width\" content=\"333\" \/>\n\t<meta property=\"og:image:height\" content=\"500\" \/>\n<meta name=\"twitter:card\" content=\"summary_large_image\" \/>\n<meta name=\"twitter:label1\" content=\"\u00c9crit par\">\n\t<meta name=\"twitter:data1\" content=\"admin8227\">\n\t<meta name=\"twitter:label2\" content=\"Dur\u00e9e de lecture est.\">\n\t<meta name=\"twitter:data2\" content=\"0 minute\">\n<script type=\"application\/ld+json\" class=\"yoast-schema-graph\">{\"@context\":\"https:\/\/schema.org\",\"@graph\":[{\"@type\":\"WebSite\",\"@id\":\"https:\/\/hashenka.com\/fr_fr\/#website\",\"url\":\"https:\/\/hashenka.com\/fr_fr\/\",\"name\":\"Hashenka\",\"description\":\"Bijoux et objets en verre de Murano\",\"potentialAction\":[{\"@type\":\"SearchAction\",\"target\":\"https:\/\/hashenka.com\/fr_fr\/?s={search_term_string}\",\"query-input\":\"required name=search_term_string\"}],\"inLanguage\":\"fr-FR\"},{\"@type\":\"ImageObject\",\"@id\":\"https:\/\/hashenka.com\/boutique\/accueil\/nos-collections\/objets\/lampe-vase-grandes-murrine-couleur-vert-turquoise\/#primaryimage\",\"inLanguage\":\"fr-FR\",\"url\":\"https:\/\/hashenka.com\/wp-content\/uploads\/2020\/11\/120-803-Lampe-vase-grandes-Murrine-couleur-vert-turquoise.jpg\",\"width\":333,\"height\":500},{\"@type\":\"WebPage\",\"@id\":\"https:\/\/hashenka.com\/boutique\/accueil\/nos-collections\/objets\/lampe-vase-grandes-murrine-couleur-vert-turquoise\/#webpage\",\"url\":\"https:\/\/hashenka.com\/boutique\/accueil\/nos-collections\/objets\/lampe-vase-grandes-murrine-couleur-vert-turquoise\/\",\"name\":\"Lampe vase grandes Murrine couleur vert turquoise &gt; Hashenka\",\"isPartOf\":{\"@id\":\"https:\/\/hashenka.com\/fr_fr\/#website\"},\"primaryImageOfPage\":{\"@id\":\"https:\/\/hashenka.com\/boutique\/accueil\/nos-collections\/objets\/lampe-vase-grandes-murrine-couleur-vert-turquoise\/#primaryimage\"},\"datePublished\":\"2020-11-23T14:38:05+00:00\",\"dateModified\":\"2024-07-20T05:39:46+00:00\",\"inLanguage\":\"fr-FR\",\"potentialAction\":[{\"@type\":\"ReadAction\",\"target\":[\"https:\/\/hashenka.com\/boutique\/accueil\/nos-collections\/objets\/lampe-vase-grandes-murrine-couleur-vert-turquoise\/\"]}]}]}<\/script>\n<!-- \/ Yoast SEO plugin. -->","_links":{"self":[{"href":"https:\/\/hashenka.com\/fr_fr\/wp-json\/wp\/v2\/product\/1046"}],"collection":[{"href":"https:\/\/hashenka.com\/fr_fr\/wp-json\/wp\/v2\/product"}],"about":[{"href":"https:\/\/hashenka.com\/fr_fr\/wp-json\/wp\/v2\/types\/product"}],"replies":[{"embeddable":true,"href":"https:\/\/hashenka.com\/fr_fr\/wp-json\/wp\/v2\/comments?post=1046"}],"wp:featuredmedia":[{"embeddable":true,"href":"https:\/\/hashenka.com\/fr_fr\/wp-json\/wp\/v2\/media\/329"}],"wp:attachment":[{"href":"https:\/\/hashenka.com\/fr_fr\/wp-json\/wp\/v2\/media?parent=1046"}],"curies":[{"name":"wp","href":"https:\/\/api.w.org\/{rel}","templated":true}]}}