{"id":1045,"date":"2020-11-23T15:38:05","date_gmt":"2020-11-23T14:38:05","guid":{"rendered":"http:\/\/hashenka.com\/?product=import-placeholder-for-muracocoo314"},"modified":"2024-03-13T06:23:24","modified_gmt":"2024-03-13T05:23:24","slug":"coupe-ondulee-fazzoletto-orange-et-bleu","status":"publish","type":"product","link":"https:\/\/hashenka.com\/fr_fr\/boutique\/accueil\/nos-collections\/objets\/coupe-ondulee-fazzoletto-orange-et-bleu\/","title":{"rendered":"Coupe ondul\u00e9e Fazzoletto orange et bleu"},"content":{"rendered":"<p><span style=\"font-size: 12pt;\">Coupe ondul\u00e9e en verre de murano mod\u00e8le Fazzoletto tons bleu et orange grandes murrines, diam\u00e8tre 22\/23 cm. pi\u00e8ce sign\u00e9e.<\/span><\/p>\n","protected":false},"excerpt":{"rendered":"<p><span style=\"font-size: 12pt;\">Coupe ondul\u00e9e en verre de murano mod\u00e8le Fazzoletto tons bleu et orange grandes murrines, diam\u00e8tre 22\/23 cm. pi\u00e8ce sign\u00e9e.<br \/><\/span><\/p>\n","protected":false},"featured_media":320,"comment_status":"open","ping_status":"closed","template":"","meta":[],"yoast_head":"<!-- This site is optimized with the Yoast SEO plugin v15.2.1 - https:\/\/yoast.com\/wordpress\/plugins\/seo\/ -->\n<title>Coupe ondul\u00e9e Fazzoletto orange et bleu &gt; Hashenka<\/title>\n<meta name=\"robots\" content=\"index, follow, max-snippet:-1, max-image-preview:large, max-video-preview:-1\" \/>\n<link rel=\"canonical\" href=\"https:\/\/hashenka.com\/fr_fr\/boutique\/accueil\/nos-collections\/objets\/coupe-ondulee-fazzoletto-orange-et-bleu\/\" \/>\n<meta property=\"og:locale\" content=\"fr_FR\" \/>\n<meta property=\"og:type\" content=\"article\" \/>\n<meta property=\"og:title\" content=\"Coupe ondul\u00e9e Fazzoletto orange et bleu &gt; Hashenka\" \/>\n<meta property=\"og:description\" content=\"Coupe ondul\u00e9e en verre de murano mod\u00e8le Fazzoletto tons bleu et orange grandes murrines, diam\u00e8tre 22\/23 cm. pi\u00e8ce sign\u00e9e.\" \/>\n<meta property=\"og:url\" content=\"https:\/\/hashenka.com\/fr_fr\/boutique\/accueil\/nos-collections\/objets\/coupe-ondulee-fazzoletto-orange-et-bleu\/\" \/>\n<meta property=\"og:site_name\" content=\"Hashenka\" \/>\n<meta property=\"article:modified_time\" content=\"2024-03-13T05:23:24+00:00\" \/>\n<meta property=\"og:image\" content=\"https:\/\/hashenka.com\/wp-content\/uploads\/2020\/11\/111-876-Coupe-ondulee-Fazzoletto-orange-et-bleu.jpg\" \/>\n\t<meta property=\"og:image:width\" content=\"333\" \/>\n\t<meta property=\"og:image:height\" content=\"500\" \/>\n<meta name=\"twitter:card\" content=\"summary_large_image\" \/>\n<meta name=\"twitter:label1\" content=\"\u00c9crit par\">\n\t<meta name=\"twitter:data1\" content=\"admin8227\">\n\t<meta name=\"twitter:label2\" content=\"Dur\u00e9e de lecture est.\">\n\t<meta name=\"twitter:data2\" content=\"0 minute\">\n<script type=\"application\/ld+json\" class=\"yoast-schema-graph\">{\"@context\":\"https:\/\/schema.org\",\"@graph\":[{\"@type\":\"WebSite\",\"@id\":\"https:\/\/hashenka.com\/fr_fr\/#website\",\"url\":\"https:\/\/hashenka.com\/fr_fr\/\",\"name\":\"Hashenka\",\"description\":\"Bijoux et objets en verre de Murano\",\"potentialAction\":[{\"@type\":\"SearchAction\",\"target\":\"https:\/\/hashenka.com\/fr_fr\/?s={search_term_string}\",\"query-input\":\"required name=search_term_string\"}],\"inLanguage\":\"fr-FR\"},{\"@type\":\"ImageObject\",\"@id\":\"http:\/\/hashenka.com\/boutique\/accueil\/nos-collections\/objets\/coupe-ondulee-fazzoletto-orange-et-bleu\/#primaryimage\",\"inLanguage\":\"fr-FR\",\"url\":\"https:\/\/hashenka.com\/wp-content\/uploads\/2020\/11\/111-876-Coupe-ondulee-Fazzoletto-orange-et-bleu.jpg\",\"width\":333,\"height\":500},{\"@type\":\"WebPage\",\"@id\":\"http:\/\/hashenka.com\/boutique\/accueil\/nos-collections\/objets\/coupe-ondulee-fazzoletto-orange-et-bleu\/#webpage\",\"url\":\"http:\/\/hashenka.com\/boutique\/accueil\/nos-collections\/objets\/coupe-ondulee-fazzoletto-orange-et-bleu\/\",\"name\":\"Coupe ondul\\u00e9e Fazzoletto orange et bleu &gt; Hashenka\",\"isPartOf\":{\"@id\":\"https:\/\/hashenka.com\/fr_fr\/#website\"},\"primaryImageOfPage\":{\"@id\":\"http:\/\/hashenka.com\/boutique\/accueil\/nos-collections\/objets\/coupe-ondulee-fazzoletto-orange-et-bleu\/#primaryimage\"},\"datePublished\":\"2020-11-23T14:38:05+00:00\",\"dateModified\":\"2024-03-13T05:23:24+00:00\",\"inLanguage\":\"fr-FR\",\"potentialAction\":[{\"@type\":\"ReadAction\",\"target\":[\"http:\/\/hashenka.com\/boutique\/accueil\/nos-collections\/objets\/coupe-ondulee-fazzoletto-orange-et-bleu\/\"]}]}]}<\/script>\n<!-- \/ Yoast SEO plugin. -->","_links":{"self":[{"href":"https:\/\/hashenka.com\/fr_fr\/wp-json\/wp\/v2\/product\/1045"}],"collection":[{"href":"https:\/\/hashenka.com\/fr_fr\/wp-json\/wp\/v2\/product"}],"about":[{"href":"https:\/\/hashenka.com\/fr_fr\/wp-json\/wp\/v2\/types\/product"}],"replies":[{"embeddable":true,"href":"https:\/\/hashenka.com\/fr_fr\/wp-json\/wp\/v2\/comments?post=1045"}],"wp:featuredmedia":[{"embeddable":true,"href":"https:\/\/hashenka.com\/fr_fr\/wp-json\/wp\/v2\/media\/320"}],"wp:attachment":[{"href":"https:\/\/hashenka.com\/fr_fr\/wp-json\/wp\/v2\/media?parent=1045"}],"curies":[{"name":"wp","href":"https:\/\/api.w.org\/{rel}","templated":true}]}}