{"id":1008,"date":"2020-11-23T15:37:47","date_gmt":"2020-11-23T14:37:47","guid":{"rendered":"http:\/\/hashenka.com\/?product=import-placeholder-for-1553"},"modified":"2024-09-13T07:16:12","modified_gmt":"2024-09-13T05:16:12","slug":"boucles-doreilles-dicroquadrato-fushia","status":"publish","type":"product","link":"https:\/\/hashenka.com\/fr_fr\/boutique\/accueil\/nos-collections\/boucles-doreilles-nos-collections\/boucles-doreilles-dicroquadrato-fushia\/","title":{"rendered":"Boucles d&rsquo;oreilles Dicroquadrato fushia"},"content":{"rendered":"<p><span style=\"font-size: medium; font-family: georgia,palatino;\"><span style=\"font-size: 12pt; font-family: times new roman, times;\"><span style=\"font-size: 12pt; font-family: times new roman, times;\">Boucles d&rsquo;oreilles avec perles fushia en verre de Murano, <span style=\"font-size: medium; font-family: georgia,palatino;\"><span style=\"font-size: 12pt; font-family: times new roman, times;\"><span style=\"font-size: 12pt; font-family: times new roman, times;\">dimension perle 1,7 x 1,7 cm<\/span><\/span><\/span>, compos\u00e9es de feuille d&rsquo;argent, <span style=\"font-size: medium; font-family: georgia,palatino;\"><span style=\"font-size: 12pt; font-family: times new roman, times;\"><span style=\"font-size: 12pt; font-family: times new roman, times;\"><span style=\"font-size: 12pt; font-family: times new roman, times;\">crochets hypoallerg\u00e9nique, finition dor\u00e9e.<\/span><\/span><\/span><\/span><\/span><\/span><\/span><\/p>\n","protected":false},"excerpt":{"rendered":"<p><span style=\"font-size: medium; font-family: georgia,palatino;\"><span style=\"font-size: 12pt; font-family: times new roman, times;\"><span style=\"font-size: 12pt; font-family: times new roman, times;\">Boucles d&rsquo;oreilles avec perles fushia en verre de Murano, <span style=\"font-size: medium; font-family: georgia,palatino;\"><span style=\"font-size: 12pt; font-family: times new roman, times;\"><span style=\"font-size: 12pt; font-family: times new roman, times;\">dimension perle 1,7 x 1,7 cm<\/span><\/span><\/span>, compos\u00e9es de feuille d&rsquo;argent, <span style=\"font-size: medium; font-family: georgia,palatino;\"><span style=\"font-size: 12pt; font-family: times new roman, times;\"><span style=\"font-size: 12pt; font-family: times new roman, times;\"><span style=\"font-size: 12pt; font-family: times new roman, times;\">crochets hypoallerg\u00e9nique, finition dor\u00e9e.<br \/><\/span><\/span><\/span><\/span><\/span><\/span><\/span><\/p>\n","protected":false},"featured_media":157,"comment_status":"open","ping_status":"closed","template":"","meta":[],"yoast_head":"<!-- This site is optimized with the Yoast SEO plugin v15.2.1 - https:\/\/yoast.com\/wordpress\/plugins\/seo\/ -->\n<title>Boucles d&#039;oreilles Dicroquadrato fushia &gt; Hashenka<\/title>\n<meta name=\"robots\" content=\"index, follow, max-snippet:-1, max-image-preview:large, max-video-preview:-1\" \/>\n<link rel=\"canonical\" href=\"https:\/\/hashenka.com\/fr_fr\/boutique\/accueil\/nos-collections\/boucles-doreilles-nos-collections\/boucles-doreilles-dicroquadrato-fushia\/\" \/>\n<meta property=\"og:locale\" content=\"fr_FR\" \/>\n<meta property=\"og:type\" content=\"article\" \/>\n<meta property=\"og:title\" content=\"Boucles d&#039;oreilles Dicroquadrato fushia &gt; Hashenka\" \/>\n<meta property=\"og:description\" content=\"Boucles d&#039;oreilles avec perles fushia en verre de Murano, dimension perle 1,7 x 1,7 cm, compos\u00e9es de feuille d&#039;argent, crochets hypoallerg\u00e9nique, finition dor\u00e9e.\" \/>\n<meta property=\"og:url\" content=\"https:\/\/hashenka.com\/fr_fr\/boutique\/accueil\/nos-collections\/boucles-doreilles-nos-collections\/boucles-doreilles-dicroquadrato-fushia\/\" \/>\n<meta property=\"og:site_name\" content=\"Hashenka\" \/>\n<meta property=\"article:modified_time\" content=\"2024-09-13T05:16:12+00:00\" \/>\n<meta name=\"twitter:card\" content=\"summary_large_image\" \/>\n<meta name=\"twitter:label1\" content=\"\u00c9crit par\">\n\t<meta name=\"twitter:data1\" content=\"admin8227\">\n\t<meta name=\"twitter:label2\" content=\"Dur\u00e9e de lecture est.\">\n\t<meta name=\"twitter:data2\" content=\"0 minute\">\n<script type=\"application\/ld+json\" class=\"yoast-schema-graph\">{\"@context\":\"https:\/\/schema.org\",\"@graph\":[{\"@type\":\"WebSite\",\"@id\":\"https:\/\/hashenka.com\/fr_fr\/#website\",\"url\":\"https:\/\/hashenka.com\/fr_fr\/\",\"name\":\"Hashenka\",\"description\":\"Bijoux et objets en verre de Murano\",\"potentialAction\":[{\"@type\":\"SearchAction\",\"target\":\"https:\/\/hashenka.com\/fr_fr\/?s={search_term_string}\",\"query-input\":\"required name=search_term_string\"}],\"inLanguage\":\"fr-FR\"},{\"@type\":\"ImageObject\",\"@id\":\"https:\/\/hashenka.com\/fr_fr\/boutique\/accueil\/nos-collections\/boucles-doreilles-nos-collections\/boucles-doreilles-dicroquadrato-fushia\/#primaryimage\",\"inLanguage\":\"fr-FR\",\"url\":\"https:\/\/hashenka.com\/wp-content\/uploads\/2020\/11\/26-739-Boucles-doreilles-Dicroquadrato-fushia.jpg\",\"width\":333,\"height\":500},{\"@type\":\"WebPage\",\"@id\":\"https:\/\/hashenka.com\/fr_fr\/boutique\/accueil\/nos-collections\/boucles-doreilles-nos-collections\/boucles-doreilles-dicroquadrato-fushia\/#webpage\",\"url\":\"https:\/\/hashenka.com\/fr_fr\/boutique\/accueil\/nos-collections\/boucles-doreilles-nos-collections\/boucles-doreilles-dicroquadrato-fushia\/\",\"name\":\"Boucles d'oreilles Dicroquadrato fushia &gt; Hashenka\",\"isPartOf\":{\"@id\":\"https:\/\/hashenka.com\/fr_fr\/#website\"},\"primaryImageOfPage\":{\"@id\":\"https:\/\/hashenka.com\/fr_fr\/boutique\/accueil\/nos-collections\/boucles-doreilles-nos-collections\/boucles-doreilles-dicroquadrato-fushia\/#primaryimage\"},\"datePublished\":\"2020-11-23T14:37:47+00:00\",\"dateModified\":\"2024-09-13T05:16:12+00:00\",\"inLanguage\":\"fr-FR\",\"potentialAction\":[{\"@type\":\"ReadAction\",\"target\":[\"https:\/\/hashenka.com\/fr_fr\/boutique\/accueil\/nos-collections\/boucles-doreilles-nos-collections\/boucles-doreilles-dicroquadrato-fushia\/\"]}]}]}<\/script>\n<!-- \/ Yoast SEO plugin. -->","_links":{"self":[{"href":"https:\/\/hashenka.com\/fr_fr\/wp-json\/wp\/v2\/product\/1008"}],"collection":[{"href":"https:\/\/hashenka.com\/fr_fr\/wp-json\/wp\/v2\/product"}],"about":[{"href":"https:\/\/hashenka.com\/fr_fr\/wp-json\/wp\/v2\/types\/product"}],"replies":[{"embeddable":true,"href":"https:\/\/hashenka.com\/fr_fr\/wp-json\/wp\/v2\/comments?post=1008"}],"wp:featuredmedia":[{"embeddable":true,"href":"https:\/\/hashenka.com\/fr_fr\/wp-json\/wp\/v2\/media\/157"}],"wp:attachment":[{"href":"https:\/\/hashenka.com\/fr_fr\/wp-json\/wp\/v2\/media?parent=1008"}],"curies":[{"name":"wp","href":"https:\/\/api.w.org\/{rel}","templated":true}]}}