{"id":3070,"date":"2020-11-29T11:14:23","date_gmt":"2020-11-29T10:14:23","guid":{"rendered":"https:\/\/hashenka.com\/?page_id=3070"},"modified":"2020-11-30T11:17:34","modified_gmt":"2020-11-30T10:17:34","slug":"bijoux-et-objets-en-verre-de-murano-francais","status":"publish","type":"page","link":"https:\/\/hashenka.com\/fr_fr\/bijoux-et-objets-en-verre-de-murano-francais\/","title":{"rendered":"Bijoux et objets en verre de Murano"},"content":{"rendered":"\n<div class=\"wp-block-nextend-smartslider3\"><\/div>\n\n\n\n<div class=\"wp-container-1 wp-block-group alignwide\"><div class=\"wp-block-group__inner-container\">\n<div class=\"wp-block-media-text alignwide is-stacked-on-mobile\" style=\"grid-template-columns:17% auto\"><figure class=\"wp-block-media-text__media\"><img loading=\"lazy\" width=\"300\" height=\"339\" src=\"https:\/\/hashenka.com\/wp-content\/uploads\/2020\/11\/Certificat.jpg\" alt=\"\" class=\"wp-image-101\" srcset=\"https:\/\/hashenka.com\/wp-content\/uploads\/2020\/11\/Certificat.jpg 300w, https:\/\/hashenka.com\/wp-content\/uploads\/2020\/11\/Certificat-265x300.jpg 265w\" sizes=\"(max-width: 300px) 100vw, 300px\" \/><\/figure><div class=\"wp-block-media-text__content\">\n<p class=\"has-large-font-size\"><em>Nous travaillons directement avec les ateliers d&rsquo;artisans et ma\u00eetres verriers v\u00e9nitiens<\/em>!<\/p>\n<\/div><\/div>\n\n\n\n<div class=\"wp-block-media-text alignwide has-media-on-the-right is-stacked-on-mobile\" style=\"grid-template-columns:auto 26%\"><figure class=\"wp-block-media-text__media\"><img loading=\"lazy\" width=\"1024\" height=\"768\" src=\"https:\/\/hashenka.com\/wp-content\/uploads\/2020\/11\/IMG_1919-1024x768.jpg\" alt=\"\" class=\"wp-image-26\" srcset=\"https:\/\/hashenka.com\/wp-content\/uploads\/2020\/11\/IMG_1919-1024x768.jpg 1024w, https:\/\/hashenka.com\/wp-content\/uploads\/2020\/11\/IMG_1919-scaled-600x450.jpg 600w, https:\/\/hashenka.com\/wp-content\/uploads\/2020\/11\/IMG_1919-300x225.jpg 300w, https:\/\/hashenka.com\/wp-content\/uploads\/2020\/11\/IMG_1919-768x576.jpg 768w, https:\/\/hashenka.com\/wp-content\/uploads\/2020\/11\/IMG_1919-1536x1152.jpg 1536w, https:\/\/hashenka.com\/wp-content\/uploads\/2020\/11\/IMG_1919-2048x1536.jpg 2048w\" sizes=\"(max-width: 1024px) 100vw, 1024px\" \/><\/figure><div class=\"wp-block-media-text__content\">\n<p class=\"has-normal-font-size\"><em>Hashenka <\/em>c&rsquo;est en France, le plus grand choix de bijoux en verre de Murano authentiques et artistiques avec un grand choix de collections essentiellement dans nos magasins et sur nos expositions annuelles.<\/p>\n<\/div><\/div>\n\n\n\n<div class=\"wp-block-media-text alignwide is-stacked-on-mobile\" style=\"grid-template-columns:23% auto\"><figure class=\"wp-block-media-text__media\"><img loading=\"lazy\" width=\"1024\" height=\"746\" src=\"https:\/\/hashenka.com\/wp-content\/uploads\/2020\/11\/murano10_canal-1024x746.jpg\" alt=\"Canal Murano Venise\" class=\"wp-image-29\" srcset=\"https:\/\/hashenka.com\/wp-content\/uploads\/2020\/11\/murano10_canal-1024x746.jpg 1024w, https:\/\/hashenka.com\/wp-content\/uploads\/2020\/11\/murano10_canal-600x437.jpg 600w, https:\/\/hashenka.com\/wp-content\/uploads\/2020\/11\/murano10_canal-300x218.jpg 300w, https:\/\/hashenka.com\/wp-content\/uploads\/2020\/11\/murano10_canal-768x559.jpg 768w, https:\/\/hashenka.com\/wp-content\/uploads\/2020\/11\/murano10_canal.jpg 1280w\" sizes=\"(max-width: 1024px) 100vw, 1024px\" \/><\/figure><div class=\"wp-block-media-text__content\">\n<p class=\"has-normal-font-size\">L&rsquo;h\u00e9ritage d&rsquo;un savoir-faire raffin\u00e9 mill\u00e9naire des Ma\u00eetres verriers et artisans verriers situ\u00e9s sur l&rsquo;Ile de Murano, Venise et sur le long de la lagune v\u00e9nitienne et qui ont contribu\u00e9s, g\u00e9n\u00e9ration apr\u00e8s g\u00e9n\u00e9ration, \u00e0 faire du sable une des expressions d&rsquo;art les plus \u00e9lev\u00e9s. Murano est un archipel de sept \u00eeles reli\u00e9es par dix ponts. En son sein, les objets en verre les plus c\u00e9l\u00e8bres du monde sont n\u00e9s de la main experte des ma\u00eetres de Murano.<\/p>\n<\/div><\/div>\n<\/div><\/div>\n","protected":false},"excerpt":{"rendered":"<p>Nous travaillons directement avec les ateliers d&rsquo;artisans et ma\u00eetres verriers v\u00e9nitiens! Hashenka c&rsquo;est en France, le plus grand choix de bijoux en verre de Murano authentiques et artistiques avec un grand choix de collections essentiellement dans nos magasins et sur nos expositions annuelles. L&rsquo;h\u00e9ritage d&rsquo;un savoir-faire raffin\u00e9 mill\u00e9naire des Ma\u00eetres verriers et artisans verriers situ\u00e9s [&hellip;]<\/p>\n","protected":false},"author":1,"featured_media":0,"parent":0,"menu_order":0,"comment_status":"closed","ping_status":"closed","template":"","meta":[],"yoast_head":"<!-- This site is optimized with the Yoast SEO plugin v15.2.1 - https:\/\/yoast.com\/wordpress\/plugins\/seo\/ -->\n<title>Bijoux et objets en verre de Murano &gt; Hashenka<\/title>\n<meta name=\"robots\" content=\"index, follow, max-snippet:-1, max-image-preview:large, max-video-preview:-1\" \/>\n<link rel=\"canonical\" href=\"https:\/\/hashenka.com\/fr_fr\/bijoux-et-objets-en-verre-de-murano-francais\/\" \/>\n<meta property=\"og:locale\" content=\"fr_FR\" \/>\n<meta property=\"og:type\" content=\"article\" \/>\n<meta property=\"og:title\" content=\"Bijoux et objets en verre de Murano &gt; Hashenka\" \/>\n<meta property=\"og:description\" content=\"Nous travaillons directement avec les ateliers d&rsquo;artisans et ma\u00eetres verriers v\u00e9nitiens! Hashenka c&rsquo;est en France, le plus grand choix de bijoux en verre de Murano authentiques et artistiques avec un grand choix de collections essentiellement dans nos magasins et sur nos expositions annuelles. L&rsquo;h\u00e9ritage d&rsquo;un savoir-faire raffin\u00e9 mill\u00e9naire des Ma\u00eetres verriers et artisans verriers situ\u00e9s [&hellip;]\" \/>\n<meta property=\"og:url\" content=\"https:\/\/hashenka.com\/fr_fr\/bijoux-et-objets-en-verre-de-murano-francais\/\" \/>\n<meta property=\"og:site_name\" content=\"Hashenka\" \/>\n<meta property=\"article:modified_time\" content=\"2020-11-30T10:17:34+00:00\" \/>\n<meta property=\"og:image\" content=\"https:\/\/hashenka.com\/wp-content\/uploads\/2020\/11\/Certificat.jpg\" \/>\n<meta name=\"twitter:card\" content=\"summary_large_image\" \/>\n<meta name=\"twitter:label1\" content=\"\u00c9crit par\">\n\t<meta name=\"twitter:data1\" content=\"admin8227\">\n\t<meta name=\"twitter:label2\" content=\"Dur\u00e9e de lecture est.\">\n\t<meta name=\"twitter:data2\" content=\"1 minute\">\n<script type=\"application\/ld+json\" class=\"yoast-schema-graph\">{\"@context\":\"https:\/\/schema.org\",\"@graph\":[{\"@type\":\"WebSite\",\"@id\":\"https:\/\/hashenka.com\/fr_fr\/#website\",\"url\":\"https:\/\/hashenka.com\/fr_fr\/\",\"name\":\"Hashenka\",\"description\":\"Bijoux et objets en verre de Murano\",\"potentialAction\":[{\"@type\":\"SearchAction\",\"target\":\"https:\/\/hashenka.com\/fr_fr\/?s={search_term_string}\",\"query-input\":\"required name=search_term_string\"}],\"inLanguage\":\"fr-FR\"},{\"@type\":\"ImageObject\",\"@id\":\"https:\/\/hashenka.com\/fr_fr\/bijoux-et-objets-en-verre-de-murano-francais\/#primaryimage\",\"inLanguage\":\"fr-FR\",\"url\":\"https:\/\/hashenka.com\/wp-content\/uploads\/2020\/11\/Certificat.jpg\",\"width\":300,\"height\":339,\"caption\":\"Certificat Promovetro de Murano, pour bijoux et objets. Coeur rouge\"},{\"@type\":\"WebPage\",\"@id\":\"https:\/\/hashenka.com\/fr_fr\/bijoux-et-objets-en-verre-de-murano-francais\/#webpage\",\"url\":\"https:\/\/hashenka.com\/fr_fr\/bijoux-et-objets-en-verre-de-murano-francais\/\",\"name\":\"Bijoux et objets en verre de Murano &gt; Hashenka\",\"isPartOf\":{\"@id\":\"https:\/\/hashenka.com\/fr_fr\/#website\"},\"primaryImageOfPage\":{\"@id\":\"https:\/\/hashenka.com\/fr_fr\/bijoux-et-objets-en-verre-de-murano-francais\/#primaryimage\"},\"datePublished\":\"2020-11-29T10:14:23+00:00\",\"dateModified\":\"2020-11-30T10:17:34+00:00\",\"inLanguage\":\"fr-FR\",\"potentialAction\":[{\"@type\":\"ReadAction\",\"target\":[\"https:\/\/hashenka.com\/fr_fr\/bijoux-et-objets-en-verre-de-murano-francais\/\"]}]}]}<\/script>\n<!-- \/ Yoast SEO plugin. -->","_links":{"self":[{"href":"https:\/\/hashenka.com\/fr_fr\/wp-json\/wp\/v2\/pages\/3070"}],"collection":[{"href":"https:\/\/hashenka.com\/fr_fr\/wp-json\/wp\/v2\/pages"}],"about":[{"href":"https:\/\/hashenka.com\/fr_fr\/wp-json\/wp\/v2\/types\/page"}],"author":[{"embeddable":true,"href":"https:\/\/hashenka.com\/fr_fr\/wp-json\/wp\/v2\/users\/1"}],"replies":[{"embeddable":true,"href":"https:\/\/hashenka.com\/fr_fr\/wp-json\/wp\/v2\/comments?post=3070"}],"version-history":[{"count":1,"href":"https:\/\/hashenka.com\/fr_fr\/wp-json\/wp\/v2\/pages\/3070\/revisions"}],"predecessor-version":[{"id":3073,"href":"https:\/\/hashenka.com\/fr_fr\/wp-json\/wp\/v2\/pages\/3070\/revisions\/3073"}],"wp:attachment":[{"href":"https:\/\/hashenka.com\/fr_fr\/wp-json\/wp\/v2\/media?parent=3070"}],"curies":[{"name":"wp","href":"https:\/\/api.w.org\/{rel}","templated":true}]}}