{"id":28,"date":"2020-11-12T16:52:51","date_gmt":"2020-11-12T15:52:51","guid":{"rendered":"http:\/\/hashenka.com\/?page_id=28"},"modified":"2024-04-30T13:57:08","modified_gmt":"2024-04-30T11:57:08","slug":"evenements","status":"publish","type":"page","link":"https:\/\/hashenka.com\/fr_fr\/evenements\/","title":{"rendered":"\u00c9v\u00e8nements"},"content":{"rendered":"\n<p class=\"has-text-align-center has-text-color has-medium-font-size\" style=\"color:#32273f\">EVENEMENTS &#8211; EXPOSITIONS &#8211; PRESSE<\/p>\n\n\n\n<p class=\"has-text-color has-medium-font-size\" style=\"color:#32273f\"><\/p>\n\n\n\n<p class=\"has-text-align-center has-text-color\" style=\"color:#32273f;font-size:22px\"><strong>EVENEMENTS<\/strong><\/p>\n\n\n\n<p class=\"has-text-color has-medium-font-size\" style=\"color:#32273f\"><\/p>\n\n\n\n<p class=\"has-text-color has-medium-font-size\" style=\"color:#32273f\"><u>Frais de Parking<\/u>&nbsp;:<\/p>\n\n\n\n<p class=\"has-text-color has-medium-font-size\" style=\"color:#32273f\">Hash\u00e8nka propose, dans tous nos magasins, le jour m\u00eame de votre achat, le remboursement de vos frais suivants :. frais de parkings, stationnement ou de transport jusqu&rsquo;\u00e0 hauteur de 10 % du montant de votre achat. Sur pr\u00e9sentation d&rsquo;un justificatif ou re\u00e7u. Soit en d\u00e9duction de votre r\u00e8glement, soit en esp\u00e8ces*.<\/p>\n\n\n\n<p class=\"has-text-color has-medium-font-size\" style=\"color:#32273f\">* A cette fin, nous demandons de fournir le justificatif ou re\u00e7u de ces frais correspondants au jour de votre achat. Pour les parkings souterrains ou \u00e9loign\u00e9s, le calcul sera le suivant: de l&rsquo;heure d&rsquo;entr\u00e9e not\u00e9 sur le ticket, jusqu&rsquo;au moment de votre achat dans notre magasin. Ce remboursement n&rsquo;est pas cumulable avec d&rsquo;autres remises, promotions ou soldes \u00e9ventuellement propos\u00e9es en magasin.<\/p>\n\n\n\n<p><\/p>\n\n\n\n<p><\/p>\n\n\n\n<p><\/p>\n\n\n\n<p><\/p>\n\n\n\n<p><\/p>\n\n\n\n<p><\/p>\n\n\n\n<p><\/p>\n\n\n\n<p class=\"has-text-align-center has-text-color\" style=\"color:#32273f;font-size:22px\"><strong>EXPOSITIONS<\/strong><\/p>\n\n\n\n<p class=\"has-text-align-center has-text-color has-medium-font-size\" style=\"color:#32273f\">Pour toute information contactez le 06 61 40 13 33<\/p>\n\n\n\n<p class=\"has-text-align-center has-text-color has-medium-font-size\" style=\"color:#32273f\"><strong><em>Nos expositions 2024<\/em><\/strong><\/p>\n\n\n\n<p class=\"has-text-color has-medium-font-size\" style=\"color:#32273f\"><strong><em>&#8211; St-Germain en Laye (78)<\/em><\/strong>\u00a0 march\u00e9 Europ\u00e9en en centre ville. <strong>Le samedi 4 mai 2024.<\/strong><\/p>\n\n\n\n<p class=\"has-text-color has-medium-font-size\" style=\"color:#32273f\"><\/p>\n\n\n\n<div class=\"wp-block-image\"><figure class=\"aligncenter size-large\"><a class=\"\" href=\"https:\/\/mouvement-europeen.eu\/marche-europeen-a-saint-germain-laye\/\" target=\"_blank\" rel=\"noopener noreferrer\"><img loading=\"lazy\" width=\"636\" height=\"422\" src=\"http:\/\/hashenka.com\/wp-content\/uploads\/2020\/12\/marche-st-germain-en-laye-1.jpg\" alt=\"\" class=\"wp-image-3156\" srcset=\"https:\/\/hashenka.com\/wp-content\/uploads\/2020\/12\/marche-st-germain-en-laye-1.jpg 636w, https:\/\/hashenka.com\/wp-content\/uploads\/2020\/12\/marche-st-germain-en-laye-1-300x199.jpg 300w, https:\/\/hashenka.com\/wp-content\/uploads\/2020\/12\/marche-st-germain-en-laye-1-16x12.jpg 16w, https:\/\/hashenka.com\/wp-content\/uploads\/2020\/12\/marche-st-germain-en-laye-1-24x16.jpg 24w, https:\/\/hashenka.com\/wp-content\/uploads\/2020\/12\/marche-st-germain-en-laye-1-36x24.jpg 36w, https:\/\/hashenka.com\/wp-content\/uploads\/2020\/12\/marche-st-germain-en-laye-1-48x32.jpg 48w, https:\/\/hashenka.com\/wp-content\/uploads\/2020\/12\/marche-st-germain-en-laye-1-600x398.jpg 600w\" sizes=\"(max-width: 636px) 100vw, 636px\" \/><\/a><\/figure><\/div>\n\n\n\n<p style=\"font-size:12px\"><\/p>\n\n\n\n<p><\/p>\n\n\n\n<p><\/p>\n\n\n\n<p><\/p>\n\n\n\n<p class=\"has-text-color has-medium-font-size\" style=\"color:#32273f\"><strong><em>&#8211; Paris (13 \u00e8me)<\/em><\/strong> Semaine italienne Mairie du 13 \u00e8me Place d&rsquo;Italie, d\u00e9finitivement annul\u00e9e.<\/p>\n\n\n\n<p class=\"has-text-color has-medium-font-size\" style=\"color:#32273f\"><\/p>\n\n\n\n<div class=\"wp-block-image\"><figure class=\"aligncenter size-large\"><a href=\"https:\/\/www.facebook.com\/SemaineItalienne\/\" target=\"_blank\" rel=\"noopener noreferrer\"><img loading=\"lazy\" width=\"341\" height=\"484\" src=\"http:\/\/hashenka.com\/wp-content\/uploads\/2020\/12\/SEMAINE-ITALIENNE.jpg\" alt=\"\" class=\"wp-image-3161\" srcset=\"https:\/\/hashenka.com\/wp-content\/uploads\/2020\/12\/SEMAINE-ITALIENNE.jpg 341w, https:\/\/hashenka.com\/wp-content\/uploads\/2020\/12\/SEMAINE-ITALIENNE-211x300.jpg 211w, https:\/\/hashenka.com\/wp-content\/uploads\/2020\/12\/SEMAINE-ITALIENNE-8x12.jpg 8w, https:\/\/hashenka.com\/wp-content\/uploads\/2020\/12\/SEMAINE-ITALIENNE-17x24.jpg 17w, https:\/\/hashenka.com\/wp-content\/uploads\/2020\/12\/SEMAINE-ITALIENNE-25x36.jpg 25w, https:\/\/hashenka.com\/wp-content\/uploads\/2020\/12\/SEMAINE-ITALIENNE-34x48.jpg 34w\" sizes=\"(max-width: 341px) 100vw, 341px\" \/><\/a><\/figure><\/div>\n\n\n\n<p><\/p>\n","protected":false},"excerpt":{"rendered":"<p>EVENEMENTS &#8211; EXPOSITIONS &#8211; PRESSE EVENEMENTS Frais de Parking&nbsp;: Hash\u00e8nka propose, dans tous nos magasins, le jour m\u00eame de votre achat, le remboursement de vos frais suivants :. frais de parkings, stationnement ou de transport jusqu&rsquo;\u00e0 hauteur de 10 % du montant de votre achat. Sur pr\u00e9sentation d&rsquo;un justificatif ou re\u00e7u. Soit en d\u00e9duction de [&hellip;]<\/p>\n","protected":false},"author":1,"featured_media":0,"parent":0,"menu_order":0,"comment_status":"closed","ping_status":"closed","template":"","meta":[],"yoast_head":"<!-- This site is optimized with the Yoast SEO plugin v15.2.1 - https:\/\/yoast.com\/wordpress\/plugins\/seo\/ -->\n<title>\u00c9v\u00e8nements &gt; Hashenka<\/title>\n<meta name=\"description\" content=\"evenements expositions murano france hashenka communication partenaires venise saint germain en laye paris bijoux objets en verre venitien\" \/>\n<meta name=\"robots\" content=\"index, follow, max-snippet:-1, max-image-preview:large, max-video-preview:-1\" \/>\n<link rel=\"canonical\" href=\"https:\/\/hashenka.com\/fr_fr\/evenements\/\" \/>\n<meta property=\"og:locale\" content=\"fr_FR\" \/>\n<meta property=\"og:type\" content=\"article\" \/>\n<meta property=\"og:title\" content=\"\u00c9v\u00e8nements &gt; Hashenka\" \/>\n<meta property=\"og:description\" content=\"evenements expositions murano france hashenka communication partenaires venise saint germain en laye paris bijoux objets en verre venitien\" \/>\n<meta property=\"og:url\" content=\"https:\/\/hashenka.com\/fr_fr\/evenements\/\" \/>\n<meta property=\"og:site_name\" content=\"Hashenka\" \/>\n<meta property=\"article:modified_time\" content=\"2024-04-30T11:57:08+00:00\" \/>\n<meta property=\"og:image\" content=\"http:\/\/hashenka.com\/wp-content\/uploads\/2020\/12\/marche-st-germain-en-laye-1.jpg\" \/>\n<meta name=\"twitter:card\" content=\"summary_large_image\" \/>\n<meta name=\"twitter:label1\" content=\"\u00c9crit par\">\n\t<meta name=\"twitter:data1\" content=\"admin8227\">\n\t<meta name=\"twitter:label2\" content=\"Dur\u00e9e de lecture est.\">\n\t<meta name=\"twitter:data2\" content=\"1 minute\">\n<script type=\"application\/ld+json\" class=\"yoast-schema-graph\">{\"@context\":\"https:\/\/schema.org\",\"@graph\":[{\"@type\":\"WebSite\",\"@id\":\"https:\/\/hashenka.com\/fr_fr\/#website\",\"url\":\"https:\/\/hashenka.com\/fr_fr\/\",\"name\":\"Hashenka\",\"description\":\"Bijoux et objets en verre de Murano\",\"potentialAction\":[{\"@type\":\"SearchAction\",\"target\":\"https:\/\/hashenka.com\/fr_fr\/?s={search_term_string}\",\"query-input\":\"required name=search_term_string\"}],\"inLanguage\":\"fr-FR\"},{\"@type\":\"ImageObject\",\"@id\":\"https:\/\/hashenka.com\/evenements\/#primaryimage\",\"inLanguage\":\"fr-FR\",\"url\":\"http:\/\/hashenka.com\/wp-content\/uploads\/2020\/12\/marche-st-germain-en-laye-1.jpg\"},{\"@type\":\"WebPage\",\"@id\":\"https:\/\/hashenka.com\/evenements\/#webpage\",\"url\":\"https:\/\/hashenka.com\/evenements\/\",\"name\":\"\\u00c9v\\u00e8nements &gt; Hashenka\",\"isPartOf\":{\"@id\":\"https:\/\/hashenka.com\/fr_fr\/#website\"},\"primaryImageOfPage\":{\"@id\":\"https:\/\/hashenka.com\/evenements\/#primaryimage\"},\"datePublished\":\"2020-11-12T15:52:51+00:00\",\"dateModified\":\"2024-04-30T11:57:08+00:00\",\"description\":\"evenements expositions murano france hashenka communication partenaires venise saint germain en laye paris bijoux objets en verre venitien\",\"inLanguage\":\"fr-FR\",\"potentialAction\":[{\"@type\":\"ReadAction\",\"target\":[\"https:\/\/hashenka.com\/evenements\/\"]}]}]}<\/script>\n<!-- \/ Yoast SEO plugin. -->","_links":{"self":[{"href":"https:\/\/hashenka.com\/fr_fr\/wp-json\/wp\/v2\/pages\/28"}],"collection":[{"href":"https:\/\/hashenka.com\/fr_fr\/wp-json\/wp\/v2\/pages"}],"about":[{"href":"https:\/\/hashenka.com\/fr_fr\/wp-json\/wp\/v2\/types\/page"}],"author":[{"embeddable":true,"href":"https:\/\/hashenka.com\/fr_fr\/wp-json\/wp\/v2\/users\/1"}],"replies":[{"embeddable":true,"href":"https:\/\/hashenka.com\/fr_fr\/wp-json\/wp\/v2\/comments?post=28"}],"version-history":[{"count":36,"href":"https:\/\/hashenka.com\/fr_fr\/wp-json\/wp\/v2\/pages\/28\/revisions"}],"predecessor-version":[{"id":3546,"href":"https:\/\/hashenka.com\/fr_fr\/wp-json\/wp\/v2\/pages\/28\/revisions\/3546"}],"wp:attachment":[{"href":"https:\/\/hashenka.com\/fr_fr\/wp-json\/wp\/v2\/media?parent=28"}],"curies":[{"name":"wp","href":"https:\/\/api.w.org\/{rel}","templated":true}]}}