{"id":12,"date":"2020-11-12T15:52:39","date_gmt":"2020-11-12T14:52:39","guid":{"rendered":"http:\/\/hashenka.com\/?page_id=12"},"modified":"2021-02-04T15:05:05","modified_gmt":"2021-02-04T14:05:05","slug":"accueil","status":"publish","type":"page","link":"https:\/\/hashenka.com\/fr_fr\/","title":{"rendered":"Bijoux et objets en verre de Murano"},"content":{"rendered":"\n<div class=\"wp-block-nextend-smartslider3\"><\/div>\n\n\n\n<div class=\"wp-block-media-text alignwide is-stacked-on-mobile\" style=\"grid-template-columns:21% auto\"><figure class=\"wp-block-media-text__media\"><a href=\"https:\/\/www.youtube.com\/watch?v=_79EfdNnBXc\" data-rel=\"lightbox-video-0\" target=\"_blank\" rel=\"noopener noreferrer\"><img loading=\"lazy\" width=\"300\" height=\"339\" src=\"http:\/\/hashenka.com\/wp-content\/uploads\/2020\/11\/Certificat.jpg\" alt=\"\" class=\"wp-image-101\" srcset=\"https:\/\/hashenka.com\/wp-content\/uploads\/2020\/11\/Certificat.jpg 300w, https:\/\/hashenka.com\/wp-content\/uploads\/2020\/11\/Certificat-265x300.jpg 265w\" sizes=\"(max-width: 300px) 100vw, 300px\" \/><\/a><\/figure><div class=\"wp-block-media-text__content\">\n<h2 style=\"font-size:24px\">Nous travaillons directement avec les ateliers d&rsquo;artisans et ma\u00eetres verriers v\u00e9nitiens ! <em>Hash\u00e8nka <\/em>c&rsquo;est en France &#8230;<\/h2>\n\n\n\n<p class=\"has-text-color\" style=\"font-size:24px;color:#47385a\">Le plus grand choix de bijoux en verre de Murano. Authentiques et artistiques. Avec un grand choix de collections. Essentiellement dans nos magasins et sur nos expositions annuelles.<\/p>\n<\/div><\/div>\n\n\n\n<div class=\"wp-block-media-text alignwide has-media-on-the-right is-stacked-on-mobile has-text-color\" style=\"color:#47385a;grid-template-columns:auto 36%\"><figure class=\"wp-block-media-text__media\"><a href=\"https:\/\/www.youtube.com\/watch?v=T2ffxZm2srQ\" data-rel=\"lightbox-video-1\" target=\"_blank\" rel=\"noopener noreferrer\"><img loading=\"lazy\" width=\"1024\" height=\"768\" src=\"http:\/\/hashenka.com\/wp-content\/uploads\/2020\/11\/IMG_1919-1024x768.jpg\" alt=\"\" class=\"wp-image-26\" srcset=\"https:\/\/hashenka.com\/wp-content\/uploads\/2020\/11\/IMG_1919-1024x768.jpg 1024w, https:\/\/hashenka.com\/wp-content\/uploads\/2020\/11\/IMG_1919-scaled-600x450.jpg 600w, https:\/\/hashenka.com\/wp-content\/uploads\/2020\/11\/IMG_1919-300x225.jpg 300w, https:\/\/hashenka.com\/wp-content\/uploads\/2020\/11\/IMG_1919-768x576.jpg 768w, https:\/\/hashenka.com\/wp-content\/uploads\/2020\/11\/IMG_1919-1536x1152.jpg 1536w, https:\/\/hashenka.com\/wp-content\/uploads\/2020\/11\/IMG_1919-2048x1536.jpg 2048w\" sizes=\"(max-width: 1024px) 100vw, 1024px\" \/><\/a><\/figure><div class=\"wp-block-media-text__content\">\n<h3 class=\"has-text-align-right\" style=\"font-size:24px\">Les ateliers v\u00e9nitiens de Murano.<\/h3>\n\n\n\n<p class=\"has-text-align-right\" style=\"font-size:24px\"> Une fois par an, nous nous d\u00e9pla\u00e7ons dans les alentours de Venise et la c\u00f4te de la lagune v\u00e9nitienne. Nous retrouvons cette \u00e9motion incroyable qui r\u00e8gne dans ces laboratori. Revoir ces artisans enthousiastes, qui chaque jour r\u00e9alisent un travail raffin\u00e9 et unique. Ces artisans qui nous apportent r\u00e9guli\u00e8rement des cr\u00e9ations. A qui nous demandons des productions originales.<\/p>\n<\/div><\/div>\n\n\n\n<div class=\"wp-block-media-text alignwide is-stacked-on-mobile\" style=\"grid-template-columns:36% auto\"><figure class=\"wp-block-media-text__media\"><a href=\"https:\/\/www.youtube.com\/watch?app=desktop&amp;v=tqWlJwq2pWU\" target=\"_blank\" rel=\"noopener noreferrer\"><img loading=\"lazy\" width=\"1024\" height=\"746\" src=\"http:\/\/hashenka.com\/wp-content\/uploads\/2020\/11\/murano10_canal-1024x746.jpg\" alt=\"Canal Murano Venise\" class=\"wp-image-29\" srcset=\"https:\/\/hashenka.com\/wp-content\/uploads\/2020\/11\/murano10_canal-1024x746.jpg 1024w, https:\/\/hashenka.com\/wp-content\/uploads\/2020\/11\/murano10_canal-600x437.jpg 600w, https:\/\/hashenka.com\/wp-content\/uploads\/2020\/11\/murano10_canal-300x218.jpg 300w, https:\/\/hashenka.com\/wp-content\/uploads\/2020\/11\/murano10_canal-768x559.jpg 768w, https:\/\/hashenka.com\/wp-content\/uploads\/2020\/11\/murano10_canal.jpg 1280w\" sizes=\"(max-width: 1024px) 100vw, 1024px\" \/><\/a><\/figure><div class=\"wp-block-media-text__content\">\n<h3 style=\"font-size:24px\">L&rsquo;art de Venise.<\/h3>\n\n\n\n<p class=\"has-text-color\" style=\"font-size:24px;color:#47385a\">L&rsquo;h\u00e9ritage d&rsquo;un savoir-faire raffin\u00e9 mill\u00e9naire des Ma\u00eetres verriers et artisans verriers. Situ\u00e9s sur l&rsquo;Ile de Murano, Venise et sur le long de la lagune v\u00e9nitienne. Ils ont contribu\u00e9, g\u00e9n\u00e9ration apr\u00e8s g\u00e9n\u00e9ration, \u00e0 faire du sable une des expressions d&rsquo;art les plus \u00e9lev\u00e9s. Murano est un archipel de sept \u00eeles reli\u00e9es par dix ponts. En son sein, les objets en verre les plus c\u00e9l\u00e8bres du monde sont n\u00e9s de la main experte des ma\u00eetres de Murano.<\/p>\n<\/div><\/div>\n\n\n\n<p><\/p>\n","protected":false},"excerpt":{"rendered":"<p>Nous travaillons directement avec les ateliers d&rsquo;artisans et ma\u00eetres verriers v\u00e9nitiens ! Hash\u00e8nka c&rsquo;est en France &#8230; Le plus grand choix de bijoux en verre de Murano. Authentiques et artistiques. Avec un grand choix de collections. Essentiellement dans nos magasins et sur nos expositions annuelles. Les ateliers v\u00e9nitiens de Murano. Une fois par an, nous [&hellip;]<\/p>\n","protected":false},"author":1,"featured_media":0,"parent":0,"menu_order":0,"comment_status":"closed","ping_status":"closed","template":"","meta":[],"yoast_head":"<!-- This site is optimized with the Yoast SEO plugin v15.2.1 - https:\/\/yoast.com\/wordpress\/plugins\/seo\/ -->\n<title>Bijoux et objets en verre de Murano &gt; Hashenka<\/title>\n<meta name=\"description\" content=\"accueil venise artisans ile murano bijoux promovetro consorzio maitres verriers bijouterie colliers sculptures decoration objets hashenka\" \/>\n<meta name=\"robots\" content=\"index, follow, max-snippet:-1, max-image-preview:large, max-video-preview:-1\" \/>\n<link rel=\"canonical\" href=\"https:\/\/hashenka.com\/fr_fr\/\" \/>\n<meta property=\"og:locale\" content=\"fr_FR\" \/>\n<meta property=\"og:type\" content=\"article\" \/>\n<meta property=\"og:title\" content=\"Bijoux et objets en verre de Murano &gt; Hashenka\" \/>\n<meta property=\"og:description\" content=\"accueil venise artisans ile murano bijoux promovetro consorzio maitres verriers bijouterie colliers sculptures decoration objets hashenka\" \/>\n<meta property=\"og:url\" content=\"https:\/\/hashenka.com\/fr_fr\/\" \/>\n<meta property=\"og:site_name\" content=\"Hashenka\" \/>\n<meta property=\"article:modified_time\" content=\"2021-02-04T14:05:05+00:00\" \/>\n<meta property=\"og:image\" content=\"http:\/\/hashenka.com\/wp-content\/uploads\/2020\/11\/Certificat.jpg\" \/>\n<meta name=\"twitter:card\" content=\"summary_large_image\" \/>\n<meta name=\"twitter:label1\" content=\"\u00c9crit par\">\n\t<meta name=\"twitter:data1\" content=\"admin8227\">\n\t<meta name=\"twitter:label2\" content=\"Dur\u00e9e de lecture est.\">\n\t<meta name=\"twitter:data2\" content=\"1 minute\">\n<script type=\"application\/ld+json\" class=\"yoast-schema-graph\">{\"@context\":\"https:\/\/schema.org\",\"@graph\":[{\"@type\":\"WebSite\",\"@id\":\"https:\/\/hashenka.com\/fr_fr\/#website\",\"url\":\"https:\/\/hashenka.com\/fr_fr\/\",\"name\":\"Hashenka\",\"description\":\"Bijoux et objets en verre de Murano\",\"potentialAction\":[{\"@type\":\"SearchAction\",\"target\":\"https:\/\/hashenka.com\/fr_fr\/?s={search_term_string}\",\"query-input\":\"required name=search_term_string\"}],\"inLanguage\":\"fr-FR\"},{\"@type\":\"ImageObject\",\"@id\":\"https:\/\/hashenka.com\/fr_fr\/#primaryimage\",\"inLanguage\":\"fr-FR\",\"url\":\"http:\/\/hashenka.com\/wp-content\/uploads\/2020\/11\/Certificat.jpg\"},{\"@type\":\"WebPage\",\"@id\":\"https:\/\/hashenka.com\/fr_fr\/#webpage\",\"url\":\"https:\/\/hashenka.com\/fr_fr\/\",\"name\":\"Bijoux et objets en verre de Murano &gt; Hashenka\",\"isPartOf\":{\"@id\":\"https:\/\/hashenka.com\/fr_fr\/#website\"},\"primaryImageOfPage\":{\"@id\":\"https:\/\/hashenka.com\/fr_fr\/#primaryimage\"},\"datePublished\":\"2020-11-12T14:52:39+00:00\",\"dateModified\":\"2021-02-04T14:05:05+00:00\",\"description\":\"accueil venise artisans ile murano bijoux promovetro consorzio maitres verriers bijouterie colliers sculptures decoration objets hashenka\",\"inLanguage\":\"fr-FR\",\"potentialAction\":[{\"@type\":\"ReadAction\",\"target\":[\"https:\/\/hashenka.com\/fr_fr\/\"]}]}]}<\/script>\n<!-- \/ Yoast SEO plugin. -->","_links":{"self":[{"href":"https:\/\/hashenka.com\/fr_fr\/wp-json\/wp\/v2\/pages\/12"}],"collection":[{"href":"https:\/\/hashenka.com\/fr_fr\/wp-json\/wp\/v2\/pages"}],"about":[{"href":"https:\/\/hashenka.com\/fr_fr\/wp-json\/wp\/v2\/types\/page"}],"author":[{"embeddable":true,"href":"https:\/\/hashenka.com\/fr_fr\/wp-json\/wp\/v2\/users\/1"}],"replies":[{"embeddable":true,"href":"https:\/\/hashenka.com\/fr_fr\/wp-json\/wp\/v2\/comments?post=12"}],"version-history":[{"count":31,"href":"https:\/\/hashenka.com\/fr_fr\/wp-json\/wp\/v2\/pages\/12\/revisions"}],"predecessor-version":[{"id":3388,"href":"https:\/\/hashenka.com\/fr_fr\/wp-json\/wp\/v2\/pages\/12\/revisions\/3388"}],"wp:attachment":[{"href":"https:\/\/hashenka.com\/fr_fr\/wp-json\/wp\/v2\/media?parent=12"}],"curies":[{"name":"wp","href":"https:\/\/api.w.org\/{rel}","templated":true}]}}