{"id":971,"date":"2020-11-23T15:37:42","date_gmt":"2020-11-23T14:37:42","guid":{"rendered":"http:\/\/hashenka.com\/?product=import-placeholder-for-1527"},"modified":"2021-11-06T09:14:35","modified_gmt":"2021-11-06T08:14:35","slug":"collier-perles-feuille-dor-et-perles-multicolors","status":"publish","type":"product","link":"https:\/\/hashenka.com\/en\/boutique\/accueil\/nos-collections\/colliers\/collier-perles-feuille-dor-et-perles-multicolors\/","title":{"rendered":"Collier perles feuille d&rsquo;or et perles multicolors"},"content":{"rendered":"<p><span style=\"font-size: 12pt;\"><span style=\"font-size: medium; font-family: georgia,palatino;\"><span style=\"font-size: 12pt; font-family: times new roman, times;\"><span style=\"font-size: 12pt; font-family: times new roman, times;\">Collier de perles rondes en verre de Murano, perles en feuille d&rsquo;or et perles multicolor de feuille d&rsquo;or. Diam\u00e8tre perle centrale 2 cm, longueur collier de 47 \u00e0 52 cm (cha\u00eene de \u00ab\u00a0confort\u00a0\u00bb). <\/span><\/span><\/span><\/span><\/p>","protected":false},"excerpt":{"rendered":"<p><span style=\"font-size: 12pt;\"><span style=\"font-size: medium; font-family: georgia,palatino;\"><span style=\"font-size: 12pt; font-family: times new roman, times;\"><span style=\"font-size: 12pt; font-family: times new roman, times;\">Collier de perles rondes en verre de Murano, perles en feuille d&rsquo;or et perles multicolor de feuille d&rsquo;or. Diam\u00e8tre perle centrale 2 cm, longueur collier de 47 \u00e0 52 cm (cha\u00eene de \u00ab\u00a0confort\u00a0\u00bb). <\/span><\/span><\/span><\/span><\/p>","protected":false},"featured_media":144,"comment_status":"open","ping_status":"closed","template":"","meta":[],"yoast_head":"<!-- This site is optimized with the Yoast SEO plugin v15.2.1 - https:\/\/yoast.com\/wordpress\/plugins\/seo\/ -->\n<title>Collier perles feuille d&#039;or et perles multicolors &gt; Hashenka<\/title>\n<meta name=\"robots\" content=\"index, follow, max-snippet:-1, max-image-preview:large, max-video-preview:-1\" \/>\n<link rel=\"canonical\" href=\"https:\/\/hashenka.com\/en\/boutique\/accueil\/nos-collections\/colliers\/collier-perles-feuille-dor-et-perles-multicolors\/\" \/>\n<meta property=\"og:locale\" content=\"en_GB\" \/>\n<meta property=\"og:type\" content=\"article\" \/>\n<meta property=\"og:title\" content=\"Collier perles feuille d&#039;or et perles multicolors &gt; Hashenka\" \/>\n<meta property=\"og:description\" content=\"Collier de perles rondes en verre de Murano, perles en feuille d&#039;or et perles multicolor de feuille d&#039;or. Diam\u00e8tre perle centrale 2 cm, longueur collier de 47 \u00e0 52 cm (cha\u00eene de &quot;confort&quot;).\" \/>\n<meta property=\"og:url\" content=\"https:\/\/hashenka.com\/en\/boutique\/accueil\/nos-collections\/colliers\/collier-perles-feuille-dor-et-perles-multicolors\/\" \/>\n<meta property=\"og:site_name\" content=\"Hashenka\" \/>\n<meta property=\"article:modified_time\" content=\"2021-11-06T08:14:35+00:00\" \/>\n<meta property=\"og:image\" content=\"https:\/\/hashenka.com\/wp-content\/uploads\/2020\/11\/12-931-Collier-perles-feuille-dor-et-perles-multicolors.jpg\" \/>\n\t<meta property=\"og:image:width\" content=\"333\" \/>\n\t<meta property=\"og:image:height\" content=\"500\" \/>\n<meta name=\"twitter:card\" content=\"summary_large_image\" \/>\n<meta name=\"twitter:label1\" content=\"Written by\">\n\t<meta name=\"twitter:data1\" content=\"admin8227\">\n\t<meta name=\"twitter:label2\" content=\"Estimated reading time\">\n\t<meta name=\"twitter:data2\" content=\"0 minutes\">\n<script type=\"application\/ld+json\" class=\"yoast-schema-graph\">{\"@context\":\"https:\/\/schema.org\",\"@graph\":[{\"@type\":\"WebSite\",\"@id\":\"https:\/\/hashenka.com\/fr_fr\/#website\",\"url\":\"https:\/\/hashenka.com\/fr_fr\/\",\"name\":\"Hashenka\",\"description\":\"Bijoux et objets en verre de Murano\",\"potentialAction\":[{\"@type\":\"SearchAction\",\"target\":\"https:\/\/hashenka.com\/fr_fr\/?s={search_term_string}\",\"query-input\":\"required name=search_term_string\"}],\"inLanguage\":\"en-GB\"},{\"@type\":\"ImageObject\",\"@id\":\"http:\/\/hashenka.com\/boutique\/accueil\/nos-collections\/colliers\/collier-perles-feuille-dor-et-perles-multicolors\/#primaryimage\",\"inLanguage\":\"en-GB\",\"url\":\"https:\/\/hashenka.com\/wp-content\/uploads\/2020\/11\/12-931-Collier-perles-feuille-dor-et-perles-multicolors.jpg\",\"width\":333,\"height\":500},{\"@type\":\"WebPage\",\"@id\":\"http:\/\/hashenka.com\/boutique\/accueil\/nos-collections\/colliers\/collier-perles-feuille-dor-et-perles-multicolors\/#webpage\",\"url\":\"http:\/\/hashenka.com\/boutique\/accueil\/nos-collections\/colliers\/collier-perles-feuille-dor-et-perles-multicolors\/\",\"name\":\"Collier perles feuille d'or et perles multicolors &gt; Hashenka\",\"isPartOf\":{\"@id\":\"https:\/\/hashenka.com\/fr_fr\/#website\"},\"primaryImageOfPage\":{\"@id\":\"http:\/\/hashenka.com\/boutique\/accueil\/nos-collections\/colliers\/collier-perles-feuille-dor-et-perles-multicolors\/#primaryimage\"},\"datePublished\":\"2020-11-23T14:37:42+00:00\",\"dateModified\":\"2021-11-06T08:14:35+00:00\",\"inLanguage\":\"en-GB\",\"potentialAction\":[{\"@type\":\"ReadAction\",\"target\":[\"http:\/\/hashenka.com\/boutique\/accueil\/nos-collections\/colliers\/collier-perles-feuille-dor-et-perles-multicolors\/\"]}]}]}<\/script>\n<!-- \/ Yoast SEO plugin. -->","_links":{"self":[{"href":"https:\/\/hashenka.com\/en\/wp-json\/wp\/v2\/product\/971"}],"collection":[{"href":"https:\/\/hashenka.com\/en\/wp-json\/wp\/v2\/product"}],"about":[{"href":"https:\/\/hashenka.com\/en\/wp-json\/wp\/v2\/types\/product"}],"replies":[{"embeddable":true,"href":"https:\/\/hashenka.com\/en\/wp-json\/wp\/v2\/comments?post=971"}],"wp:featuredmedia":[{"embeddable":true,"href":"https:\/\/hashenka.com\/en\/wp-json\/wp\/v2\/media\/144"}],"wp:attachment":[{"href":"https:\/\/hashenka.com\/en\/wp-json\/wp\/v2\/media?parent=971"}],"curies":[{"name":"wp","href":"https:\/\/api.w.org\/{rel}","templated":true}]}}