{"id":964,"date":"2020-11-23T15:37:41","date_gmt":"2020-11-23T14:37:41","guid":{"rendered":"http:\/\/hashenka.com\/?product=import-placeholder-for-vpsmbarpar07"},"modified":"2024-04-14T11:10:02","modified_gmt":"2024-04-14T09:10:02","slug":"parure-barocco-blanche","status":"publish","type":"product","link":"https:\/\/hashenka.com\/en\/boutique\/accueil\/nos-collections\/parures\/parure-barocco-blanche\/","title":{"rendered":"Parure Barocco blanche"},"content":{"rendered":"<p><span style=\"font-size: medium; font-family: georgia, palatino; color: #003300;\"><span style=\"font-size: 12pt; font-family: times new roman, times;\"><span style=\"font-size: 12pt; font-family: times new roman, times;\">Parure de perles artistiques blanches en verre de Murano compos\u00e9es de petites roses avec de la feuille d&rsquo;or, diam\u00e8tre perle centrale 1,5 cm, longueur collier de 46 \u00e0 49 cm (cha\u00eene de \u00ab\u00a0confort\u00a0\u00bb), boucles d&rsquo;oreilles \u00e0 <span style=\"font-size: 12pt; font-family: times new roman, times;\">crochets hypoallerg\u00e9nique diam\u00e8tre 1,5 cm, bracelet r\u00e9glable perle ronde et plate diam\u00e8tre 2,2 cm<\/span><\/span><\/span><\/span><\/p>","protected":false},"excerpt":{"rendered":"<p><span style=\"font-size: medium; font-family: georgia, palatino; color: #333300;\"><span style=\"font-size: 12pt; font-family: times new roman, times;\"><span style=\"font-size: 12pt; font-family: times new roman, times;\">Parure de perles artistiques blanches en verre de Murano compos\u00e9es de petites roses avec de la feuille d&rsquo;or, diam\u00e8tre perle centrale 1,5 cm, longueur collier de 46 \u00e0 49 cm (cha\u00eene de \u00ab\u00a0confort\u00a0\u00bb), boucles d&rsquo;oreilles \u00e0 <span style=\"font-size: 12pt; font-family: times new roman, times;\">crochets hypoallerg\u00e9nique diam\u00e8tre 1,5 cm, bracelet r\u00e9glable perle ronde et plate diam\u00e8tre 2,2 cm<\/span><\/span><\/span><\/span><\/p>","protected":false},"featured_media":222,"comment_status":"open","ping_status":"closed","template":"","meta":[],"yoast_head":"<!-- This site is optimized with the Yoast SEO plugin v15.2.1 - https:\/\/yoast.com\/wordpress\/plugins\/seo\/ -->\n<title>Parure Barocco blanche &gt; Hashenka<\/title>\n<meta name=\"robots\" content=\"index, follow, max-snippet:-1, max-image-preview:large, max-video-preview:-1\" \/>\n<link rel=\"canonical\" href=\"https:\/\/hashenka.com\/en\/boutique\/accueil\/nos-collections\/parures\/parure-barocco-blanche\/\" \/>\n<meta property=\"og:locale\" content=\"en_GB\" \/>\n<meta property=\"og:type\" content=\"article\" \/>\n<meta property=\"og:title\" content=\"Parure Barocco blanche &gt; Hashenka\" \/>\n<meta property=\"og:description\" content=\"Parure de perles artistiques blanches en verre de Murano compos\u00e9es de petites roses avec de la feuille d&#039;or, diam\u00e8tre perle centrale 1,5 cm, longueur collier de 46 \u00e0 49 cm (cha\u00eene de &quot;confort&quot;), boucles d&#039;oreilles \u00e0 crochets hypoallerg\u00e9nique diam\u00e8tre 1,5 cm, bracelet r\u00e9glable perle ronde et plate diam\u00e8tre 2,2 cm\" \/>\n<meta property=\"og:url\" content=\"https:\/\/hashenka.com\/en\/boutique\/accueil\/nos-collections\/parures\/parure-barocco-blanche\/\" \/>\n<meta property=\"og:site_name\" content=\"Hashenka\" \/>\n<meta property=\"article:modified_time\" content=\"2024-04-14T09:10:02+00:00\" \/>\n<meta name=\"twitter:card\" content=\"summary_large_image\" \/>\n<meta name=\"twitter:label1\" content=\"Written by\">\n\t<meta name=\"twitter:data1\" content=\"admin8227\">\n\t<meta name=\"twitter:label2\" content=\"Estimated reading time\">\n\t<meta name=\"twitter:data2\" content=\"0 minutes\">\n<script type=\"application\/ld+json\" class=\"yoast-schema-graph\">{\"@context\":\"https:\/\/schema.org\",\"@graph\":[{\"@type\":\"WebSite\",\"@id\":\"https:\/\/hashenka.com\/fr_fr\/#website\",\"url\":\"https:\/\/hashenka.com\/fr_fr\/\",\"name\":\"Hashenka\",\"description\":\"Bijoux et objets en verre de Murano\",\"potentialAction\":[{\"@type\":\"SearchAction\",\"target\":\"https:\/\/hashenka.com\/fr_fr\/?s={search_term_string}\",\"query-input\":\"required name=search_term_string\"}],\"inLanguage\":\"en-GB\"},{\"@type\":\"ImageObject\",\"@id\":\"http:\/\/hashenka.com\/fr_fr\/boutique\/accueil\/nos-collections\/parures\/parure-barocco-blanche\/#primaryimage\",\"inLanguage\":\"en-GB\",\"url\":\"https:\/\/hashenka.com\/wp-content\/uploads\/2020\/11\/66-750-Parure-Barocco-blanche.jpg\",\"width\":333,\"height\":500},{\"@type\":\"WebPage\",\"@id\":\"http:\/\/hashenka.com\/fr_fr\/boutique\/accueil\/nos-collections\/parures\/parure-barocco-blanche\/#webpage\",\"url\":\"http:\/\/hashenka.com\/fr_fr\/boutique\/accueil\/nos-collections\/parures\/parure-barocco-blanche\/\",\"name\":\"Parure Barocco blanche &gt; Hashenka\",\"isPartOf\":{\"@id\":\"https:\/\/hashenka.com\/fr_fr\/#website\"},\"primaryImageOfPage\":{\"@id\":\"http:\/\/hashenka.com\/fr_fr\/boutique\/accueil\/nos-collections\/parures\/parure-barocco-blanche\/#primaryimage\"},\"datePublished\":\"2020-11-23T14:37:41+00:00\",\"dateModified\":\"2024-04-14T09:10:02+00:00\",\"inLanguage\":\"en-GB\",\"potentialAction\":[{\"@type\":\"ReadAction\",\"target\":[\"http:\/\/hashenka.com\/fr_fr\/boutique\/accueil\/nos-collections\/parures\/parure-barocco-blanche\/\"]}]}]}<\/script>\n<!-- \/ Yoast SEO plugin. -->","_links":{"self":[{"href":"https:\/\/hashenka.com\/en\/wp-json\/wp\/v2\/product\/964"}],"collection":[{"href":"https:\/\/hashenka.com\/en\/wp-json\/wp\/v2\/product"}],"about":[{"href":"https:\/\/hashenka.com\/en\/wp-json\/wp\/v2\/types\/product"}],"replies":[{"embeddable":true,"href":"https:\/\/hashenka.com\/en\/wp-json\/wp\/v2\/comments?post=964"}],"wp:featuredmedia":[{"embeddable":true,"href":"https:\/\/hashenka.com\/en\/wp-json\/wp\/v2\/media\/222"}],"wp:attachment":[{"href":"https:\/\/hashenka.com\/en\/wp-json\/wp\/v2\/media?parent=964"}],"curies":[{"name":"wp","href":"https:\/\/api.w.org\/{rel}","templated":true}]}}