{"id":953,"date":"2020-11-23T15:37:40","date_gmt":"2020-11-23T14:37:40","guid":{"rendered":"http:\/\/hashenka.com\/?product=import-placeholder-for-1513"},"modified":"2021-04-21T18:17:25","modified_gmt":"2021-04-21T16:17:25","slug":"medaglia-murano-vert-et-feuille-or-avec-cordon","status":"publish","type":"product","link":"https:\/\/hashenka.com\/en\/boutique\/accueil\/nos-collections\/pendentifs-et-medailles\/medaglia-murano-vert-et-feuille-or-avec-cordon\/","title":{"rendered":"MEDAGLIA Murano vert et feuille d&rsquo;or avec cordon"},"content":{"rendered":"<p><strong><span style=\"font-size: small; font-family: georgia,palatino;\">MEDAGLIA , m\u00e9daille en verre de Murano de couleur verte, fond feuille d&rsquo;or, fine et \u00e9l\u00e9gante. Fourni avec son collier.<\/span><\/strong><\/p>","protected":false},"excerpt":{"rendered":"<p><span style=\"font-size: small; font-family: georgia,palatino;\"><strong>MEDAGLIA , m\u00e9daille en verre de Murano de couleur verte, fond feuille d&rsquo;or, fine et \u00e9l\u00e9gante. Fourni avec son collier.<\/strong><\/span><\/p>","protected":false},"featured_media":137,"comment_status":"open","ping_status":"closed","template":"","meta":[],"yoast_head":"<!-- This site is optimized with the Yoast SEO plugin v15.2.1 - https:\/\/yoast.com\/wordpress\/plugins\/seo\/ -->\n<title>MEDAGLIA Murano vert et feuille d&#039;or avec cordon &gt; Hashenka<\/title>\n<meta name=\"description\" content=\"M\u00e9daille barrette en verre de Murano fusing de couleur vert et feuille d&#039;or avec cordon\" \/>\n<meta name=\"robots\" content=\"index, follow, max-snippet:-1, max-image-preview:large, max-video-preview:-1\" \/>\n<link rel=\"canonical\" href=\"https:\/\/hashenka.com\/en\/boutique\/accueil\/nos-collections\/pendentifs-et-medailles\/medaglia-murano-vert-et-feuille-or-avec-cordon\/\" \/>\n<meta property=\"og:locale\" content=\"en_GB\" \/>\n<meta property=\"og:type\" content=\"article\" \/>\n<meta property=\"og:title\" content=\"MEDAGLIA Murano vert et feuille d&#039;or avec cordon &gt; Hashenka\" \/>\n<meta property=\"og:description\" content=\"M\u00e9daille barrette en verre de Murano fusing de couleur vert et feuille d&#039;or avec cordon\" \/>\n<meta property=\"og:url\" content=\"https:\/\/hashenka.com\/en\/boutique\/accueil\/nos-collections\/pendentifs-et-medailles\/medaglia-murano-vert-et-feuille-or-avec-cordon\/\" \/>\n<meta property=\"og:site_name\" content=\"Hashenka\" \/>\n<meta property=\"article:modified_time\" content=\"2021-04-21T16:17:25+00:00\" \/>\n<meta property=\"og:image\" content=\"https:\/\/hashenka.com\/wp-content\/uploads\/2020\/11\/4-688-MEDAGLIA-Murano-vert-et-feuille-dor-avec-cordon.jpg\" \/>\n\t<meta property=\"og:image:width\" content=\"333\" \/>\n\t<meta property=\"og:image:height\" content=\"500\" \/>\n<meta name=\"twitter:card\" content=\"summary_large_image\" \/>\n<meta name=\"twitter:label1\" content=\"Written by\">\n\t<meta name=\"twitter:data1\" content=\"admin8227\">\n\t<meta name=\"twitter:label2\" content=\"Estimated reading time\">\n\t<meta name=\"twitter:data2\" content=\"0 minutes\">\n<script type=\"application\/ld+json\" class=\"yoast-schema-graph\">{\"@context\":\"https:\/\/schema.org\",\"@graph\":[{\"@type\":\"WebSite\",\"@id\":\"https:\/\/hashenka.com\/fr_fr\/#website\",\"url\":\"https:\/\/hashenka.com\/fr_fr\/\",\"name\":\"Hashenka\",\"description\":\"Bijoux et objets en verre de Murano\",\"potentialAction\":[{\"@type\":\"SearchAction\",\"target\":\"https:\/\/hashenka.com\/fr_fr\/?s={search_term_string}\",\"query-input\":\"required name=search_term_string\"}],\"inLanguage\":\"en-GB\"},{\"@type\":\"ImageObject\",\"@id\":\"http:\/\/hashenka.com\/boutique\/accueil\/nos-collections\/pendentifs-et-medailles\/medaglia-murano-vert-et-feuille-or-avec-cordon\/#primaryimage\",\"inLanguage\":\"en-GB\",\"url\":\"https:\/\/hashenka.com\/wp-content\/uploads\/2020\/11\/4-688-MEDAGLIA-Murano-vert-et-feuille-dor-avec-cordon.jpg\",\"width\":333,\"height\":500,\"caption\":\"M\\u00e9daille barrette en verre de Murano fusing de couleur vert et feuille d'or\"},{\"@type\":\"WebPage\",\"@id\":\"http:\/\/hashenka.com\/boutique\/accueil\/nos-collections\/pendentifs-et-medailles\/medaglia-murano-vert-et-feuille-or-avec-cordon\/#webpage\",\"url\":\"http:\/\/hashenka.com\/boutique\/accueil\/nos-collections\/pendentifs-et-medailles\/medaglia-murano-vert-et-feuille-or-avec-cordon\/\",\"name\":\"MEDAGLIA Murano vert et feuille d'or avec cordon &gt; Hashenka\",\"isPartOf\":{\"@id\":\"https:\/\/hashenka.com\/fr_fr\/#website\"},\"primaryImageOfPage\":{\"@id\":\"http:\/\/hashenka.com\/boutique\/accueil\/nos-collections\/pendentifs-et-medailles\/medaglia-murano-vert-et-feuille-or-avec-cordon\/#primaryimage\"},\"datePublished\":\"2020-11-23T14:37:40+00:00\",\"dateModified\":\"2021-04-21T16:17:25+00:00\",\"description\":\"M\\u00e9daille barrette en verre de Murano fusing de couleur vert et feuille d'or avec cordon\",\"inLanguage\":\"en-GB\",\"potentialAction\":[{\"@type\":\"ReadAction\",\"target\":[\"http:\/\/hashenka.com\/boutique\/accueil\/nos-collections\/pendentifs-et-medailles\/medaglia-murano-vert-et-feuille-or-avec-cordon\/\"]}]}]}<\/script>\n<!-- \/ Yoast SEO plugin. -->","_links":{"self":[{"href":"https:\/\/hashenka.com\/en\/wp-json\/wp\/v2\/product\/953"}],"collection":[{"href":"https:\/\/hashenka.com\/en\/wp-json\/wp\/v2\/product"}],"about":[{"href":"https:\/\/hashenka.com\/en\/wp-json\/wp\/v2\/types\/product"}],"replies":[{"embeddable":true,"href":"https:\/\/hashenka.com\/en\/wp-json\/wp\/v2\/comments?post=953"}],"wp:featuredmedia":[{"embeddable":true,"href":"https:\/\/hashenka.com\/en\/wp-json\/wp\/v2\/media\/137"}],"wp:attachment":[{"href":"https:\/\/hashenka.com\/en\/wp-json\/wp\/v2\/media?parent=953"}],"curies":[{"name":"wp","href":"https:\/\/api.w.org\/{rel}","templated":true}]}}