{"id":1365,"date":"2020-11-23T15:41:38","date_gmt":"2020-11-23T14:41:38","guid":{"rendered":"http:\/\/hashenka.com\/?product=import-placeholder-for-2468"},"modified":"2024-08-20T16:48:38","modified_gmt":"2024-08-20T14:48:38","slug":"pendentif-serpent-couleur-ivoire-et-verre-calcedoine","status":"publish","type":"product","link":"https:\/\/hashenka.com\/en\/boutique\/accueil\/nos-collections\/pendentifs-et-medailles\/pendentif-serpent-couleur-ivoire-et-verre-calcedoine\/","title":{"rendered":"Pendentif serpent couleur ivoire et verre calc\u00e9doine"},"content":{"rendered":"<p><span style=\"font-size: medium; font-family: georgia,palatino; color: #464646;\"><span style=\"background: none repeat scroll 0% 0% transparent;\"><span style=\"font-size: medium; font-family: georgia,palatino; color: #3b3b3b;\"><span style=\"background: transparent none repeat scroll 0% 0%;\">Grand pendentif serpent <span style=\"font-size: medium; font-family: georgia,palatino; color: #3b3b3b;\"><span style=\"background: transparent none repeat scroll 0% 0%;\">en verre de Murano<\/span><\/span> couleur ivoire, verre calc\u00e9doine et aventurine, dimension 8 cm x 4 cm environ. Fourni avec un cordon simple. <span style=\"font-size: medium; font-family: georgia,palatino; color: #464646;\"><span style=\"background: none repeat scroll 0% 0% transparent;\"><span style=\"font-size: medium; font-family: georgia,palatino; color: #3b3b3b;\"><span style=\"background: transparent none repeat scroll 0% 0%;\">Disponible \u00e9galement, sur demande, avec une b\u00e9li\u00e8re argent\u00e9e et collier rigide argent\u00e9 rodium, ajouter 19 euros.<\/span><\/span><\/span><\/span><br \/>\n<\/span><\/span><\/span><\/span><\/p>","protected":false},"excerpt":{"rendered":"<p><span style=\"font-size: medium; font-family: georgia,palatino; color: #464646;\"><span style=\"background: none repeat scroll 0% 0% transparent;\"><span style=\"font-size: medium; font-family: georgia,palatino; color: #3b3b3b;\"><span style=\"background: transparent none repeat scroll 0% 0%;\">Grand pendentif serpent <span style=\"font-size: medium; font-family: georgia,palatino; color: #3b3b3b;\"><span style=\"background: transparent none repeat scroll 0% 0%;\">en verre de Murano<\/span><\/span> couleur ivoire, verre calc\u00e9doine et aventurine, dimension 8 cm x 4 cm environ. Fourni avec un cordon simple. Disponible \u00e9galement, sur demande, avec une b\u00e9li\u00e8re argent\u00e9e et collier rigide argent\u00e9 rodium, ajouter 19 euros.<br \/>\n<\/span><\/span><\/span><\/span><\/p>","protected":false},"featured_media":932,"comment_status":"open","ping_status":"closed","template":"","meta":[],"yoast_head":"<!-- This site is optimized with the Yoast SEO plugin v15.2.1 - https:\/\/yoast.com\/wordpress\/plugins\/seo\/ -->\n<title>Pendentif serpent couleur ivoire et verre calc\u00e9doine &gt; Hashenka<\/title>\n<meta name=\"description\" content=\"serpent grand mod\u00e8le verre murano blanc calcedoine pendentif collier cordon simple hashenka authentique\" \/>\n<meta name=\"robots\" content=\"index, follow, max-snippet:-1, max-image-preview:large, max-video-preview:-1\" \/>\n<link rel=\"canonical\" href=\"https:\/\/hashenka.com\/en\/boutique\/accueil\/nos-collections\/pendentifs-et-medailles\/pendentif-serpent-couleur-ivoire-et-verre-calcedoine\/\" \/>\n<meta property=\"og:locale\" content=\"en_GB\" \/>\n<meta property=\"og:type\" content=\"article\" \/>\n<meta property=\"og:title\" content=\"Pendentif serpent couleur ivoire et verre calc\u00e9doine &gt; Hashenka\" \/>\n<meta property=\"og:description\" content=\"serpent grand mod\u00e8le verre murano blanc calcedoine pendentif collier cordon simple hashenka authentique\" \/>\n<meta property=\"og:url\" content=\"https:\/\/hashenka.com\/en\/boutique\/accueil\/nos-collections\/pendentifs-et-medailles\/pendentif-serpent-couleur-ivoire-et-verre-calcedoine\/\" \/>\n<meta property=\"og:site_name\" content=\"Hashenka\" \/>\n<meta property=\"article:modified_time\" content=\"2024-08-20T14:48:38+00:00\" \/>\n<meta property=\"og:image\" content=\"https:\/\/hashenka.com\/wp-content\/uploads\/2020\/11\/452-768-Pendentif-serpent-couleur-ivoire-et-verre-calcedoine.jpg\" \/>\n\t<meta property=\"og:image:width\" content=\"333\" \/>\n\t<meta property=\"og:image:height\" content=\"500\" \/>\n<meta name=\"twitter:card\" content=\"summary_large_image\" \/>\n<meta name=\"twitter:label1\" content=\"Written by\">\n\t<meta name=\"twitter:data1\" content=\"admin8227\">\n\t<meta name=\"twitter:label2\" content=\"Estimated reading time\">\n\t<meta name=\"twitter:data2\" content=\"0 minutes\">\n<script type=\"application\/ld+json\" class=\"yoast-schema-graph\">{\"@context\":\"https:\/\/schema.org\",\"@graph\":[{\"@type\":\"WebSite\",\"@id\":\"https:\/\/hashenka.com\/fr_fr\/#website\",\"url\":\"https:\/\/hashenka.com\/fr_fr\/\",\"name\":\"Hashenka\",\"description\":\"Bijoux et objets en verre de Murano\",\"potentialAction\":[{\"@type\":\"SearchAction\",\"target\":\"https:\/\/hashenka.com\/fr_fr\/?s={search_term_string}\",\"query-input\":\"required name=search_term_string\"}],\"inLanguage\":\"en-GB\"},{\"@type\":\"ImageObject\",\"@id\":\"https:\/\/hashenka.com\/boutique\/accueil\/nos-collections\/pendentifs-et-medailles\/pendentif-serpent-couleur-ivoire-et-verre-calcedoine\/#primaryimage\",\"inLanguage\":\"en-GB\",\"url\":\"https:\/\/hashenka.com\/wp-content\/uploads\/2020\/11\/452-768-Pendentif-serpent-couleur-ivoire-et-verre-calcedoine.jpg\",\"width\":333,\"height\":500},{\"@type\":\"WebPage\",\"@id\":\"https:\/\/hashenka.com\/boutique\/accueil\/nos-collections\/pendentifs-et-medailles\/pendentif-serpent-couleur-ivoire-et-verre-calcedoine\/#webpage\",\"url\":\"https:\/\/hashenka.com\/boutique\/accueil\/nos-collections\/pendentifs-et-medailles\/pendentif-serpent-couleur-ivoire-et-verre-calcedoine\/\",\"name\":\"Pendentif serpent couleur ivoire et verre calc\\u00e9doine &gt; Hashenka\",\"isPartOf\":{\"@id\":\"https:\/\/hashenka.com\/fr_fr\/#website\"},\"primaryImageOfPage\":{\"@id\":\"https:\/\/hashenka.com\/boutique\/accueil\/nos-collections\/pendentifs-et-medailles\/pendentif-serpent-couleur-ivoire-et-verre-calcedoine\/#primaryimage\"},\"datePublished\":\"2020-11-23T14:41:38+00:00\",\"dateModified\":\"2024-08-20T14:48:38+00:00\",\"description\":\"serpent grand mod\\u00e8le verre murano blanc calcedoine pendentif collier cordon simple hashenka authentique\",\"inLanguage\":\"en-GB\",\"potentialAction\":[{\"@type\":\"ReadAction\",\"target\":[\"https:\/\/hashenka.com\/boutique\/accueil\/nos-collections\/pendentifs-et-medailles\/pendentif-serpent-couleur-ivoire-et-verre-calcedoine\/\"]}]}]}<\/script>\n<!-- \/ Yoast SEO plugin. -->","_links":{"self":[{"href":"https:\/\/hashenka.com\/en\/wp-json\/wp\/v2\/product\/1365"}],"collection":[{"href":"https:\/\/hashenka.com\/en\/wp-json\/wp\/v2\/product"}],"about":[{"href":"https:\/\/hashenka.com\/en\/wp-json\/wp\/v2\/types\/product"}],"replies":[{"embeddable":true,"href":"https:\/\/hashenka.com\/en\/wp-json\/wp\/v2\/comments?post=1365"}],"wp:featuredmedia":[{"embeddable":true,"href":"https:\/\/hashenka.com\/en\/wp-json\/wp\/v2\/media\/932"}],"wp:attachment":[{"href":"https:\/\/hashenka.com\/en\/wp-json\/wp\/v2\/media?parent=1365"}],"curies":[{"name":"wp","href":"https:\/\/api.w.org\/{rel}","templated":true}]}}