{"id":1355,"date":"2020-11-23T15:41:08","date_gmt":"2020-11-23T14:41:08","guid":{"rendered":"http:\/\/hashenka.com\/?product=import-placeholder-for-2348"},"modified":"2021-01-12T18:13:25","modified_gmt":"2021-01-12T17:13:25","slug":"cadre-photo-multicolor-grand-modele","status":"publish","type":"product","link":"https:\/\/hashenka.com\/en\/boutique\/accueil\/nos-collections\/objets\/cadre-photo-multicolor-grand-modele\/","title":{"rendered":"Cadre photo multicolor grand mod\u00e8le"},"content":{"rendered":"<p><span style=\"font-size: small;\"><span style=\"font-size: small;\"><span style=\"font-size: small;\"><span style=\"font-size: medium; font-family: georgia,palatino; color: #4c4c4c;\">Cadre photo Arlecchino multicolor 21 x 16 cm, grand mod\u00e8le, r\u00e9alis\u00e9 en verre de Murano par technique de fusing, compos\u00e9 de petites murrines. Peut \u00eatre positionn\u00e9 en mode paysage ou portrait.<\/span><\/span><\/span><\/span><\/p>","protected":false},"excerpt":{"rendered":"<p><span style=\"font-size: small;\"><span style=\"font-size: small;\"><span style=\"font-size: medium; font-family: georgia,palatino; color: #4c4c4c;\">Cadre photo Arlecchino multicolor 21 x 16 cm, grand mod\u00e8le, r\u00e9alis\u00e9 en verre de Murano par technique de fusing, compos\u00e9 de petites murrines. Peut \u00eatre positionn\u00e9 en mode paysage ou portrait.<\/span><\/span><\/span><\/p>","protected":false},"featured_media":841,"comment_status":"open","ping_status":"closed","template":"","meta":[],"yoast_head":"<!-- This site is optimized with the Yoast SEO plugin v15.2.1 - https:\/\/yoast.com\/wordpress\/plugins\/seo\/ -->\n<title>Cadre photo multicolor grand mod\u00e8le &gt; Hashenka<\/title>\n<meta name=\"robots\" content=\"index, follow, max-snippet:-1, max-image-preview:large, max-video-preview:-1\" \/>\n<link rel=\"canonical\" href=\"https:\/\/hashenka.com\/en\/boutique\/accueil\/nos-collections\/objets\/cadre-photo-multicolor-grand-modele\/\" \/>\n<meta property=\"og:locale\" content=\"en_GB\" \/>\n<meta property=\"og:type\" content=\"article\" \/>\n<meta property=\"og:title\" content=\"Cadre photo multicolor grand mod\u00e8le &gt; Hashenka\" \/>\n<meta property=\"og:description\" content=\"Cadre photo Arlecchino multicolor 21 x 16 cm, grand mod\u00e8le, r\u00e9alis\u00e9 en verre de Murano par technique de fusing, compos\u00e9 de petites murrines. Peut \u00eatre positionn\u00e9 en mode paysage ou portrait.\" \/>\n<meta property=\"og:url\" content=\"https:\/\/hashenka.com\/en\/boutique\/accueil\/nos-collections\/objets\/cadre-photo-multicolor-grand-modele\/\" \/>\n<meta property=\"og:site_name\" content=\"Hashenka\" \/>\n<meta property=\"article:modified_time\" content=\"2021-01-12T17:13:25+00:00\" \/>\n<meta property=\"og:image\" content=\"https:\/\/hashenka.com\/wp-content\/uploads\/2020\/11\/400-916-Cadre-photo-multicolor-grand-modele.jpg\" \/>\n\t<meta property=\"og:image:width\" content=\"333\" \/>\n\t<meta property=\"og:image:height\" content=\"500\" \/>\n<meta name=\"twitter:card\" content=\"summary_large_image\" \/>\n<meta name=\"twitter:label1\" content=\"Written by\">\n\t<meta name=\"twitter:data1\" content=\"admin8227\">\n\t<meta name=\"twitter:label2\" content=\"Estimated reading time\">\n\t<meta name=\"twitter:data2\" content=\"0 minutes\">\n<script type=\"application\/ld+json\" class=\"yoast-schema-graph\">{\"@context\":\"https:\/\/schema.org\",\"@graph\":[{\"@type\":\"WebSite\",\"@id\":\"https:\/\/hashenka.com\/fr_fr\/#website\",\"url\":\"https:\/\/hashenka.com\/fr_fr\/\",\"name\":\"Hashenka\",\"description\":\"Bijoux et objets en verre de Murano\",\"potentialAction\":[{\"@type\":\"SearchAction\",\"target\":\"https:\/\/hashenka.com\/fr_fr\/?s={search_term_string}\",\"query-input\":\"required name=search_term_string\"}],\"inLanguage\":\"en-GB\"},{\"@type\":\"ImageObject\",\"@id\":\"http:\/\/hashenka.com\/boutique\/accueil\/nos-collections\/objets\/cadre-photo-multicolor-grand-modele\/#primaryimage\",\"inLanguage\":\"en-GB\",\"url\":\"https:\/\/hashenka.com\/wp-content\/uploads\/2020\/11\/400-916-Cadre-photo-multicolor-grand-modele.jpg\",\"width\":333,\"height\":500},{\"@type\":\"WebPage\",\"@id\":\"http:\/\/hashenka.com\/boutique\/accueil\/nos-collections\/objets\/cadre-photo-multicolor-grand-modele\/#webpage\",\"url\":\"http:\/\/hashenka.com\/boutique\/accueil\/nos-collections\/objets\/cadre-photo-multicolor-grand-modele\/\",\"name\":\"Cadre photo multicolor grand mod\\u00e8le &gt; Hashenka\",\"isPartOf\":{\"@id\":\"https:\/\/hashenka.com\/fr_fr\/#website\"},\"primaryImageOfPage\":{\"@id\":\"http:\/\/hashenka.com\/boutique\/accueil\/nos-collections\/objets\/cadre-photo-multicolor-grand-modele\/#primaryimage\"},\"datePublished\":\"2020-11-23T14:41:08+00:00\",\"dateModified\":\"2021-01-12T17:13:25+00:00\",\"inLanguage\":\"en-GB\",\"potentialAction\":[{\"@type\":\"ReadAction\",\"target\":[\"http:\/\/hashenka.com\/boutique\/accueil\/nos-collections\/objets\/cadre-photo-multicolor-grand-modele\/\"]}]}]}<\/script>\n<!-- \/ Yoast SEO plugin. -->","_links":{"self":[{"href":"https:\/\/hashenka.com\/en\/wp-json\/wp\/v2\/product\/1355"}],"collection":[{"href":"https:\/\/hashenka.com\/en\/wp-json\/wp\/v2\/product"}],"about":[{"href":"https:\/\/hashenka.com\/en\/wp-json\/wp\/v2\/types\/product"}],"replies":[{"embeddable":true,"href":"https:\/\/hashenka.com\/en\/wp-json\/wp\/v2\/comments?post=1355"}],"wp:featuredmedia":[{"embeddable":true,"href":"https:\/\/hashenka.com\/en\/wp-json\/wp\/v2\/media\/841"}],"wp:attachment":[{"href":"https:\/\/hashenka.com\/en\/wp-json\/wp\/v2\/media?parent=1355"}],"curies":[{"name":"wp","href":"https:\/\/api.w.org\/{rel}","templated":true}]}}