{"id":1331,"date":"2020-11-23T15:40:41","date_gmt":"2020-11-23T14:40:41","guid":{"rendered":"http:\/\/hashenka.com\/?product=import-placeholder-for-pdtmtgd9"},"modified":"2021-01-12T18:31:00","modified_gmt":"2021-01-12T17:31:00","slug":"suspension-grandes-murrines-campana-turquoise-et-orange","status":"publish","type":"product","link":"https:\/\/hashenka.com\/en\/boutique\/accueil\/nos-collections\/objets\/suspension-grandes-murrines-campana-turquoise-et-orange\/","title":{"rendered":"Suspension grandes murrines Campana turquoise et orange"},"content":{"rendered":"<p><span style=\"font-size: medium; font-family: book antiqua,palatino;\"><span style=\"font-size: medium; font-family: book antiqua,palatino;\"><span style=\"font-size: medium; font-family: georgia,palatino; color: #464646;\"><span style=\"background: none repeat scroll 0% 0% transparent;\"><span style=\"font-size: medium; font-family: georgia,palatino; color: #464646;\">Suspension compos\u00e9e de grandes murrines tons oranges et turquoise. <span style=\"font-size: 10pt;\"><span style=\"font-size: 12pt;\"><span style=\"color: #333333;\">Forma Campana, Murrines uniques r\u00e9alis\u00e9es par l&rsquo;artisan,<\/span><\/span><\/span><\/span><span style=\"font-size: medium; font-family: georgia,palatino; color: #464646;\"> hauteur 19 cm, diam\u00e8tre de la base entre 19 cm. Livr\u00e9e avec syst\u00e8me \u00e9lectrique.<\/span><\/span><\/span> <span style=\"font-size: medium; font-family: georgia,palatino; color: #464646;\"><span style=\"background: none repeat scroll 0% 0% transparent;\"><span style=\"font-size: medium; font-family: georgia,palatino; color: #464646;\">Suspension pouvant \u00eatre livr\u00e9e sur un pied de lampe en m\u00e9tal bross\u00e9. Co\u00fbt suppl\u00e9mentaire 46 \u20ac. Prix total 188 \u20ac. Nous contacter.<\/span><\/span><\/span><\/span><\/span><\/p>","protected":false},"excerpt":{"rendered":"<p><span style=\"font-size: medium; font-family: book antiqua,palatino;\"><span style=\"font-size: medium; font-family: georgia,palatino; color: #464646;\"><span style=\"background: none repeat scroll 0% 0% transparent;\"><span style=\"font-size: medium; font-family: georgia,palatino; color: #464646;\">Suspension compos\u00e9e de grandes murrines tons oranges et turquoise. <span style=\"font-size: 10pt;\"><span style=\"font-size: 12pt;\"><span style=\"color: #333333;\">Forma Campana, Murrines uniques r\u00e9alis\u00e9es par l&rsquo;artisan,<\/span><\/span><\/span><\/span><span style=\"font-size: medium; font-family: georgia,palatino; color: #464646;\"> hauteur 19 cm, diam\u00e8tre de la base entre 19 cm. Livr\u00e9e avec syst\u00e8me \u00e9lectrique.<\/span><\/span><\/span> <span style=\"font-size: medium; font-family: georgia,palatino; color: #464646;\"><span style=\"background: none repeat scroll 0% 0% transparent;\"><span style=\"font-size: medium; font-family: georgia,palatino; color: #464646;\">Suspension pouvant \u00eatre livr\u00e9e sur un pied de lampe en m\u00e9tal bross\u00e9. Co\u00fbt suppl\u00e9mentaire 46 \u20ac. Prix total 188 \u20ac. Nous contacter.<\/span><\/span><\/span><\/span><\/p>","protected":false},"featured_media":732,"comment_status":"open","ping_status":"closed","template":"","meta":[],"yoast_head":"<!-- This site is optimized with the Yoast SEO plugin v15.2.1 - https:\/\/yoast.com\/wordpress\/plugins\/seo\/ -->\n<title>Suspension grandes murrines Campana turquoise et orange &gt; Hashenka<\/title>\n<meta name=\"robots\" content=\"index, follow, max-snippet:-1, max-image-preview:large, max-video-preview:-1\" \/>\n<link rel=\"canonical\" href=\"https:\/\/hashenka.com\/en\/boutique\/accueil\/nos-collections\/objets\/suspension-grandes-murrines-campana-turquoise-et-orange\/\" \/>\n<meta property=\"og:locale\" content=\"en_GB\" \/>\n<meta property=\"og:type\" content=\"article\" \/>\n<meta property=\"og:title\" content=\"Suspension grandes murrines Campana turquoise et orange &gt; Hashenka\" \/>\n<meta property=\"og:description\" content=\"Suspension compos\u00e9e de grandes murrines tons oranges et turquoise. Forma Campana, Murrines uniques r\u00e9alis\u00e9es par l&#039;artisan, hauteur 19 cm, diam\u00e8tre de la base entre 19 cm. Livr\u00e9e avec syst\u00e8me \u00e9lectrique. Suspension pouvant \u00eatre livr\u00e9e sur un pied de lampe en m\u00e9tal bross\u00e9. Co\u00fbt suppl\u00e9mentaire 46 \u20ac. Prix total 188 \u20ac. Nous contacter.\" \/>\n<meta property=\"og:url\" content=\"https:\/\/hashenka.com\/en\/boutique\/accueil\/nos-collections\/objets\/suspension-grandes-murrines-campana-turquoise-et-orange\/\" \/>\n<meta property=\"og:site_name\" content=\"Hashenka\" \/>\n<meta property=\"article:modified_time\" content=\"2021-01-12T17:31:00+00:00\" \/>\n<meta property=\"og:image\" content=\"https:\/\/hashenka.com\/wp-content\/uploads\/2020\/11\/345-886-Suspension-grandes-murrines-Campana-turquoise-et-orange.jpg\" \/>\n\t<meta property=\"og:image:width\" content=\"333\" \/>\n\t<meta property=\"og:image:height\" content=\"500\" \/>\n<meta name=\"twitter:card\" content=\"summary_large_image\" \/>\n<meta name=\"twitter:label1\" content=\"Written by\">\n\t<meta name=\"twitter:data1\" content=\"admin8227\">\n\t<meta name=\"twitter:label2\" content=\"Estimated reading time\">\n\t<meta name=\"twitter:data2\" content=\"0 minutes\">\n<script type=\"application\/ld+json\" class=\"yoast-schema-graph\">{\"@context\":\"https:\/\/schema.org\",\"@graph\":[{\"@type\":\"WebSite\",\"@id\":\"https:\/\/hashenka.com\/fr_fr\/#website\",\"url\":\"https:\/\/hashenka.com\/fr_fr\/\",\"name\":\"Hashenka\",\"description\":\"Bijoux et objets en verre de Murano\",\"potentialAction\":[{\"@type\":\"SearchAction\",\"target\":\"https:\/\/hashenka.com\/fr_fr\/?s={search_term_string}\",\"query-input\":\"required name=search_term_string\"}],\"inLanguage\":\"en-GB\"},{\"@type\":\"ImageObject\",\"@id\":\"http:\/\/hashenka.com\/boutique\/accueil\/nos-collections\/objets\/suspension-grandes-murrines-campana-turquoise-et-orange\/#primaryimage\",\"inLanguage\":\"en-GB\",\"url\":\"https:\/\/hashenka.com\/wp-content\/uploads\/2020\/11\/345-886-Suspension-grandes-murrines-Campana-turquoise-et-orange.jpg\",\"width\":333,\"height\":500},{\"@type\":\"WebPage\",\"@id\":\"http:\/\/hashenka.com\/boutique\/accueil\/nos-collections\/objets\/suspension-grandes-murrines-campana-turquoise-et-orange\/#webpage\",\"url\":\"http:\/\/hashenka.com\/boutique\/accueil\/nos-collections\/objets\/suspension-grandes-murrines-campana-turquoise-et-orange\/\",\"name\":\"Suspension grandes murrines Campana turquoise et orange &gt; Hashenka\",\"isPartOf\":{\"@id\":\"https:\/\/hashenka.com\/fr_fr\/#website\"},\"primaryImageOfPage\":{\"@id\":\"http:\/\/hashenka.com\/boutique\/accueil\/nos-collections\/objets\/suspension-grandes-murrines-campana-turquoise-et-orange\/#primaryimage\"},\"datePublished\":\"2020-11-23T14:40:41+00:00\",\"dateModified\":\"2021-01-12T17:31:00+00:00\",\"inLanguage\":\"en-GB\",\"potentialAction\":[{\"@type\":\"ReadAction\",\"target\":[\"http:\/\/hashenka.com\/boutique\/accueil\/nos-collections\/objets\/suspension-grandes-murrines-campana-turquoise-et-orange\/\"]}]}]}<\/script>\n<!-- \/ Yoast SEO plugin. -->","_links":{"self":[{"href":"https:\/\/hashenka.com\/en\/wp-json\/wp\/v2\/product\/1331"}],"collection":[{"href":"https:\/\/hashenka.com\/en\/wp-json\/wp\/v2\/product"}],"about":[{"href":"https:\/\/hashenka.com\/en\/wp-json\/wp\/v2\/types\/product"}],"replies":[{"embeddable":true,"href":"https:\/\/hashenka.com\/en\/wp-json\/wp\/v2\/comments?post=1331"}],"wp:featuredmedia":[{"embeddable":true,"href":"https:\/\/hashenka.com\/en\/wp-json\/wp\/v2\/media\/732"}],"wp:attachment":[{"href":"https:\/\/hashenka.com\/en\/wp-json\/wp\/v2\/media?parent=1331"}],"curies":[{"name":"wp","href":"https:\/\/api.w.org\/{rel}","templated":true}]}}