{"id":1329,"date":"2020-11-23T15:40:41","date_gmt":"2020-11-23T14:40:41","guid":{"rendered":"http:\/\/hashenka.com\/?product=import-placeholder-for-pdtmd9"},"modified":"2023-08-26T17:34:16","modified_gmt":"2023-08-26T15:34:16","slug":"lampe-de-table-verticale-avec-suspension-murrines","status":"publish","type":"product","link":"https:\/\/hashenka.com\/en\/boutique\/accueil\/nos-collections\/objets\/lampe-de-table-verticale-avec-suspension-murrines\/","title":{"rendered":"Lampe de table verticale avec suspension murrines"},"content":{"rendered":"<p style=\"text-align: left;\"><strong><span style=\"color: #333333; font-size: 10pt; font-family: arial,helvetica,sans-serif;\">Lampe de table ou de chevet verticale, en m\u00e9tal argent\u00e9 bross\u00e9 , associ\u00e9e \u00e0 une suspension millefiori en forme de globe drap\u00e9 en verre de Murano. Hauteur 37 cm. Avec ampoule.<\/span><\/strong><\/p>\n<p style=\"text-align: left;\"><strong><span style=\"color: #333333; font-size: 10pt; font-family: arial,helvetica,sans-serif;\"><span style=\"font-size: 10pt; color: #333333; font-family: arial,helvetica,sans-serif;\">DISPONIBLES DANS NOS MAGASINS<\/span><\/span><\/strong><\/p>","protected":false},"excerpt":{"rendered":"<p style=\"text-align: left;\"><strong><span style=\"font-size: 10pt; color: #333333; font-family: arial,helvetica,sans-serif;\">Lampe de table ou de chevet verticale, en m\u00e9tal argent\u00e9 bross\u00e9, associ\u00e9e \u00e0 une suspension millefiori forme globe drap\u00e9 en verre de Murano. Hauteur 37 cm. Avec ampoule.<\/span><\/strong><\/p>\n<p style=\"text-align: left;\"><strong><span style=\"font-size: 10pt; color: #333333; font-family: arial,helvetica,sans-serif;\">DISPONIBLES DANS NOS MAGASINS<br \/>\n<\/span><\/strong><\/p>","protected":false},"featured_media":849,"comment_status":"open","ping_status":"closed","template":"","meta":[],"yoast_head":"<!-- This site is optimized with the Yoast SEO plugin v15.2.1 - https:\/\/yoast.com\/wordpress\/plugins\/seo\/ -->\n<title>Lampe de table verticale avec suspension murrines &gt; Hashenka<\/title>\n<meta name=\"robots\" content=\"index, follow, max-snippet:-1, max-image-preview:large, max-video-preview:-1\" \/>\n<link rel=\"canonical\" href=\"https:\/\/hashenka.com\/en\/boutique\/accueil\/nos-collections\/objets\/lampe-de-table-verticale-avec-suspension-murrines\/\" \/>\n<meta property=\"og:locale\" content=\"en_GB\" \/>\n<meta property=\"og:type\" content=\"article\" \/>\n<meta property=\"og:title\" content=\"Lampe de table verticale avec suspension murrines &gt; Hashenka\" \/>\n<meta property=\"og:description\" content=\"Lampe de table ou de chevet verticale, en m\u00e9tal argent\u00e9 bross\u00e9, associ\u00e9e \u00e0 une suspension millefiori forme globe drap\u00e9 en verre de Murano. Hauteur 37 cm. Avec ampoule. DISPONIBLES DANS NOS MAGASINS\" \/>\n<meta property=\"og:url\" content=\"https:\/\/hashenka.com\/en\/boutique\/accueil\/nos-collections\/objets\/lampe-de-table-verticale-avec-suspension-murrines\/\" \/>\n<meta property=\"og:site_name\" content=\"Hashenka\" \/>\n<meta property=\"article:modified_time\" content=\"2023-08-26T15:34:16+00:00\" \/>\n<meta property=\"og:image\" content=\"https:\/\/hashenka.com\/wp-content\/uploads\/2020\/11\/410-447-Lampe-de-table-verticale-avec-suspension-murrines.jpg\" \/>\n\t<meta property=\"og:image:width\" content=\"333\" \/>\n\t<meta property=\"og:image:height\" content=\"500\" \/>\n<meta name=\"twitter:card\" content=\"summary_large_image\" \/>\n<meta name=\"twitter:label1\" content=\"Written by\">\n\t<meta name=\"twitter:data1\" content=\"admin8227\">\n\t<meta name=\"twitter:label2\" content=\"Estimated reading time\">\n\t<meta name=\"twitter:data2\" content=\"0 minutes\">\n<script type=\"application\/ld+json\" class=\"yoast-schema-graph\">{\"@context\":\"https:\/\/schema.org\",\"@graph\":[{\"@type\":\"WebSite\",\"@id\":\"https:\/\/hashenka.com\/fr_fr\/#website\",\"url\":\"https:\/\/hashenka.com\/fr_fr\/\",\"name\":\"Hashenka\",\"description\":\"Bijoux et objets en verre de Murano\",\"potentialAction\":[{\"@type\":\"SearchAction\",\"target\":\"https:\/\/hashenka.com\/fr_fr\/?s={search_term_string}\",\"query-input\":\"required name=search_term_string\"}],\"inLanguage\":\"en-GB\"},{\"@type\":\"ImageObject\",\"@id\":\"https:\/\/hashenka.com\/boutique\/accueil\/nos-collections\/objets\/lampe-de-table-verticale-avec-suspension-murrines\/#primaryimage\",\"inLanguage\":\"en-GB\",\"url\":\"https:\/\/hashenka.com\/wp-content\/uploads\/2020\/11\/410-447-Lampe-de-table-verticale-avec-suspension-murrines.jpg\",\"width\":333,\"height\":500},{\"@type\":\"WebPage\",\"@id\":\"https:\/\/hashenka.com\/boutique\/accueil\/nos-collections\/objets\/lampe-de-table-verticale-avec-suspension-murrines\/#webpage\",\"url\":\"https:\/\/hashenka.com\/boutique\/accueil\/nos-collections\/objets\/lampe-de-table-verticale-avec-suspension-murrines\/\",\"name\":\"Lampe de table verticale avec suspension murrines &gt; Hashenka\",\"isPartOf\":{\"@id\":\"https:\/\/hashenka.com\/fr_fr\/#website\"},\"primaryImageOfPage\":{\"@id\":\"https:\/\/hashenka.com\/boutique\/accueil\/nos-collections\/objets\/lampe-de-table-verticale-avec-suspension-murrines\/#primaryimage\"},\"datePublished\":\"2020-11-23T14:40:41+00:00\",\"dateModified\":\"2023-08-26T15:34:16+00:00\",\"inLanguage\":\"en-GB\",\"potentialAction\":[{\"@type\":\"ReadAction\",\"target\":[\"https:\/\/hashenka.com\/boutique\/accueil\/nos-collections\/objets\/lampe-de-table-verticale-avec-suspension-murrines\/\"]}]}]}<\/script>\n<!-- \/ Yoast SEO plugin. -->","_links":{"self":[{"href":"https:\/\/hashenka.com\/en\/wp-json\/wp\/v2\/product\/1329"}],"collection":[{"href":"https:\/\/hashenka.com\/en\/wp-json\/wp\/v2\/product"}],"about":[{"href":"https:\/\/hashenka.com\/en\/wp-json\/wp\/v2\/types\/product"}],"replies":[{"embeddable":true,"href":"https:\/\/hashenka.com\/en\/wp-json\/wp\/v2\/comments?post=1329"}],"wp:featuredmedia":[{"embeddable":true,"href":"https:\/\/hashenka.com\/en\/wp-json\/wp\/v2\/media\/849"}],"wp:attachment":[{"href":"https:\/\/hashenka.com\/en\/wp-json\/wp\/v2\/media?parent=1329"}],"curies":[{"name":"wp","href":"https:\/\/api.w.org\/{rel}","templated":true}]}}