{"id":1327,"date":"2020-11-23T15:40:33","date_gmt":"2020-11-23T14:40:33","guid":{"rendered":"http:\/\/hashenka.com\/?product=import-placeholder-for-muracogmfaz2314"},"modified":"2021-01-12T18:36:53","modified_gmt":"2021-01-12T17:36:53","slug":"suspension-fazzoletto-grandes-murrines-multicolor-2","status":"publish","type":"product","link":"https:\/\/hashenka.com\/en\/boutique\/accueil\/nos-collections\/objets\/suspension-fazzoletto-grandes-murrines-multicolor-2\/","title":{"rendered":"Suspension Fazzoletto grandes murrines multicolor"},"content":{"rendered":"<p><span style=\"font-size: medium; font-family: georgia,palatino;\"><span style=\"font-size: medium; font-family: georgia,palatino; color: #464646;\"><span style=\"background: none repeat scroll 0% 0% transparent;\"><span style=\"font-size: medium; font-family: georgia,palatino; color: #464646;\">Suspension en verre de Murano compos\u00e9e de grandes murrines, couleurs tons vert\/bleu\/orange<\/span><span style=\"font-size: medium; font-family: georgia,palatino; color: #464646;\">, hauteur 19 cm, diam\u00e8tre base plus large 19 cm. Livr\u00e9e avec syst\u00e8me \u00e9lectrique.<\/span><\/span><\/span><\/span><\/p>\n<p><span style=\"font-size: 8pt;\"><span style=\"font-size: 10pt;\"><span style=\"font-size: 12pt;\"><span style=\"color: #333333;\"><span style=\"font-size: medium; font-family: georgia,palatino; color: #333333;\"><span style=\"font-size: medium; font-family: georgia,palatino; color: #333333;\"><span style=\"font-size: 10pt;\"><span style=\"font-size: 12pt;\"><span style=\"color: #333333;\"><span style=\"font-size: medium; font-family: georgia,palatino; color: #333333;\"><span style=\"font-size: 10pt;\"><span style=\"font-size: 12pt;\"><span style=\"color: #333333;\">Sur demande, cette pi\u00e8ce peut \u00eatre r\u00e9cup\u00e9r\u00e9e dans un de nos 3 magasins et r\u00e9gl\u00e9e sur place. A cette fin veuillez nous contacter (coordonn\u00e9es dans \u00ab\u00a0Nos magasins\u00a0\u00bb).<\/span><\/span><\/span><\/span><\/span><\/span><\/span><\/span><\/span><\/span><\/span><\/span><\/span><\/p>","protected":false},"excerpt":{"rendered":"<p><span style=\"font-size: medium; font-family: georgia,palatino;\"><span style=\"font-size: medium; font-family: georgia,palatino; color: #464646;\"><span style=\"background: none repeat scroll 0% 0% transparent;\"><span style=\"font-size: medium; font-family: georgia,palatino; color: #464646;\">Suspension en verre de Murano compos\u00e9e de grandes murrines, couleurs tons vert\/bleu\/orange<\/span><span style=\"font-size: medium; font-family: georgia,palatino; color: #464646;\">, hauteur 19 cm, diam\u00e8tre base plus large 19 cm. Livr\u00e9e avec syst\u00e8me \u00e9lectrique.<\/span><\/span><\/span><\/span><\/p>\n<p><span style=\"font-size: 8pt;\"><span style=\"font-size: 10pt;\"><span style=\"font-size: 12pt;\"><span style=\"color: #333333;\"><span style=\"font-size: medium; font-family: georgia,palatino; color: #333333;\"><span style=\"font-size: medium; font-family: georgia,palatino; color: #333333;\"><span style=\"font-size: 10pt;\"><span style=\"font-size: 12pt;\"><span style=\"color: #333333;\"><span style=\"font-size: medium; font-family: georgia,palatino; color: #333333;\"><span style=\"font-size: 10pt;\"><span style=\"font-size: 12pt;\"><span style=\"color: #333333;\">Sur demande, cette pi\u00e8ce peut \u00eatre r\u00e9cup\u00e9r\u00e9e dans un de nos 3 magasins et r\u00e9gl\u00e9e sur place. A cette fin veuillez nous contacter (coordonn\u00e9es dans \u00ab\u00a0Nos magasins\u00a0\u00bb).<\/span><\/span><\/span><\/span><\/span><\/span><\/span><\/span><\/span><\/span><\/span><\/span><\/span><\/p>\n<p><span style=\"font-size: medium; font-family: georgia,palatino;\">\u00a0<\/span><\/p>","protected":false},"featured_media":801,"comment_status":"open","ping_status":"closed","template":"","meta":[],"yoast_head":"<!-- This site is optimized with the Yoast SEO plugin v15.2.1 - https:\/\/yoast.com\/wordpress\/plugins\/seo\/ -->\n<title>Suspension Fazzoletto grandes murrines multicolor &gt; Hashenka<\/title>\n<meta name=\"robots\" content=\"index, follow, max-snippet:-1, max-image-preview:large, max-video-preview:-1\" \/>\n<link rel=\"canonical\" href=\"https:\/\/hashenka.com\/en\/boutique\/accueil\/nos-collections\/objets\/suspension-fazzoletto-grandes-murrines-multicolor-2\/\" \/>\n<meta property=\"og:locale\" content=\"en_GB\" \/>\n<meta property=\"og:type\" content=\"article\" \/>\n<meta property=\"og:title\" content=\"Suspension Fazzoletto grandes murrines multicolor &gt; Hashenka\" \/>\n<meta property=\"og:description\" content=\"Suspension en verre de Murano compos\u00e9e de grandes murrines, couleurs tons vert\/bleu\/orange, hauteur 19 cm, diam\u00e8tre base plus large 19 cm. Livr\u00e9e avec syst\u00e8me \u00e9lectrique.  Sur demande, cette pi\u00e8ce peut \u00eatre r\u00e9cup\u00e9r\u00e9e dans un de nos 3 magasins et r\u00e9gl\u00e9e sur place. A cette fin veuillez nous contacter (coordonn\u00e9es dans &quot;Nos magasins&quot;).  \u00a0\" \/>\n<meta property=\"og:url\" content=\"https:\/\/hashenka.com\/en\/boutique\/accueil\/nos-collections\/objets\/suspension-fazzoletto-grandes-murrines-multicolor-2\/\" \/>\n<meta property=\"og:site_name\" content=\"Hashenka\" \/>\n<meta property=\"article:modified_time\" content=\"2021-01-12T17:36:53+00:00\" \/>\n<meta property=\"og:image\" content=\"https:\/\/hashenka.com\/wp-content\/uploads\/2020\/11\/387-846-Suspension-Fazzoletto-grandes-murrines-multicolor.jpg\" \/>\n\t<meta property=\"og:image:width\" content=\"333\" \/>\n\t<meta property=\"og:image:height\" content=\"500\" \/>\n<meta name=\"twitter:card\" content=\"summary_large_image\" \/>\n<meta name=\"twitter:label1\" content=\"Written by\">\n\t<meta name=\"twitter:data1\" content=\"admin8227\">\n\t<meta name=\"twitter:label2\" content=\"Estimated reading time\">\n\t<meta name=\"twitter:data2\" content=\"0 minutes\">\n<script type=\"application\/ld+json\" class=\"yoast-schema-graph\">{\"@context\":\"https:\/\/schema.org\",\"@graph\":[{\"@type\":\"WebSite\",\"@id\":\"https:\/\/hashenka.com\/fr_fr\/#website\",\"url\":\"https:\/\/hashenka.com\/fr_fr\/\",\"name\":\"Hashenka\",\"description\":\"Bijoux et objets en verre de Murano\",\"potentialAction\":[{\"@type\":\"SearchAction\",\"target\":\"https:\/\/hashenka.com\/fr_fr\/?s={search_term_string}\",\"query-input\":\"required name=search_term_string\"}],\"inLanguage\":\"en-GB\"},{\"@type\":\"ImageObject\",\"@id\":\"http:\/\/hashenka.com\/boutique\/accueil\/nos-collections\/objets\/suspension-fazzoletto-grandes-murrines-multicolor-2\/#primaryimage\",\"inLanguage\":\"en-GB\",\"url\":\"https:\/\/hashenka.com\/wp-content\/uploads\/2020\/11\/387-846-Suspension-Fazzoletto-grandes-murrines-multicolor.jpg\",\"width\":333,\"height\":500},{\"@type\":\"WebPage\",\"@id\":\"http:\/\/hashenka.com\/boutique\/accueil\/nos-collections\/objets\/suspension-fazzoletto-grandes-murrines-multicolor-2\/#webpage\",\"url\":\"http:\/\/hashenka.com\/boutique\/accueil\/nos-collections\/objets\/suspension-fazzoletto-grandes-murrines-multicolor-2\/\",\"name\":\"Suspension Fazzoletto grandes murrines multicolor &gt; Hashenka\",\"isPartOf\":{\"@id\":\"https:\/\/hashenka.com\/fr_fr\/#website\"},\"primaryImageOfPage\":{\"@id\":\"http:\/\/hashenka.com\/boutique\/accueil\/nos-collections\/objets\/suspension-fazzoletto-grandes-murrines-multicolor-2\/#primaryimage\"},\"datePublished\":\"2020-11-23T14:40:33+00:00\",\"dateModified\":\"2021-01-12T17:36:53+00:00\",\"inLanguage\":\"en-GB\",\"potentialAction\":[{\"@type\":\"ReadAction\",\"target\":[\"http:\/\/hashenka.com\/boutique\/accueil\/nos-collections\/objets\/suspension-fazzoletto-grandes-murrines-multicolor-2\/\"]}]}]}<\/script>\n<!-- \/ Yoast SEO plugin. -->","_links":{"self":[{"href":"https:\/\/hashenka.com\/en\/wp-json\/wp\/v2\/product\/1327"}],"collection":[{"href":"https:\/\/hashenka.com\/en\/wp-json\/wp\/v2\/product"}],"about":[{"href":"https:\/\/hashenka.com\/en\/wp-json\/wp\/v2\/types\/product"}],"replies":[{"embeddable":true,"href":"https:\/\/hashenka.com\/en\/wp-json\/wp\/v2\/comments?post=1327"}],"wp:featuredmedia":[{"embeddable":true,"href":"https:\/\/hashenka.com\/en\/wp-json\/wp\/v2\/media\/801"}],"wp:attachment":[{"href":"https:\/\/hashenka.com\/en\/wp-json\/wp\/v2\/media?parent=1327"}],"curies":[{"name":"wp","href":"https:\/\/api.w.org\/{rel}","templated":true}]}}