{"id":1326,"date":"2020-11-23T15:40:33","date_gmt":"2020-11-23T14:40:33","guid":{"rendered":"http:\/\/hashenka.com\/?product=import-placeholder-for-2157"},"modified":"2021-01-12T18:35:20","modified_gmt":"2021-01-12T17:35:20","slug":"suspension-fazzoletto-grandes-murrines-tons-bleus-et-jaunes","status":"publish","type":"product","link":"https:\/\/hashenka.com\/en\/boutique\/accueil\/nos-collections\/objets\/suspension-fazzoletto-grandes-murrines-tons-bleus-et-jaunes\/","title":{"rendered":"Suspension Fazzoletto grandes murrines tons bleus et jaunes"},"content":{"rendered":"<p><span style=\"font-size: medium; font-family: georgia,palatino;\"><span style=\"font-size: medium; font-family: georgia,palatino; color: #464646;\"><span style=\"background: none repeat scroll 0% 0% transparent;\"><span style=\"font-size: medium; font-family: georgia,palatino; color: #464646;\">Suspension en verre de Murano compos\u00e9e de grandes murrines, couleurs tons vert\/bleu\/jaune<\/span><span style=\"font-size: medium; font-family: georgia,palatino; color: #464646;\">, hauteur 19 cm, diam\u00e8tre base plus large 19 cm. Livr\u00e9e avec syst\u00e8me \u00e9lectrique.<\/span><\/span><\/span><\/span><\/p>\n<p><span style=\"font-size: medium; font-family: georgia,palatino;\"><span style=\"font-size: medium; font-family: georgia,palatino; color: #464646;\"><span style=\"background: none repeat scroll 0% 0% transparent;\"><span style=\"font-size: medium; font-family: georgia,palatino; color: #464646;\"><span style=\"font-size: medium; font-family: georgia,palatino; color: #464646;\"><span style=\"background: none repeat scroll 0% 0% transparent;\"><span style=\"font-size: medium; font-family: georgia,palatino; color: #464646;\">Suspension pouvant \u00eatre livr\u00e9e sur un pied de lampe en m\u00e9tal bross\u00e9. Co\u00fbt suppl\u00e9mentaire 46 \u20ac. Prix total 185 \u20ac. Nous contacter.<\/span><\/span><\/span><\/span><\/span><\/span><\/span><\/p>\n<p><span style=\"font-size: medium; font-family: georgia,palatino;\">\u00a0<\/span><\/p>","protected":false},"excerpt":{"rendered":"<p><span style=\"font-size: medium; font-family: georgia,palatino;\"><span style=\"font-size: medium; font-family: georgia,palatino; color: #464646;\"><span style=\"background: none repeat scroll 0% 0% transparent;\"><span style=\"font-size: medium; font-family: georgia,palatino; color: #464646;\">Suspension en verre de Murano compos\u00e9e de grandes murrines, couleurs tons vert\/bleu\/jaune<\/span><span style=\"font-size: medium; font-family: georgia,palatino; color: #464646;\">, hauteur 19 cm, diam\u00e8tre base plus large 19 cm. Livr\u00e9e avec syst\u00e8me \u00e9lectrique.<\/span><\/span><\/span><\/span><\/p>\n<p><span style=\"font-size: medium; font-family: georgia,palatino;\"><span style=\"font-size: medium; font-family: georgia,palatino; color: #464646;\"><span style=\"background: none repeat scroll 0% 0% transparent;\"><span style=\"font-size: medium; font-family: georgia,palatino; color: #464646;\"><span style=\"font-size: medium; font-family: georgia,palatino; color: #464646;\"><span style=\"background: none repeat scroll 0% 0% transparent;\"><span style=\"font-size: medium; font-family: georgia,palatino; color: #464646;\">Suspension pouvant \u00eatre livr\u00e9e sur un pied de lampe en m\u00e9tal bross\u00e9. Co\u00fbt suppl\u00e9mentaire 46 \u20ac. Prix total 185 \u20ac. Nous contacter.<\/span><\/span><\/span><\/span><\/span><\/span><\/span><\/p>\n<p><span style=\"font-size: medium; font-family: georgia,palatino;\">\u00a0<\/span><\/p>","protected":false},"featured_media":724,"comment_status":"open","ping_status":"closed","template":"","meta":[],"yoast_head":"<!-- This site is optimized with the Yoast SEO plugin v15.2.1 - https:\/\/yoast.com\/wordpress\/plugins\/seo\/ -->\n<title>Suspension Fazzoletto grandes murrines tons bleus et jaunes &gt; Hashenka<\/title>\n<meta name=\"robots\" content=\"index, follow, max-snippet:-1, max-image-preview:large, max-video-preview:-1\" \/>\n<link rel=\"canonical\" href=\"https:\/\/hashenka.com\/en\/boutique\/accueil\/nos-collections\/objets\/suspension-fazzoletto-grandes-murrines-tons-bleus-et-jaunes\/\" \/>\n<meta property=\"og:locale\" content=\"en_GB\" \/>\n<meta property=\"og:type\" content=\"article\" \/>\n<meta property=\"og:title\" content=\"Suspension Fazzoletto grandes murrines tons bleus et jaunes &gt; Hashenka\" \/>\n<meta property=\"og:description\" content=\"Suspension en verre de Murano compos\u00e9e de grandes murrines, couleurs tons vert\/bleu\/jaune, hauteur 19 cm, diam\u00e8tre base plus large 19 cm. Livr\u00e9e avec syst\u00e8me \u00e9lectrique.  Suspension pouvant \u00eatre livr\u00e9e sur un pied de lampe en m\u00e9tal bross\u00e9. Co\u00fbt suppl\u00e9mentaire 46 \u20ac. Prix total 185 \u20ac. Nous contacter.  \u00a0\" \/>\n<meta property=\"og:url\" content=\"https:\/\/hashenka.com\/en\/boutique\/accueil\/nos-collections\/objets\/suspension-fazzoletto-grandes-murrines-tons-bleus-et-jaunes\/\" \/>\n<meta property=\"og:site_name\" content=\"Hashenka\" \/>\n<meta property=\"article:modified_time\" content=\"2021-01-12T17:35:20+00:00\" \/>\n<meta property=\"og:image\" content=\"https:\/\/hashenka.com\/wp-content\/uploads\/2020\/11\/337-887-Suspension-Fazzoletto-grandes-murrines-tons-bleus-et-jaunes.jpg\" \/>\n\t<meta property=\"og:image:width\" content=\"333\" \/>\n\t<meta property=\"og:image:height\" content=\"500\" \/>\n<meta name=\"twitter:card\" content=\"summary_large_image\" \/>\n<meta name=\"twitter:label1\" content=\"Written by\">\n\t<meta name=\"twitter:data1\" content=\"admin8227\">\n\t<meta name=\"twitter:label2\" content=\"Estimated reading time\">\n\t<meta name=\"twitter:data2\" content=\"0 minutes\">\n<script type=\"application\/ld+json\" class=\"yoast-schema-graph\">{\"@context\":\"https:\/\/schema.org\",\"@graph\":[{\"@type\":\"WebSite\",\"@id\":\"https:\/\/hashenka.com\/fr_fr\/#website\",\"url\":\"https:\/\/hashenka.com\/fr_fr\/\",\"name\":\"Hashenka\",\"description\":\"Bijoux et objets en verre de Murano\",\"potentialAction\":[{\"@type\":\"SearchAction\",\"target\":\"https:\/\/hashenka.com\/fr_fr\/?s={search_term_string}\",\"query-input\":\"required name=search_term_string\"}],\"inLanguage\":\"en-GB\"},{\"@type\":\"ImageObject\",\"@id\":\"http:\/\/hashenka.com\/boutique\/accueil\/nos-collections\/objets\/suspension-fazzoletto-grandes-murrines-tons-bleus-et-jaunes\/#primaryimage\",\"inLanguage\":\"en-GB\",\"url\":\"https:\/\/hashenka.com\/wp-content\/uploads\/2020\/11\/337-887-Suspension-Fazzoletto-grandes-murrines-tons-bleus-et-jaunes.jpg\",\"width\":333,\"height\":500},{\"@type\":\"WebPage\",\"@id\":\"http:\/\/hashenka.com\/boutique\/accueil\/nos-collections\/objets\/suspension-fazzoletto-grandes-murrines-tons-bleus-et-jaunes\/#webpage\",\"url\":\"http:\/\/hashenka.com\/boutique\/accueil\/nos-collections\/objets\/suspension-fazzoletto-grandes-murrines-tons-bleus-et-jaunes\/\",\"name\":\"Suspension Fazzoletto grandes murrines tons bleus et jaunes &gt; Hashenka\",\"isPartOf\":{\"@id\":\"https:\/\/hashenka.com\/fr_fr\/#website\"},\"primaryImageOfPage\":{\"@id\":\"http:\/\/hashenka.com\/boutique\/accueil\/nos-collections\/objets\/suspension-fazzoletto-grandes-murrines-tons-bleus-et-jaunes\/#primaryimage\"},\"datePublished\":\"2020-11-23T14:40:33+00:00\",\"dateModified\":\"2021-01-12T17:35:20+00:00\",\"inLanguage\":\"en-GB\",\"potentialAction\":[{\"@type\":\"ReadAction\",\"target\":[\"http:\/\/hashenka.com\/boutique\/accueil\/nos-collections\/objets\/suspension-fazzoletto-grandes-murrines-tons-bleus-et-jaunes\/\"]}]}]}<\/script>\n<!-- \/ Yoast SEO plugin. -->","_links":{"self":[{"href":"https:\/\/hashenka.com\/en\/wp-json\/wp\/v2\/product\/1326"}],"collection":[{"href":"https:\/\/hashenka.com\/en\/wp-json\/wp\/v2\/product"}],"about":[{"href":"https:\/\/hashenka.com\/en\/wp-json\/wp\/v2\/types\/product"}],"replies":[{"embeddable":true,"href":"https:\/\/hashenka.com\/en\/wp-json\/wp\/v2\/comments?post=1326"}],"wp:featuredmedia":[{"embeddable":true,"href":"https:\/\/hashenka.com\/en\/wp-json\/wp\/v2\/media\/724"}],"wp:attachment":[{"href":"https:\/\/hashenka.com\/en\/wp-json\/wp\/v2\/media?parent=1326"}],"curies":[{"name":"wp","href":"https:\/\/api.w.org\/{rel}","templated":true}]}}