{"id":1322,"date":"2020-11-23T15:40:32","date_gmt":"2020-11-23T14:40:32","guid":{"rendered":"http:\/\/hashenka.com\/?product=import-placeholder-for-lpdtmd9"},"modified":"2025-07-01T11:50:06","modified_gmt":"2025-07-01T09:50:06","slug":"lampe-design-drapee-millefiori","status":"publish","type":"product","link":"https:\/\/hashenka.com\/en\/boutique\/accueil\/nos-collections\/objets\/lampe-design-drapee-millefiori\/","title":{"rendered":"Lampe Design drap\u00e9e millefiori"},"content":{"rendered":"<p><span style=\"font-size: medium; font-family: book antiqua,palatino;\">Lampe drap\u00e9e millefiori sur pied en m\u00e9tal argent\u00e9 bross\u00e9. Hauteur 39 cm, largeur 23 cm.<\/span><\/p>\n<p><span style=\"font-size: medium; font-family: book antiqua,palatino;\"><span style=\"font-size: medium; font-family: book antiqua,palatino;\"><strong><span style=\"font-size: 10pt; color: #333333;\"><span style=\"font-size: 10pt; color: #333333; font-family: arial,helvetica,sans-serif;\">DISPONIBLE DANS LE MAGASIN DE TOURS<\/span><\/span><\/strong><\/span><\/span><\/p>","protected":false},"excerpt":{"rendered":"<p><span style=\"font-size: medium; font-family: book antiqua,palatino;\">Lampe drap\u00e9e millefiori sur pied en m\u00e9tal argent\u00e9 bross\u00e9. Hauteur 39 cm, largeur 23 cm.<\/span><\/p>\n<p><span style=\"font-size: medium; font-family: book antiqua,palatino;\"><strong><span style=\"font-size: 10pt; color: #333333;\"><span style=\"font-size: 10pt; color: #333333; font-family: arial,helvetica,sans-serif;\">DISPONIBLE DANS LE MAGASIN DE TOURS<br \/>\n<\/span><\/span><\/strong><\/span><\/p>","protected":false},"featured_media":730,"comment_status":"open","ping_status":"closed","template":"","meta":[],"yoast_head":"<!-- This site is optimized with the Yoast SEO plugin v15.2.1 - https:\/\/yoast.com\/wordpress\/plugins\/seo\/ -->\n<title>Lampe Design drap\u00e9e millefiori &gt; Hashenka<\/title>\n<meta name=\"robots\" content=\"index, follow, max-snippet:-1, max-image-preview:large, max-video-preview:-1\" \/>\n<link rel=\"canonical\" href=\"https:\/\/hashenka.com\/en\/boutique\/accueil\/nos-collections\/objets\/lampe-design-drapee-millefiori\/\" \/>\n<meta property=\"og:locale\" content=\"en_GB\" \/>\n<meta property=\"og:type\" content=\"article\" \/>\n<meta property=\"og:title\" content=\"Lampe Design drap\u00e9e millefiori &gt; Hashenka\" \/>\n<meta property=\"og:description\" content=\"Lampe drap\u00e9e millefiori sur pied en m\u00e9tal argent\u00e9 bross\u00e9. Hauteur 39 cm, largeur 23 cm.  DISPONIBLE DANS LE MAGASIN DE TOURS\" \/>\n<meta property=\"og:url\" content=\"https:\/\/hashenka.com\/en\/boutique\/accueil\/nos-collections\/objets\/lampe-design-drapee-millefiori\/\" \/>\n<meta property=\"og:site_name\" content=\"Hashenka\" \/>\n<meta property=\"article:modified_time\" content=\"2025-07-01T09:50:06+00:00\" \/>\n<meta property=\"og:image\" content=\"https:\/\/hashenka.com\/wp-content\/uploads\/2020\/11\/343-588-Lampe-Design-drapee-millefiori.jpg\" \/>\n\t<meta property=\"og:image:width\" content=\"333\" \/>\n\t<meta property=\"og:image:height\" content=\"500\" \/>\n<meta name=\"twitter:card\" content=\"summary_large_image\" \/>\n<meta name=\"twitter:label1\" content=\"Written by\">\n\t<meta name=\"twitter:data1\" content=\"admin8227\">\n\t<meta name=\"twitter:label2\" content=\"Estimated reading time\">\n\t<meta name=\"twitter:data2\" content=\"0 minutes\">\n<script type=\"application\/ld+json\" class=\"yoast-schema-graph\">{\"@context\":\"https:\/\/schema.org\",\"@graph\":[{\"@type\":\"WebSite\",\"@id\":\"https:\/\/hashenka.com\/fr_fr\/#website\",\"url\":\"https:\/\/hashenka.com\/fr_fr\/\",\"name\":\"Hashenka\",\"description\":\"Bijoux et objets en verre de Murano\",\"potentialAction\":[{\"@type\":\"SearchAction\",\"target\":\"https:\/\/hashenka.com\/fr_fr\/?s={search_term_string}\",\"query-input\":\"required name=search_term_string\"}],\"inLanguage\":\"en-GB\"},{\"@type\":\"ImageObject\",\"@id\":\"https:\/\/hashenka.com\/boutique\/accueil\/nos-collections\/objets\/lampe-design-drapee-millefiori\/#primaryimage\",\"inLanguage\":\"en-GB\",\"url\":\"https:\/\/hashenka.com\/wp-content\/uploads\/2020\/11\/343-588-Lampe-Design-drapee-millefiori.jpg\",\"width\":333,\"height\":500},{\"@type\":\"WebPage\",\"@id\":\"https:\/\/hashenka.com\/boutique\/accueil\/nos-collections\/objets\/lampe-design-drapee-millefiori\/#webpage\",\"url\":\"https:\/\/hashenka.com\/boutique\/accueil\/nos-collections\/objets\/lampe-design-drapee-millefiori\/\",\"name\":\"Lampe Design drap\\u00e9e millefiori &gt; Hashenka\",\"isPartOf\":{\"@id\":\"https:\/\/hashenka.com\/fr_fr\/#website\"},\"primaryImageOfPage\":{\"@id\":\"https:\/\/hashenka.com\/boutique\/accueil\/nos-collections\/objets\/lampe-design-drapee-millefiori\/#primaryimage\"},\"datePublished\":\"2020-11-23T14:40:32+00:00\",\"dateModified\":\"2025-07-01T09:50:06+00:00\",\"inLanguage\":\"en-GB\",\"potentialAction\":[{\"@type\":\"ReadAction\",\"target\":[\"https:\/\/hashenka.com\/boutique\/accueil\/nos-collections\/objets\/lampe-design-drapee-millefiori\/\"]}]}]}<\/script>\n<!-- \/ Yoast SEO plugin. -->","_links":{"self":[{"href":"https:\/\/hashenka.com\/en\/wp-json\/wp\/v2\/product\/1322"}],"collection":[{"href":"https:\/\/hashenka.com\/en\/wp-json\/wp\/v2\/product"}],"about":[{"href":"https:\/\/hashenka.com\/en\/wp-json\/wp\/v2\/types\/product"}],"replies":[{"embeddable":true,"href":"https:\/\/hashenka.com\/en\/wp-json\/wp\/v2\/comments?post=1322"}],"wp:featuredmedia":[{"embeddable":true,"href":"https:\/\/hashenka.com\/en\/wp-json\/wp\/v2\/media\/730"}],"wp:attachment":[{"href":"https:\/\/hashenka.com\/en\/wp-json\/wp\/v2\/media?parent=1322"}],"curies":[{"name":"wp","href":"https:\/\/api.w.org\/{rel}","templated":true}]}}