{"id":1316,"date":"2020-11-23T15:40:21","date_gmt":"2020-11-23T14:40:21","guid":{"rendered":"http:\/\/hashenka.com\/?product=import-placeholder-for-muracovagdq23"},"modified":"2021-01-13T16:12:38","modified_gmt":"2021-01-13T15:12:38","slug":"vase-gd-murrines-quadra-tons-vert-et-turquoise","status":"publish","type":"product","link":"https:\/\/hashenka.com\/en\/boutique\/accueil\/nos-collections\/objets\/vase-gd-murrines-quadra-tons-vert-et-turquoise\/","title":{"rendered":"Vase GD murrines quadra tons vert et turquoise"},"content":{"rendered":"<p style=\"text-align: left;\"><span style=\"font-size: 10pt;\"><span style=\"font-size: 12pt;\"><span style=\"color: #333333;\">Vase en verre de Murano, compos\u00e9 de grandes murrines uniques r\u00e9alis\u00e9es par l&rsquo;artisan, tons verts et turquoises, hauteur 24 cm, largeur de l&rsquo;ouverture carr\u00e9 12,50 x 12,50 cm.<\/span><\/span><\/span><\/p>\n<p style=\"text-align: left;\"><span style=\"font-size: 10pt;\"><span style=\"font-size: 12pt;\"><span style=\"color: #333333;\"><span style=\"font-size: medium; font-family: georgia,palatino; color: #333333;\"><span style=\"font-size: medium; font-family: georgia,palatino; color: #333333;\"><span style=\"font-size: 10pt;\"><span style=\"font-size: 12pt;\"><span style=\"color: #333333;\"><span style=\"font-size: medium; font-family: georgia,palatino; color: #333333;\"><span style=\"font-size: 10pt;\"><span style=\"font-size: 12pt;\"><span style=\"color: #333333;\">Sur demande, cette pi\u00e8ce peut \u00eatre r\u00e9cup\u00e9r\u00e9e dans un de nos 3 magasins et r\u00e9gl\u00e9e sur place. A cette fin veuillez nous contacter (coordonn\u00e9es dans \u00ab\u00a0Nos magasins\u00a0\u00bb).<\/span><\/span><\/span><\/span><\/span><\/span><\/span><\/span><\/span><\/span><\/span><\/span><\/p>","protected":false},"excerpt":{"rendered":"<p style=\"text-align: left;\"><span style=\"font-size: 10pt;\"><span style=\"font-size: 12pt;\"><span style=\"color: #333333;\">Vase en verre de Murano, compos\u00e9 de grandes murrines uniques r\u00e9alis\u00e9es par l&rsquo;artisan, tons verts et turquoises, hauteur 24 cm, largeur de l&rsquo;ouverture carr\u00e9 12,50 x 12,50 cm.<\/span><\/span><\/span><\/p>\n<p style=\"text-align: left;\"><span style=\"font-size: 10pt;\"><span style=\"font-size: 12pt;\"><span style=\"color: #333333;\"><span style=\"font-size: medium; font-family: georgia,palatino; color: #333333;\"><span style=\"font-size: medium; font-family: georgia,palatino; color: #333333;\"><span style=\"font-size: 10pt;\"><span style=\"font-size: 12pt;\"><span style=\"color: #333333;\"><span style=\"font-size: medium; font-family: georgia,palatino; color: #333333;\"><span style=\"font-size: 10pt;\"><span style=\"font-size: 12pt;\"><span style=\"color: #333333;\">Sur demande, cette pi\u00e8ce peut \u00eatre r\u00e9cup\u00e9r\u00e9e dans un de nos 3 magasins et r\u00e9gl\u00e9e sur place. A cette fin veuillez nous contacter (coordonn\u00e9es dans \u00ab\u00a0Nos magasins\u00a0\u00bb).<\/span><\/span><\/span><\/span><\/span><\/span><\/span><\/span><\/span><\/span><\/span><\/span><\/p>","protected":false},"featured_media":854,"comment_status":"open","ping_status":"closed","template":"","meta":[],"yoast_head":"<!-- This site is optimized with the Yoast SEO plugin v15.2.1 - https:\/\/yoast.com\/wordpress\/plugins\/seo\/ -->\n<title>Vase GD murrines quadra tons vert et turquoise &gt; Hashenka<\/title>\n<meta name=\"robots\" content=\"index, follow, max-snippet:-1, max-image-preview:large, max-video-preview:-1\" \/>\n<link rel=\"canonical\" href=\"https:\/\/hashenka.com\/en\/boutique\/accueil\/nos-collections\/objets\/vase-gd-murrines-quadra-tons-vert-et-turquoise\/\" \/>\n<meta property=\"og:locale\" content=\"en_GB\" \/>\n<meta property=\"og:type\" content=\"article\" \/>\n<meta property=\"og:title\" content=\"Vase GD murrines quadra tons vert et turquoise &gt; Hashenka\" \/>\n<meta property=\"og:description\" content=\"Vase en verre de Murano, compos\u00e9 de grandes murrines uniques r\u00e9alis\u00e9es par l&#039;artisan, tons verts et turquoises, hauteur 24 cm, largeur de l&#039;ouverture carr\u00e9 12,50 x 12,50 cm. Sur demande, cette pi\u00e8ce peut \u00eatre r\u00e9cup\u00e9r\u00e9e dans un de nos 3 magasins et r\u00e9gl\u00e9e sur place. A cette fin veuillez nous contacter (coordonn\u00e9es dans &quot;Nos magasins&quot;).\" \/>\n<meta property=\"og:url\" content=\"https:\/\/hashenka.com\/en\/boutique\/accueil\/nos-collections\/objets\/vase-gd-murrines-quadra-tons-vert-et-turquoise\/\" \/>\n<meta property=\"og:site_name\" content=\"Hashenka\" \/>\n<meta property=\"article:modified_time\" content=\"2021-01-13T15:12:38+00:00\" \/>\n<meta property=\"og:image\" content=\"https:\/\/hashenka.com\/wp-content\/uploads\/2020\/11\/415-797-Vase-GD-murrines-quadra-tons-vert-et-turquoise.jpg\" \/>\n\t<meta property=\"og:image:width\" content=\"333\" \/>\n\t<meta property=\"og:image:height\" content=\"500\" \/>\n<meta name=\"twitter:card\" content=\"summary_large_image\" \/>\n<meta name=\"twitter:label1\" content=\"Written by\">\n\t<meta name=\"twitter:data1\" content=\"admin8227\">\n\t<meta name=\"twitter:label2\" content=\"Estimated reading time\">\n\t<meta name=\"twitter:data2\" content=\"0 minutes\">\n<script type=\"application\/ld+json\" class=\"yoast-schema-graph\">{\"@context\":\"https:\/\/schema.org\",\"@graph\":[{\"@type\":\"WebSite\",\"@id\":\"https:\/\/hashenka.com\/fr_fr\/#website\",\"url\":\"https:\/\/hashenka.com\/fr_fr\/\",\"name\":\"Hashenka\",\"description\":\"Bijoux et objets en verre de Murano\",\"potentialAction\":[{\"@type\":\"SearchAction\",\"target\":\"https:\/\/hashenka.com\/fr_fr\/?s={search_term_string}\",\"query-input\":\"required name=search_term_string\"}],\"inLanguage\":\"en-GB\"},{\"@type\":\"ImageObject\",\"@id\":\"http:\/\/hashenka.com\/boutique\/accueil\/nos-collections\/objets\/vase-gd-murrines-quadra-tons-vert-et-turquoise\/#primaryimage\",\"inLanguage\":\"en-GB\",\"url\":\"https:\/\/hashenka.com\/wp-content\/uploads\/2020\/11\/415-797-Vase-GD-murrines-quadra-tons-vert-et-turquoise.jpg\",\"width\":333,\"height\":500},{\"@type\":\"WebPage\",\"@id\":\"http:\/\/hashenka.com\/boutique\/accueil\/nos-collections\/objets\/vase-gd-murrines-quadra-tons-vert-et-turquoise\/#webpage\",\"url\":\"http:\/\/hashenka.com\/boutique\/accueil\/nos-collections\/objets\/vase-gd-murrines-quadra-tons-vert-et-turquoise\/\",\"name\":\"Vase GD murrines quadra tons vert et turquoise &gt; Hashenka\",\"isPartOf\":{\"@id\":\"https:\/\/hashenka.com\/fr_fr\/#website\"},\"primaryImageOfPage\":{\"@id\":\"http:\/\/hashenka.com\/boutique\/accueil\/nos-collections\/objets\/vase-gd-murrines-quadra-tons-vert-et-turquoise\/#primaryimage\"},\"datePublished\":\"2020-11-23T14:40:21+00:00\",\"dateModified\":\"2021-01-13T15:12:38+00:00\",\"inLanguage\":\"en-GB\",\"potentialAction\":[{\"@type\":\"ReadAction\",\"target\":[\"http:\/\/hashenka.com\/boutique\/accueil\/nos-collections\/objets\/vase-gd-murrines-quadra-tons-vert-et-turquoise\/\"]}]}]}<\/script>\n<!-- \/ Yoast SEO plugin. -->","_links":{"self":[{"href":"https:\/\/hashenka.com\/en\/wp-json\/wp\/v2\/product\/1316"}],"collection":[{"href":"https:\/\/hashenka.com\/en\/wp-json\/wp\/v2\/product"}],"about":[{"href":"https:\/\/hashenka.com\/en\/wp-json\/wp\/v2\/types\/product"}],"replies":[{"embeddable":true,"href":"https:\/\/hashenka.com\/en\/wp-json\/wp\/v2\/comments?post=1316"}],"wp:featuredmedia":[{"embeddable":true,"href":"https:\/\/hashenka.com\/en\/wp-json\/wp\/v2\/media\/854"}],"wp:attachment":[{"href":"https:\/\/hashenka.com\/en\/wp-json\/wp\/v2\/media?parent=1316"}],"curies":[{"name":"wp","href":"https:\/\/api.w.org\/{rel}","templated":true}]}}