{"id":1286,"date":"2020-11-23T15:40:04","date_gmt":"2020-11-23T14:40:04","guid":{"rendered":"http:\/\/hashenka.com\/?product=import-placeholder-for-muracovaptam23"},"modified":"2024-01-27T09:08:36","modified_gmt":"2024-01-27T08:08:36","slug":"petit-vase-amphore-murrines-tons-vert-et-turquoise","status":"publish","type":"product","link":"https:\/\/hashenka.com\/en\/boutique\/accueil\/nos-collections\/objets\/petit-vase-amphore-murrines-tons-vert-et-turquoise\/","title":{"rendered":"Petit vase amphore murrines tons vert et turquoise"},"content":{"rendered":"<p style=\"text-align: left;\"><span style=\"font-size: medium; font-family: georgia,palatino; color: #464646;\"><span style=\"background: none repeat scroll 0% 0% transparent;\"><span><span style=\"font-size: 10pt;\"><span style=\"font-size: 12pt;\"><span style=\"color: #333333;\">Petit vase en verre de Murano, forme amphore, compos\u00e9 de grandes murrines uniques r\u00e9alis\u00e9es par l&rsquo;artisan, tons verts, turquoises et bleus, hauteur 15 cm. Pi\u00e8ce sign\u00e9e.<\/span><\/span><\/span><\/span><\/span><\/span><\/p>","protected":false},"excerpt":{"rendered":"<p style=\"text-align: left;\">\u00a0<\/p>\n<div id=\"short_description_block\">\n<div id=\"short_description_content\">\n<p style=\"text-align: left;\"><span style=\"font-size: 10pt;\"><span style=\"font-size: 12pt;\"><span style=\"color: #333333;\">Petit vase en verre de Murano, forme amphore, compos\u00e9 de grandes murrines uniques r\u00e9alis\u00e9es par l&rsquo;artisan, tons verts, turquoises et bleus, hauteur 15 cm. Pi\u00e8ce sign\u00e9e.<br \/><\/span><\/span><\/span><\/p>\n<\/p><\/div>\n<\/p><\/div>\n<p style=\"text-align: left;\"><span style=\"font-size: medium; font-family: georgia,palatino; color: #464646;\"><span style=\"background: none repeat scroll 0% 0% transparent;\"><span><br \/><\/span><\/span><\/span><\/p>","protected":false},"featured_media":674,"comment_status":"open","ping_status":"closed","template":"","meta":[],"yoast_head":"<!-- This site is optimized with the Yoast SEO plugin v15.2.1 - https:\/\/yoast.com\/wordpress\/plugins\/seo\/ -->\n<title>Petit vase amphore murrines tons vert et turquoise &gt; Hashenka<\/title>\n<meta name=\"robots\" content=\"index, follow, max-snippet:-1, max-image-preview:large, max-video-preview:-1\" \/>\n<link rel=\"canonical\" href=\"https:\/\/hashenka.com\/en\/boutique\/accueil\/nos-collections\/objets\/petit-vase-amphore-murrines-tons-vert-et-turquoise\/\" \/>\n<meta property=\"og:locale\" content=\"en_GB\" \/>\n<meta property=\"og:type\" content=\"article\" \/>\n<meta property=\"og:title\" content=\"Petit vase amphore murrines tons vert et turquoise &gt; Hashenka\" \/>\n<meta property=\"og:description\" content=\"\u00a0  Petit vase en verre de Murano, forme amphore, compos\u00e9 de grandes murrines uniques r\u00e9alis\u00e9es par l&#039;artisan, tons verts, turquoises et bleus, hauteur 15 cm. Pi\u00e8ce sign\u00e9e.\" \/>\n<meta property=\"og:url\" content=\"https:\/\/hashenka.com\/en\/boutique\/accueil\/nos-collections\/objets\/petit-vase-amphore-murrines-tons-vert-et-turquoise\/\" \/>\n<meta property=\"og:site_name\" content=\"Hashenka\" \/>\n<meta property=\"article:modified_time\" content=\"2024-01-27T08:08:36+00:00\" \/>\n<meta property=\"og:image\" content=\"https:\/\/hashenka.com\/wp-content\/uploads\/2020\/11\/304-880-Petit-vase-amphore-murrines-tons-vert-et-turquoise.jpg\" \/>\n\t<meta property=\"og:image:width\" content=\"333\" \/>\n\t<meta property=\"og:image:height\" content=\"500\" \/>\n<meta name=\"twitter:card\" content=\"summary_large_image\" \/>\n<meta name=\"twitter:label1\" content=\"Written by\">\n\t<meta name=\"twitter:data1\" content=\"admin8227\">\n\t<meta name=\"twitter:label2\" content=\"Estimated reading time\">\n\t<meta name=\"twitter:data2\" content=\"0 minutes\">\n<script type=\"application\/ld+json\" class=\"yoast-schema-graph\">{\"@context\":\"https:\/\/schema.org\",\"@graph\":[{\"@type\":\"WebSite\",\"@id\":\"https:\/\/hashenka.com\/fr_fr\/#website\",\"url\":\"https:\/\/hashenka.com\/fr_fr\/\",\"name\":\"Hashenka\",\"description\":\"Bijoux et objets en verre de Murano\",\"potentialAction\":[{\"@type\":\"SearchAction\",\"target\":\"https:\/\/hashenka.com\/fr_fr\/?s={search_term_string}\",\"query-input\":\"required name=search_term_string\"}],\"inLanguage\":\"en-GB\"},{\"@type\":\"ImageObject\",\"@id\":\"https:\/\/hashenka.com\/boutique\/accueil\/nos-collections\/objets\/petit-vase-amphore-murrines-tons-vert-et-turquoise\/#primaryimage\",\"inLanguage\":\"en-GB\",\"url\":\"https:\/\/hashenka.com\/wp-content\/uploads\/2020\/11\/304-880-Petit-vase-amphore-murrines-tons-vert-et-turquoise.jpg\",\"width\":333,\"height\":500},{\"@type\":\"WebPage\",\"@id\":\"https:\/\/hashenka.com\/boutique\/accueil\/nos-collections\/objets\/petit-vase-amphore-murrines-tons-vert-et-turquoise\/#webpage\",\"url\":\"https:\/\/hashenka.com\/boutique\/accueil\/nos-collections\/objets\/petit-vase-amphore-murrines-tons-vert-et-turquoise\/\",\"name\":\"Petit vase amphore murrines tons vert et turquoise &gt; Hashenka\",\"isPartOf\":{\"@id\":\"https:\/\/hashenka.com\/fr_fr\/#website\"},\"primaryImageOfPage\":{\"@id\":\"https:\/\/hashenka.com\/boutique\/accueil\/nos-collections\/objets\/petit-vase-amphore-murrines-tons-vert-et-turquoise\/#primaryimage\"},\"datePublished\":\"2020-11-23T14:40:04+00:00\",\"dateModified\":\"2024-01-27T08:08:36+00:00\",\"inLanguage\":\"en-GB\",\"potentialAction\":[{\"@type\":\"ReadAction\",\"target\":[\"https:\/\/hashenka.com\/boutique\/accueil\/nos-collections\/objets\/petit-vase-amphore-murrines-tons-vert-et-turquoise\/\"]}]}]}<\/script>\n<!-- \/ Yoast SEO plugin. -->","_links":{"self":[{"href":"https:\/\/hashenka.com\/en\/wp-json\/wp\/v2\/product\/1286"}],"collection":[{"href":"https:\/\/hashenka.com\/en\/wp-json\/wp\/v2\/product"}],"about":[{"href":"https:\/\/hashenka.com\/en\/wp-json\/wp\/v2\/types\/product"}],"replies":[{"embeddable":true,"href":"https:\/\/hashenka.com\/en\/wp-json\/wp\/v2\/comments?post=1286"}],"wp:featuredmedia":[{"embeddable":true,"href":"https:\/\/hashenka.com\/en\/wp-json\/wp\/v2\/media\/674"}],"wp:attachment":[{"href":"https:\/\/hashenka.com\/en\/wp-json\/wp\/v2\/media?parent=1286"}],"curies":[{"name":"wp","href":"https:\/\/api.w.org\/{rel}","templated":true}]}}