{"id":1251,"date":"2020-11-23T15:39:36","date_gmt":"2020-11-23T14:39:36","guid":{"rendered":"http:\/\/hashenka.com\/?product=import-placeholder-for-muracommfazs03"},"modified":"2023-10-23T18:35:02","modified_gmt":"2023-10-23T16:35:02","slug":"suspension-murrines-millefiori-bleues-fazzoletto","status":"publish","type":"product","link":"https:\/\/hashenka.com\/en\/boutique\/accueil\/nos-collections\/objets\/suspension-murrines-millefiori-bleues-fazzoletto\/","title":{"rendered":"Suspension Murrines millefiori bleues Fazzoletto"},"content":{"rendered":"<p><span style=\"font-size: medium; font-family: georgia,palatino;\"><span style=\"font-size: medium; font-family: georgia,palatino; color: #464646;\"><span style=\"background: none repeat scroll 0% 0% transparent;\"><span style=\"font-size: medium; font-family: georgia,palatino; color: #464646;\">Suspension en verre de Murano compos\u00e9e de murrines millefiori, tons bleus<\/span><span style=\"font-size: medium; font-family: georgia,palatino; color: #464646;\">, hauteur 19 cm, diam\u00e8tre base plus large 19 cm. Livr\u00e9e avec syst\u00e8me \u00e9lectrique.<\/span><\/span><\/span><\/span><\/p>\n<p><span style=\"font-size: medium; font-family: georgia,palatino;\"><span style=\"font-size: medium; font-family: georgia,palatino; color: #464646;\"><span style=\"background: none repeat scroll 0% 0% transparent;\"><span style=\"font-size: medium; font-family: georgia,palatino; color: #464646;\"><span style=\"font-size: medium; font-family: georgia,palatino; color: #464646;\"><span style=\"background: none repeat scroll 0% 0% transparent;\"><span style=\"font-size: medium; font-family: georgia,palatino; color: #464646;\">Suspension pouvant \u00eatre livr\u00e9e sur un pied de lampe en m\u00e9tal bross\u00e9. Co\u00fbt suppl\u00e9mentaire 46 \u20ac. Prix total 195 \u20ac. Nous contacter.<\/span><\/span><\/span><\/span><\/span><\/span><\/span><\/p>\n<p><span style=\"font-size: 12pt;\"><span style=\"font-size: 12pt; color: #000000; font-family: trebuchet ms, geneva;\"><span style=\"font-size: medium;\"><span style=\"font-size: 12pt;\">\u00a0<\/span><\/span><\/span><\/span><\/p>","protected":false},"excerpt":{"rendered":"<p><span style=\"font-size: medium; font-family: georgia,palatino;\"><span style=\"font-size: medium; font-family: georgia,palatino; color: #464646;\"><span style=\"background: none repeat scroll 0% 0% transparent;\"><span style=\"font-size: medium; font-family: georgia,palatino; color: #464646;\">Suspension en verre de Murano compos\u00e9e de murrines millefiori, tons bleus<\/span><span style=\"font-size: medium; font-family: georgia,palatino; color: #464646;\">, hauteur 19 cm, diam\u00e8tre base plus large 19 cm. Livr\u00e9e avec syst\u00e8me \u00e9lectrique.<\/span><\/span><\/span><\/span><\/p>\n<p><span style=\"font-size: medium; font-family: georgia,palatino;\"><span style=\"font-size: medium; font-family: georgia,palatino; color: #464646;\"><span style=\"background: none repeat scroll 0% 0% transparent;\"><span style=\"font-size: medium; font-family: georgia,palatino; color: #464646;\"><span style=\"font-size: medium; font-family: georgia,palatino; color: #464646;\"><span style=\"background: none repeat scroll 0% 0% transparent;\"><span style=\"font-size: medium; font-family: georgia,palatino; color: #464646;\">Suspension pouvant \u00eatre livr\u00e9e sur un pied de lampe en m\u00e9tal bross\u00e9. Co\u00fbt suppl\u00e9mentaire 46 \u20ac. Prix total 195 \u20ac. Nous contacter.<\/span><\/span><\/span><\/span><\/span><\/span><\/span><\/p>","protected":false},"featured_media":757,"comment_status":"open","ping_status":"closed","template":"","meta":[],"yoast_head":"<!-- This site is optimized with the Yoast SEO plugin v15.2.1 - https:\/\/yoast.com\/wordpress\/plugins\/seo\/ -->\n<title>Suspension Murrines millefiori bleues Fazzoletto &gt; Hashenka<\/title>\n<meta name=\"robots\" content=\"index, follow, max-snippet:-1, max-image-preview:large, max-video-preview:-1\" \/>\n<link rel=\"canonical\" href=\"https:\/\/hashenka.com\/en\/boutique\/accueil\/nos-collections\/objets\/suspension-murrines-millefiori-bleues-fazzoletto\/\" \/>\n<meta property=\"og:locale\" content=\"en_GB\" \/>\n<meta property=\"og:type\" content=\"article\" \/>\n<meta property=\"og:title\" content=\"Suspension Murrines millefiori bleues Fazzoletto &gt; Hashenka\" \/>\n<meta property=\"og:description\" content=\"Suspension en verre de Murano compos\u00e9e de murrines millefiori, tons bleus, hauteur 19 cm, diam\u00e8tre base plus large 19 cm. Livr\u00e9e avec syst\u00e8me \u00e9lectrique.  Suspension pouvant \u00eatre livr\u00e9e sur un pied de lampe en m\u00e9tal bross\u00e9. Co\u00fbt suppl\u00e9mentaire 46 \u20ac. Prix total 195 \u20ac. Nous contacter.\" \/>\n<meta property=\"og:url\" content=\"https:\/\/hashenka.com\/en\/boutique\/accueil\/nos-collections\/objets\/suspension-murrines-millefiori-bleues-fazzoletto\/\" \/>\n<meta property=\"og:site_name\" content=\"Hashenka\" \/>\n<meta property=\"article:modified_time\" content=\"2023-10-23T16:35:02+00:00\" \/>\n<meta property=\"og:image\" content=\"https:\/\/hashenka.com\/wp-content\/uploads\/2020\/11\/356-890-Suspension-Murrines-millefiori-bleues-Fazzoletto.jpg\" \/>\n\t<meta property=\"og:image:width\" content=\"333\" \/>\n\t<meta property=\"og:image:height\" content=\"500\" \/>\n<meta name=\"twitter:card\" content=\"summary_large_image\" \/>\n<meta name=\"twitter:label1\" content=\"Written by\">\n\t<meta name=\"twitter:data1\" content=\"admin8227\">\n\t<meta name=\"twitter:label2\" content=\"Estimated reading time\">\n\t<meta name=\"twitter:data2\" content=\"0 minutes\">\n<script type=\"application\/ld+json\" class=\"yoast-schema-graph\">{\"@context\":\"https:\/\/schema.org\",\"@graph\":[{\"@type\":\"WebSite\",\"@id\":\"https:\/\/hashenka.com\/fr_fr\/#website\",\"url\":\"https:\/\/hashenka.com\/fr_fr\/\",\"name\":\"Hashenka\",\"description\":\"Bijoux et objets en verre de Murano\",\"potentialAction\":[{\"@type\":\"SearchAction\",\"target\":\"https:\/\/hashenka.com\/fr_fr\/?s={search_term_string}\",\"query-input\":\"required name=search_term_string\"}],\"inLanguage\":\"en-GB\"},{\"@type\":\"ImageObject\",\"@id\":\"https:\/\/hashenka.com\/boutique\/accueil\/nos-collections\/objets\/suspension-murrines-millefiori-bleues-fazzoletto\/#primaryimage\",\"inLanguage\":\"en-GB\",\"url\":\"https:\/\/hashenka.com\/wp-content\/uploads\/2020\/11\/356-890-Suspension-Murrines-millefiori-bleues-Fazzoletto.jpg\",\"width\":333,\"height\":500},{\"@type\":\"WebPage\",\"@id\":\"https:\/\/hashenka.com\/boutique\/accueil\/nos-collections\/objets\/suspension-murrines-millefiori-bleues-fazzoletto\/#webpage\",\"url\":\"https:\/\/hashenka.com\/boutique\/accueil\/nos-collections\/objets\/suspension-murrines-millefiori-bleues-fazzoletto\/\",\"name\":\"Suspension Murrines millefiori bleues Fazzoletto &gt; Hashenka\",\"isPartOf\":{\"@id\":\"https:\/\/hashenka.com\/fr_fr\/#website\"},\"primaryImageOfPage\":{\"@id\":\"https:\/\/hashenka.com\/boutique\/accueil\/nos-collections\/objets\/suspension-murrines-millefiori-bleues-fazzoletto\/#primaryimage\"},\"datePublished\":\"2020-11-23T14:39:36+00:00\",\"dateModified\":\"2023-10-23T16:35:02+00:00\",\"inLanguage\":\"en-GB\",\"potentialAction\":[{\"@type\":\"ReadAction\",\"target\":[\"https:\/\/hashenka.com\/boutique\/accueil\/nos-collections\/objets\/suspension-murrines-millefiori-bleues-fazzoletto\/\"]}]}]}<\/script>\n<!-- \/ Yoast SEO plugin. -->","_links":{"self":[{"href":"https:\/\/hashenka.com\/en\/wp-json\/wp\/v2\/product\/1251"}],"collection":[{"href":"https:\/\/hashenka.com\/en\/wp-json\/wp\/v2\/product"}],"about":[{"href":"https:\/\/hashenka.com\/en\/wp-json\/wp\/v2\/types\/product"}],"replies":[{"embeddable":true,"href":"https:\/\/hashenka.com\/en\/wp-json\/wp\/v2\/comments?post=1251"}],"wp:featuredmedia":[{"embeddable":true,"href":"https:\/\/hashenka.com\/en\/wp-json\/wp\/v2\/media\/757"}],"wp:attachment":[{"href":"https:\/\/hashenka.com\/en\/wp-json\/wp\/v2\/media?parent=1251"}],"curies":[{"name":"wp","href":"https:\/\/api.w.org\/{rel}","templated":true}]}}