{"id":1247,"date":"2020-11-23T15:39:36","date_gmt":"2020-11-23T14:39:36","guid":{"rendered":"http:\/\/hashenka.com\/?product=import-placeholder-for-ckpt1"},"modified":"2023-03-07T15:39:22","modified_gmt":"2023-03-07T14:39:22","slug":"clown-classique-petit-modele","status":"publish","type":"product","link":"https:\/\/hashenka.com\/en\/boutique\/accueil\/nos-collections\/objets\/clown-classique-petit-modele\/","title":{"rendered":"Clown classique, petit mod\u00e8le"},"content":{"rendered":"<p style=\"text-align: left;\"><span style=\"color: #333333;\"><strong><span style=\"font-size: 10pt;\">Clown classique, petit mod\u00e8le, hauteur 20 cm, avec un certificat d&rsquo;authenticit\u00e9.<\/span><\/strong><\/span><br \/><span style=\"color: #333333;\"><strong><span style=\"font-size: 10pt;\"> cette pi\u00e8ce est sign\u00e9e par les artisans, comme tous les objets distribu\u00e9s par notre soci\u00e9t\u00e9, chapeau noir ou bleu fonc\u00e9.<br \/><\/span><\/strong><\/span><\/p>","protected":false},"excerpt":{"rendered":"<p style=\"text-align: left;\"><span style=\"font-size: 10pt; color: #333333;\"><strong>Clown classique, petit mod\u00e8le, hauteur 20 cm, avec un certificat d&rsquo;authenticit\u00e9.<\/strong><\/span><br \/><span style=\"font-size: 10pt; color: #333333;\"><strong> cette pi\u00e8ce est sign\u00e9e par les artisans, comme tous les objets distribu\u00e9s par notre soci\u00e9t\u00e9, chapeau noir ou bleu fonc\u00e9.<\/strong><\/span><\/p>","protected":false},"featured_media":847,"comment_status":"open","ping_status":"closed","template":"","meta":[],"yoast_head":"<!-- This site is optimized with the Yoast SEO plugin v15.2.1 - https:\/\/yoast.com\/wordpress\/plugins\/seo\/ -->\n<title>Clown classique, petit mod\u00e8le &gt; Hashenka<\/title>\n<meta name=\"robots\" content=\"index, follow, max-snippet:-1, max-image-preview:large, max-video-preview:-1\" \/>\n<link rel=\"canonical\" href=\"https:\/\/hashenka.com\/en\/boutique\/accueil\/nos-collections\/objets\/clown-classique-petit-modele\/\" \/>\n<meta property=\"og:locale\" content=\"en_GB\" \/>\n<meta property=\"og:type\" content=\"article\" \/>\n<meta property=\"og:title\" content=\"Clown classique, petit mod\u00e8le &gt; Hashenka\" \/>\n<meta property=\"og:description\" content=\"Clown classique, petit mod\u00e8le, hauteur 20 cm, avec un certificat d&#039;authenticit\u00e9. cette pi\u00e8ce est sign\u00e9e par les artisans, comme tous les objets distribu\u00e9s par notre soci\u00e9t\u00e9, chapeau noir ou bleu fonc\u00e9.\" \/>\n<meta property=\"og:url\" content=\"https:\/\/hashenka.com\/en\/boutique\/accueil\/nos-collections\/objets\/clown-classique-petit-modele\/\" \/>\n<meta property=\"og:site_name\" content=\"Hashenka\" \/>\n<meta property=\"article:modified_time\" content=\"2023-03-07T14:39:22+00:00\" \/>\n<meta property=\"og:image\" content=\"https:\/\/hashenka.com\/wp-content\/uploads\/2020\/11\/408-445-Clown-classique-petit-modele.jpg\" \/>\n\t<meta property=\"og:image:width\" content=\"333\" \/>\n\t<meta property=\"og:image:height\" content=\"500\" \/>\n<meta name=\"twitter:card\" content=\"summary_large_image\" \/>\n<meta name=\"twitter:label1\" content=\"Written by\">\n\t<meta name=\"twitter:data1\" content=\"admin8227\">\n\t<meta name=\"twitter:label2\" content=\"Estimated reading time\">\n\t<meta name=\"twitter:data2\" content=\"0 minutes\">\n<script type=\"application\/ld+json\" class=\"yoast-schema-graph\">{\"@context\":\"https:\/\/schema.org\",\"@graph\":[{\"@type\":\"WebSite\",\"@id\":\"https:\/\/hashenka.com\/fr_fr\/#website\",\"url\":\"https:\/\/hashenka.com\/fr_fr\/\",\"name\":\"Hashenka\",\"description\":\"Bijoux et objets en verre de Murano\",\"potentialAction\":[{\"@type\":\"SearchAction\",\"target\":\"https:\/\/hashenka.com\/fr_fr\/?s={search_term_string}\",\"query-input\":\"required name=search_term_string\"}],\"inLanguage\":\"en-GB\"},{\"@type\":\"ImageObject\",\"@id\":\"https:\/\/hashenka.com\/boutique\/accueil\/nos-collections\/objets\/clown-classique-petit-modele\/#primaryimage\",\"inLanguage\":\"en-GB\",\"url\":\"https:\/\/hashenka.com\/wp-content\/uploads\/2020\/11\/408-445-Clown-classique-petit-modele.jpg\",\"width\":333,\"height\":500},{\"@type\":\"WebPage\",\"@id\":\"https:\/\/hashenka.com\/boutique\/accueil\/nos-collections\/objets\/clown-classique-petit-modele\/#webpage\",\"url\":\"https:\/\/hashenka.com\/boutique\/accueil\/nos-collections\/objets\/clown-classique-petit-modele\/\",\"name\":\"Clown classique, petit mod\\u00e8le &gt; Hashenka\",\"isPartOf\":{\"@id\":\"https:\/\/hashenka.com\/fr_fr\/#website\"},\"primaryImageOfPage\":{\"@id\":\"https:\/\/hashenka.com\/boutique\/accueil\/nos-collections\/objets\/clown-classique-petit-modele\/#primaryimage\"},\"datePublished\":\"2020-11-23T14:39:36+00:00\",\"dateModified\":\"2023-03-07T14:39:22+00:00\",\"inLanguage\":\"en-GB\",\"potentialAction\":[{\"@type\":\"ReadAction\",\"target\":[\"https:\/\/hashenka.com\/boutique\/accueil\/nos-collections\/objets\/clown-classique-petit-modele\/\"]}]}]}<\/script>\n<!-- \/ Yoast SEO plugin. -->","_links":{"self":[{"href":"https:\/\/hashenka.com\/en\/wp-json\/wp\/v2\/product\/1247"}],"collection":[{"href":"https:\/\/hashenka.com\/en\/wp-json\/wp\/v2\/product"}],"about":[{"href":"https:\/\/hashenka.com\/en\/wp-json\/wp\/v2\/types\/product"}],"replies":[{"embeddable":true,"href":"https:\/\/hashenka.com\/en\/wp-json\/wp\/v2\/comments?post=1247"}],"wp:featuredmedia":[{"embeddable":true,"href":"https:\/\/hashenka.com\/en\/wp-json\/wp\/v2\/media\/847"}],"wp:attachment":[{"href":"https:\/\/hashenka.com\/en\/wp-json\/wp\/v2\/media?parent=1247"}],"curies":[{"name":"wp","href":"https:\/\/api.w.org\/{rel}","templated":true}]}}