{"id":1197,"date":"2020-11-23T15:39:16","date_gmt":"2020-11-23T14:39:16","guid":{"rendered":"http:\/\/hashenka.com\/?product=import-placeholder-for-gbacpmy04"},"modified":"2021-01-13T17:24:34","modified_gmt":"2021-01-13T16:24:34","slug":"cadre-photo-rouge-taille-medio","status":"publish","type":"product","link":"https:\/\/hashenka.com\/en\/boutique\/accueil\/nos-collections\/objets\/cadre-photo-rouge-taille-medio\/","title":{"rendered":"Cadre photo rouge taille medio"},"content":{"rendered":"<p><span style=\"font-size: medium; font-family: georgia,palatino; color: #4c4c4c;\"><span style=\"font-size: medium; font-family: georgia,palatino; color: #4c4c4c;\">Cadre photo Arlecchino rouge 16 x 12 cm, taille moyenne, r\u00e9alis\u00e9 en verre de Murano par technique de fusing, compos\u00e9 de petites murrines. Peut \u00eatre positionn\u00e9 en mode paysage ou portrait.<\/span><\/span><\/p>","protected":false},"excerpt":{"rendered":"<p><span style=\"font-size: medium; font-family: georgia,palatino; color: #4c4c4c;\">Cadre photo Arlecchino rouge 16 x 12 cm, taille moyenne, r\u00e9alis\u00e9 en verre de Murano par technique de fusing, compos\u00e9 de petites murrines. Peut \u00eatre positionn\u00e9 en mode paysage ou portrait.<br \/><\/span><\/p>","protected":false},"featured_media":516,"comment_status":"open","ping_status":"closed","template":"","meta":[],"yoast_head":"<!-- This site is optimized with the Yoast SEO plugin v15.2.1 - https:\/\/yoast.com\/wordpress\/plugins\/seo\/ -->\n<title>Cadre photo rouge taille medio &gt; Hashenka<\/title>\n<meta name=\"robots\" content=\"index, follow, max-snippet:-1, max-image-preview:large, max-video-preview:-1\" \/>\n<link rel=\"canonical\" href=\"https:\/\/hashenka.com\/en\/boutique\/accueil\/nos-collections\/objets\/cadre-photo-rouge-taille-medio\/\" \/>\n<meta property=\"og:locale\" content=\"en_GB\" \/>\n<meta property=\"og:type\" content=\"article\" \/>\n<meta property=\"og:title\" content=\"Cadre photo rouge taille medio &gt; Hashenka\" \/>\n<meta property=\"og:description\" content=\"Cadre photo Arlecchino rouge 16 x 12 cm, taille moyenne, r\u00e9alis\u00e9 en verre de Murano par technique de fusing, compos\u00e9 de petites murrines. Peut \u00eatre positionn\u00e9 en mode paysage ou portrait.\" \/>\n<meta property=\"og:url\" content=\"https:\/\/hashenka.com\/en\/boutique\/accueil\/nos-collections\/objets\/cadre-photo-rouge-taille-medio\/\" \/>\n<meta property=\"og:site_name\" content=\"Hashenka\" \/>\n<meta property=\"article:modified_time\" content=\"2021-01-13T16:24:34+00:00\" \/>\n<meta property=\"og:image\" content=\"https:\/\/hashenka.com\/wp-content\/uploads\/2020\/11\/225-913-Cadre-photo-rouge-taille-medio.jpg\" \/>\n\t<meta property=\"og:image:width\" content=\"333\" \/>\n\t<meta property=\"og:image:height\" content=\"500\" \/>\n<meta name=\"twitter:card\" content=\"summary_large_image\" \/>\n<meta name=\"twitter:label1\" content=\"Written by\">\n\t<meta name=\"twitter:data1\" content=\"admin8227\">\n\t<meta name=\"twitter:label2\" content=\"Estimated reading time\">\n\t<meta name=\"twitter:data2\" content=\"0 minutes\">\n<script type=\"application\/ld+json\" class=\"yoast-schema-graph\">{\"@context\":\"https:\/\/schema.org\",\"@graph\":[{\"@type\":\"WebSite\",\"@id\":\"https:\/\/hashenka.com\/fr_fr\/#website\",\"url\":\"https:\/\/hashenka.com\/fr_fr\/\",\"name\":\"Hashenka\",\"description\":\"Bijoux et objets en verre de Murano\",\"potentialAction\":[{\"@type\":\"SearchAction\",\"target\":\"https:\/\/hashenka.com\/fr_fr\/?s={search_term_string}\",\"query-input\":\"required name=search_term_string\"}],\"inLanguage\":\"en-GB\"},{\"@type\":\"ImageObject\",\"@id\":\"http:\/\/hashenka.com\/boutique\/accueil\/nos-collections\/objets\/cadre-photo-rouge-taille-medio\/#primaryimage\",\"inLanguage\":\"en-GB\",\"url\":\"https:\/\/hashenka.com\/wp-content\/uploads\/2020\/11\/225-913-Cadre-photo-rouge-taille-medio.jpg\",\"width\":333,\"height\":500},{\"@type\":\"WebPage\",\"@id\":\"http:\/\/hashenka.com\/boutique\/accueil\/nos-collections\/objets\/cadre-photo-rouge-taille-medio\/#webpage\",\"url\":\"http:\/\/hashenka.com\/boutique\/accueil\/nos-collections\/objets\/cadre-photo-rouge-taille-medio\/\",\"name\":\"Cadre photo rouge taille medio &gt; Hashenka\",\"isPartOf\":{\"@id\":\"https:\/\/hashenka.com\/fr_fr\/#website\"},\"primaryImageOfPage\":{\"@id\":\"http:\/\/hashenka.com\/boutique\/accueil\/nos-collections\/objets\/cadre-photo-rouge-taille-medio\/#primaryimage\"},\"datePublished\":\"2020-11-23T14:39:16+00:00\",\"dateModified\":\"2021-01-13T16:24:34+00:00\",\"inLanguage\":\"en-GB\",\"potentialAction\":[{\"@type\":\"ReadAction\",\"target\":[\"http:\/\/hashenka.com\/boutique\/accueil\/nos-collections\/objets\/cadre-photo-rouge-taille-medio\/\"]}]}]}<\/script>\n<!-- \/ Yoast SEO plugin. -->","_links":{"self":[{"href":"https:\/\/hashenka.com\/en\/wp-json\/wp\/v2\/product\/1197"}],"collection":[{"href":"https:\/\/hashenka.com\/en\/wp-json\/wp\/v2\/product"}],"about":[{"href":"https:\/\/hashenka.com\/en\/wp-json\/wp\/v2\/types\/product"}],"replies":[{"embeddable":true,"href":"https:\/\/hashenka.com\/en\/wp-json\/wp\/v2\/comments?post=1197"}],"wp:featuredmedia":[{"embeddable":true,"href":"https:\/\/hashenka.com\/en\/wp-json\/wp\/v2\/media\/516"}],"wp:attachment":[{"href":"https:\/\/hashenka.com\/en\/wp-json\/wp\/v2\/media?parent=1197"}],"curies":[{"name":"wp","href":"https:\/\/api.w.org\/{rel}","templated":true}]}}