{"id":1141,"date":"2020-11-23T15:38:42","date_gmt":"2020-11-23T14:38:42","guid":{"rendered":"http:\/\/hashenka.com\/?product=import-placeholder-for-1724"},"modified":"2020-12-01T17:10:18","modified_gmt":"2020-12-01T16:10:18","slug":"loupe-pendentif-perle-bleue-en-verre-de-murano","status":"publish","type":"product","link":"https:\/\/hashenka.com\/en\/boutique\/accueil\/nos-collections\/objets\/loupe-pendentif-perle-bleue-en-verre-de-murano\/","title":{"rendered":"Loupe pendentif perle bleue en verre de Murano"},"content":{"rendered":"<p><em><strong><span style=\"font-size: 10pt;\">Loupe\/pendentif perle bleue en verre de Murano, m\u00e9tal en bronze blanc, fabrication artisanale v\u00e9nitienne. Avec certificat d&rsquo;authenticit\u00e9.<\/span><\/strong><\/em><\/p>","protected":false},"excerpt":{"rendered":"<p><em><strong><span style=\"font-size: 10pt;\">Loupe\/pendentif perle bleue en verre de Murano, m\u00e9tal en bronze blanc, fabrication artisanale v\u00e9nitienne. Avec certificat d&rsquo;authenticit\u00e9.<\/span><\/strong><\/em><\/p>","protected":false},"featured_media":330,"comment_status":"open","ping_status":"closed","template":"","meta":[],"yoast_head":"<!-- This site is optimized with the Yoast SEO plugin v15.2.1 - https:\/\/yoast.com\/wordpress\/plugins\/seo\/ -->\n<title>Loupe pendentif perle bleue en verre de Murano &gt; Hashenka<\/title>\n<meta name=\"robots\" content=\"index, follow, max-snippet:-1, max-image-preview:large, max-video-preview:-1\" \/>\n<link rel=\"canonical\" href=\"https:\/\/hashenka.com\/en\/boutique\/accueil\/nos-collections\/objets\/loupe-pendentif-perle-bleue-en-verre-de-murano\/\" \/>\n<meta property=\"og:locale\" content=\"en_GB\" \/>\n<meta property=\"og:type\" content=\"article\" \/>\n<meta property=\"og:title\" content=\"Loupe pendentif perle bleue en verre de Murano &gt; Hashenka\" \/>\n<meta property=\"og:description\" content=\"Loupe\/pendentif perle bleue en verre de Murano, m\u00e9tal en bronze blanc, fabrication artisanale v\u00e9nitienne. Avec certificat d&#039;authenticit\u00e9.\" \/>\n<meta property=\"og:url\" content=\"https:\/\/hashenka.com\/en\/boutique\/accueil\/nos-collections\/objets\/loupe-pendentif-perle-bleue-en-verre-de-murano\/\" \/>\n<meta property=\"og:site_name\" content=\"Hashenka\" \/>\n<meta property=\"article:modified_time\" content=\"2020-12-01T16:10:18+00:00\" \/>\n<meta property=\"og:image\" content=\"https:\/\/hashenka.com\/wp-content\/uploads\/2020\/11\/121-712-Loupe-pendentif-perle-bleue-en-verre-de-Murano.jpg\" \/>\n\t<meta property=\"og:image:width\" content=\"333\" \/>\n\t<meta property=\"og:image:height\" content=\"500\" \/>\n<meta name=\"twitter:card\" content=\"summary_large_image\" \/>\n<meta name=\"twitter:label1\" content=\"Written by\">\n\t<meta name=\"twitter:data1\" content=\"admin8227\">\n\t<meta name=\"twitter:label2\" content=\"Estimated reading time\">\n\t<meta name=\"twitter:data2\" content=\"0 minutes\">\n<script type=\"application\/ld+json\" class=\"yoast-schema-graph\">{\"@context\":\"https:\/\/schema.org\",\"@graph\":[{\"@type\":\"WebSite\",\"@id\":\"https:\/\/hashenka.com\/fr_fr\/#website\",\"url\":\"https:\/\/hashenka.com\/fr_fr\/\",\"name\":\"Hashenka\",\"description\":\"Bijoux et objets en verre de Murano\",\"potentialAction\":[{\"@type\":\"SearchAction\",\"target\":\"https:\/\/hashenka.com\/fr_fr\/?s={search_term_string}\",\"query-input\":\"required name=search_term_string\"}],\"inLanguage\":\"en-GB\"},{\"@type\":\"ImageObject\",\"@id\":\"https:\/\/hashenka.com\/en\/boutique\/accueil\/nos-collections\/objets\/loupe-pendentif-perle-bleue-en-verre-de-murano\/#primaryimage\",\"inLanguage\":\"en-GB\",\"url\":\"https:\/\/hashenka.com\/wp-content\/uploads\/2020\/11\/121-712-Loupe-pendentif-perle-bleue-en-verre-de-Murano.jpg\",\"width\":333,\"height\":500},{\"@type\":\"WebPage\",\"@id\":\"https:\/\/hashenka.com\/en\/boutique\/accueil\/nos-collections\/objets\/loupe-pendentif-perle-bleue-en-verre-de-murano\/#webpage\",\"url\":\"https:\/\/hashenka.com\/en\/boutique\/accueil\/nos-collections\/objets\/loupe-pendentif-perle-bleue-en-verre-de-murano\/\",\"name\":\"Loupe pendentif perle bleue en verre de Murano &gt; Hashenka\",\"isPartOf\":{\"@id\":\"https:\/\/hashenka.com\/fr_fr\/#website\"},\"primaryImageOfPage\":{\"@id\":\"https:\/\/hashenka.com\/en\/boutique\/accueil\/nos-collections\/objets\/loupe-pendentif-perle-bleue-en-verre-de-murano\/#primaryimage\"},\"datePublished\":\"2020-11-23T14:38:42+00:00\",\"dateModified\":\"2020-12-01T16:10:18+00:00\",\"inLanguage\":\"en-GB\",\"potentialAction\":[{\"@type\":\"ReadAction\",\"target\":[\"https:\/\/hashenka.com\/en\/boutique\/accueil\/nos-collections\/objets\/loupe-pendentif-perle-bleue-en-verre-de-murano\/\"]}]}]}<\/script>\n<!-- \/ Yoast SEO plugin. -->","_links":{"self":[{"href":"https:\/\/hashenka.com\/en\/wp-json\/wp\/v2\/product\/1141"}],"collection":[{"href":"https:\/\/hashenka.com\/en\/wp-json\/wp\/v2\/product"}],"about":[{"href":"https:\/\/hashenka.com\/en\/wp-json\/wp\/v2\/types\/product"}],"replies":[{"embeddable":true,"href":"https:\/\/hashenka.com\/en\/wp-json\/wp\/v2\/comments?post=1141"}],"wp:featuredmedia":[{"embeddable":true,"href":"https:\/\/hashenka.com\/en\/wp-json\/wp\/v2\/media\/330"}],"wp:attachment":[{"href":"https:\/\/hashenka.com\/en\/wp-json\/wp\/v2\/media?parent=1141"}],"curies":[{"name":"wp","href":"https:\/\/api.w.org\/{rel}","templated":true}]}}