{"id":1102,"date":"2020-11-23T15:38:24","date_gmt":"2020-11-23T14:38:24","guid":{"rendered":"http:\/\/hashenka.com\/?product=import-placeholder-for-appenspgdf074"},"modified":"2023-03-07T15:43:51","modified_gmt":"2023-03-07T14:43:51","slug":"pendentif-original-mordore-et-noir","status":"publish","type":"product","link":"https:\/\/hashenka.com\/en\/boutique\/accueil\/nos-collections\/pendentifs-et-medailles\/pendentif-original-mordore-et-noir\/","title":{"rendered":"Pendentif original mordor\u00e9 et noir"},"content":{"rendered":"<p><span style=\"font-size: medium; font-family: georgia,palatino;\"><span style=\"font-size: small;\"><span style=\"font-family: arial, helvetica, sans-serif; font-size: 12pt;\">Pendentif mordor\u00e9 et noir en verre de Murano, compos\u00e9e de verre calc\u00e9doine, de poudre de cuivre et de feuille d&rsquo;or, sur collier 3 liens. Pi\u00e8ce unique. Dimension ; hauteur 8,5 cm et largeur 5 cm.<\/span><\/span><\/span><\/p>","protected":false},"excerpt":{"rendered":"<div id=\"short_description_block\">\n<div id=\"short_description_content\">\n<p><span style=\"font-size: small;\"><span style=\"font-family: arial, helvetica, sans-serif; font-size: 12pt;\">Pendentif mordor\u00e9 et noir en verre de Murano, compos\u00e9e de verre calc\u00e9doine, de poudre de cuivre et de feuille d&rsquo;or, sur collier 3 liens. Pi\u00e8ce unique. Dimension ; hauteur 8,5 cm et largeur 5 cm.<\/span><strong><br \/><\/strong><\/span><\/p>\n<\/p><\/div>\n<\/p><\/div>","protected":false},"featured_media":271,"comment_status":"open","ping_status":"closed","template":"","meta":[],"yoast_head":"<!-- This site is optimized with the Yoast SEO plugin v15.2.1 - https:\/\/yoast.com\/wordpress\/plugins\/seo\/ -->\n<title>Pendentif original mordor\u00e9 et noir &gt; Hashenka<\/title>\n<meta name=\"robots\" content=\"index, follow, max-snippet:-1, max-image-preview:large, max-video-preview:-1\" \/>\n<link rel=\"canonical\" href=\"https:\/\/hashenka.com\/en\/boutique\/accueil\/nos-collections\/pendentifs-et-medailles\/pendentif-original-mordore-et-noir\/\" \/>\n<meta property=\"og:locale\" content=\"en_GB\" \/>\n<meta property=\"og:type\" content=\"article\" \/>\n<meta property=\"og:title\" content=\"Pendentif original mordor\u00e9 et noir &gt; Hashenka\" \/>\n<meta property=\"og:description\" content=\"Pendentif mordor\u00e9 et noir en verre de Murano, compos\u00e9e de verre calc\u00e9doine, de poudre de cuivre et de feuille d&#039;or, sur collier 3 liens. Pi\u00e8ce unique. Dimension ; hauteur 8,5 cm et largeur 5 cm.\" \/>\n<meta property=\"og:url\" content=\"https:\/\/hashenka.com\/en\/boutique\/accueil\/nos-collections\/pendentifs-et-medailles\/pendentif-original-mordore-et-noir\/\" \/>\n<meta property=\"og:site_name\" content=\"Hashenka\" \/>\n<meta property=\"article:modified_time\" content=\"2023-03-07T14:43:51+00:00\" \/>\n<meta property=\"og:image\" content=\"https:\/\/hashenka.com\/wp-content\/uploads\/2020\/11\/90-893-Pendentif-original-mordore-et-noir.jpg\" \/>\n\t<meta property=\"og:image:width\" content=\"333\" \/>\n\t<meta property=\"og:image:height\" content=\"500\" \/>\n<meta name=\"twitter:card\" content=\"summary_large_image\" \/>\n<meta name=\"twitter:label1\" content=\"Written by\">\n\t<meta name=\"twitter:data1\" content=\"admin8227\">\n\t<meta name=\"twitter:label2\" content=\"Estimated reading time\">\n\t<meta name=\"twitter:data2\" content=\"0 minutes\">\n<script type=\"application\/ld+json\" class=\"yoast-schema-graph\">{\"@context\":\"https:\/\/schema.org\",\"@graph\":[{\"@type\":\"WebSite\",\"@id\":\"https:\/\/hashenka.com\/fr_fr\/#website\",\"url\":\"https:\/\/hashenka.com\/fr_fr\/\",\"name\":\"Hashenka\",\"description\":\"Bijoux et objets en verre de Murano\",\"potentialAction\":[{\"@type\":\"SearchAction\",\"target\":\"https:\/\/hashenka.com\/fr_fr\/?s={search_term_string}\",\"query-input\":\"required name=search_term_string\"}],\"inLanguage\":\"en-GB\"},{\"@type\":\"ImageObject\",\"@id\":\"https:\/\/hashenka.com\/boutique\/accueil\/nos-collections\/pendentifs-et-medailles\/pendentif-original-mordore-et-noir\/#primaryimage\",\"inLanguage\":\"en-GB\",\"url\":\"https:\/\/hashenka.com\/wp-content\/uploads\/2020\/11\/90-893-Pendentif-original-mordore-et-noir.jpg\",\"width\":333,\"height\":500},{\"@type\":\"WebPage\",\"@id\":\"https:\/\/hashenka.com\/boutique\/accueil\/nos-collections\/pendentifs-et-medailles\/pendentif-original-mordore-et-noir\/#webpage\",\"url\":\"https:\/\/hashenka.com\/boutique\/accueil\/nos-collections\/pendentifs-et-medailles\/pendentif-original-mordore-et-noir\/\",\"name\":\"Pendentif original mordor\\u00e9 et noir &gt; Hashenka\",\"isPartOf\":{\"@id\":\"https:\/\/hashenka.com\/fr_fr\/#website\"},\"primaryImageOfPage\":{\"@id\":\"https:\/\/hashenka.com\/boutique\/accueil\/nos-collections\/pendentifs-et-medailles\/pendentif-original-mordore-et-noir\/#primaryimage\"},\"datePublished\":\"2020-11-23T14:38:24+00:00\",\"dateModified\":\"2023-03-07T14:43:51+00:00\",\"inLanguage\":\"en-GB\",\"potentialAction\":[{\"@type\":\"ReadAction\",\"target\":[\"https:\/\/hashenka.com\/boutique\/accueil\/nos-collections\/pendentifs-et-medailles\/pendentif-original-mordore-et-noir\/\"]}]}]}<\/script>\n<!-- \/ Yoast SEO plugin. -->","_links":{"self":[{"href":"https:\/\/hashenka.com\/en\/wp-json\/wp\/v2\/product\/1102"}],"collection":[{"href":"https:\/\/hashenka.com\/en\/wp-json\/wp\/v2\/product"}],"about":[{"href":"https:\/\/hashenka.com\/en\/wp-json\/wp\/v2\/types\/product"}],"replies":[{"embeddable":true,"href":"https:\/\/hashenka.com\/en\/wp-json\/wp\/v2\/comments?post=1102"}],"wp:featuredmedia":[{"embeddable":true,"href":"https:\/\/hashenka.com\/en\/wp-json\/wp\/v2\/media\/271"}],"wp:attachment":[{"href":"https:\/\/hashenka.com\/en\/wp-json\/wp\/v2\/media?parent=1102"}],"curies":[{"name":"wp","href":"https:\/\/api.w.org\/{rel}","templated":true}]}}