{"id":1093,"date":"2020-11-23T15:38:23","date_gmt":"2020-11-23T14:38:23","guid":{"rendered":"http:\/\/hashenka.com\/?product=import-placeholder-for-vpsmbocoll374"},"modified":"2023-03-07T15:44:05","modified_gmt":"2023-03-07T14:44:05","slug":"boucles-doreilles-bleues-et-feuille-dor","status":"publish","type":"product","link":"https:\/\/hashenka.com\/en\/boutique\/accueil\/nos-collections\/boucles-doreilles-nos-collections\/boucles-doreilles-bleues-et-feuille-dor\/","title":{"rendered":"Boucles d&rsquo;oreilles bleues et feuille d&rsquo;or"},"content":{"rendered":"<p><span style=\"font-size: 12pt;\"><span style=\"font-size: medium; font-family: georgia,palatino;\"><span style=\"font-size: 12pt; font-family: times new roman, times;\"><span style=\"font-size: 12pt; font-family: times new roman, times;\">Boucles d&rsquo;oreilles de perles artistiques plates bleues en verre de Murano, diam\u00e8tre 1,6 cm, compos\u00e9es de feuille d&rsquo;or avec un voile d&rsquo;arabesques en verre blanc et bleu clair, <span style=\"font-size: medium; font-family: georgia,palatino;\"><span style=\"font-size: 12pt; font-family: times new roman, times;\"><span style=\"font-size: 12pt; font-family: times new roman, times;\"><span style=\"font-size: 12pt; font-family: times new roman, times;\">crochets hypoallerg\u00e9nique.<\/span><\/span><\/span><\/span><\/span><\/span><\/span><\/span><\/p>","protected":false},"excerpt":{"rendered":"<p><span style=\"font-size: 12pt;\"><span style=\"font-size: medium; font-family: georgia,palatino;\"><span style=\"font-size: 12pt; font-family: times new roman, times;\"><span style=\"font-size: 12pt; font-family: times new roman, times;\">Boucles d&rsquo;oreilles de perles artistiques plates bleues en verre de Murano, diam\u00e8tre 1,6 cm, compos\u00e9es de feuille d&rsquo;or avec un voile d&rsquo;arabesques en verre blanc et bleu clair, <span style=\"font-size: medium; font-family: georgia,palatino;\"><span style=\"font-size: 12pt; font-family: times new roman, times;\"><span style=\"font-size: 12pt; font-family: times new roman, times;\"><span style=\"font-size: 12pt; font-family: times new roman, times;\">crochets hypoallerg\u00e9nique.<\/span><\/span><\/span><\/span><\/span><\/span><\/span><\/span><\/p>","protected":false},"featured_media":394,"comment_status":"open","ping_status":"closed","template":"","meta":[],"yoast_head":"<!-- This site is optimized with the Yoast SEO plugin v15.2.1 - https:\/\/yoast.com\/wordpress\/plugins\/seo\/ -->\n<title>Boucles d&#039;oreilles bleues et feuille d&#039;or &gt; Hashenka<\/title>\n<meta name=\"robots\" content=\"index, follow, max-snippet:-1, max-image-preview:large, max-video-preview:-1\" \/>\n<link rel=\"canonical\" href=\"https:\/\/hashenka.com\/en\/boutique\/accueil\/nos-collections\/boucles-doreilles-nos-collections\/boucles-doreilles-bleues-et-feuille-dor\/\" \/>\n<meta property=\"og:locale\" content=\"en_GB\" \/>\n<meta property=\"og:type\" content=\"article\" \/>\n<meta property=\"og:title\" content=\"Boucles d&#039;oreilles bleues et feuille d&#039;or &gt; Hashenka\" \/>\n<meta property=\"og:description\" content=\"Boucles d&#039;oreilles de perles artistiques plates bleues en verre de Murano, diam\u00e8tre 1,6 cm, compos\u00e9es de feuille d&#039;or avec un voile d&#039;arabesques en verre blanc et bleu clair, crochets hypoallerg\u00e9nique.\" \/>\n<meta property=\"og:url\" content=\"https:\/\/hashenka.com\/en\/boutique\/accueil\/nos-collections\/boucles-doreilles-nos-collections\/boucles-doreilles-bleues-et-feuille-dor\/\" \/>\n<meta property=\"og:site_name\" content=\"Hashenka\" \/>\n<meta property=\"article:modified_time\" content=\"2023-03-07T14:44:05+00:00\" \/>\n<meta property=\"og:image\" content=\"https:\/\/hashenka.com\/wp-content\/uploads\/2020\/11\/155-919-Boucles-doreilles-bleues-et-feuille-dor.jpg\" \/>\n\t<meta property=\"og:image:width\" content=\"333\" \/>\n\t<meta property=\"og:image:height\" content=\"500\" \/>\n<meta name=\"twitter:card\" content=\"summary_large_image\" \/>\n<meta name=\"twitter:label1\" content=\"Written by\">\n\t<meta name=\"twitter:data1\" content=\"admin8227\">\n\t<meta name=\"twitter:label2\" content=\"Estimated reading time\">\n\t<meta name=\"twitter:data2\" content=\"0 minutes\">\n<script type=\"application\/ld+json\" class=\"yoast-schema-graph\">{\"@context\":\"https:\/\/schema.org\",\"@graph\":[{\"@type\":\"WebSite\",\"@id\":\"https:\/\/hashenka.com\/fr_fr\/#website\",\"url\":\"https:\/\/hashenka.com\/fr_fr\/\",\"name\":\"Hashenka\",\"description\":\"Bijoux et objets en verre de Murano\",\"potentialAction\":[{\"@type\":\"SearchAction\",\"target\":\"https:\/\/hashenka.com\/fr_fr\/?s={search_term_string}\",\"query-input\":\"required name=search_term_string\"}],\"inLanguage\":\"en-GB\"},{\"@type\":\"ImageObject\",\"@id\":\"https:\/\/hashenka.com\/boutique\/accueil\/nos-collections\/boucles-doreilles-nos-collections\/boucles-doreilles-bleues-et-feuille-dor\/#primaryimage\",\"inLanguage\":\"en-GB\",\"url\":\"https:\/\/hashenka.com\/wp-content\/uploads\/2020\/11\/155-919-Boucles-doreilles-bleues-et-feuille-dor.jpg\",\"width\":333,\"height\":500},{\"@type\":\"WebPage\",\"@id\":\"https:\/\/hashenka.com\/boutique\/accueil\/nos-collections\/boucles-doreilles-nos-collections\/boucles-doreilles-bleues-et-feuille-dor\/#webpage\",\"url\":\"https:\/\/hashenka.com\/boutique\/accueil\/nos-collections\/boucles-doreilles-nos-collections\/boucles-doreilles-bleues-et-feuille-dor\/\",\"name\":\"Boucles d'oreilles bleues et feuille d'or &gt; Hashenka\",\"isPartOf\":{\"@id\":\"https:\/\/hashenka.com\/fr_fr\/#website\"},\"primaryImageOfPage\":{\"@id\":\"https:\/\/hashenka.com\/boutique\/accueil\/nos-collections\/boucles-doreilles-nos-collections\/boucles-doreilles-bleues-et-feuille-dor\/#primaryimage\"},\"datePublished\":\"2020-11-23T14:38:23+00:00\",\"dateModified\":\"2023-03-07T14:44:05+00:00\",\"inLanguage\":\"en-GB\",\"potentialAction\":[{\"@type\":\"ReadAction\",\"target\":[\"https:\/\/hashenka.com\/boutique\/accueil\/nos-collections\/boucles-doreilles-nos-collections\/boucles-doreilles-bleues-et-feuille-dor\/\"]}]}]}<\/script>\n<!-- \/ Yoast SEO plugin. -->","_links":{"self":[{"href":"https:\/\/hashenka.com\/en\/wp-json\/wp\/v2\/product\/1093"}],"collection":[{"href":"https:\/\/hashenka.com\/en\/wp-json\/wp\/v2\/product"}],"about":[{"href":"https:\/\/hashenka.com\/en\/wp-json\/wp\/v2\/types\/product"}],"replies":[{"embeddable":true,"href":"https:\/\/hashenka.com\/en\/wp-json\/wp\/v2\/comments?post=1093"}],"wp:featuredmedia":[{"embeddable":true,"href":"https:\/\/hashenka.com\/en\/wp-json\/wp\/v2\/media\/394"}],"wp:attachment":[{"href":"https:\/\/hashenka.com\/en\/wp-json\/wp\/v2\/media?parent=1093"}],"curies":[{"name":"wp","href":"https:\/\/api.w.org\/{rel}","templated":true}]}}