{"id":1076,"date":"2020-11-23T15:38:08","date_gmt":"2020-11-23T14:38:08","guid":{"rendered":"http:\/\/hashenka.com\/?product=import-placeholder-for-1613"},"modified":"2020-12-01T17:12:57","modified_gmt":"2020-12-01T16:12:57","slug":"coupe-papier-rouge-en-verre-de-murano","status":"publish","type":"product","link":"https:\/\/hashenka.com\/en\/boutique\/accueil\/nos-collections\/objets\/coupe-papier-rouge-en-verre-de-murano\/","title":{"rendered":"Coupe papier rouge en verre de Murano"},"content":{"rendered":"<p><em><strong><span style=\"font-size: 10pt;\">Coupe papier avec manche en verre de Murano de couleur rouge, compos\u00e9 d&rsquo;aventurine, m\u00e9tal en bronze blanc, fabrication artisanale v\u00e9nitienne. Avec certificat d&rsquo;authenticit\u00e9.<\/span><\/strong><\/em><\/p>","protected":false},"excerpt":{"rendered":"<p><em><strong><span style=\"font-size: 10pt;\">Coupe papier avec manche en verre de Murano de couleur rouge, compos\u00e9 d&rsquo;aventurine, m\u00e9tal en bronze blanc, fabrication artisanale v\u00e9nitienne. Avec certificat d&rsquo;authenticit\u00e9.<\/span><\/strong><\/em><\/p>","protected":false},"featured_media":216,"comment_status":"open","ping_status":"closed","template":"","meta":[],"yoast_head":"<!-- This site is optimized with the Yoast SEO plugin v15.2.1 - https:\/\/yoast.com\/wordpress\/plugins\/seo\/ -->\n<title>Coupe papier rouge en verre de Murano &gt; Hashenka<\/title>\n<meta name=\"robots\" content=\"index, follow, max-snippet:-1, max-image-preview:large, max-video-preview:-1\" \/>\n<link rel=\"canonical\" href=\"https:\/\/hashenka.com\/en\/boutique\/accueil\/nos-collections\/objets\/coupe-papier-rouge-en-verre-de-murano\/\" \/>\n<meta property=\"og:locale\" content=\"en_GB\" \/>\n<meta property=\"og:type\" content=\"article\" \/>\n<meta property=\"og:title\" content=\"Coupe papier rouge en verre de Murano &gt; Hashenka\" \/>\n<meta property=\"og:description\" content=\"Coupe papier avec manche en verre de Murano de couleur rouge, compos\u00e9 d&#039;aventurine, m\u00e9tal en bronze blanc, fabrication artisanale v\u00e9nitienne. Avec certificat d&#039;authenticit\u00e9.\" \/>\n<meta property=\"og:url\" content=\"https:\/\/hashenka.com\/en\/boutique\/accueil\/nos-collections\/objets\/coupe-papier-rouge-en-verre-de-murano\/\" \/>\n<meta property=\"og:site_name\" content=\"Hashenka\" \/>\n<meta property=\"article:modified_time\" content=\"2020-12-01T16:12:57+00:00\" \/>\n<meta property=\"og:image\" content=\"https:\/\/hashenka.com\/wp-content\/uploads\/2020\/11\/60-701-Coupe-papier-rouge-en-verre-de-Murano.jpg\" \/>\n\t<meta property=\"og:image:width\" content=\"454\" \/>\n\t<meta property=\"og:image:height\" content=\"702\" \/>\n<meta name=\"twitter:card\" content=\"summary_large_image\" \/>\n<meta name=\"twitter:label1\" content=\"Written by\">\n\t<meta name=\"twitter:data1\" content=\"admin8227\">\n\t<meta name=\"twitter:label2\" content=\"Estimated reading time\">\n\t<meta name=\"twitter:data2\" content=\"0 minutes\">\n<script type=\"application\/ld+json\" class=\"yoast-schema-graph\">{\"@context\":\"https:\/\/schema.org\",\"@graph\":[{\"@type\":\"WebSite\",\"@id\":\"https:\/\/hashenka.com\/fr_fr\/#website\",\"url\":\"https:\/\/hashenka.com\/fr_fr\/\",\"name\":\"Hashenka\",\"description\":\"Bijoux et objets en verre de Murano\",\"potentialAction\":[{\"@type\":\"SearchAction\",\"target\":\"https:\/\/hashenka.com\/fr_fr\/?s={search_term_string}\",\"query-input\":\"required name=search_term_string\"}],\"inLanguage\":\"en-GB\"},{\"@type\":\"ImageObject\",\"@id\":\"http:\/\/hashenka.com\/fr_fr\/boutique\/accueil\/nos-collections\/objets\/coupe-papier-rouge-en-verre-de-murano\/#primaryimage\",\"inLanguage\":\"en-GB\",\"url\":\"https:\/\/hashenka.com\/wp-content\/uploads\/2020\/11\/60-701-Coupe-papier-rouge-en-verre-de-Murano.jpg\",\"width\":454,\"height\":702},{\"@type\":\"WebPage\",\"@id\":\"http:\/\/hashenka.com\/fr_fr\/boutique\/accueil\/nos-collections\/objets\/coupe-papier-rouge-en-verre-de-murano\/#webpage\",\"url\":\"http:\/\/hashenka.com\/fr_fr\/boutique\/accueil\/nos-collections\/objets\/coupe-papier-rouge-en-verre-de-murano\/\",\"name\":\"Coupe papier rouge en verre de Murano &gt; Hashenka\",\"isPartOf\":{\"@id\":\"https:\/\/hashenka.com\/fr_fr\/#website\"},\"primaryImageOfPage\":{\"@id\":\"http:\/\/hashenka.com\/fr_fr\/boutique\/accueil\/nos-collections\/objets\/coupe-papier-rouge-en-verre-de-murano\/#primaryimage\"},\"datePublished\":\"2020-11-23T14:38:08+00:00\",\"dateModified\":\"2020-12-01T16:12:57+00:00\",\"inLanguage\":\"en-GB\",\"potentialAction\":[{\"@type\":\"ReadAction\",\"target\":[\"http:\/\/hashenka.com\/fr_fr\/boutique\/accueil\/nos-collections\/objets\/coupe-papier-rouge-en-verre-de-murano\/\"]}]}]}<\/script>\n<!-- \/ Yoast SEO plugin. -->","_links":{"self":[{"href":"https:\/\/hashenka.com\/en\/wp-json\/wp\/v2\/product\/1076"}],"collection":[{"href":"https:\/\/hashenka.com\/en\/wp-json\/wp\/v2\/product"}],"about":[{"href":"https:\/\/hashenka.com\/en\/wp-json\/wp\/v2\/types\/product"}],"replies":[{"embeddable":true,"href":"https:\/\/hashenka.com\/en\/wp-json\/wp\/v2\/comments?post=1076"}],"wp:featuredmedia":[{"embeddable":true,"href":"https:\/\/hashenka.com\/en\/wp-json\/wp\/v2\/media\/216"}],"wp:attachment":[{"href":"https:\/\/hashenka.com\/en\/wp-json\/wp\/v2\/media?parent=1076"}],"curies":[{"name":"wp","href":"https:\/\/api.w.org\/{rel}","templated":true}]}}