{"id":1072,"date":"2020-11-23T15:38:08","date_gmt":"2020-11-23T14:38:08","guid":{"rendered":"http:\/\/hashenka.com\/?product=import-placeholder-for-obplvc01"},"modified":"2023-06-27T08:09:40","modified_gmt":"2023-06-27T06:09:40","slug":"plume-en-verre-de-murano-couleur-ambree-pour-calligraphie","status":"publish","type":"product","link":"https:\/\/hashenka.com\/en\/boutique\/accueil\/nos-collections\/objets\/plume-en-verre-de-murano-couleur-ambree-pour-calligraphie\/","title":{"rendered":"Plume en verre de Murano couleur ambr\u00e9e pour calligraphie"},"content":{"rendered":"<p><span style=\"font-size: 12pt; font-family: book antiqua, palatino;\">Ensemble d&rsquo;\u00e9criture avec plume en verre de Murano de couleur ambr\u00e9e enrichie de feuille d&rsquo;argent et aventurine, avec bouteille d&rsquo;encre et deux plumes pour \u00e9change. Embout en bronze blanc patin\u00e9. Fonderie artistique v\u00e9nitienne.<\/span><\/p>","protected":false},"excerpt":{"rendered":"<p><span style=\"font-size: 12pt; font-family: book antiqua, palatino;\">Ensemble d&rsquo;\u00e9criture avec plume en verre de Murano de couleur ambr\u00e9e enrichie de feuille d&rsquo;argent et aventurine, avec bouteille d&rsquo;encre et deux plumes pour \u00e9change. Embout en bronze blanc patin\u00e9. Fonderie artistique v\u00e9nitienne.<\/span><\/p>","protected":false},"featured_media":896,"comment_status":"open","ping_status":"closed","template":"","meta":[],"yoast_head":"<!-- This site is optimized with the Yoast SEO plugin v15.2.1 - https:\/\/yoast.com\/wordpress\/plugins\/seo\/ -->\n<title>Plume en verre de Murano couleur ambr\u00e9e pour calligraphie &gt; Hashenka<\/title>\n<meta name=\"robots\" content=\"index, follow, max-snippet:-1, max-image-preview:large, max-video-preview:-1\" \/>\n<link rel=\"canonical\" href=\"https:\/\/hashenka.com\/en\/boutique\/accueil\/nos-collections\/objets\/plume-en-verre-de-murano-couleur-ambree-pour-calligraphie\/\" \/>\n<meta property=\"og:locale\" content=\"en_GB\" \/>\n<meta property=\"og:type\" content=\"article\" \/>\n<meta property=\"og:title\" content=\"Plume en verre de Murano couleur ambr\u00e9e pour calligraphie &gt; Hashenka\" \/>\n<meta property=\"og:description\" content=\"Ensemble d&#039;\u00e9criture avec plume en verre de Murano de couleur ambr\u00e9e enrichie de feuille d&#039;argent et aventurine, avec bouteille d&#039;encre et deux plumes pour \u00e9change. Embout en bronze blanc patin\u00e9. Fonderie artistique v\u00e9nitienne.\" \/>\n<meta property=\"og:url\" content=\"https:\/\/hashenka.com\/en\/boutique\/accueil\/nos-collections\/objets\/plume-en-verre-de-murano-couleur-ambree-pour-calligraphie\/\" \/>\n<meta property=\"og:site_name\" content=\"Hashenka\" \/>\n<meta property=\"article:modified_time\" content=\"2023-06-27T06:09:40+00:00\" \/>\n<meta property=\"og:image\" content=\"https:\/\/hashenka.com\/wp-content\/uploads\/2020\/11\/428-617-Plume-en-verre-de-Murano-couleur-ambree-pour-calligraphie.jpg\" \/>\n\t<meta property=\"og:image:width\" content=\"333\" \/>\n\t<meta property=\"og:image:height\" content=\"500\" \/>\n<meta name=\"twitter:card\" content=\"summary_large_image\" \/>\n<meta name=\"twitter:label1\" content=\"Written by\">\n\t<meta name=\"twitter:data1\" content=\"admin8227\">\n\t<meta name=\"twitter:label2\" content=\"Estimated reading time\">\n\t<meta name=\"twitter:data2\" content=\"0 minutes\">\n<script type=\"application\/ld+json\" class=\"yoast-schema-graph\">{\"@context\":\"https:\/\/schema.org\",\"@graph\":[{\"@type\":\"WebSite\",\"@id\":\"https:\/\/hashenka.com\/fr_fr\/#website\",\"url\":\"https:\/\/hashenka.com\/fr_fr\/\",\"name\":\"Hashenka\",\"description\":\"Bijoux et objets en verre de Murano\",\"potentialAction\":[{\"@type\":\"SearchAction\",\"target\":\"https:\/\/hashenka.com\/fr_fr\/?s={search_term_string}\",\"query-input\":\"required name=search_term_string\"}],\"inLanguage\":\"en-GB\"},{\"@type\":\"ImageObject\",\"@id\":\"https:\/\/hashenka.com\/boutique\/accueil\/nos-collections\/objets\/plume-en-verre-de-murano-couleur-ambree-pour-calligraphie\/#primaryimage\",\"inLanguage\":\"en-GB\",\"url\":\"https:\/\/hashenka.com\/wp-content\/uploads\/2020\/11\/428-617-Plume-en-verre-de-Murano-couleur-ambree-pour-calligraphie.jpg\",\"width\":333,\"height\":500},{\"@type\":\"WebPage\",\"@id\":\"https:\/\/hashenka.com\/boutique\/accueil\/nos-collections\/objets\/plume-en-verre-de-murano-couleur-ambree-pour-calligraphie\/#webpage\",\"url\":\"https:\/\/hashenka.com\/boutique\/accueil\/nos-collections\/objets\/plume-en-verre-de-murano-couleur-ambree-pour-calligraphie\/\",\"name\":\"Plume en verre de Murano couleur ambr\\u00e9e pour calligraphie &gt; Hashenka\",\"isPartOf\":{\"@id\":\"https:\/\/hashenka.com\/fr_fr\/#website\"},\"primaryImageOfPage\":{\"@id\":\"https:\/\/hashenka.com\/boutique\/accueil\/nos-collections\/objets\/plume-en-verre-de-murano-couleur-ambree-pour-calligraphie\/#primaryimage\"},\"datePublished\":\"2020-11-23T14:38:08+00:00\",\"dateModified\":\"2023-06-27T06:09:40+00:00\",\"inLanguage\":\"en-GB\",\"potentialAction\":[{\"@type\":\"ReadAction\",\"target\":[\"https:\/\/hashenka.com\/boutique\/accueil\/nos-collections\/objets\/plume-en-verre-de-murano-couleur-ambree-pour-calligraphie\/\"]}]}]}<\/script>\n<!-- \/ Yoast SEO plugin. -->","_links":{"self":[{"href":"https:\/\/hashenka.com\/en\/wp-json\/wp\/v2\/product\/1072"}],"collection":[{"href":"https:\/\/hashenka.com\/en\/wp-json\/wp\/v2\/product"}],"about":[{"href":"https:\/\/hashenka.com\/en\/wp-json\/wp\/v2\/types\/product"}],"replies":[{"embeddable":true,"href":"https:\/\/hashenka.com\/en\/wp-json\/wp\/v2\/comments?post=1072"}],"wp:featuredmedia":[{"embeddable":true,"href":"https:\/\/hashenka.com\/en\/wp-json\/wp\/v2\/media\/896"}],"wp:attachment":[{"href":"https:\/\/hashenka.com\/en\/wp-json\/wp\/v2\/media?parent=1072"}],"curies":[{"name":"wp","href":"https:\/\/api.w.org\/{rel}","templated":true}]}}