{"id":1053,"date":"2020-11-23T15:38:06","date_gmt":"2020-11-23T14:38:06","guid":{"rendered":"http:\/\/hashenka.com\/?product=import-placeholder-for-1597"},"modified":"2021-01-13T18:16:13","modified_gmt":"2021-01-13T17:16:13","slug":"parures-perles-bleues-semi-iridescentes-feuille-dargent","status":"publish","type":"product","link":"https:\/\/hashenka.com\/en\/boutique\/accueil\/nos-collections\/parures\/parures-perles-bleues-semi-iridescentes-feuille-dargent\/","title":{"rendered":"Parures perles bleues semi iridescentes feuille d&rsquo;argent"},"content":{"rendered":"<p><span style=\"font-size: 12pt; font-family: times new roman, times;\"><span style=\"font-size: 12pt; font-family: times new roman, times;\">Parure de perles bleues v\u00e9nitiennes semi iridescentes <span style=\"font-size: 12pt; font-family: times new roman, times;\"><span style=\"font-size: 12pt; font-family: times new roman, times;\"> avec feuille d&rsquo;argent<\/span><\/span>. Grand collier longueur 60 cm, boucles d&rsquo;oreilles spirales \u00e0 <span style=\"font-size: 12pt; font-family: times new roman, times;\">crochets hypoallerg\u00e9nique<\/span>. Label verre artistique.<\/span><\/span><\/p>","protected":false},"excerpt":{"rendered":"<p><span style=\"font-size: 12pt; font-family: times new roman, times;\"><span style=\"font-size: 12pt; font-family: times new roman, times;\">Parure de perles bleues v\u00e9nitiennes semi iridescentes <span style=\"font-size: 12pt; font-family: times new roman, times;\"><span style=\"font-size: 12pt; font-family: times new roman, times;\"> avec feuille d&rsquo;argent<\/span><\/span>. Grand collier longueur 60 cm, boucles d&rsquo;oreilles spirales \u00e0 <span style=\"font-size: 12pt; font-family: times new roman, times;\">crochets hypoallerg\u00e9nique<\/span>. Label verre artistique.<\/span><\/span><\/p>","protected":false},"featured_media":208,"comment_status":"open","ping_status":"closed","template":"","meta":[],"yoast_head":"<!-- This site is optimized with the Yoast SEO plugin v15.2.1 - https:\/\/yoast.com\/wordpress\/plugins\/seo\/ -->\n<title>Parures perles bleues semi iridescentes feuille d&#039;argent &gt; Hashenka<\/title>\n<meta name=\"robots\" content=\"index, follow, max-snippet:-1, max-image-preview:large, max-video-preview:-1\" \/>\n<link rel=\"canonical\" href=\"https:\/\/hashenka.com\/en\/boutique\/accueil\/nos-collections\/parures\/parures-perles-bleues-semi-iridescentes-feuille-dargent\/\" \/>\n<meta property=\"og:locale\" content=\"en_GB\" \/>\n<meta property=\"og:type\" content=\"article\" \/>\n<meta property=\"og:title\" content=\"Parures perles bleues semi iridescentes feuille d&#039;argent &gt; Hashenka\" \/>\n<meta property=\"og:description\" content=\"Parure de perles bleues v\u00e9nitiennes semi iridescentes avec feuille d&#039;argent. Grand collier longueur 60 cm, boucles d&#039;oreilles spirales \u00e0 crochets hypoallerg\u00e9nique. Label verre artistique.\" \/>\n<meta property=\"og:url\" content=\"https:\/\/hashenka.com\/en\/boutique\/accueil\/nos-collections\/parures\/parures-perles-bleues-semi-iridescentes-feuille-dargent\/\" \/>\n<meta property=\"og:site_name\" content=\"Hashenka\" \/>\n<meta property=\"article:modified_time\" content=\"2021-01-13T17:16:13+00:00\" \/>\n<meta property=\"og:image\" content=\"https:\/\/hashenka.com\/wp-content\/uploads\/2020\/11\/52-652-Parures-perles-bleues-semi-iridescentes-feuille-dargent.jpg\" \/>\n\t<meta property=\"og:image:width\" content=\"333\" \/>\n\t<meta property=\"og:image:height\" content=\"500\" \/>\n<meta name=\"twitter:card\" content=\"summary_large_image\" \/>\n<meta name=\"twitter:label1\" content=\"Written by\">\n\t<meta name=\"twitter:data1\" content=\"admin8227\">\n\t<meta name=\"twitter:label2\" content=\"Estimated reading time\">\n\t<meta name=\"twitter:data2\" content=\"0 minutes\">\n<script type=\"application\/ld+json\" class=\"yoast-schema-graph\">{\"@context\":\"https:\/\/schema.org\",\"@graph\":[{\"@type\":\"WebSite\",\"@id\":\"https:\/\/hashenka.com\/fr_fr\/#website\",\"url\":\"https:\/\/hashenka.com\/fr_fr\/\",\"name\":\"Hashenka\",\"description\":\"Bijoux et objets en verre de Murano\",\"potentialAction\":[{\"@type\":\"SearchAction\",\"target\":\"https:\/\/hashenka.com\/fr_fr\/?s={search_term_string}\",\"query-input\":\"required name=search_term_string\"}],\"inLanguage\":\"en-GB\"},{\"@type\":\"ImageObject\",\"@id\":\"http:\/\/hashenka.com\/boutique\/accueil\/nos-collections\/parures\/parures-perles-bleues-semi-iridescentes-feuille-dargent\/#primaryimage\",\"inLanguage\":\"en-GB\",\"url\":\"https:\/\/hashenka.com\/wp-content\/uploads\/2020\/11\/52-652-Parures-perles-bleues-semi-iridescentes-feuille-dargent.jpg\",\"width\":333,\"height\":500},{\"@type\":\"WebPage\",\"@id\":\"http:\/\/hashenka.com\/boutique\/accueil\/nos-collections\/parures\/parures-perles-bleues-semi-iridescentes-feuille-dargent\/#webpage\",\"url\":\"http:\/\/hashenka.com\/boutique\/accueil\/nos-collections\/parures\/parures-perles-bleues-semi-iridescentes-feuille-dargent\/\",\"name\":\"Parures perles bleues semi iridescentes feuille d'argent &gt; Hashenka\",\"isPartOf\":{\"@id\":\"https:\/\/hashenka.com\/fr_fr\/#website\"},\"primaryImageOfPage\":{\"@id\":\"http:\/\/hashenka.com\/boutique\/accueil\/nos-collections\/parures\/parures-perles-bleues-semi-iridescentes-feuille-dargent\/#primaryimage\"},\"datePublished\":\"2020-11-23T14:38:06+00:00\",\"dateModified\":\"2021-01-13T17:16:13+00:00\",\"inLanguage\":\"en-GB\",\"potentialAction\":[{\"@type\":\"ReadAction\",\"target\":[\"http:\/\/hashenka.com\/boutique\/accueil\/nos-collections\/parures\/parures-perles-bleues-semi-iridescentes-feuille-dargent\/\"]}]}]}<\/script>\n<!-- \/ Yoast SEO plugin. -->","_links":{"self":[{"href":"https:\/\/hashenka.com\/en\/wp-json\/wp\/v2\/product\/1053"}],"collection":[{"href":"https:\/\/hashenka.com\/en\/wp-json\/wp\/v2\/product"}],"about":[{"href":"https:\/\/hashenka.com\/en\/wp-json\/wp\/v2\/types\/product"}],"replies":[{"embeddable":true,"href":"https:\/\/hashenka.com\/en\/wp-json\/wp\/v2\/comments?post=1053"}],"wp:featuredmedia":[{"embeddable":true,"href":"https:\/\/hashenka.com\/en\/wp-json\/wp\/v2\/media\/208"}],"wp:attachment":[{"href":"https:\/\/hashenka.com\/en\/wp-json\/wp\/v2\/media?parent=1053"}],"curies":[{"name":"wp","href":"https:\/\/api.w.org\/{rel}","templated":true}]}}