{"id":1049,"date":"2020-11-23T15:38:05","date_gmt":"2020-11-23T14:38:05","guid":{"rendered":"http:\/\/hashenka.com\/?product=import-placeholder-for-pdtmc9"},"modified":"2024-08-20T17:04:48","modified_gmt":"2024-08-20T15:04:48","slug":"pied-de-lampe-en-col-de-cygne-avec-suspension-murrines","status":"publish","type":"product","link":"https:\/\/hashenka.com\/en\/boutique\/accueil\/nos-collections\/objets\/pied-de-lampe-en-col-de-cygne-avec-suspension-murrines\/","title":{"rendered":"Pied de lampe en col de Cygne avec suspension Murrines"},"content":{"rendered":"<p style=\"text-align: left;\"><span style=\"font-size: 10pt; color: #333333;\"><strong>Lampe de chevet ou pied de lampe en forme de col de Cygne et m\u00e9tal argent\u00e9 bross\u00e9 (fabrication italienne), avec une suspension globe \u00ab\u00a0drap\u00e9e\u00a0\u00bb\u00a0 en verre de Murano compos\u00e9e de murrines. Hauteur 36 cm. Avec ampoule . <span style=\"font-size: 10pt; color: #333333;\"><span style=\"font-size: 10pt; color: #333333; font-family: arial,helvetica,sans-serif;\">DISPONIBLES DANS NOS MAGASINS<\/span><\/span><br \/><\/strong><\/span><\/p>","protected":false},"excerpt":{"rendered":"<p style=\"text-align: left;\"><strong><span style=\"font-size: 10pt; color: #333333;\">Lampe de chevet ou pied de lampe en forme de col de Cygne et m\u00e9tal argent\u00e9 bross\u00e9 (fabrication italienne), avec une suspension globe \u00ab\u00a0drap\u00e9e\u00a0\u00bb\u00a0 en verre de Murano compos\u00e9e de murrines. Hauteur 36 cm. Avec ampoule .<\/span><span style=\"font-size: 10pt; color: #333333;\"><span style=\"font-size: 10pt; color: #333333; font-family: arial,helvetica,sans-serif;\">DISPONIBLES DANS NOS MAGASINS<\/span><\/span><\/strong><\/p>","protected":false},"featured_media":845,"comment_status":"open","ping_status":"closed","template":"","meta":[],"yoast_head":"<!-- This site is optimized with the Yoast SEO plugin v15.2.1 - https:\/\/yoast.com\/wordpress\/plugins\/seo\/ -->\n<title>Pied de lampe en col de Cygne avec suspension Murrines &gt; Hashenka<\/title>\n<meta name=\"robots\" content=\"index, follow, max-snippet:-1, max-image-preview:large, max-video-preview:-1\" \/>\n<link rel=\"canonical\" href=\"https:\/\/hashenka.com\/en\/boutique\/accueil\/nos-collections\/objets\/pied-de-lampe-en-col-de-cygne-avec-suspension-murrines\/\" \/>\n<meta property=\"og:locale\" content=\"en_GB\" \/>\n<meta property=\"og:type\" content=\"article\" \/>\n<meta property=\"og:title\" content=\"Pied de lampe en col de Cygne avec suspension Murrines &gt; Hashenka\" \/>\n<meta property=\"og:description\" content=\"Lampe de chevet ou pied de lampe en forme de col de Cygne et m\u00e9tal argent\u00e9 bross\u00e9 (fabrication italienne), avec une suspension globe &quot;drap\u00e9e&quot;\u00a0 en verre de Murano compos\u00e9e de murrines. Hauteur 36 cm. Avec ampoule .DISPONIBLES DANS NOS MAGASINS\" \/>\n<meta property=\"og:url\" content=\"https:\/\/hashenka.com\/en\/boutique\/accueil\/nos-collections\/objets\/pied-de-lampe-en-col-de-cygne-avec-suspension-murrines\/\" \/>\n<meta property=\"og:site_name\" content=\"Hashenka\" \/>\n<meta property=\"article:modified_time\" content=\"2024-08-20T15:04:48+00:00\" \/>\n<meta property=\"og:image\" content=\"https:\/\/hashenka.com\/wp-content\/uploads\/2020\/11\/406-442-Pied-de-table-avec-suspension-Murrine.jpg\" \/>\n\t<meta property=\"og:image:width\" content=\"333\" \/>\n\t<meta property=\"og:image:height\" content=\"500\" \/>\n<meta name=\"twitter:card\" content=\"summary_large_image\" \/>\n<meta name=\"twitter:label1\" content=\"Written by\">\n\t<meta name=\"twitter:data1\" content=\"admin8227\">\n\t<meta name=\"twitter:label2\" content=\"Estimated reading time\">\n\t<meta name=\"twitter:data2\" content=\"0 minutes\">\n<script type=\"application\/ld+json\" class=\"yoast-schema-graph\">{\"@context\":\"https:\/\/schema.org\",\"@graph\":[{\"@type\":\"WebSite\",\"@id\":\"https:\/\/hashenka.com\/fr_fr\/#website\",\"url\":\"https:\/\/hashenka.com\/fr_fr\/\",\"name\":\"Hashenka\",\"description\":\"Bijoux et objets en verre de Murano\",\"potentialAction\":[{\"@type\":\"SearchAction\",\"target\":\"https:\/\/hashenka.com\/fr_fr\/?s={search_term_string}\",\"query-input\":\"required name=search_term_string\"}],\"inLanguage\":\"en-GB\"},{\"@type\":\"ImageObject\",\"@id\":\"https:\/\/hashenka.com\/boutique\/accueil\/nos-collections\/objets\/pied-de-lampe-en-col-de-cygne-avec-suspension-murrines\/#primaryimage\",\"inLanguage\":\"en-GB\",\"url\":\"https:\/\/hashenka.com\/wp-content\/uploads\/2020\/11\/406-442-Pied-de-table-avec-suspension-Murrine.jpg\",\"width\":333,\"height\":500},{\"@type\":\"WebPage\",\"@id\":\"https:\/\/hashenka.com\/boutique\/accueil\/nos-collections\/objets\/pied-de-lampe-en-col-de-cygne-avec-suspension-murrines\/#webpage\",\"url\":\"https:\/\/hashenka.com\/boutique\/accueil\/nos-collections\/objets\/pied-de-lampe-en-col-de-cygne-avec-suspension-murrines\/\",\"name\":\"Pied de lampe en col de Cygne avec suspension Murrines &gt; Hashenka\",\"isPartOf\":{\"@id\":\"https:\/\/hashenka.com\/fr_fr\/#website\"},\"primaryImageOfPage\":{\"@id\":\"https:\/\/hashenka.com\/boutique\/accueil\/nos-collections\/objets\/pied-de-lampe-en-col-de-cygne-avec-suspension-murrines\/#primaryimage\"},\"datePublished\":\"2020-11-23T14:38:05+00:00\",\"dateModified\":\"2024-08-20T15:04:48+00:00\",\"inLanguage\":\"en-GB\",\"potentialAction\":[{\"@type\":\"ReadAction\",\"target\":[\"https:\/\/hashenka.com\/boutique\/accueil\/nos-collections\/objets\/pied-de-lampe-en-col-de-cygne-avec-suspension-murrines\/\"]}]}]}<\/script>\n<!-- \/ Yoast SEO plugin. -->","_links":{"self":[{"href":"https:\/\/hashenka.com\/en\/wp-json\/wp\/v2\/product\/1049"}],"collection":[{"href":"https:\/\/hashenka.com\/en\/wp-json\/wp\/v2\/product"}],"about":[{"href":"https:\/\/hashenka.com\/en\/wp-json\/wp\/v2\/types\/product"}],"replies":[{"embeddable":true,"href":"https:\/\/hashenka.com\/en\/wp-json\/wp\/v2\/comments?post=1049"}],"wp:featuredmedia":[{"embeddable":true,"href":"https:\/\/hashenka.com\/en\/wp-json\/wp\/v2\/media\/845"}],"wp:attachment":[{"href":"https:\/\/hashenka.com\/en\/wp-json\/wp\/v2\/media?parent=1049"}],"curies":[{"name":"wp","href":"https:\/\/api.w.org\/{rel}","templated":true}]}}