{"id":1048,"date":"2020-11-23T15:38:05","date_gmt":"2020-11-23T14:38:05","guid":{"rendered":"http:\/\/hashenka.com\/?product=import-placeholder-for-muracolavamfp7336"},"modified":"2021-08-11T11:35:19","modified_gmt":"2021-08-11T09:35:19","slug":"lampe-vase-murrines-millefiori-couleur-primevere","status":"publish","type":"product","link":"https:\/\/hashenka.com\/en\/boutique\/accueil\/nos-collections\/objets\/lampe-vase-murrines-millefiori-couleur-primevere\/","title":{"rendered":"Lampe vase Murrines millefiori couleur primev\u00e8re"},"content":{"rendered":"<p><span style=\"font-size: medium; font-family: georgia,palatino; color: #333333;\"><span style=\"font-size: medium; font-family: georgia,palatino; color: #333333;\"><span style=\"font-size: 10pt;\"><span style=\"font-size: 12pt;\"><span style=\"color: #333333;\">Lampe\/vase artisanale en verre de Murano, compos\u00e9 de murrines millefiori r\u00e9alis\u00e9es par la maison Effetre, ton primev\u00e8re, hauteur 25 cm, diam\u00e8tre 14 cm.<\/span><\/span><\/span><\/span><\/span><\/p>\n<p><span style=\"font-size: medium; font-family: georgia,palatino; color: #333333;\"><span style=\"font-size: medium; font-family: georgia,palatino; color: #333333;\"><span style=\"font-size: 10pt;\"><span style=\"font-size: 12pt;\"><span style=\"color: #333333;\"><span style=\"font-size: medium; font-family: georgia,palatino; color: #333333;\"><span style=\"font-size: 10pt;\"><span style=\"font-size: 12pt;\"><span style=\"color: #333333;\">Sur demande, cette pi\u00e8ce peut \u00eatre r\u00e9cup\u00e9r\u00e9e dans un de nos 3 magasins et r\u00e9gl\u00e9e sur place. A cette fin veuillez nous contacter (coordonn\u00e9es dans \u00ab\u00a0Nos magasins\u00a0\u00bb).<\/span><\/span><\/span><\/span><\/span><\/span><\/span><\/span><\/span><\/p>","protected":false},"excerpt":{"rendered":"<p><span style=\"font-size: medium; font-family: georgia,palatino; color: #333333;\"><span style=\"font-size: 10pt;\"><span style=\"font-size: 12pt;\"><span style=\"color: #333333;\">Lampe\/vase artisanale en verre de Murano, compos\u00e9 de murrines millefiori r\u00e9alis\u00e9es par la maison Effetre, ton primev\u00e8re, hauteur 25 cm, diam\u00e8tre 14 cm.<\/span><\/span><\/span><\/span><\/p>\n<p><span style=\"font-size: medium; font-family: georgia,palatino; color: #333333;\"><span style=\"font-size: 10pt;\"><span style=\"font-size: 12pt;\"><span style=\"color: #333333;\">Sur demande, cette pi\u00e8ce peut \u00eatre r\u00e9cup\u00e9r\u00e9e dans un de nos 3 magasins et r\u00e9gl\u00e9e sur place. A cette fin veuillez nous contacter (coordonn\u00e9es dans \u00ab\u00a0Nos magasins\u00a0\u00bb).<br \/><\/span><\/span><\/span><\/span><\/p>","protected":false},"featured_media":794,"comment_status":"open","ping_status":"closed","template":"","meta":[],"yoast_head":"<!-- This site is optimized with the Yoast SEO plugin v15.2.1 - https:\/\/yoast.com\/wordpress\/plugins\/seo\/ -->\n<title>Lampe vase Murrines millefiori couleur primev\u00e8re &gt; Hashenka<\/title>\n<meta name=\"robots\" content=\"index, follow, max-snippet:-1, max-image-preview:large, max-video-preview:-1\" \/>\n<link rel=\"canonical\" href=\"https:\/\/hashenka.com\/en\/boutique\/accueil\/nos-collections\/objets\/lampe-vase-murrines-millefiori-couleur-primevere\/\" \/>\n<meta property=\"og:locale\" content=\"en_GB\" \/>\n<meta property=\"og:type\" content=\"article\" \/>\n<meta property=\"og:title\" content=\"Lampe vase Murrines millefiori couleur primev\u00e8re &gt; Hashenka\" \/>\n<meta property=\"og:description\" content=\"Lampe\/vase artisanale en verre de Murano, compos\u00e9 de murrines millefiori r\u00e9alis\u00e9es par la maison Effetre, ton primev\u00e8re, hauteur 25 cm, diam\u00e8tre 14 cm. Sur demande, cette pi\u00e8ce peut \u00eatre r\u00e9cup\u00e9r\u00e9e dans un de nos 3 magasins et r\u00e9gl\u00e9e sur place. A cette fin veuillez nous contacter (coordonn\u00e9es dans &quot;Nos magasins&quot;).\" \/>\n<meta property=\"og:url\" content=\"https:\/\/hashenka.com\/en\/boutique\/accueil\/nos-collections\/objets\/lampe-vase-murrines-millefiori-couleur-primevere\/\" \/>\n<meta property=\"og:site_name\" content=\"Hashenka\" \/>\n<meta property=\"article:modified_time\" content=\"2021-08-11T09:35:19+00:00\" \/>\n<meta property=\"og:image\" content=\"https:\/\/hashenka.com\/wp-content\/uploads\/2020\/11\/379-799-Lampe-vase-Murrines-millefiori-couleur-primevere.jpg\" \/>\n\t<meta property=\"og:image:width\" content=\"333\" \/>\n\t<meta property=\"og:image:height\" content=\"500\" \/>\n<meta name=\"twitter:card\" content=\"summary_large_image\" \/>\n<meta name=\"twitter:label1\" content=\"Written by\">\n\t<meta name=\"twitter:data1\" content=\"admin8227\">\n\t<meta name=\"twitter:label2\" content=\"Estimated reading time\">\n\t<meta name=\"twitter:data2\" content=\"0 minutes\">\n<script type=\"application\/ld+json\" class=\"yoast-schema-graph\">{\"@context\":\"https:\/\/schema.org\",\"@graph\":[{\"@type\":\"WebSite\",\"@id\":\"https:\/\/hashenka.com\/fr_fr\/#website\",\"url\":\"https:\/\/hashenka.com\/fr_fr\/\",\"name\":\"Hashenka\",\"description\":\"Bijoux et objets en verre de Murano\",\"potentialAction\":[{\"@type\":\"SearchAction\",\"target\":\"https:\/\/hashenka.com\/fr_fr\/?s={search_term_string}\",\"query-input\":\"required name=search_term_string\"}],\"inLanguage\":\"en-GB\"},{\"@type\":\"ImageObject\",\"@id\":\"https:\/\/hashenka.com\/boutique\/accueil\/nos-collections\/objets\/lampe-vase-murrines-millefiori-couleur-primevere\/#primaryimage\",\"inLanguage\":\"en-GB\",\"url\":\"https:\/\/hashenka.com\/wp-content\/uploads\/2020\/11\/379-799-Lampe-vase-Murrines-millefiori-couleur-primevere.jpg\",\"width\":333,\"height\":500},{\"@type\":\"WebPage\",\"@id\":\"https:\/\/hashenka.com\/boutique\/accueil\/nos-collections\/objets\/lampe-vase-murrines-millefiori-couleur-primevere\/#webpage\",\"url\":\"https:\/\/hashenka.com\/boutique\/accueil\/nos-collections\/objets\/lampe-vase-murrines-millefiori-couleur-primevere\/\",\"name\":\"Lampe vase Murrines millefiori couleur primev\\u00e8re &gt; Hashenka\",\"isPartOf\":{\"@id\":\"https:\/\/hashenka.com\/fr_fr\/#website\"},\"primaryImageOfPage\":{\"@id\":\"https:\/\/hashenka.com\/boutique\/accueil\/nos-collections\/objets\/lampe-vase-murrines-millefiori-couleur-primevere\/#primaryimage\"},\"datePublished\":\"2020-11-23T14:38:05+00:00\",\"dateModified\":\"2021-08-11T09:35:19+00:00\",\"inLanguage\":\"en-GB\",\"potentialAction\":[{\"@type\":\"ReadAction\",\"target\":[\"https:\/\/hashenka.com\/boutique\/accueil\/nos-collections\/objets\/lampe-vase-murrines-millefiori-couleur-primevere\/\"]}]}]}<\/script>\n<!-- \/ Yoast SEO plugin. -->","_links":{"self":[{"href":"https:\/\/hashenka.com\/en\/wp-json\/wp\/v2\/product\/1048"}],"collection":[{"href":"https:\/\/hashenka.com\/en\/wp-json\/wp\/v2\/product"}],"about":[{"href":"https:\/\/hashenka.com\/en\/wp-json\/wp\/v2\/types\/product"}],"replies":[{"embeddable":true,"href":"https:\/\/hashenka.com\/en\/wp-json\/wp\/v2\/comments?post=1048"}],"wp:featuredmedia":[{"embeddable":true,"href":"https:\/\/hashenka.com\/en\/wp-json\/wp\/v2\/media\/794"}],"wp:attachment":[{"href":"https:\/\/hashenka.com\/en\/wp-json\/wp\/v2\/media?parent=1048"}],"curies":[{"name":"wp","href":"https:\/\/api.w.org\/{rel}","templated":true}]}}