{"id":1047,"date":"2020-11-23T15:38:05","date_gmt":"2020-11-23T14:38:05","guid":{"rendered":"http:\/\/hashenka.com\/?product=import-placeholder-for-muracosugmne239"},"modified":"2024-08-20T17:04:15","modified_gmt":"2024-08-20T15:04:15","slug":"suspension-grandes-murrines-new-england-multicolor","status":"publish","type":"product","link":"https:\/\/hashenka.com\/en\/boutique\/accueil\/nos-collections\/objets\/suspension-grandes-murrines-new-england-multicolor\/","title":{"rendered":"Suspension grandes murrines New England multicolor"},"content":{"rendered":"<p>\u00a0<span style=\"font-size: medium; font-family: georgia,palatino; color: #464646;\"><span style=\"background: none repeat scroll 0% 0% transparent;\"><span><span style=\"font-size: medium; font-family: georgia,palatino; color: #464646;\">Suspension compos\u00e9e de grandes murrines tons oranges, bleus et vert. <span style=\"font-size: 10pt;\"><span style=\"font-size: 12pt;\"><span style=\"color: #333333;\">Murrines uniques r\u00e9alis\u00e9es par l&rsquo;artisan,<\/span><\/span><\/span><\/span><span style=\"font-size: medium; font-family: georgia,palatino; color: #464646;\"> hauteur 17 cm, diam\u00e8tre de la base entre 20 cm. Livr\u00e9e avec syst\u00e8me \u00e9lectrique.<\/span><\/span><\/span><\/span><\/p>\n<div id=\"short_description_block\">\n<div id=\"short_description_content\">\n<div id=\"short_description_block\">\n<div id=\"short_description_content\">\n<div id=\"short_description_block\">\n<div id=\"short_description_content\">\n<p><span style=\"font-size: medium; font-family: georgia,palatino; color: #464646;\"><span style=\"background: none repeat scroll 0% 0% transparent;\"><span><span style=\"font-size: medium; font-family: georgia,palatino; color: #464646;\">Suspension pouvant \u00eatre livr\u00e9e sur un pied de lampe en m\u00e9tal bross\u00e9. Co\u00fbt suppl\u00e9mentaire 46 \u20ac. Prix total 191 \u20ac. Nous contacter.<br \/><\/span><\/span><\/span><\/span><\/p>\n<\/p><\/div>\n<\/p><\/div>\n<\/p><\/div>\n<\/p><\/div>\n<\/p><\/div>\n<\/p><\/div>\n<p><span style=\"font-size: medium; font-family: book antiqua,palatino;\"><span style=\"font-size: medium; font-family: helvetica; color: #000000;\"><span style=\"font-size: 12pt;\"><br \/><\/span><\/span><\/span><\/p>","protected":false},"excerpt":{"rendered":"<p>\u00a0<span style=\"font-size: medium; font-family: georgia,palatino; color: #464646;\"><span style=\"background: none repeat scroll 0% 0% transparent;\"><span><span style=\"font-size: medium; font-family: georgia,palatino; color: #464646;\">Suspension compos\u00e9e de grandes murrines tons oranges, bleus et vert. <span style=\"font-size: 10pt;\"><span style=\"font-size: 12pt;\"><span style=\"color: #333333;\">Murrines uniques r\u00e9alis\u00e9es par l&rsquo;artisan,<\/span><\/span><\/span><\/span><span style=\"font-size: medium; font-family: georgia,palatino; color: #464646;\"> hauteur 17 cm, diam\u00e8tre de la base entre 20 cm. Livr\u00e9e avec syst\u00e8me \u00e9lectrique.<\/span><\/span><\/span><\/span><\/p>\n<div id=\"short_description_block\">\n<div id=\"short_description_content\">\n<div id=\"short_description_block\">\n<div id=\"short_description_content\">\n<div id=\"short_description_block\">\n<div id=\"short_description_content\">\n<p><span style=\"font-size: medium; font-family: georgia,palatino; color: #464646;\"><span style=\"background: none repeat scroll 0% 0% transparent;\"><span><span style=\"font-size: medium; font-family: georgia,palatino; color: #464646;\">Suspension pouvant \u00eatre livr\u00e9e sur un pied de lampe en m\u00e9tal bross\u00e9. Co\u00fbt suppl\u00e9mentaire 46 \u20ac. Prix total 191 \u20ac. Nous contacter.<br \/><\/span><\/span><\/span><\/span><\/p>\n<\/p><\/div>\n<\/p><\/div>\n<\/p><\/div>\n<\/p><\/div>\n<\/p><\/div>\n<\/p><\/div>\n<p style=\"text-align: left;\"><span style=\"font-size: medium; font-family: helvetica; color: #000000;\"><span style=\"font-size: 12pt;\"><br \/><\/span><\/span><\/p>","protected":false},"featured_media":728,"comment_status":"open","ping_status":"closed","template":"","meta":[],"yoast_head":"<!-- This site is optimized with the Yoast SEO plugin v15.2.1 - https:\/\/yoast.com\/wordpress\/plugins\/seo\/ -->\n<title>Suspension grandes murrines New England multicolor &gt; Hashenka<\/title>\n<meta name=\"robots\" content=\"index, follow, max-snippet:-1, max-image-preview:large, max-video-preview:-1\" \/>\n<link rel=\"canonical\" href=\"https:\/\/hashenka.com\/en\/boutique\/accueil\/nos-collections\/objets\/suspension-grandes-murrines-new-england-multicolor\/\" \/>\n<meta property=\"og:locale\" content=\"en_GB\" \/>\n<meta property=\"og:type\" content=\"article\" \/>\n<meta property=\"og:title\" content=\"Suspension grandes murrines New England multicolor &gt; Hashenka\" \/>\n<meta property=\"og:description\" content=\"\u00a0Suspension compos\u00e9e de grandes murrines tons oranges, bleus et vert. Murrines uniques r\u00e9alis\u00e9es par l&#039;artisan, hauteur 17 cm, diam\u00e8tre de la base entre 20 cm. Livr\u00e9e avec syst\u00e8me \u00e9lectrique.    Suspension pouvant \u00eatre livr\u00e9e sur un pied de lampe en m\u00e9tal bross\u00e9. Co\u00fbt suppl\u00e9mentaire 46 \u20ac. Prix total 191 \u20ac. Nous contacter.\" \/>\n<meta property=\"og:url\" content=\"https:\/\/hashenka.com\/en\/boutique\/accueil\/nos-collections\/objets\/suspension-grandes-murrines-new-england-multicolor\/\" \/>\n<meta property=\"og:site_name\" content=\"Hashenka\" \/>\n<meta property=\"article:modified_time\" content=\"2024-08-20T15:04:15+00:00\" \/>\n<meta property=\"og:image\" content=\"https:\/\/hashenka.com\/wp-content\/uploads\/2020\/11\/341-879-Suspension-grandes-murrines-New-England-multicolor.jpg\" \/>\n\t<meta property=\"og:image:width\" content=\"333\" \/>\n\t<meta property=\"og:image:height\" content=\"500\" \/>\n<meta name=\"twitter:card\" content=\"summary_large_image\" \/>\n<meta name=\"twitter:label1\" content=\"Written by\">\n\t<meta name=\"twitter:data1\" content=\"admin8227\">\n\t<meta name=\"twitter:label2\" content=\"Estimated reading time\">\n\t<meta name=\"twitter:data2\" content=\"0 minutes\">\n<script type=\"application\/ld+json\" class=\"yoast-schema-graph\">{\"@context\":\"https:\/\/schema.org\",\"@graph\":[{\"@type\":\"WebSite\",\"@id\":\"https:\/\/hashenka.com\/fr_fr\/#website\",\"url\":\"https:\/\/hashenka.com\/fr_fr\/\",\"name\":\"Hashenka\",\"description\":\"Bijoux et objets en verre de Murano\",\"potentialAction\":[{\"@type\":\"SearchAction\",\"target\":\"https:\/\/hashenka.com\/fr_fr\/?s={search_term_string}\",\"query-input\":\"required name=search_term_string\"}],\"inLanguage\":\"en-GB\"},{\"@type\":\"ImageObject\",\"@id\":\"https:\/\/hashenka.com\/boutique\/accueil\/nos-collections\/objets\/suspension-grandes-murrines-new-england-multicolor\/#primaryimage\",\"inLanguage\":\"en-GB\",\"url\":\"https:\/\/hashenka.com\/wp-content\/uploads\/2020\/11\/341-879-Suspension-grandes-murrines-New-England-multicolor.jpg\",\"width\":333,\"height\":500},{\"@type\":\"WebPage\",\"@id\":\"https:\/\/hashenka.com\/boutique\/accueil\/nos-collections\/objets\/suspension-grandes-murrines-new-england-multicolor\/#webpage\",\"url\":\"https:\/\/hashenka.com\/boutique\/accueil\/nos-collections\/objets\/suspension-grandes-murrines-new-england-multicolor\/\",\"name\":\"Suspension grandes murrines New England multicolor &gt; Hashenka\",\"isPartOf\":{\"@id\":\"https:\/\/hashenka.com\/fr_fr\/#website\"},\"primaryImageOfPage\":{\"@id\":\"https:\/\/hashenka.com\/boutique\/accueil\/nos-collections\/objets\/suspension-grandes-murrines-new-england-multicolor\/#primaryimage\"},\"datePublished\":\"2020-11-23T14:38:05+00:00\",\"dateModified\":\"2024-08-20T15:04:15+00:00\",\"inLanguage\":\"en-GB\",\"potentialAction\":[{\"@type\":\"ReadAction\",\"target\":[\"https:\/\/hashenka.com\/boutique\/accueil\/nos-collections\/objets\/suspension-grandes-murrines-new-england-multicolor\/\"]}]}]}<\/script>\n<!-- \/ Yoast SEO plugin. -->","_links":{"self":[{"href":"https:\/\/hashenka.com\/en\/wp-json\/wp\/v2\/product\/1047"}],"collection":[{"href":"https:\/\/hashenka.com\/en\/wp-json\/wp\/v2\/product"}],"about":[{"href":"https:\/\/hashenka.com\/en\/wp-json\/wp\/v2\/types\/product"}],"replies":[{"embeddable":true,"href":"https:\/\/hashenka.com\/en\/wp-json\/wp\/v2\/comments?post=1047"}],"wp:featuredmedia":[{"embeddable":true,"href":"https:\/\/hashenka.com\/en\/wp-json\/wp\/v2\/media\/728"}],"wp:attachment":[{"href":"https:\/\/hashenka.com\/en\/wp-json\/wp\/v2\/media?parent=1047"}],"curies":[{"name":"wp","href":"https:\/\/api.w.org\/{rel}","templated":true}]}}