{"id":1042,"date":"2020-11-23T15:38:04","date_gmt":"2020-11-23T14:38:04","guid":{"rendered":"http:\/\/hashenka.com\/?product=import-placeholder-for-1591"},"modified":"2022-01-31T17:22:54","modified_gmt":"2022-01-31T16:22:54","slug":"pied-de-lampe-col-de-cygne-fazzoletto-tons-39","status":"publish","type":"product","link":"https:\/\/hashenka.com\/en\/boutique\/accueil\/nos-collections\/objets\/pied-de-lampe-col-de-cygne-fazzoletto-tons-39\/","title":{"rendered":"Pied de lampe col de cygne Fazzoletto tons 39"},"content":{"rendered":"<div id=\"short_description_block\">\n<div id=\"short_description_content\">\n<p style=\"text-align: left;\"><span style=\"font-size: 12pt;\"><span style=\"color: #333333;\">Lampe de chevet ou pied de lampe en forme de col de Cygne et m\u00e9tal argent\u00e9 bross\u00e9 (fabrication italienne), avec une suspension globe \u00ab\u00a0drap\u00e9e\u00a0\u00bb\u00a0 en verre de Murano compos\u00e9e de murrines mod\u00e8le Fazzoletto. Hauteur 35\/36 cm.<\/span><span style=\"color: #333333;\"><span style=\"color: #333333; font-family: arial, helvetica, sans-serif;\">DISPONIBLES DANS NOS MAGASINS.<\/span><\/span><\/span><\/p>\n<p style=\"text-align: left;\"><span style=\"font-size: 12pt;\"><span style=\"color: #333333;\"><span style=\"color: #333333; font-family: arial, helvetica, sans-serif;\">Inclu dans le set Ligne 39<br \/><\/span><\/span><\/span><\/p>\n<\/p><\/div>\n<\/p><\/div>","protected":false},"excerpt":{"rendered":"<div id=\"short_description_block\">\n<div id=\"short_description_content\">\n<p style=\"text-align: left;\"><span style=\"font-size: 12pt;\"><span style=\"color: #333333;\">Lampe de chevet ou pied de lampe en forme de col de Cygne et m\u00e9tal argent\u00e9 bross\u00e9 (fabrication italienne), avec une suspension globe \u00ab\u00a0drap\u00e9e\u00a0\u00bb\u00a0 en verre de Murano compos\u00e9e de murrines mod\u00e8le Fazzoletto. Hauteur 35\/36 cm.<\/span><span style=\"color: #333333;\"><span style=\"color: #333333; font-family: arial, helvetica, sans-serif;\">DISPONIBLES DANS NOS MAGASINS.<\/span><\/span><\/span><\/p>\n<p style=\"text-align: left;\"><span style=\"font-size: 12pt;\"><span style=\"color: #333333;\"><span style=\"color: #333333; font-family: arial, helvetica, sans-serif;\">Inclu dans le set Ligne 39<br \/><\/span><\/span><\/span><\/p>\n<\/p><\/div>\n<\/p><\/div>","protected":false},"featured_media":205,"comment_status":"open","ping_status":"closed","template":"","meta":[],"yoast_head":"<!-- This site is optimized with the Yoast SEO plugin v15.2.1 - https:\/\/yoast.com\/wordpress\/plugins\/seo\/ -->\n<title>Pied de lampe col de cygne Fazzoletto tons 39 &gt; Hashenka<\/title>\n<meta name=\"robots\" content=\"index, follow, max-snippet:-1, max-image-preview:large, max-video-preview:-1\" \/>\n<link rel=\"canonical\" href=\"https:\/\/hashenka.com\/en\/boutique\/accueil\/nos-collections\/objets\/pied-de-lampe-col-de-cygne-fazzoletto-tons-39\/\" \/>\n<meta property=\"og:locale\" content=\"en_GB\" \/>\n<meta property=\"og:type\" content=\"article\" \/>\n<meta property=\"og:title\" content=\"Pied de lampe col de cygne Fazzoletto tons 39 &gt; Hashenka\" \/>\n<meta property=\"og:description\" content=\"Lampe de chevet ou pied de lampe en forme de col de Cygne et m\u00e9tal argent\u00e9 bross\u00e9 (fabrication italienne), avec une suspension globe &quot;drap\u00e9e&quot;\u00a0 en verre de Murano compos\u00e9e de murrines mod\u00e8le Fazzoletto. Hauteur 35\/36 cm.DISPONIBLES DANS NOS MAGASINS. Inclu dans le set Ligne 39\" \/>\n<meta property=\"og:url\" content=\"https:\/\/hashenka.com\/en\/boutique\/accueil\/nos-collections\/objets\/pied-de-lampe-col-de-cygne-fazzoletto-tons-39\/\" \/>\n<meta property=\"og:site_name\" content=\"Hashenka\" \/>\n<meta property=\"article:modified_time\" content=\"2022-01-31T16:22:54+00:00\" \/>\n<meta property=\"og:image\" content=\"https:\/\/hashenka.com\/wp-content\/uploads\/2020\/11\/49-719-Pied-de-lampe-col-de-cygne-Fazzoletto-tons-39.jpg\" \/>\n\t<meta property=\"og:image:width\" content=\"329\" \/>\n\t<meta property=\"og:image:height\" content=\"497\" \/>\n<meta name=\"twitter:card\" content=\"summary_large_image\" \/>\n<meta name=\"twitter:label1\" content=\"Written by\">\n\t<meta name=\"twitter:data1\" content=\"admin8227\">\n\t<meta name=\"twitter:label2\" content=\"Estimated reading time\">\n\t<meta name=\"twitter:data2\" content=\"0 minutes\">\n<script type=\"application\/ld+json\" class=\"yoast-schema-graph\">{\"@context\":\"https:\/\/schema.org\",\"@graph\":[{\"@type\":\"WebSite\",\"@id\":\"https:\/\/hashenka.com\/fr_fr\/#website\",\"url\":\"https:\/\/hashenka.com\/fr_fr\/\",\"name\":\"Hashenka\",\"description\":\"Bijoux et objets en verre de Murano\",\"potentialAction\":[{\"@type\":\"SearchAction\",\"target\":\"https:\/\/hashenka.com\/fr_fr\/?s={search_term_string}\",\"query-input\":\"required name=search_term_string\"}],\"inLanguage\":\"en-GB\"},{\"@type\":\"ImageObject\",\"@id\":\"https:\/\/hashenka.com\/boutique\/accueil\/nos-collections\/objets\/pied-de-lampe-col-de-cygne-fazzoletto-tons-39\/#primaryimage\",\"inLanguage\":\"en-GB\",\"url\":\"https:\/\/hashenka.com\/wp-content\/uploads\/2020\/11\/49-719-Pied-de-lampe-col-de-cygne-Fazzoletto-tons-39.jpg\",\"width\":329,\"height\":497},{\"@type\":\"WebPage\",\"@id\":\"https:\/\/hashenka.com\/boutique\/accueil\/nos-collections\/objets\/pied-de-lampe-col-de-cygne-fazzoletto-tons-39\/#webpage\",\"url\":\"https:\/\/hashenka.com\/boutique\/accueil\/nos-collections\/objets\/pied-de-lampe-col-de-cygne-fazzoletto-tons-39\/\",\"name\":\"Pied de lampe col de cygne Fazzoletto tons 39 &gt; Hashenka\",\"isPartOf\":{\"@id\":\"https:\/\/hashenka.com\/fr_fr\/#website\"},\"primaryImageOfPage\":{\"@id\":\"https:\/\/hashenka.com\/boutique\/accueil\/nos-collections\/objets\/pied-de-lampe-col-de-cygne-fazzoletto-tons-39\/#primaryimage\"},\"datePublished\":\"2020-11-23T14:38:04+00:00\",\"dateModified\":\"2022-01-31T16:22:54+00:00\",\"inLanguage\":\"en-GB\",\"potentialAction\":[{\"@type\":\"ReadAction\",\"target\":[\"https:\/\/hashenka.com\/boutique\/accueil\/nos-collections\/objets\/pied-de-lampe-col-de-cygne-fazzoletto-tons-39\/\"]}]}]}<\/script>\n<!-- \/ Yoast SEO plugin. -->","_links":{"self":[{"href":"https:\/\/hashenka.com\/en\/wp-json\/wp\/v2\/product\/1042"}],"collection":[{"href":"https:\/\/hashenka.com\/en\/wp-json\/wp\/v2\/product"}],"about":[{"href":"https:\/\/hashenka.com\/en\/wp-json\/wp\/v2\/types\/product"}],"replies":[{"embeddable":true,"href":"https:\/\/hashenka.com\/en\/wp-json\/wp\/v2\/comments?post=1042"}],"wp:featuredmedia":[{"embeddable":true,"href":"https:\/\/hashenka.com\/en\/wp-json\/wp\/v2\/media\/205"}],"wp:attachment":[{"href":"https:\/\/hashenka.com\/en\/wp-json\/wp\/v2\/media?parent=1042"}],"curies":[{"name":"wp","href":"https:\/\/api.w.org\/{rel}","templated":true}]}}