{"id":1041,"date":"2020-11-23T15:38:04","date_gmt":"2020-11-23T14:38:04","guid":{"rendered":"http:\/\/hashenka.com\/?product=import-placeholder-for-1589"},"modified":"2020-12-01T17:15:13","modified_gmt":"2020-12-01T16:15:13","slug":"voilier-en-verre-de-murano-avec-feuille-dor","status":"publish","type":"product","link":"https:\/\/hashenka.com\/en\/boutique\/accueil\/nos-collections\/objets\/voilier-en-verre-de-murano-avec-feuille-dor\/","title":{"rendered":"Voilier en verre de Murano avec feuille d&rsquo;or"},"content":{"rendered":"<p>Voilier en verre de Murano translucide compos\u00e9 de feuille d&rsquo;or craquel\u00e9e, sign\u00e9 et r\u00e9alis\u00e9 par la maison Fornace Mian. Hauteur 38 cm, longueur 25 cm.<\/p>","protected":false},"excerpt":{"rendered":"<p>Voilier en verre de Murano translucide compos\u00e9 de feuille d&rsquo;or craquel\u00e9e, sign\u00e9 et r\u00e9alis\u00e9 par la maison Fornace Mian. Hauteur 38 cm, longueur 25 cm.<\/p>","protected":false},"featured_media":204,"comment_status":"open","ping_status":"closed","template":"","meta":[],"yoast_head":"<!-- This site is optimized with the Yoast SEO plugin v15.2.1 - https:\/\/yoast.com\/wordpress\/plugins\/seo\/ -->\n<title>Voilier en verre de Murano avec feuille d&#039;or &gt; Hashenka<\/title>\n<meta name=\"robots\" content=\"index, follow, max-snippet:-1, max-image-preview:large, max-video-preview:-1\" \/>\n<link rel=\"canonical\" href=\"https:\/\/hashenka.com\/en\/boutique\/accueil\/nos-collections\/objets\/voilier-en-verre-de-murano-avec-feuille-dor\/\" \/>\n<meta property=\"og:locale\" content=\"en_GB\" \/>\n<meta property=\"og:type\" content=\"article\" \/>\n<meta property=\"og:title\" content=\"Voilier en verre de Murano avec feuille d&#039;or &gt; Hashenka\" \/>\n<meta property=\"og:description\" content=\"Voilier en verre de Murano translucide compos\u00e9 de feuille d&#039;or craquel\u00e9e, sign\u00e9 et r\u00e9alis\u00e9 par la maison Fornace Mian. Hauteur 38 cm, longueur 25 cm.\" \/>\n<meta property=\"og:url\" content=\"https:\/\/hashenka.com\/en\/boutique\/accueil\/nos-collections\/objets\/voilier-en-verre-de-murano-avec-feuille-dor\/\" \/>\n<meta property=\"og:site_name\" content=\"Hashenka\" \/>\n<meta property=\"article:modified_time\" content=\"2020-12-01T16:15:13+00:00\" \/>\n<meta property=\"og:image\" content=\"https:\/\/hashenka.com\/wp-content\/uploads\/2020\/11\/48-609-Voilier-en-verre-de-Murano-avec-feuille-dor.jpg\" \/>\n\t<meta property=\"og:image:width\" content=\"333\" \/>\n\t<meta property=\"og:image:height\" content=\"500\" \/>\n<meta name=\"twitter:card\" content=\"summary_large_image\" \/>\n<meta name=\"twitter:label1\" content=\"Written by\">\n\t<meta name=\"twitter:data1\" content=\"admin8227\">\n\t<meta name=\"twitter:label2\" content=\"Estimated reading time\">\n\t<meta name=\"twitter:data2\" content=\"0 minutes\">\n<script type=\"application\/ld+json\" class=\"yoast-schema-graph\">{\"@context\":\"https:\/\/schema.org\",\"@graph\":[{\"@type\":\"WebSite\",\"@id\":\"https:\/\/hashenka.com\/fr_fr\/#website\",\"url\":\"https:\/\/hashenka.com\/fr_fr\/\",\"name\":\"Hashenka\",\"description\":\"Bijoux et objets en verre de Murano\",\"potentialAction\":[{\"@type\":\"SearchAction\",\"target\":\"https:\/\/hashenka.com\/fr_fr\/?s={search_term_string}\",\"query-input\":\"required name=search_term_string\"}],\"inLanguage\":\"en-GB\"},{\"@type\":\"ImageObject\",\"@id\":\"https:\/\/hashenka.com\/fr_fr\/boutique\/accueil\/nos-collections\/objets\/voilier-en-verre-de-murano-avec-feuille-dor\/#primaryimage\",\"inLanguage\":\"en-GB\",\"url\":\"https:\/\/hashenka.com\/wp-content\/uploads\/2020\/11\/48-609-Voilier-en-verre-de-Murano-avec-feuille-dor.jpg\",\"width\":333,\"height\":500},{\"@type\":\"WebPage\",\"@id\":\"https:\/\/hashenka.com\/fr_fr\/boutique\/accueil\/nos-collections\/objets\/voilier-en-verre-de-murano-avec-feuille-dor\/#webpage\",\"url\":\"https:\/\/hashenka.com\/fr_fr\/boutique\/accueil\/nos-collections\/objets\/voilier-en-verre-de-murano-avec-feuille-dor\/\",\"name\":\"Voilier en verre de Murano avec feuille d'or &gt; Hashenka\",\"isPartOf\":{\"@id\":\"https:\/\/hashenka.com\/fr_fr\/#website\"},\"primaryImageOfPage\":{\"@id\":\"https:\/\/hashenka.com\/fr_fr\/boutique\/accueil\/nos-collections\/objets\/voilier-en-verre-de-murano-avec-feuille-dor\/#primaryimage\"},\"datePublished\":\"2020-11-23T14:38:04+00:00\",\"dateModified\":\"2020-12-01T16:15:13+00:00\",\"inLanguage\":\"en-GB\",\"potentialAction\":[{\"@type\":\"ReadAction\",\"target\":[\"https:\/\/hashenka.com\/fr_fr\/boutique\/accueil\/nos-collections\/objets\/voilier-en-verre-de-murano-avec-feuille-dor\/\"]}]}]}<\/script>\n<!-- \/ Yoast SEO plugin. -->","_links":{"self":[{"href":"https:\/\/hashenka.com\/en\/wp-json\/wp\/v2\/product\/1041"}],"collection":[{"href":"https:\/\/hashenka.com\/en\/wp-json\/wp\/v2\/product"}],"about":[{"href":"https:\/\/hashenka.com\/en\/wp-json\/wp\/v2\/types\/product"}],"replies":[{"embeddable":true,"href":"https:\/\/hashenka.com\/en\/wp-json\/wp\/v2\/comments?post=1041"}],"wp:featuredmedia":[{"embeddable":true,"href":"https:\/\/hashenka.com\/en\/wp-json\/wp\/v2\/media\/204"}],"wp:attachment":[{"href":"https:\/\/hashenka.com\/en\/wp-json\/wp\/v2\/media?parent=1041"}],"curies":[{"name":"wp","href":"https:\/\/api.w.org\/{rel}","templated":true}]}}