{"id":1036,"date":"2020-11-23T15:38:03","date_gmt":"2020-11-23T14:38:03","guid":{"rendered":"http:\/\/hashenka.com\/?product=import-placeholder-for-1583"},"modified":"2020-12-01T17:15:49","modified_gmt":"2020-12-01T16:15:49","slug":"masque-ventolina-medium-cartes-a-jouer","status":"publish","type":"product","link":"https:\/\/hashenka.com\/en\/boutique\/accueil\/nos-collections\/masques-venitiens\/masque-ventolina-medium-cartes-a-jouer\/","title":{"rendered":"Masque Ventolina \u00ab\u00a0m\u00e9dium\u00a0\u00bb cartes \u00e0 jouer"},"content":{"rendered":"<div id=\"short_description_block\">\n<div id=\"short_description_content\">\n<div id=\"short_description_block\">\n<div id=\"short_description_content\">\n<p style=\"text-align: left;\"><span style=\"color: #333333; font-family: times new roman, times; font-size: 12pt;\">Masque d\u00e9coratif. Visage en c\u00e9ramique, papier d\u00e9coratif Tassotti type \u00ab\u00a0Varese\u00a0\u00bb <span style=\"color: #333333;\">cartes \u00e0 jouer, <\/span>pli\u00e9 en \u00e9ventail, enroul\u00e9 et coll\u00e9 enti\u00e8rement \u00e0 la main.<\/span><span style=\"color: #333333; font-family: times new roman, times; font-size: 12pt;\"> Crochet \u00e0 l&rsquo;arri\u00e8re. Dimension environ H 33cm\u00a0 x L 24 cm. <span style=\"color: #333333; font-family: times new roman, times; font-size: 12pt;\">Avec Certificat.<\/span><br \/><\/span><\/p>\n<\/p><\/div>\n<\/p><\/div>\n<\/p><\/div>\n<\/p><\/div>","protected":false},"excerpt":{"rendered":"<div id=\"short_description_block\">\n<div id=\"short_description_content\">\n<div id=\"short_description_block\">\n<div id=\"short_description_content\">\n<p style=\"text-align: left;\"><span style=\"color: #333333; font-family: times new roman, times; font-size: 12pt;\">Masque d\u00e9coratif. Visage en c\u00e9ramique, papier d\u00e9coratif Tassotti type \u00ab\u00a0Varese\u00a0\u00bb <span style=\"color: #333333;\">cartes \u00e0 jouer, <\/span>pli\u00e9 en \u00e9ventail, enroul\u00e9 et coll\u00e9 enti\u00e8rement \u00e0 la main.<\/span><span style=\"color: #333333; font-family: times new roman, times; font-size: 12pt;\"> Crochet \u00e0 l&rsquo;arri\u00e8re. Dimension environ H 33cm\u00a0 x L 24 cm. Avec Certificat.<br \/><\/span><\/p>\n<\/p><\/div>\n<\/p><\/div>\n<\/p><\/div>\n<\/p><\/div>","protected":false},"featured_media":201,"comment_status":"open","ping_status":"closed","template":"","meta":[],"yoast_head":"<!-- This site is optimized with the Yoast SEO plugin v15.2.1 - https:\/\/yoast.com\/wordpress\/plugins\/seo\/ -->\n<title>Masque Ventolina &quot;m\u00e9dium&quot; cartes \u00e0 jouer &gt; Hashenka<\/title>\n<meta name=\"robots\" content=\"index, follow, max-snippet:-1, max-image-preview:large, max-video-preview:-1\" \/>\n<link rel=\"canonical\" href=\"http:\/\/hashenka.com\/en\/boutique\/accueil\/nos-collections\/masques-venitiens\/masque-ventolina-medium-cartes-a-jouer\/\" \/>\n<meta property=\"og:locale\" content=\"en_GB\" \/>\n<meta property=\"og:type\" content=\"article\" \/>\n<meta property=\"og:title\" content=\"Masque Ventolina &quot;m\u00e9dium&quot; cartes \u00e0 jouer &gt; Hashenka\" \/>\n<meta property=\"og:description\" content=\"Masque d\u00e9coratif. Visage en c\u00e9ramique, papier d\u00e9coratif Tassotti type &quot;Varese&quot; cartes \u00e0 jouer, pli\u00e9 en \u00e9ventail, enroul\u00e9 et coll\u00e9 enti\u00e8rement \u00e0 la main. Crochet \u00e0 l&#039;arri\u00e8re. Dimension environ H 33cm\u00a0 x L 24 cm. Avec Certificat.\" \/>\n<meta property=\"og:url\" content=\"http:\/\/hashenka.com\/en\/boutique\/accueil\/nos-collections\/masques-venitiens\/masque-ventolina-medium-cartes-a-jouer\/\" \/>\n<meta property=\"og:site_name\" content=\"Hashenka\" \/>\n<meta property=\"article:modified_time\" content=\"2020-12-01T16:15:49+00:00\" \/>\n<meta property=\"og:image\" content=\"https:\/\/hashenka.com\/wp-content\/uploads\/2020\/11\/45-709-Masque-Ventolina-medium-cartes-a-jouer.jpg\" \/>\n\t<meta property=\"og:image:width\" content=\"333\" \/>\n\t<meta property=\"og:image:height\" content=\"500\" \/>\n<meta name=\"twitter:card\" content=\"summary_large_image\" \/>\n<meta name=\"twitter:label1\" content=\"Written by\">\n\t<meta name=\"twitter:data1\" content=\"admin8227\">\n\t<meta name=\"twitter:label2\" content=\"Estimated reading time\">\n\t<meta name=\"twitter:data2\" content=\"0 minutes\">\n<script type=\"application\/ld+json\" class=\"yoast-schema-graph\">{\"@context\":\"https:\/\/schema.org\",\"@graph\":[{\"@type\":\"WebSite\",\"@id\":\"https:\/\/hashenka.com\/fr_fr\/#website\",\"url\":\"https:\/\/hashenka.com\/fr_fr\/\",\"name\":\"Hashenka\",\"description\":\"Bijoux et objets en verre de Murano\",\"potentialAction\":[{\"@type\":\"SearchAction\",\"target\":\"https:\/\/hashenka.com\/fr_fr\/?s={search_term_string}\",\"query-input\":\"required name=search_term_string\"}],\"inLanguage\":\"en-GB\"},{\"@type\":\"ImageObject\",\"@id\":\"http:\/\/hashenka.com\/en\/boutique\/accueil\/nos-collections\/masques-venitiens\/masque-ventolina-medium-cartes-a-jouer\/#primaryimage\",\"inLanguage\":\"en-GB\",\"url\":\"https:\/\/hashenka.com\/wp-content\/uploads\/2020\/11\/45-709-Masque-Ventolina-medium-cartes-a-jouer.jpg\",\"width\":333,\"height\":500},{\"@type\":\"WebPage\",\"@id\":\"http:\/\/hashenka.com\/en\/boutique\/accueil\/nos-collections\/masques-venitiens\/masque-ventolina-medium-cartes-a-jouer\/#webpage\",\"url\":\"http:\/\/hashenka.com\/en\/boutique\/accueil\/nos-collections\/masques-venitiens\/masque-ventolina-medium-cartes-a-jouer\/\",\"name\":\"Masque Ventolina \\\"m\\u00e9dium\\\" cartes \\u00e0 jouer &gt; Hashenka\",\"isPartOf\":{\"@id\":\"https:\/\/hashenka.com\/fr_fr\/#website\"},\"primaryImageOfPage\":{\"@id\":\"http:\/\/hashenka.com\/en\/boutique\/accueil\/nos-collections\/masques-venitiens\/masque-ventolina-medium-cartes-a-jouer\/#primaryimage\"},\"datePublished\":\"2020-11-23T14:38:03+00:00\",\"dateModified\":\"2020-12-01T16:15:49+00:00\",\"inLanguage\":\"en-GB\",\"potentialAction\":[{\"@type\":\"ReadAction\",\"target\":[\"http:\/\/hashenka.com\/en\/boutique\/accueil\/nos-collections\/masques-venitiens\/masque-ventolina-medium-cartes-a-jouer\/\"]}]}]}<\/script>\n<!-- \/ Yoast SEO plugin. -->","_links":{"self":[{"href":"https:\/\/hashenka.com\/en\/wp-json\/wp\/v2\/product\/1036"}],"collection":[{"href":"https:\/\/hashenka.com\/en\/wp-json\/wp\/v2\/product"}],"about":[{"href":"https:\/\/hashenka.com\/en\/wp-json\/wp\/v2\/types\/product"}],"replies":[{"embeddable":true,"href":"https:\/\/hashenka.com\/en\/wp-json\/wp\/v2\/comments?post=1036"}],"wp:featuredmedia":[{"embeddable":true,"href":"https:\/\/hashenka.com\/en\/wp-json\/wp\/v2\/media\/201"}],"wp:attachment":[{"href":"https:\/\/hashenka.com\/en\/wp-json\/wp\/v2\/media?parent=1036"}],"curies":[{"name":"wp","href":"https:\/\/api.w.org\/{rel}","templated":true}]}}