{"id":1031,"date":"2020-11-23T15:38:03","date_gmt":"2020-11-23T14:38:03","guid":{"rendered":"http:\/\/hashenka.com\/?product=import-placeholder-for-gbchpt415"},"modified":"2022-05-02T21:51:20","modified_gmt":"2022-05-02T19:51:20","slug":"chat-rouge-et-noir","status":"publish","type":"product","link":"https:\/\/hashenka.com\/en\/boutique\/accueil\/nos-collections\/objets\/chat-rouge-et-noir\/","title":{"rendered":"Chat Rouge et noir"},"content":{"rendered":"<p><span style=\"font-size: medium; font-family: georgia,palatino;\"><span style=\"font-size: medium; font-family: georgia,palatino;\"><span style=\"font-size: small;\"><span style=\"font-size: 12pt; font-family: book antiqua, palatino;\">Sculpture chat en verre de Murano, formes<span style=\"font-size: medium; font-family: georgia,palatino;\"><span style=\"font-size: medium; font-family: georgia,palatino;\"><span style=\"font-size: small;\"><span style=\"font-size: 12pt; font-family: book antiqua, palatino;\"> armonieuse, couleur<\/span><\/span><\/span><\/span> rouge et noir, hauteur 4,5 cm, longueur 6,5 cm. pi\u00e8ce sign\u00e9e par l&rsquo;artisan v\u00e9nitien.<\/span><\/span><\/span><\/span><\/p>\n<p>\u00a0<\/p>\n<p><span style=\"font-size: medium; font-family: georgia,palatino; color: #464646;\"><span style=\"background: none repeat scroll 0% 0% transparent;\"><span><\/p>\n<p><\/span><\/span><\/span><\/p>\n<p><span style=\"font-size: medium; font-family: georgia,palatino; color: #464646;\"><span style=\"background: none repeat scroll 0% 0% transparent;\"><span><br \/><\/span><\/span><\/span><\/p>","protected":false},"excerpt":{"rendered":"<p>\u00a0<span style=\"font-size: medium; font-family: georgia,palatino;\"><span style=\"font-size: medium; font-family: georgia,palatino;\"><span style=\"font-size: small;\"><span style=\"font-size: 12pt; font-family: book antiqua, palatino;\">Sculpture chat en verre de Murano, formes<span style=\"font-size: medium; font-family: georgia,palatino;\"><span style=\"font-size: medium; font-family: georgia,palatino;\"><span style=\"font-size: small;\"><span style=\"font-size: 12pt; font-family: book antiqua, palatino;\"> armonieuse, couleur<\/span><\/span><\/span><\/span> rouge et noir, hauteur 4,5 cm, longueur 6,5 cm. pi\u00e8ce sign\u00e9e par l&rsquo;artisan v\u00e9nitien.<\/span><\/span><\/span><\/span><\/p>\n<p><span style=\"font-size: medium; font-family: georgia,palatino; color: #464646;\"><span style=\"background: none repeat scroll 0% 0% transparent;\"><span><br \/><\/span><\/span><\/span><\/p>","protected":false},"featured_media":678,"comment_status":"open","ping_status":"closed","template":"","meta":[],"yoast_head":"<!-- This site is optimized with the Yoast SEO plugin v15.2.1 - https:\/\/yoast.com\/wordpress\/plugins\/seo\/ -->\n<title>Chat Rouge et noir &gt; Hashenka<\/title>\n<meta name=\"robots\" content=\"index, follow, max-snippet:-1, max-image-preview:large, max-video-preview:-1\" \/>\n<link rel=\"canonical\" href=\"https:\/\/hashenka.com\/en\/boutique\/accueil\/nos-collections\/objets\/chat-rouge-et-noir\/\" \/>\n<meta property=\"og:locale\" content=\"en_GB\" \/>\n<meta property=\"og:type\" content=\"article\" \/>\n<meta property=\"og:title\" content=\"Chat Rouge et noir &gt; Hashenka\" \/>\n<meta property=\"og:description\" content=\"\u00a0Sculpture chat en verre de Murano, formes armonieuse, couleur rouge et noir, hauteur 4,5 cm, longueur 6,5 cm. pi\u00e8ce sign\u00e9e par l&#039;artisan v\u00e9nitien.\" \/>\n<meta property=\"og:url\" content=\"https:\/\/hashenka.com\/en\/boutique\/accueil\/nos-collections\/objets\/chat-rouge-et-noir\/\" \/>\n<meta property=\"og:site_name\" content=\"Hashenka\" \/>\n<meta property=\"article:modified_time\" content=\"2022-05-02T19:51:20+00:00\" \/>\n<meta property=\"og:image\" content=\"https:\/\/hashenka.com\/wp-content\/uploads\/2020\/11\/310-834-Chat-Rouge-et-noir.jpg\" \/>\n\t<meta property=\"og:image:width\" content=\"333\" \/>\n\t<meta property=\"og:image:height\" content=\"500\" \/>\n<meta name=\"twitter:card\" content=\"summary_large_image\" \/>\n<meta name=\"twitter:label1\" content=\"Written by\">\n\t<meta name=\"twitter:data1\" content=\"admin8227\">\n\t<meta name=\"twitter:label2\" content=\"Estimated reading time\">\n\t<meta name=\"twitter:data2\" content=\"0 minutes\">\n<script type=\"application\/ld+json\" class=\"yoast-schema-graph\">{\"@context\":\"https:\/\/schema.org\",\"@graph\":[{\"@type\":\"WebSite\",\"@id\":\"https:\/\/hashenka.com\/fr_fr\/#website\",\"url\":\"https:\/\/hashenka.com\/fr_fr\/\",\"name\":\"Hashenka\",\"description\":\"Bijoux et objets en verre de Murano\",\"potentialAction\":[{\"@type\":\"SearchAction\",\"target\":\"https:\/\/hashenka.com\/fr_fr\/?s={search_term_string}\",\"query-input\":\"required name=search_term_string\"}],\"inLanguage\":\"en-GB\"},{\"@type\":\"ImageObject\",\"@id\":\"https:\/\/hashenka.com\/en\/boutique\/accueil\/nos-collections\/objets\/chat-rouge-et-noir\/#primaryimage\",\"inLanguage\":\"en-GB\",\"url\":\"https:\/\/hashenka.com\/wp-content\/uploads\/2020\/11\/310-834-Chat-Rouge-et-noir.jpg\",\"width\":333,\"height\":500},{\"@type\":\"WebPage\",\"@id\":\"https:\/\/hashenka.com\/en\/boutique\/accueil\/nos-collections\/objets\/chat-rouge-et-noir\/#webpage\",\"url\":\"https:\/\/hashenka.com\/en\/boutique\/accueil\/nos-collections\/objets\/chat-rouge-et-noir\/\",\"name\":\"Chat Rouge et noir &gt; Hashenka\",\"isPartOf\":{\"@id\":\"https:\/\/hashenka.com\/fr_fr\/#website\"},\"primaryImageOfPage\":{\"@id\":\"https:\/\/hashenka.com\/en\/boutique\/accueil\/nos-collections\/objets\/chat-rouge-et-noir\/#primaryimage\"},\"datePublished\":\"2020-11-23T14:38:03+00:00\",\"dateModified\":\"2022-05-02T19:51:20+00:00\",\"inLanguage\":\"en-GB\",\"potentialAction\":[{\"@type\":\"ReadAction\",\"target\":[\"https:\/\/hashenka.com\/en\/boutique\/accueil\/nos-collections\/objets\/chat-rouge-et-noir\/\"]}]}]}<\/script>\n<!-- \/ Yoast SEO plugin. -->","_links":{"self":[{"href":"https:\/\/hashenka.com\/en\/wp-json\/wp\/v2\/product\/1031"}],"collection":[{"href":"https:\/\/hashenka.com\/en\/wp-json\/wp\/v2\/product"}],"about":[{"href":"https:\/\/hashenka.com\/en\/wp-json\/wp\/v2\/types\/product"}],"replies":[{"embeddable":true,"href":"https:\/\/hashenka.com\/en\/wp-json\/wp\/v2\/comments?post=1031"}],"wp:featuredmedia":[{"embeddable":true,"href":"https:\/\/hashenka.com\/en\/wp-json\/wp\/v2\/media\/678"}],"wp:attachment":[{"href":"https:\/\/hashenka.com\/en\/wp-json\/wp\/v2\/media?parent=1031"}],"curies":[{"name":"wp","href":"https:\/\/api.w.org\/{rel}","templated":true}]}}