{"id":1017,"date":"2020-11-23T15:37:48","date_gmt":"2020-11-23T14:37:48","guid":{"rendered":"http:\/\/hashenka.com\/?product=import-placeholder-for-vpsmartpa03"},"modified":"2024-08-23T07:31:25","modified_gmt":"2024-08-23T05:31:25","slug":"parure-artifice-bleue-et-argentee","status":"publish","type":"product","link":"https:\/\/hashenka.com\/en\/boutique\/accueil\/nos-collections\/parures\/parure-artifice-bleue-et-argentee\/","title":{"rendered":"parure Artifice bleue et argent\u00e9e"},"content":{"rendered":"<p><span style=\"font-size: medium; font-family: georgia,palatino;\"><span style=\"font-size: medium; font-family: georgia,palatino;\"><span style=\"font-size: 12pt; font-family: times new roman, times;\"><span style=\"font-size: 12pt; font-family: times new roman, times;\"><span style=\"font-size: medium; font-family: georgia,palatino;\"><span style=\"font-size: 12pt; font-family: times new roman, times;\"><span style=\"font-size: 12pt; font-family: times new roman, times;\">Parure de perles artistiques bleues en verre de Murano compos\u00e9es de feuille d&rsquo;argent avec un voile d&rsquo;arabesques en verre blanc, diam\u00e8tre perle centrale 2,4 cm, longueur collier de 48 \u00e0 52 cm (cha\u00eene de \u00ab\u00a0confort\u00a0\u00bb), boucles d&rsquo;oreilles \u00e0 <span style=\"font-size: 12pt; font-family: times new roman, times;\">crochets hypoallerg\u00e9nique diam\u00e8tre 2 cm, bracelet longueur 17,5 cm jusqu&rsquo;\u00e0 21 cm et perle centrale 2 cm<\/span>. Verre artistique.<\/span><\/span><\/span><\/span><\/span><\/span><\/span><\/p>","protected":false},"excerpt":{"rendered":"<p><span style=\"font-size: medium; font-family: georgia,palatino;\"><span style=\"font-size: 12pt; font-family: times new roman, times;\"><span style=\"font-size: 12pt; font-family: times new roman, times;\">Parure de perles artistiques bleues en verre de Murano compos\u00e9es de feuille d&rsquo;argent avec un voile d&rsquo;arabesques en verre blanc, diam\u00e8tre perle centrale 2,4 cm, longueur collier de 48 \u00e0 52 cm (cha\u00eene de \u00ab\u00a0confort\u00a0\u00bb), boucles d&rsquo;oreilles \u00e0 <span style=\"font-size: 12pt; font-family: times new roman, times;\">crochets hypoallerg\u00e9nique diam\u00e8tre 2 cm, bracelet longueur 17,5 cm jusqu&rsquo;\u00e0 21 cm et perle centrale 2 cm<\/span>. Verre artistique.<\/span><\/span><br \/><\/span><\/p>","protected":false},"featured_media":734,"comment_status":"open","ping_status":"closed","template":"","meta":[],"yoast_head":"<!-- This site is optimized with the Yoast SEO plugin v15.2.1 - https:\/\/yoast.com\/wordpress\/plugins\/seo\/ -->\n<title>parure Artifice bleue et argent\u00e9e &gt; Hashenka<\/title>\n<meta name=\"robots\" content=\"index, follow, max-snippet:-1, max-image-preview:large, max-video-preview:-1\" \/>\n<link rel=\"canonical\" href=\"http:\/\/hashenka.com\/en\/boutique\/accueil\/nos-collections\/parures\/parure-artifice-bleue-et-argentee\/\" \/>\n<meta property=\"og:locale\" content=\"en_GB\" \/>\n<meta property=\"og:type\" content=\"article\" \/>\n<meta property=\"og:title\" content=\"parure Artifice bleue et argent\u00e9e &gt; Hashenka\" \/>\n<meta property=\"og:description\" content=\"Parure de perles artistiques bleues en verre de Murano compos\u00e9es de feuille d&#039;argent avec un voile d&#039;arabesques en verre blanc, diam\u00e8tre perle centrale 2,4 cm, longueur collier de 48 \u00e0 52 cm (cha\u00eene de &quot;confort&quot;), boucles d&#039;oreilles \u00e0 crochets hypoallerg\u00e9nique diam\u00e8tre 2 cm, bracelet longueur 17,5 cm jusqu&#039;\u00e0 21 cm et perle centrale 2 cm. Verre artistique.\" \/>\n<meta property=\"og:url\" content=\"http:\/\/hashenka.com\/en\/boutique\/accueil\/nos-collections\/parures\/parure-artifice-bleue-et-argentee\/\" \/>\n<meta property=\"og:site_name\" content=\"Hashenka\" \/>\n<meta property=\"article:modified_time\" content=\"2024-08-23T05:31:25+00:00\" \/>\n<meta name=\"twitter:card\" content=\"summary_large_image\" \/>\n<meta name=\"twitter:label1\" content=\"Written by\">\n\t<meta name=\"twitter:data1\" content=\"admin8227\">\n\t<meta name=\"twitter:label2\" content=\"Estimated reading time\">\n\t<meta name=\"twitter:data2\" content=\"0 minutes\">\n<script type=\"application\/ld+json\" class=\"yoast-schema-graph\">{\"@context\":\"https:\/\/schema.org\",\"@graph\":[{\"@type\":\"WebSite\",\"@id\":\"https:\/\/hashenka.com\/fr_fr\/#website\",\"url\":\"https:\/\/hashenka.com\/fr_fr\/\",\"name\":\"Hashenka\",\"description\":\"Bijoux et objets en verre de Murano\",\"potentialAction\":[{\"@type\":\"SearchAction\",\"target\":\"https:\/\/hashenka.com\/fr_fr\/?s={search_term_string}\",\"query-input\":\"required name=search_term_string\"}],\"inLanguage\":\"en-GB\"},{\"@type\":\"ImageObject\",\"@id\":\"http:\/\/hashenka.com\/en\/boutique\/accueil\/nos-collections\/parures\/parure-artifice-bleue-et-argentee\/#primaryimage\",\"inLanguage\":\"en-GB\",\"url\":\"https:\/\/hashenka.com\/wp-content\/uploads\/2020\/11\/347-733-parure-Artifice-bleue-et-argentee.jpg\",\"width\":333,\"height\":500},{\"@type\":\"WebPage\",\"@id\":\"http:\/\/hashenka.com\/en\/boutique\/accueil\/nos-collections\/parures\/parure-artifice-bleue-et-argentee\/#webpage\",\"url\":\"http:\/\/hashenka.com\/en\/boutique\/accueil\/nos-collections\/parures\/parure-artifice-bleue-et-argentee\/\",\"name\":\"parure Artifice bleue et argent\\u00e9e &gt; Hashenka\",\"isPartOf\":{\"@id\":\"https:\/\/hashenka.com\/fr_fr\/#website\"},\"primaryImageOfPage\":{\"@id\":\"http:\/\/hashenka.com\/en\/boutique\/accueil\/nos-collections\/parures\/parure-artifice-bleue-et-argentee\/#primaryimage\"},\"datePublished\":\"2020-11-23T14:37:48+00:00\",\"dateModified\":\"2024-08-23T05:31:25+00:00\",\"inLanguage\":\"en-GB\",\"potentialAction\":[{\"@type\":\"ReadAction\",\"target\":[\"http:\/\/hashenka.com\/en\/boutique\/accueil\/nos-collections\/parures\/parure-artifice-bleue-et-argentee\/\"]}]}]}<\/script>\n<!-- \/ Yoast SEO plugin. -->","_links":{"self":[{"href":"https:\/\/hashenka.com\/en\/wp-json\/wp\/v2\/product\/1017"}],"collection":[{"href":"https:\/\/hashenka.com\/en\/wp-json\/wp\/v2\/product"}],"about":[{"href":"https:\/\/hashenka.com\/en\/wp-json\/wp\/v2\/types\/product"}],"replies":[{"embeddable":true,"href":"https:\/\/hashenka.com\/en\/wp-json\/wp\/v2\/comments?post=1017"}],"wp:featuredmedia":[{"embeddable":true,"href":"https:\/\/hashenka.com\/en\/wp-json\/wp\/v2\/media\/734"}],"wp:attachment":[{"href":"https:\/\/hashenka.com\/en\/wp-json\/wp\/v2\/media?parent=1017"}],"curies":[{"name":"wp","href":"https:\/\/api.w.org\/{rel}","templated":true}]}}