{"id":1346,"date":"2020-11-23T15:40:59","date_gmt":"2020-11-23T14:40:59","guid":{"rendered":"http:\/\/hashenka.com\/?product=import-placeholder-for-pnspl07"},"modified":"2025-05-25T17:41:45","modified_gmt":"2025-05-25T15:41:45","slug":"plateau-noir-ovale-en-verre-de-murano","status":"publish","type":"product","link":"http:\/\/hashenka.com\/fr_fr\/boutique\/accueil\/objets-cadeaux\/plateau-noir-ovale-en-verre-de-murano\/","title":{"rendered":"Plateau noir ovale en verre de Murano"},"content":{"rendered":"<p><span style=\"font-size: 12pt;\">Plateau ovale et l\u00e9g\u00e8rement incurv\u00e9 en verre de Murano et murrines noires et blanches \u00e9tir\u00e9es. Tr\u00e8s belle r\u00e9alisation au design modern.Longueur 45 cm, largeur 14 cm.<\/span><\/p>\n","protected":false},"excerpt":{"rendered":"<p><span style=\"font-size: 12pt;\">Plateau ovale et l\u00e9g\u00e8rement incurv\u00e9, en verre de Murano et murrines noires et blanches \u00e9tir\u00e9es. Tr\u00e8s belle r\u00e9alisation au design moderne. Longueur 45 cm, largeur 14 cm.<\/span><\/p>\n","protected":false},"featured_media":901,"comment_status":"open","ping_status":"closed","template":"","meta":[],"yoast_head":"<!-- This site is optimized with the Yoast SEO plugin v15.2.1 - https:\/\/yoast.com\/wordpress\/plugins\/seo\/ -->\n<title>Plateau noir ovale en verre de Murano &gt; Hashenka<\/title>\n<meta name=\"robots\" content=\"index, follow, max-snippet:-1, max-image-preview:large, max-video-preview:-1\" \/>\n<link rel=\"canonical\" href=\"http:\/\/hashenka.com\/fr_fr\/boutique\/accueil\/objets-cadeaux\/plateau-noir-ovale-en-verre-de-murano\/\" \/>\n<meta property=\"og:locale\" content=\"fr_FR\" \/>\n<meta property=\"og:type\" content=\"article\" \/>\n<meta property=\"og:title\" content=\"Plateau noir ovale en verre de Murano &gt; Hashenka\" \/>\n<meta property=\"og:description\" content=\"Plateau ovale et l\u00e9g\u00e8rement incurv\u00e9, en verre de Murano et murrines noires et blanches \u00e9tir\u00e9es. Tr\u00e8s belle r\u00e9alisation au design moderne. Longueur 45 cm, largeur 14 cm.\" \/>\n<meta property=\"og:url\" content=\"http:\/\/hashenka.com\/fr_fr\/boutique\/accueil\/objets-cadeaux\/plateau-noir-ovale-en-verre-de-murano\/\" \/>\n<meta property=\"og:site_name\" content=\"Hashenka\" \/>\n<meta property=\"article:modified_time\" content=\"2025-05-25T15:41:45+00:00\" \/>\n<meta property=\"og:image\" content=\"https:\/\/hashenka.com\/wp-content\/uploads\/2020\/11\/433-597-Plateau-noir-ovale-en-verre-de-Murano.jpg\" \/>\n\t<meta property=\"og:image:width\" content=\"333\" \/>\n\t<meta property=\"og:image:height\" content=\"500\" \/>\n<meta name=\"twitter:card\" content=\"summary_large_image\" \/>\n<meta name=\"twitter:label1\" content=\"\u00c9crit par\">\n\t<meta name=\"twitter:data1\" content=\"admin8227\">\n\t<meta name=\"twitter:label2\" content=\"Dur\u00e9e de lecture est.\">\n\t<meta name=\"twitter:data2\" content=\"0 minute\">\n<script type=\"application\/ld+json\" class=\"yoast-schema-graph\">{\"@context\":\"https:\/\/schema.org\",\"@graph\":[{\"@type\":\"WebSite\",\"@id\":\"https:\/\/hashenka.com\/fr_fr\/#website\",\"url\":\"https:\/\/hashenka.com\/fr_fr\/\",\"name\":\"Hashenka\",\"description\":\"Bijoux et objets en verre de Murano\",\"potentialAction\":[{\"@type\":\"SearchAction\",\"target\":\"https:\/\/hashenka.com\/fr_fr\/?s={search_term_string}\",\"query-input\":\"required name=search_term_string\"}],\"inLanguage\":\"fr-FR\"},{\"@type\":\"ImageObject\",\"@id\":\"https:\/\/hashenka.com\/boutique\/accueil\/objets-cadeaux\/plateau-noir-ovale-en-verre-de-murano\/#primaryimage\",\"inLanguage\":\"fr-FR\",\"url\":\"https:\/\/hashenka.com\/wp-content\/uploads\/2020\/11\/433-597-Plateau-noir-ovale-en-verre-de-Murano.jpg\",\"width\":333,\"height\":500},{\"@type\":\"WebPage\",\"@id\":\"https:\/\/hashenka.com\/boutique\/accueil\/objets-cadeaux\/plateau-noir-ovale-en-verre-de-murano\/#webpage\",\"url\":\"https:\/\/hashenka.com\/boutique\/accueil\/objets-cadeaux\/plateau-noir-ovale-en-verre-de-murano\/\",\"name\":\"Plateau noir ovale en verre de Murano &gt; Hashenka\",\"isPartOf\":{\"@id\":\"https:\/\/hashenka.com\/fr_fr\/#website\"},\"primaryImageOfPage\":{\"@id\":\"https:\/\/hashenka.com\/boutique\/accueil\/objets-cadeaux\/plateau-noir-ovale-en-verre-de-murano\/#primaryimage\"},\"datePublished\":\"2020-11-23T14:40:59+00:00\",\"dateModified\":\"2025-05-25T15:41:45+00:00\",\"inLanguage\":\"fr-FR\",\"potentialAction\":[{\"@type\":\"ReadAction\",\"target\":[\"https:\/\/hashenka.com\/boutique\/accueil\/objets-cadeaux\/plateau-noir-ovale-en-verre-de-murano\/\"]}]}]}<\/script>\n<!-- \/ Yoast SEO plugin. -->","_links":{"self":[{"href":"http:\/\/hashenka.com\/fr_fr\/wp-json\/wp\/v2\/product\/1346"}],"collection":[{"href":"http:\/\/hashenka.com\/fr_fr\/wp-json\/wp\/v2\/product"}],"about":[{"href":"http:\/\/hashenka.com\/fr_fr\/wp-json\/wp\/v2\/types\/product"}],"replies":[{"embeddable":true,"href":"http:\/\/hashenka.com\/fr_fr\/wp-json\/wp\/v2\/comments?post=1346"}],"wp:featuredmedia":[{"embeddable":true,"href":"http:\/\/hashenka.com\/fr_fr\/wp-json\/wp\/v2\/media\/901"}],"wp:attachment":[{"href":"http:\/\/hashenka.com\/fr_fr\/wp-json\/wp\/v2\/media?parent=1346"}],"curies":[{"name":"wp","href":"https:\/\/api.w.org\/{rel}","templated":true}]}}