{"id":1338,"date":"2020-11-23T15:40:49","date_gmt":"2020-11-23T14:40:49","guid":{"rendered":"http:\/\/hashenka.com\/?product=import-placeholder-for-2215"},"modified":"2025-05-25T16:31:03","modified_gmt":"2025-05-25T14:31:03","slug":"masque-zanni-a-porter-et-decoratif","status":"publish","type":"product","link":"http:\/\/hashenka.com\/fr_fr\/boutique\/accueil\/nos-collections\/masques-venitiens\/masque-zanni-a-porter-et-decoratif\/","title":{"rendered":"Masque zanni \u00e0 porter et d\u00e9coratif"},"content":{"rendered":"<p><span style=\"font-size: medium; font-family: georgia,palatino; color: #464646;\"><span style=\"background: none repeat scroll 0% 0% transparent;\"><span><span style=\"font-size: medium; font-family: book antiqua,palatino;\"><span style=\"font-size: medium; font-family: georgia,palatino; color: #333333;\">Authentique masque Zanni dor\u00e9, en papier m\u00e2ch\u00e9, \u00e0 porter et\/ou \u00e0 suspendre. Fabrication artisanale v\u00e9nitienne.<\/span><\/span><\/span><\/span><\/span><\/p>\n","protected":false},"excerpt":{"rendered":"<p><span style=\"font-size: medium; font-family: georgia,palatino; color: #464646;\"><span style=\"background: none repeat scroll 0% 0% transparent;\"><span><span style=\"font-size: medium; font-family: book antiqua,palatino;\"><span style=\"font-size: medium; font-family: georgia,palatino; color: #333333;\">Authentique masque Zanni dor\u00e9, en papier m\u00e2ch\u00e9, \u00e0 porter et\/ou \u00e0 suspendre. Fabrication artisanale v\u00e9nitienne.<\/span><\/span><\/span><\/span><\/span><\/p>\n","protected":false},"featured_media":756,"comment_status":"open","ping_status":"closed","template":"","meta":[],"yoast_head":"<!-- This site is optimized with the Yoast SEO plugin v15.2.1 - https:\/\/yoast.com\/wordpress\/plugins\/seo\/ -->\n<title>Masque zanni \u00e0 porter et d\u00e9coratif &gt; Hashenka<\/title>\n<meta name=\"robots\" content=\"index, follow, max-snippet:-1, max-image-preview:large, max-video-preview:-1\" \/>\n<link rel=\"canonical\" href=\"http:\/\/hashenka.com\/fr_fr\/boutique\/accueil\/nos-collections\/masques-venitiens\/masque-zanni-a-porter-et-decoratif\/\" \/>\n<meta property=\"og:locale\" content=\"fr_FR\" \/>\n<meta property=\"og:type\" content=\"article\" \/>\n<meta property=\"og:title\" content=\"Masque zanni \u00e0 porter et d\u00e9coratif &gt; Hashenka\" \/>\n<meta property=\"og:description\" content=\"Authentique masque Zanni dor\u00e9, en papier m\u00e2ch\u00e9, \u00e0 porter et\/ou \u00e0 suspendre. Fabrication artisanale v\u00e9nitienne.\" \/>\n<meta property=\"og:url\" content=\"http:\/\/hashenka.com\/fr_fr\/boutique\/accueil\/nos-collections\/masques-venitiens\/masque-zanni-a-porter-et-decoratif\/\" \/>\n<meta property=\"og:site_name\" content=\"Hashenka\" \/>\n<meta property=\"article:modified_time\" content=\"2025-05-25T14:31:03+00:00\" \/>\n<meta property=\"og:image\" content=\"https:\/\/hashenka.com\/wp-content\/uploads\/2020\/11\/355-946-Masque-zanni-a-porter-et-decoratif.jpg\" \/>\n\t<meta property=\"og:image:width\" content=\"333\" \/>\n\t<meta property=\"og:image:height\" content=\"500\" \/>\n<meta name=\"twitter:card\" content=\"summary_large_image\" \/>\n<meta name=\"twitter:label1\" content=\"\u00c9crit par\">\n\t<meta name=\"twitter:data1\" content=\"admin8227\">\n\t<meta name=\"twitter:label2\" content=\"Dur\u00e9e de lecture est.\">\n\t<meta name=\"twitter:data2\" content=\"0 minute\">\n<script type=\"application\/ld+json\" class=\"yoast-schema-graph\">{\"@context\":\"https:\/\/schema.org\",\"@graph\":[{\"@type\":\"WebSite\",\"@id\":\"https:\/\/hashenka.com\/fr_fr\/#website\",\"url\":\"https:\/\/hashenka.com\/fr_fr\/\",\"name\":\"Hashenka\",\"description\":\"Bijoux et objets en verre de Murano\",\"potentialAction\":[{\"@type\":\"SearchAction\",\"target\":\"https:\/\/hashenka.com\/fr_fr\/?s={search_term_string}\",\"query-input\":\"required name=search_term_string\"}],\"inLanguage\":\"fr-FR\"},{\"@type\":\"ImageObject\",\"@id\":\"https:\/\/hashenka.com\/boutique\/accueil\/nos-collections\/masques-venitiens\/masque-zanni-a-porter-et-decoratif\/#primaryimage\",\"inLanguage\":\"fr-FR\",\"url\":\"https:\/\/hashenka.com\/wp-content\/uploads\/2020\/11\/355-946-Masque-zanni-a-porter-et-decoratif.jpg\",\"width\":333,\"height\":500},{\"@type\":\"WebPage\",\"@id\":\"https:\/\/hashenka.com\/boutique\/accueil\/nos-collections\/masques-venitiens\/masque-zanni-a-porter-et-decoratif\/#webpage\",\"url\":\"https:\/\/hashenka.com\/boutique\/accueil\/nos-collections\/masques-venitiens\/masque-zanni-a-porter-et-decoratif\/\",\"name\":\"Masque zanni \\u00e0 porter et d\\u00e9coratif &gt; Hashenka\",\"isPartOf\":{\"@id\":\"https:\/\/hashenka.com\/fr_fr\/#website\"},\"primaryImageOfPage\":{\"@id\":\"https:\/\/hashenka.com\/boutique\/accueil\/nos-collections\/masques-venitiens\/masque-zanni-a-porter-et-decoratif\/#primaryimage\"},\"datePublished\":\"2020-11-23T14:40:49+00:00\",\"dateModified\":\"2025-05-25T14:31:03+00:00\",\"inLanguage\":\"fr-FR\",\"potentialAction\":[{\"@type\":\"ReadAction\",\"target\":[\"https:\/\/hashenka.com\/boutique\/accueil\/nos-collections\/masques-venitiens\/masque-zanni-a-porter-et-decoratif\/\"]}]}]}<\/script>\n<!-- \/ Yoast SEO plugin. -->","_links":{"self":[{"href":"http:\/\/hashenka.com\/fr_fr\/wp-json\/wp\/v2\/product\/1338"}],"collection":[{"href":"http:\/\/hashenka.com\/fr_fr\/wp-json\/wp\/v2\/product"}],"about":[{"href":"http:\/\/hashenka.com\/fr_fr\/wp-json\/wp\/v2\/types\/product"}],"replies":[{"embeddable":true,"href":"http:\/\/hashenka.com\/fr_fr\/wp-json\/wp\/v2\/comments?post=1338"}],"wp:featuredmedia":[{"embeddable":true,"href":"http:\/\/hashenka.com\/fr_fr\/wp-json\/wp\/v2\/media\/756"}],"wp:attachment":[{"href":"http:\/\/hashenka.com\/fr_fr\/wp-json\/wp\/v2\/media?parent=1338"}],"curies":[{"name":"wp","href":"https:\/\/api.w.org\/{rel}","templated":true}]}}