{"id":1333,"date":"2020-11-23T15:40:42","date_gmt":"2020-11-23T14:40:42","guid":{"rendered":"http:\/\/hashenka.com\/?product=import-placeholder-for-2196"},"modified":"2020-11-23T15:40:46","modified_gmt":"2020-11-23T14:40:46","slug":"masque-visage-decoupage-lune","status":"publish","type":"product","link":"http:\/\/hashenka.com\/fr_fr\/boutique\/accueil\/nos-collections\/masques-venitiens\/masque-visage-decoupage-lune\/","title":{"rendered":"Masque visage d\u00e9coupage Lune"},"content":{"rendered":"<p><span style=\"font-size: medium; font-family: georgia,palatino; color: #333333;\"><span style=\"font-size: medium; font-family: georgia,palatino; color: #333333;\">Authentique masque visage d\u00e9coration notes de musique et feuille d&rsquo;or, en papier m\u00e2ch\u00e9, \u00e0 porter et\/ou \u00e0 suspendre. Fabrication artisanale v\u00e9nitienne. (Disponible aussi en magasin, nous appeler avant d\u00e9placement !).<\/span><\/span><\/p>\n","protected":false},"excerpt":{"rendered":"<p><span style=\"font-size: medium; font-family: georgia,palatino; color: #333333;\">Authentique masque visage d\u00e9coration notes de musique et feuille d&rsquo;or, en papier m\u00e2ch\u00e9, \u00e0 porter et\/ou \u00e0 suspendre. Fabrication artisanale v\u00e9nitienne. (Disponible aussi en magasin, nous appeler avant d\u00e9placement !).<\/span><\/p>\n","protected":false},"featured_media":735,"comment_status":"open","ping_status":"closed","template":"","meta":[],"yoast_head":"<!-- This site is optimized with the Yoast SEO plugin v15.2.1 - https:\/\/yoast.com\/wordpress\/plugins\/seo\/ -->\n<title>Masque visage d\u00e9coupage Lune &gt; Hashenka<\/title>\n<meta name=\"robots\" content=\"index, follow, max-snippet:-1, max-image-preview:large, max-video-preview:-1\" \/>\n<link rel=\"canonical\" href=\"https:\/\/hashenka.com\/fr_fr\/boutique\/accueil\/nos-collections\/masques-venitiens\/masque-visage-decoupage-lune\/\" \/>\n<meta property=\"og:locale\" content=\"fr_FR\" \/>\n<meta property=\"og:type\" content=\"article\" \/>\n<meta property=\"og:title\" content=\"Masque visage d\u00e9coupage Lune &gt; Hashenka\" \/>\n<meta property=\"og:description\" content=\"Authentique masque visage d\u00e9coration notes de musique et feuille d&#039;or, en papier m\u00e2ch\u00e9, \u00e0 porter et\/ou \u00e0 suspendre. Fabrication artisanale v\u00e9nitienne. (Disponible aussi en magasin, nous appeler avant d\u00e9placement !).\" \/>\n<meta property=\"og:url\" content=\"https:\/\/hashenka.com\/fr_fr\/boutique\/accueil\/nos-collections\/masques-venitiens\/masque-visage-decoupage-lune\/\" \/>\n<meta property=\"og:site_name\" content=\"Hashenka\" \/>\n<meta property=\"article:modified_time\" content=\"2020-11-23T14:40:46+00:00\" \/>\n<meta name=\"twitter:card\" content=\"summary_large_image\" \/>\n<meta name=\"twitter:label1\" content=\"\u00c9crit par\">\n\t<meta name=\"twitter:data1\" content=\"admin8227\">\n\t<meta name=\"twitter:label2\" content=\"Dur\u00e9e de lecture est.\">\n\t<meta name=\"twitter:data2\" content=\"0 minute\">\n<script type=\"application\/ld+json\" class=\"yoast-schema-graph\">{\"@context\":\"https:\/\/schema.org\",\"@graph\":[{\"@type\":\"WebSite\",\"@id\":\"https:\/\/hashenka.com\/fr_fr\/#website\",\"url\":\"https:\/\/hashenka.com\/fr_fr\/\",\"name\":\"Hashenka\",\"description\":\"Bijoux et objets en verre de Murano\",\"potentialAction\":[{\"@type\":\"SearchAction\",\"target\":\"https:\/\/hashenka.com\/fr_fr\/?s={search_term_string}\",\"query-input\":\"required name=search_term_string\"}],\"inLanguage\":\"fr-FR\"},{\"@type\":\"ImageObject\",\"@id\":\"https:\/\/hashenka.com\/en\/boutique\/accueil\/nos-collections\/masques-venitiens\/masque-visage-decoupage-lune\/#primaryimage\",\"inLanguage\":\"fr-FR\",\"url\":\"https:\/\/hashenka.com\/wp-content\/uploads\/2020\/11\/348-755-Tondo-Multifiori-avec-cordon.jpg\",\"width\":333,\"height\":500},{\"@type\":\"WebPage\",\"@id\":\"https:\/\/hashenka.com\/en\/boutique\/accueil\/nos-collections\/masques-venitiens\/masque-visage-decoupage-lune\/#webpage\",\"url\":\"https:\/\/hashenka.com\/en\/boutique\/accueil\/nos-collections\/masques-venitiens\/masque-visage-decoupage-lune\/\",\"name\":\"Masque visage d\\u00e9coupage Lune &gt; Hashenka\",\"isPartOf\":{\"@id\":\"https:\/\/hashenka.com\/fr_fr\/#website\"},\"primaryImageOfPage\":{\"@id\":\"https:\/\/hashenka.com\/en\/boutique\/accueil\/nos-collections\/masques-venitiens\/masque-visage-decoupage-lune\/#primaryimage\"},\"datePublished\":\"2020-11-23T14:40:42+00:00\",\"dateModified\":\"2020-11-23T14:40:46+00:00\",\"inLanguage\":\"fr-FR\",\"potentialAction\":[{\"@type\":\"ReadAction\",\"target\":[\"https:\/\/hashenka.com\/en\/boutique\/accueil\/nos-collections\/masques-venitiens\/masque-visage-decoupage-lune\/\"]}]}]}<\/script>\n<!-- \/ Yoast SEO plugin. -->","_links":{"self":[{"href":"http:\/\/hashenka.com\/fr_fr\/wp-json\/wp\/v2\/product\/1333"}],"collection":[{"href":"http:\/\/hashenka.com\/fr_fr\/wp-json\/wp\/v2\/product"}],"about":[{"href":"http:\/\/hashenka.com\/fr_fr\/wp-json\/wp\/v2\/types\/product"}],"replies":[{"embeddable":true,"href":"http:\/\/hashenka.com\/fr_fr\/wp-json\/wp\/v2\/comments?post=1333"}],"wp:featuredmedia":[{"embeddable":true,"href":"http:\/\/hashenka.com\/fr_fr\/wp-json\/wp\/v2\/media\/735"}],"wp:attachment":[{"href":"http:\/\/hashenka.com\/fr_fr\/wp-json\/wp\/v2\/media?parent=1333"}],"curies":[{"name":"wp","href":"https:\/\/api.w.org\/{rel}","templated":true}]}}