{"id":1073,"date":"2020-11-23T15:38:08","date_gmt":"2020-11-23T14:38:08","guid":{"rendered":"http:\/\/hashenka.com\/?product=import-placeholder-for-obplvc03"},"modified":"2022-01-31T17:20:37","modified_gmt":"2022-01-31T16:20:37","slug":"plume-en-verre-de-murano-couleur-bleue-azuro-translucide-pour-calligraphie","status":"publish","type":"product","link":"http:\/\/hashenka.com\/fr_fr\/boutique\/accueil\/nos-collections\/objets\/plume-en-verre-de-murano-couleur-bleue-azuro-translucide-pour-calligraphie\/","title":{"rendered":"Plume en verre de Murano couleur bleue azuro translucide pour calligraphie"},"content":{"rendered":"<p><span style=\"font-size: 10pt;\">Ensemble d&rsquo;\u00e9criture avec plume en verre de Murano de couleur bleue azur translucide enrichie de feuille d&rsquo;argent et aventurine, avec bouteille d&rsquo;encre et deux plumes pour \u00e9change. Embout en bronze blanc patin\u00e9. Fonderie artistique v\u00e9nitienne.<br \/><\/span><\/p>\n","protected":false},"excerpt":{"rendered":"<p><span style=\"font-size: 10pt;\"><span style=\"font-family: arial, helvetica, sans-serif;\">\u00a0Ensemble d&rsquo;\u00e9criture avec plume en verre de Murano de couleur bleue azur translucide enrichie de feuille d&rsquo;argent et aventurine, avec bouteille d&rsquo;encre et deux plumes pour \u00e9change. Embout en bronze blanc patin\u00e9. Fonderie artistique v\u00e9nitienne.<\/span><br \/><\/span><\/p>\n","protected":false},"featured_media":897,"comment_status":"open","ping_status":"closed","template":"","meta":[],"yoast_head":"<!-- This site is optimized with the Yoast SEO plugin v15.2.1 - https:\/\/yoast.com\/wordpress\/plugins\/seo\/ -->\n<title>Plume en verre de Murano couleur bleue azuro translucide pour calligraphie &gt; Hashenka<\/title>\n<meta name=\"robots\" content=\"index, follow, max-snippet:-1, max-image-preview:large, max-video-preview:-1\" \/>\n<link rel=\"canonical\" href=\"http:\/\/hashenka.com\/fr_fr\/boutique\/accueil\/nos-collections\/objets\/plume-en-verre-de-murano-couleur-bleue-azuro-translucide-pour-calligraphie\/\" \/>\n<meta property=\"og:locale\" content=\"fr_FR\" \/>\n<meta property=\"og:type\" content=\"article\" \/>\n<meta property=\"og:title\" content=\"Plume en verre de Murano couleur bleue azuro translucide pour calligraphie &gt; Hashenka\" \/>\n<meta property=\"og:description\" content=\"\u00a0Ensemble d&#039;\u00e9criture avec plume en verre de Murano de couleur bleue azur translucide enrichie de feuille d&#039;argent et aventurine, avec bouteille d&#039;encre et deux plumes pour \u00e9change. Embout en bronze blanc patin\u00e9. Fonderie artistique v\u00e9nitienne.\" \/>\n<meta property=\"og:url\" content=\"http:\/\/hashenka.com\/fr_fr\/boutique\/accueil\/nos-collections\/objets\/plume-en-verre-de-murano-couleur-bleue-azuro-translucide-pour-calligraphie\/\" \/>\n<meta property=\"og:site_name\" content=\"Hashenka\" \/>\n<meta property=\"article:modified_time\" content=\"2022-01-31T16:20:37+00:00\" \/>\n<meta property=\"og:image\" content=\"https:\/\/hashenka.com\/wp-content\/uploads\/2020\/11\/429-618-Plume-en-verre-de-Murano-couleur-bleue-azuro-translucide-pour-calligraphie.jpg\" \/>\n\t<meta property=\"og:image:width\" content=\"333\" \/>\n\t<meta property=\"og:image:height\" content=\"500\" \/>\n<meta name=\"twitter:card\" content=\"summary_large_image\" \/>\n<meta name=\"twitter:label1\" content=\"\u00c9crit par\">\n\t<meta name=\"twitter:data1\" content=\"admin8227\">\n\t<meta name=\"twitter:label2\" content=\"Dur\u00e9e de lecture est.\">\n\t<meta name=\"twitter:data2\" content=\"0 minute\">\n<script type=\"application\/ld+json\" class=\"yoast-schema-graph\">{\"@context\":\"https:\/\/schema.org\",\"@graph\":[{\"@type\":\"WebSite\",\"@id\":\"https:\/\/hashenka.com\/fr_fr\/#website\",\"url\":\"https:\/\/hashenka.com\/fr_fr\/\",\"name\":\"Hashenka\",\"description\":\"Bijoux et objets en verre de Murano\",\"potentialAction\":[{\"@type\":\"SearchAction\",\"target\":\"https:\/\/hashenka.com\/fr_fr\/?s={search_term_string}\",\"query-input\":\"required name=search_term_string\"}],\"inLanguage\":\"fr-FR\"},{\"@type\":\"ImageObject\",\"@id\":\"https:\/\/hashenka.com\/boutique\/accueil\/nos-collections\/objets\/plume-en-verre-de-murano-couleur-bleue-azuro-translucide-pour-calligraphie\/#primaryimage\",\"inLanguage\":\"fr-FR\",\"url\":\"https:\/\/hashenka.com\/wp-content\/uploads\/2020\/11\/429-618-Plume-en-verre-de-Murano-couleur-bleue-azuro-translucide-pour-calligraphie.jpg\",\"width\":333,\"height\":500},{\"@type\":\"WebPage\",\"@id\":\"https:\/\/hashenka.com\/boutique\/accueil\/nos-collections\/objets\/plume-en-verre-de-murano-couleur-bleue-azuro-translucide-pour-calligraphie\/#webpage\",\"url\":\"https:\/\/hashenka.com\/boutique\/accueil\/nos-collections\/objets\/plume-en-verre-de-murano-couleur-bleue-azuro-translucide-pour-calligraphie\/\",\"name\":\"Plume en verre de Murano couleur bleue azuro translucide pour calligraphie &gt; Hashenka\",\"isPartOf\":{\"@id\":\"https:\/\/hashenka.com\/fr_fr\/#website\"},\"primaryImageOfPage\":{\"@id\":\"https:\/\/hashenka.com\/boutique\/accueil\/nos-collections\/objets\/plume-en-verre-de-murano-couleur-bleue-azuro-translucide-pour-calligraphie\/#primaryimage\"},\"datePublished\":\"2020-11-23T14:38:08+00:00\",\"dateModified\":\"2022-01-31T16:20:37+00:00\",\"inLanguage\":\"fr-FR\",\"potentialAction\":[{\"@type\":\"ReadAction\",\"target\":[\"https:\/\/hashenka.com\/boutique\/accueil\/nos-collections\/objets\/plume-en-verre-de-murano-couleur-bleue-azuro-translucide-pour-calligraphie\/\"]}]}]}<\/script>\n<!-- \/ Yoast SEO plugin. -->","_links":{"self":[{"href":"http:\/\/hashenka.com\/fr_fr\/wp-json\/wp\/v2\/product\/1073"}],"collection":[{"href":"http:\/\/hashenka.com\/fr_fr\/wp-json\/wp\/v2\/product"}],"about":[{"href":"http:\/\/hashenka.com\/fr_fr\/wp-json\/wp\/v2\/types\/product"}],"replies":[{"embeddable":true,"href":"http:\/\/hashenka.com\/fr_fr\/wp-json\/wp\/v2\/comments?post=1073"}],"wp:featuredmedia":[{"embeddable":true,"href":"http:\/\/hashenka.com\/fr_fr\/wp-json\/wp\/v2\/media\/897"}],"wp:attachment":[{"href":"http:\/\/hashenka.com\/fr_fr\/wp-json\/wp\/v2\/media?parent=1073"}],"curies":[{"name":"wp","href":"https:\/\/api.w.org\/{rel}","templated":true}]}}